{"id":6310,"date":"2026-03-04T07:59:20","date_gmt":"2026-03-04T07:59:20","guid":{"rendered":"http:\/\/daisyladies.fi\/fi\/?page_id=6310"},"modified":"2026-04-20T07:35:50","modified_gmt":"2026-04-20T07:35:50","slug":"daisyladies-rahasto","status":"publish","type":"page","link":"https:\/\/daisyladies.fi\/fi\/daisyladies-rahasto\/","title":{"rendered":"DaisyLadies rahasto"},"content":{"rendered":"[vc_row type=&#8221;full_width_background&#8221; full_screen_row_position=&#8221;middle&#8221; bg_color=&#8221;#5bae4b&#8221; scene_position=&#8221;center&#8221; text_color=&#8221;light&#8221; text_align=&#8221;center&#8221; top_padding=&#8221;40&#8243; bottom_padding=&#8221;40&#8243; overlay_strength=&#8221;0.3&#8243;][vc_column column_padding=&#8221;no-extra-padding&#8221; column_padding_position=&#8221;all&#8221; background_color_opacity=&#8221;1&#8243; background_hover_color_opacity=&#8221;1&#8243; width=&#8221;1\/1&#8243; tablet_text_alignment=&#8221;default&#8221; phone_text_alignment=&#8221;default&#8221;][vc_column_text]\n<h1>DaisyLadies rahasto<\/h1>\n[\/vc_column_text][\/vc_column][\/vc_row][vc_row type=&#8221;in_container&#8221; full_screen_row_position=&#8221;middle&#8221; scene_position=&#8221;center&#8221; text_color=&#8221;dark&#8221; text_align=&#8221;left&#8221; overlay_strength=&#8221;0.3&#8243;][vc_column column_padding=&#8221;no-extra-padding&#8221; column_padding_position=&#8221;all&#8221; background_color_opacity=&#8221;1&#8243; background_hover_color_opacity=&#8221;1&#8243; width=&#8221;1\/1&#8243; tablet_text_alignment=&#8221;default&#8221; phone_text_alignment=&#8221;default&#8221;]<div class=\"divider-wrap\"><div style=\"height: 40px;\" class=\"divider\"><\/div><\/div>[\/vc_column][\/vc_row][vc_row type=&#8221;in_container&#8221; full_screen_row_position=&#8221;middle&#8221; scene_position=&#8221;center&#8221; text_color=&#8221;dark&#8221; text_align=&#8221;left&#8221; overlay_strength=&#8221;0.3&#8243;][vc_column column_padding=&#8221;no-extra-padding&#8221; column_padding_position=&#8221;all&#8221; background_color_opacity=&#8221;1&#8243; background_hover_color_opacity=&#8221;1&#8243; width=&#8221;2\/3&#8243; tablet_text_alignment=&#8221;default&#8221; phone_text_alignment=&#8221;default&#8221;][vc_column_text]DaisyLadies rahasto on Kansan Sivistysrahastoon (KSR) kuuluva erikoisrahasto. <a href=\"http:\/\/www.sivistysrahasto.fi\">www.sivistysrahasto.fi<\/a><\/p>\n<p>DaisyLadies rahaston tarkoituksena on KSR:n sivistyksellisten pyrkimysten hengess\u00e4 apurahoin ja tunnustuspalkinnoin tukea <strong>Suomeen ilman koulutusta tulleiden maahanmuuttajataustaisten naisten koulutusmahdollisuuksia, sek\u00e4 avustaa ja edist\u00e4\u00e4 t\u00e4t\u00e4 tukevaa yhdistystoimintaa ja muilla laillisilla tavoilla edist\u00e4\u00e4 maahanmuuttajanaisten asemaa. <\/strong><\/p>\n<p>KSR:n rahastojen apurahojen hakuaika on aina vuosittain elokuussa. Rahastot jakavat apurahojen lis\u00e4ksi tunnustuspalkintoja ihmisille ja yhteis\u00f6ille. Rahaston varojen k\u00e4ytt\u00e4misest\u00e4 ja apurahojen jakamisesta p\u00e4\u00e4tt\u00e4\u00e4 hoitokunta.<\/p>\n<p><strong>Huom! DaisyLadies rahasto on oma erillinen tahonsa eik\u00e4 siit\u00e4 rahoiteta DaisyLadies-yhdistyksen toimintaa.<\/strong> DaisyLadies rahasto toimii Kansan Sivistysrahaston alla ja rahastolle ker\u00e4tyt varat ovat KSR:n hallinnoimia. <strong>Rahasto ker\u00e4\u00e4 t\u00e4ll\u00e4 hetkell\u00e4 p\u00e4\u00e4omaa ja kun sit\u00e4 on riitt\u00e4v\u00e4sti, rahaston toiminta k\u00e4ynnistyy virallisesti ja avustushaku aukeaa.<\/strong><\/p>\n<p><strong>Taustaa:<\/strong><\/p>\n<p>DaisyLadies rahasto syntyi halusta tukea entist\u00e4kin konkreettisemmin maahanmuuttajataustaisten naisten urapolkua Suomessa ja t\u00e4t\u00e4 kautta edist\u00e4\u00e4 integraatiota. Monet maahanmuuttajataustaiset naiset tulevat Suomeen jopa ilman mink\u00e4\u00e4nlaista koulutustaustaa. Maahanmuuttajanaisten ty\u00f6markkina-asema onkin valtav\u00e4est\u00f6\u00f6n ja maahanmuuttajataustaisiin miehiin n\u00e4hden heikompi. Ty\u00f6llistymisen kannalta on t\u00e4rke\u00e4\u00e4 hankkia Suomessa koulutus.<\/p>\n<p>Rahaston avulla halutaan edist\u00e4\u00e4 maahanmuuttajataustaisten naisten koulunk\u00e4ynti\u00e4 ja opiskelua jakamalla avustuksia yksityishenkil\u00f6ille esimerkiksi oppikirjojen ja muiden opiskelutarvikkeiden ja -v\u00e4lineiden hankintaan, koulumaksuihin, hygieniapassin ja muiden lupakorttien suorittamiseen, opiskeluun liittyviin matkakuluihin jne. Yhteis\u00f6ille rahasto voi my\u00f6nt\u00e4\u00e4 tukea esimerkiksi koulutusten j\u00e4rjest\u00e4miseen ja muuhun maahanmuuttajanaisten kouluttautumista tukevaan ruohonjuuritason toimintaan.<\/p>\n<p>Maahanmuuttajataustaisten naisten kouluttautumista tukemalla asenteet opiskelun ja kouluttautumisen t\u00e4rkeydest\u00e4 siirtyv\u00e4t my\u00f6s heid\u00e4n lapsilleen ja n\u00e4in edistet\u00e4\u00e4n pitk\u00e4ll\u00e4 t\u00e4ht\u00e4imell\u00e4 koko perheen hyvinvointia ja ty\u00f6uralle kiinnittymist\u00e4.[\/vc_column_text]<div class=\"divider-wrap\"><div style=\"margin-top: 15px; height: 1px; margin-bottom: 15px;\" data-width=\"100%\" data-animate=\"\" data-animation-delay=\"\" data-color=\"default\" class=\"divider-border\"><\/div><\/div><div class=\"divider-wrap\"><div style=\"height: 30px;\" class=\"divider\"><\/div><\/div>[vc_column_text]<strong>Ohjeet lahjoitusten maksamiselle DaisyLadies rahastoon:<\/strong><\/p>\n<p>DaisyLadies rahasto ottaa vastaan kaikensuuruisia lahjoituksia ymp\u00e4ri vuoden.<\/p>\n<p>Voit lahjoittaa my\u00f6s toteuttamalla esimerkiksi merkkip\u00e4iv\u00e4ker\u00e4yksen tai tekem\u00e4ll\u00e4 testamenttilahjoituksen. Lis\u00e4tietoa testamenttilahjoituksista: <a href=\"http:\/\/www.sivistysrahasto.fi\/testamenttilahjoitukset\">www.sivistysrahasto.fi\/testamenttilahjoitukset<\/a><\/p>\n<p><strong>Lahjoituksen voi maksaa Kansan Sivistysrahaston tilille seuraavin tiedoin:<\/strong><\/p>\n<p>Tilinumero: <strong>FI85 1521 3000 0060 09<\/strong><br \/>\nSaaja:<strong> Kansan Sivistysrahasto<\/strong><br \/>\nViestikentt\u00e4\u00e4n: <strong>DaisyLadies rahasto<\/strong><\/p>\n<p>L\u00e4mpim\u00e4t kiitokset lahjoituksestanne!<\/p>\n<p>&nbsp;<\/p>\n<p><em>Rahanker\u00e4yslupa: Suomessa Ahvenanmaata lukuun ottamatta voimassa olevan Poliisihallituksen antaman ker\u00e4ysluvan numero on RA\/2021\/1500. Lupa on my\u00f6nnetty 9.11.2021 ja se on voimassa toistaiseksi. Lupa koskee KSR:n tilej\u00e4 FI88 8000 1900 7070 02, FI85 1521 3000 0060 09 ja FI27 5541 2850 0010 42.<\/em>[\/vc_column_text][\/vc_column][vc_column boxed=&#8221;true&#8221; column_padding=&#8221;padding-3-percent&#8221; column_padding_position=&#8221;all&#8221; background_color_opacity=&#8221;0.5&#8243; background_hover_color_opacity=&#8221;1&#8243; width=&#8221;1\/3&#8243; tablet_text_alignment=&#8221;default&#8221; phone_text_alignment=&#8221;default&#8221;][vc_column_text]\n<h3 style=\"text-align: center;\">Yhteisty\u00f6ss\u00e4<\/h3>\n[\/vc_column_text]<div class=\"divider-wrap\"><div style=\"margin-top: 12px; height: 1px; margin-bottom: 12px;\" data-width=\"100%\" data-animate=\"\" data-animation-delay=\"\" data-color=\"default\" class=\"divider-border\"><\/div><\/div><div class=\"img-with-aniamtion-wrap center\" data-max-width=\"100%\"><div class=\"inner\"><img decoding=\"async\" data-shadow=\"none\" data-shadow-direction=\"middle\" class=\"img-with-animation \" data-delay=\"0\" height=\"100%\" width=\"100%\" data-animation=\"fade-in\" src=\"https:\/\/daisyladies.fi\/fi\/wp-content\/uploads\/2026\/03\/ksr-logo-rgb.jpg\" alt=\"\" \/><\/div><\/div><div class=\"divider-wrap\"><div style=\"margin-top: 12px; height: 1px; margin-bottom: 12px;\" data-width=\"100%\" data-animate=\"\" data-animation-delay=\"\" data-color=\"default\" class=\"divider-border\"><\/div><\/div><div class=\"divider-wrap\"><div style=\"height: 25px;\" class=\"divider\"><\/div><\/div>[vc_column_text]<strong>Lis\u00e4tietoja rahastosta ja lahjoittamisesta voi tiedustella:<\/strong><\/p>\n<p>H\u00fclya \u201dHissu\u201d Kyt\u00f6 \/ DaisyLadies ry<br \/>\npuh. 050\u00a0555 8781 \/ 050\u00a0326 5064<br \/>\n<a href=\"mailto:daisyladies.turku@gmail.com\">daisyladies.turku@gmail.com<\/a><\/p>\n<p>Ulla Vuolanne \/ Kansan Sivistysrahasto<br \/>\npuh.\u00a0 050 378 3783<br \/>\n<a href=\"mailto:ulla.vuolanne@sivistysrahasto.fi\">ulla.vuolanne@sivistysrahasto.fi<\/a>[\/vc_column_text][\/vc_column][\/vc_row][vc_row type=&#8221;in_container&#8221; full_screen_row_position=&#8221;middle&#8221; scene_position=&#8221;center&#8221; text_color=&#8221;dark&#8221; text_align=&#8221;left&#8221; overlay_strength=&#8221;0.3&#8243;][vc_column column_padding=&#8221;no-extra-padding&#8221; column_padding_position=&#8221;all&#8221; background_color_opacity=&#8221;1&#8243; background_hover_color_opacity=&#8221;1&#8243; width=&#8221;1\/1&#8243; tablet_text_alignment=&#8221;default&#8221; phone_text_alignment=&#8221;default&#8221;]<div class=\"divider-wrap\"><div style=\"height: 100px;\" class=\"divider\"><\/div><\/div>[\/vc_column][\/vc_row]\n","protected":false},"excerpt":{"rendered":"<p>[vc_row type=&#8221;full_width_background&#8221; full_screen_row_position=&#8221;middle&#8221; bg_color=&#8221;#5bae4b&#8221; scene_position=&#8221;center&#8221; text_color=&#8221;light&#8221; text_align=&#8221;center&#8221; top_padding=&#8221;40&#8243; bottom_padding=&#8221;40&#8243; overlay_strength=&#8221;0.3&#8243;][vc_column column_padding=&#8221;no-extra-padding&#8221; column_padding_position=&#8221;all&#8221; background_color_opacity=&#8221;1&#8243; background_hover_color_opacity=&#8221;1&#8243; width=&#8221;1\/1&#8243; tablet_text_alignment=&#8221;default&#8221; phone_text_alignment=&#8221;default&#8221;][vc_column_text] DaisyLadies rahasto [\/vc_column_text][\/vc_column][\/vc_row][vc_row type=&#8221;in_container&#8221; full_screen_row_position=&#8221;middle&#8221; scene_position=&#8221;center&#8221; text_color=&#8221;dark&#8221; text_align=&#8221;left&#8221; overlay_strength=&#8221;0.3&#8243;][vc_column column_padding=&#8221;no-extra-padding&#8221; column_padding_position=&#8221;all&#8221; background_color_opacity=&#8221;1&#8243; background_hover_color_opacity=&#8221;1&#8243;&#8230;<\/p>\n","protected":false},"author":2,"featured_media":0,"parent":0,"menu_order":0,"comment_status":"closed","ping_status":"closed","template":"","meta":{"om_disable_all_campaigns":false,"footnotes":"","iawp_total_views":136},"_links":{"self":[{"href":"https:\/\/daisyladies.fi\/fi\/wp-json\/wp\/v2\/pages\/6310"}],"collection":[{"href":"https:\/\/daisyladies.fi\/fi\/wp-json\/wp\/v2\/pages"}],"about":[{"href":"https:\/\/daisyladies.fi\/fi\/wp-json\/wp\/v2\/types\/page"}],"author":[{"embeddable":true,"href":"https:\/\/daisyladies.fi\/fi\/wp-json\/wp\/v2\/users\/2"}],"replies":[{"embeddable":true,"href":"https:\/\/daisyladies.fi\/fi\/wp-json\/wp\/v2\/comments?post=6310"}],"version-history":[{"count":16,"href":"https:\/\/daisyladies.fi\/fi\/wp-json\/wp\/v2\/pages\/6310\/revisions"}],"predecessor-version":[{"id":6381,"href":"https:\/\/daisyladies.fi\/fi\/wp-json\/wp\/v2\/pages\/6310\/revisions\/6381"}],"wp:attachment":[{"href":"https:\/\/daisyladies.fi\/fi\/wp-json\/wp\/v2\/media?parent=6310"}],"curies":[{"name":"wp","href":"https:\/\/api.w.org\/{rel}","templated":true}]}}