{"id":5303,"date":"2023-01-27T11:54:39","date_gmt":"2023-01-27T11:54:39","guid":{"rendered":"http:\/\/daisyladies.fi\/fi\/?page_id=5303"},"modified":"2026-04-02T09:28:10","modified_gmt":"2026-04-02T09:28:10","slug":"neuvontapalvelu","status":"publish","type":"page","link":"https:\/\/daisyladies.fi\/fi\/neuvontapalvelu\/","title":{"rendered":"Neuvontapalvelu"},"content":{"rendered":"[vc_row type=&#8221;full_width_background&#8221; full_screen_row_position=&#8221;middle&#8221; bg_color=&#8221;#8224e3&#8243; scene_position=&#8221;center&#8221; text_color=&#8221;light&#8221; text_align=&#8221;center&#8221; top_padding=&#8221;40&#8243; bottom_padding=&#8221;40&#8243; overlay_strength=&#8221;0.3&#8243;][vc_column column_padding=&#8221;no-extra-padding&#8221; column_padding_position=&#8221;all&#8221; background_color_opacity=&#8221;1&#8243; background_hover_color_opacity=&#8221;1&#8243; width=&#8221;1\/1&#8243; tablet_text_alignment=&#8221;default&#8221; phone_text_alignment=&#8221;default&#8221;][vc_column_text]\n<h1>Daisy Neuvontapalvelu<\/h1>\n[\/vc_column_text][\/vc_column][\/vc_row][vc_row type=&#8221;in_container&#8221; full_screen_row_position=&#8221;middle&#8221; scene_position=&#8221;center&#8221; text_color=&#8221;dark&#8221; text_align=&#8221;left&#8221; overlay_strength=&#8221;0.3&#8243;][vc_column column_padding=&#8221;no-extra-padding&#8221; column_padding_position=&#8221;all&#8221; background_color_opacity=&#8221;1&#8243; background_hover_color_opacity=&#8221;1&#8243; width=&#8221;1\/1&#8243; tablet_text_alignment=&#8221;default&#8221; phone_text_alignment=&#8221;default&#8221;]<div class=\"divider-wrap\"><div style=\"height: 40px;\" class=\"divider\"><\/div><\/div>[\/vc_column][\/vc_row][vc_row type=&#8221;in_container&#8221; full_screen_row_position=&#8221;middle&#8221; scene_position=&#8221;center&#8221; text_color=&#8221;dark&#8221; text_align=&#8221;left&#8221; overlay_strength=&#8221;0.3&#8243;][vc_column column_padding=&#8221;no-extra-padding&#8221; column_padding_position=&#8221;all&#8221; background_color_opacity=&#8221;1&#8243; background_hover_color_opacity=&#8221;1&#8243; width=&#8221;2\/3&#8243; tablet_text_alignment=&#8221;default&#8221; phone_text_alignment=&#8221;default&#8221;][vc_column_text]\n<h2><span class=\"OYPEnA font-feature-liga-off font-feature-clig-off font-feature-calt-off text-decoration-none text-strikethrough-none\" style=\"color: #8d5d9d;\">DaisyLadies ry:n Neuvontapalvelu tarjoaa monikielist\u00e4 keskustelutukea, neuvontaa ja palveluohjausta. Huom! palvelu on maksuton.<\/span><\/h2>\n<p>&nbsp;<\/p>\n<h2><span style=\"color: #8d5d9d;\"><strong>Oikeudellinen neuvonta<\/strong><\/span><\/h2>\n<ul>\n<li>Neuvontaa annetaan esimerkiksi: Suomen laki, ty\u00f6ntekij\u00e4n oikeudet, veroasiat, rikosasiat, avioero, oleskelulupa- ja kansalaisuusasiat jne.<\/li>\n<li>Neuvojina toimivat omassa kotimaassaan koulutuksen saaneet juristit ja oikeustieteen ammattilaiset. Teemme yhteisty\u00f6t\u00e4 Suomalaisten lakifirmojen kanssa.<\/li>\n<li>K\u00e4ymme asiakkaan kanssa l\u00e4pi h\u00e4nen tilanteensa, kerromme vaihtoehtoja ja ohjaamme sitten h\u00e4net tarvittaessa asiaan perehtyneen juristin tai viranomaisen yms. tahon puoleen.<\/li>\n<li>Huom! Emme ole virallinen taho. Annamme vain neuvontaa ja autamme ymm\u00e4rt\u00e4m\u00e4\u00e4n esim. erilaisia dokumentteja, emme konkreettisesti kirjoita esim. kanteluita tai hakemuksia asiakkaan puolesta.<\/li>\n<\/ul>\n<p>&nbsp;<\/p>\n<h2><span style=\"color: #8d5d9d;\"><strong>Muu neuvonta<\/strong><\/span><\/h2>\n<ul>\n<li>Ty\u00f6-\/ opiskelupaikan hakeminen, virallisten asioiden hoitaminen (verkkoasiointi, lomakkeet) jne.<\/li>\n<\/ul>\n<p><strong>\u00a0<\/strong><\/p>\n<h2><span style=\"color: #8d5d9d;\"><strong>Varaa aika<\/strong><\/span><\/h2>\n<ul>\n<li>S\u00e4hk\u00f6postitse: <strong>neuvontadaisy@gmail.com<\/strong>. Kirjoita <u>miss\u00e4 asiassa tarvitset neuvontaa<\/u> ja <u>mill\u00e4 kielell\u00e4<\/u>.<\/li>\n<li>L\u00e4het\u00e4 tekstiviesti\/WhatsApp-viesti tai soita numeroon: <strong>050 391 2220<\/strong>.<\/li>\n<li><strong>Neuvontapuhelin p\u00e4ivyst\u00e4\u00e4 ma-to klo 10-14.<\/strong><\/li>\n<li>Neuvontapalvelun <strong>toimisto p\u00e4ivyst\u00e4\u00e4 ma-to klo 10-13<\/strong> osoitteessa Sairashuoneenkatu 1, 20100 Turku. <strong>T\u00e4n\u00e4 aikana voi tulla ilman ajanvarausta!<\/strong><\/li>\n<li>Keskustelut ovat aina luottamuksellisia ja voit halutessasi asioida nimett\u00f6m\u00e4n\u00e4. My\u00f6s et\u00e4vastaanotto.<\/li>\n<\/ul>\n<p>&nbsp;<\/p>\n<p><strong>Neuvontakielet:<\/strong> suomi, englanti, ukraina, ven\u00e4j\u00e4, espanja, albania, serbia,\u00a0 urdu, hindi<\/p>\n<p><strong>My\u00f6s tulkkausmahdollisuus mm:<\/strong> turkki, arabia, somalia, persia, farsi, dari[\/vc_column_text]<div class=\"divider-wrap\"><div style=\"height: 25px;\" class=\"divider\"><\/div><\/div><div class=\"divider-wrap\"><div style=\"margin-top: 12px; width: 20%px; height: 1px; margin-bottom: 12px;\" data-width=\"20%\" data-animate=\"\" data-animation-delay=\"\" data-color=\"default\" class=\"divider-small-border\"><\/div><\/div>[vc_column_text]\n<h3><span style=\"color: #8d5d9d;\">Lataa neuvontapalvelun mainos:<\/span><\/h3>\n<ul>\n<li><a href=\"http:\/\/daisyladies.fi\/fi\/wp-content\/uploads\/2025\/09\/Daisy-Neuvontapalvelu-esite-syksy-2025-Suomi.png\">Suomi<\/a><\/li>\n<li><a href=\"http:\/\/daisyladies.fi\/fi\/wp-content\/uploads\/2025\/09\/Daisy-Neuvontapalvelu-esite-syksy-2025-Englanti.png\">Englanti\/english<\/a><\/li>\n<li><a href=\"http:\/\/daisyladies.fi\/fi\/wp-content\/uploads\/2025\/09\/Daisy-Neuvontapalvelu-Espanja.pdf\">Espanja\/<span class=\"OYPEnA font-feature-liga-off font-feature-clig-off font-feature-calt-off text-decoration-none text-strikethrough-none\">Espa\u00f1ol<\/span><\/a><\/li>\n<li><a href=\"http:\/\/daisyladies.fi\/fi\/wp-content\/uploads\/2025\/09\/Daisy-Neuvontapalvelu-Albania-Shqiq.pdf\">Albania\/<span class=\"OYPEnA font-feature-liga-off font-feature-clig-off font-feature-calt-off text-decoration-none text-strikethrough-none\">Shqip<\/span><\/a><\/li>\n<li><a href=\"http:\/\/daisyladies.fi\/fi\/wp-content\/uploads\/2025\/09\/Daisy-Neuvontapalvelu-Serbian.pdf\">Serbia\/<span class=\"OYPEnA font-feature-liga-off font-feature-clig-off font-feature-calt-off text-decoration-none text-strikethrough-none\">Serbe<\/span><\/a><\/li>\n<li><a href=\"http:\/\/daisyladies.fi\/fi\/wp-content\/uploads\/2025\/09\/Daisy-Neuvontapalvelu-Ukraina.pdf\">Ukraina\/<span class=\"OYPEnA font-feature-liga-off font-feature-clig-off font-feature-calt-off text-decoration-none text-strikethrough-none\">\u0443\u043a\u0440\u0430\u0457\u043d\u0441\u044c\u043a\u0430<\/span><\/a><\/li>\n<li><a href=\"http:\/\/daisyladies.fi\/fi\/wp-content\/uploads\/2025\/09\/Daisy-Neuvontapalvelu-Venaja.pdf\">Ven\u00e4j\u00e4\/<span class=\"OYPEnA font-feature-liga-off font-feature-clig-off font-feature-calt-off text-decoration-none text-strikethrough-none\">\u0440\u0443\u0301\u0441\u0441\u043a\u0438\u0439<\/span><\/a><\/li>\n<li><a href=\"http:\/\/daisyladies.fi\/fi\/wp-content\/uploads\/2024\/09\/persia.png\">Persia\/<span class=\"OYPEnA font-feature-liga-off font-feature-clig-off font-feature-calt-off text-decoration-none text-strikethrough-none\">\u062f\u0631\u06cc<\/span><\/a><\/li>\n<li><a href=\"http:\/\/daisyladies.fi\/fi\/wp-content\/uploads\/2024\/09\/Urdu.png\">Urdu\/<span class=\"OYPEnA font-feature-liga-off font-feature-clig-off font-feature-calt-off text-decoration-none text-strikethrough-none\">\u0627\u0631\u062f\u0648<\/span><\/a><\/li>\n<\/ul>\n[\/vc_column_text][\/vc_column][vc_column boxed=&#8221;true&#8221; column_padding=&#8221;padding-3-percent&#8221; column_padding_position=&#8221;all&#8221; background_color_opacity=&#8221;0.5&#8243; background_hover_color_opacity=&#8221;1&#8243; width=&#8221;1\/3&#8243; tablet_text_alignment=&#8221;default&#8221; phone_text_alignment=&#8221;default&#8221;][vc_column_text]\n<h3 style=\"text-align: center;\">Varaa aika<\/h3>\n[\/vc_column_text]<div class=\"divider-wrap\"><div style=\"margin-top: 12px; height: 1px; margin-bottom: 12px;\" data-width=\"100%\" data-animate=\"\" data-animation-delay=\"\" data-color=\"default\" class=\"divider-border\"><\/div><\/div><div class=\"iwithtext\"><div class=\"iwt-icon\"> <i class=\"icon-default-style icon-envelope extra-color-3\"><\/i> <\/div><div class=\"iwt-text\"> <strong>neuvontadaisy@gmail.com<\/strong> <\/div><div class=\"clear\"><\/div><\/div><div class=\"divider-wrap\"><div style=\"height: 25px;\" class=\"divider\"><\/div><\/div><div class=\"iwithtext\"><div class=\"iwt-icon\"> <i class=\"icon-default-style icon-phone extra-color-3\"><\/i> <\/div><div class=\"iwt-text\"> <strong>050 391 2220 <\/strong><\/p>\n<p><strong>(my\u00f6s tekstiviesti\/WhatsApp)<\/strong> <\/div><div class=\"clear\"><\/div><\/div><div class=\"divider-wrap\"><div style=\"height: 25px;\" class=\"divider\"><\/div><\/div><div class=\"iwithtext\"><div class=\"iwt-icon\"> <i class=\"icon-default-style icon-time extra-color-3\"><\/i> <\/div><div class=\"iwt-text\"> <strong>Neuvontapuhelin p\u00e4ivyst\u00e4\u00e4 ma-to klo 10-14.<\/strong> <\/div><div class=\"clear\"><\/div><\/div><div class=\"divider-wrap\"><div style=\"height: 25px;\" class=\"divider\"><\/div><\/div><div class=\"iwithtext\"><div class=\"iwt-icon\"> <i class=\"icon-default-style icon-map-marker extra-color-3\"><\/i> <\/div><div class=\"iwt-text\"> <b>Neuvontapalvelun toimisto, Sairashuoneenkatu 1, 20100 Turku.<\/b><\/p>\n<p><strong>Toimisto on auki ma-to klo 10-13. T\u00e4n\u00e4 aikana voi tulla ilman ajanvarausta!<\/strong> <\/div><div class=\"clear\"><\/div><\/div><div class=\"divider-wrap\"><div style=\"height: 25px;\" class=\"divider\"><\/div><\/div><div class=\"img-with-aniamtion-wrap \" data-max-width=\"100%\"><div class=\"inner\"><img decoding=\"async\" data-shadow=\"none\" data-shadow-direction=\"middle\" class=\"img-with-animation \" data-delay=\"0\" height=\"100%\" width=\"100%\" data-animation=\"fade-in\" src=\"https:\/\/daisyladies.fi\/fi\/wp-content\/uploads\/2024\/08\/DL-logo-lilatausta-2024-2.png\" alt=\"\" \/><\/div><\/div><div class=\"img-with-aniamtion-wrap center\" data-max-width=\"100%\"><div class=\"inner\"><img decoding=\"async\" data-shadow=\"none\" data-shadow-direction=\"middle\" class=\"img-with-animation \" data-delay=\"0\" height=\"100%\" width=\"100%\" data-animation=\"fade-in\" src=\"https:\/\/daisyladies.fi\/fi\/wp-content\/uploads\/2014\/05\/logos_city_of_turku.png\" alt=\"\" \/><\/div><\/div><div class=\"divider-wrap\"><div style=\"height: 25px;\" class=\"divider\"><\/div><\/div>[vc_column_text]<em>Daisy Neuvontapalvelu on saanut vuodelle 2025 rahoituksen Turun kaupungin Asukasbudjetista, joten toimintaa tullaan edelleen kehitt\u00e4m\u00e4\u00e4n ja laajentamaan ensi vuonna.<\/em>[\/vc_column_text][\/vc_column][\/vc_row][vc_row type=&#8221;in_container&#8221; full_screen_row_position=&#8221;middle&#8221; scene_position=&#8221;center&#8221; text_color=&#8221;dark&#8221; text_align=&#8221;left&#8221; overlay_strength=&#8221;0.3&#8243;][vc_column column_padding=&#8221;no-extra-padding&#8221; column_padding_position=&#8221;all&#8221; background_color_opacity=&#8221;1&#8243; background_hover_color_opacity=&#8221;1&#8243; width=&#8221;1\/1&#8243; tablet_text_alignment=&#8221;default&#8221; phone_text_alignment=&#8221;default&#8221;]<div class=\"divider-wrap\"><div style=\"margin-top: 12px; height: 1px; margin-bottom: 12px;\" data-width=\"100%\" data-animate=\"\" data-animation-delay=\"\" data-color=\"default\" class=\"divider-border\"><\/div><\/div>[\/vc_column][\/vc_row][vc_row type=&#8221;in_container&#8221; full_screen_row_position=&#8221;middle&#8221; scene_position=&#8221;center&#8221; text_color=&#8221;dark&#8221; text_align=&#8221;left&#8221; overlay_strength=&#8221;0.3&#8243;][vc_column column_padding=&#8221;no-extra-padding&#8221; column_padding_position=&#8221;all&#8221; background_color_opacity=&#8221;1&#8243; background_hover_color_opacity=&#8221;1&#8243; width=&#8221;1\/2&#8243; tablet_text_alignment=&#8221;default&#8221; phone_text_alignment=&#8221;default&#8221;]\n    <div class=\"col span_12 section-title text-align-center extra-padding\">\n\t\t<h2>Oikeudelliset neuvojat<\/h2><\/div><div class=\"clear\"><\/div>[tabbed_section style=&#8221;default&#8221; alignment=&#8221;left&#8221;][tab title=&#8221;suomeksi&#8221; id=&#8221;1725446606820-0-9&#8243; tab_id=&#8221;1725446376413-6&#8243;][vc_column_text]<img loading=\"lazy\" decoding=\"async\" class=\"aligncenter wp-image-5770 size-large\" src=\"http:\/\/daisyladies.fi\/fi\/wp-content\/uploads\/2024\/09\/Selvete-suomi-1-1024x724.png\" alt=\"\" width=\"1024\" height=\"724\" srcset=\"https:\/\/daisyladies.fi\/fi\/wp-content\/uploads\/2024\/09\/Selvete-suomi-1-1024x724.png 1024w, https:\/\/daisyladies.fi\/fi\/wp-content\/uploads\/2024\/09\/Selvete-suomi-1-300x212.png 300w, https:\/\/daisyladies.fi\/fi\/wp-content\/uploads\/2024\/09\/Selvete-suomi-1-768x543.png 768w, https:\/\/daisyladies.fi\/fi\/wp-content\/uploads\/2024\/09\/Selvete-suomi-1-1536x1086.png 1536w, https:\/\/daisyladies.fi\/fi\/wp-content\/uploads\/2024\/09\/Selvete-suomi-1.png 2000w\" sizes=\"(max-width: 1024px) 100vw, 1024px\" \/>[\/vc_column_text][\/tab][tab title=&#8221;albania\/shqip &#8221; id=&#8221;1725446606854-0-2&#8243; tab_id=&#8221;1725446376464-0&#8243;][vc_column_text]<img loading=\"lazy\" decoding=\"async\" class=\"aligncenter wp-image-5769 size-large\" src=\"http:\/\/daisyladies.fi\/fi\/wp-content\/uploads\/2024\/09\/Selvete-albania-1-1024x724.png\" alt=\"\" width=\"1024\" height=\"724\" srcset=\"https:\/\/daisyladies.fi\/fi\/wp-content\/uploads\/2024\/09\/Selvete-albania-1-1024x724.png 1024w, https:\/\/daisyladies.fi\/fi\/wp-content\/uploads\/2024\/09\/Selvete-albania-1-300x212.png 300w, https:\/\/daisyladies.fi\/fi\/wp-content\/uploads\/2024\/09\/Selvete-albania-1-768x543.png 768w, https:\/\/daisyladies.fi\/fi\/wp-content\/uploads\/2024\/09\/Selvete-albania-1-1536x1086.png 1536w, https:\/\/daisyladies.fi\/fi\/wp-content\/uploads\/2024\/09\/Selvete-albania-1.png 2000w\" sizes=\"(max-width: 1024px) 100vw, 1024px\" \/>[\/vc_column_text][\/tab][\/tabbed_section][\/vc_column][vc_column column_padding=&#8221;no-extra-padding&#8221; column_padding_position=&#8221;all&#8221; background_color_opacity=&#8221;1&#8243; background_hover_color_opacity=&#8221;1&#8243; width=&#8221;1\/2&#8243; tablet_text_alignment=&#8221;default&#8221; phone_text_alignment=&#8221;default&#8221;]\n    <div class=\"col span_12 section-title text-align-center extra-padding\">\n\t\t<h2>Muut neuvojat<\/h2><\/div><div class=\"clear\"><\/div>[\/vc_column][\/vc_row]\n","protected":false},"excerpt":{"rendered":"<p>[vc_row type=&#8221;full_width_background&#8221; full_screen_row_position=&#8221;middle&#8221; bg_color=&#8221;#8224e3&#8243; scene_position=&#8221;center&#8221; text_color=&#8221;light&#8221; text_align=&#8221;center&#8221; top_padding=&#8221;40&#8243; bottom_padding=&#8221;40&#8243; overlay_strength=&#8221;0.3&#8243;][vc_column column_padding=&#8221;no-extra-padding&#8221; column_padding_position=&#8221;all&#8221; background_color_opacity=&#8221;1&#8243; background_hover_color_opacity=&#8221;1&#8243; width=&#8221;1\/1&#8243; tablet_text_alignment=&#8221;default&#8221; phone_text_alignment=&#8221;default&#8221;][vc_column_text] Daisy Neuvontapalvelu [\/vc_column_text][\/vc_column][\/vc_row][vc_row type=&#8221;in_container&#8221; full_screen_row_position=&#8221;middle&#8221; scene_position=&#8221;center&#8221; text_color=&#8221;dark&#8221; text_align=&#8221;left&#8221; overlay_strength=&#8221;0.3&#8243;][vc_column column_padding=&#8221;no-extra-padding&#8221; column_padding_position=&#8221;all&#8221; background_color_opacity=&#8221;1&#8243; background_hover_color_opacity=&#8221;1&#8243;&#8230;<\/p>\n","protected":false},"author":2,"featured_media":0,"parent":0,"menu_order":0,"comment_status":"closed","ping_status":"closed","template":"","meta":{"om_disable_all_campaigns":false,"footnotes":"","iawp_total_views":2216},"_links":{"self":[{"href":"https:\/\/daisyladies.fi\/fi\/wp-json\/wp\/v2\/pages\/5303"}],"collection":[{"href":"https:\/\/daisyladies.fi\/fi\/wp-json\/wp\/v2\/pages"}],"about":[{"href":"https:\/\/daisyladies.fi\/fi\/wp-json\/wp\/v2\/types\/page"}],"author":[{"embeddable":true,"href":"https:\/\/daisyladies.fi\/fi\/wp-json\/wp\/v2\/users\/2"}],"replies":[{"embeddable":true,"href":"https:\/\/daisyladies.fi\/fi\/wp-json\/wp\/v2\/comments?post=5303"}],"version-history":[{"count":53,"href":"https:\/\/daisyladies.fi\/fi\/wp-json\/wp\/v2\/pages\/5303\/revisions"}],"predecessor-version":[{"id":5673,"href":"https:\/\/daisyladies.fi\/fi\/wp-json\/wp\/v2\/pages\/5303\/revisions\/5673"}],"wp:attachment":[{"href":"https:\/\/daisyladies.fi\/fi\/wp-json\/wp\/v2\/media?parent=5303"}],"curies":[{"name":"wp","href":"https:\/\/api.w.org\/{rel}","templated":true}]}}