{"id":5128,"date":"2022-03-09T10:19:50","date_gmt":"2022-03-09T10:19:50","guid":{"rendered":"http:\/\/daisyladies.fi\/fi\/?page_id=5128"},"modified":"2022-03-09T10:19:50","modified_gmt":"2022-03-09T10:19:50","slug":"kasi-kadessa","status":"publish","type":"page","link":"https:\/\/daisyladies.fi\/fi\/kasi-kadessa\/","title":{"rendered":"K\u00e4si K\u00e4dess\u00e4"},"content":{"rendered":"[vc_row type=&#8221;full_width_background&#8221; full_screen_row_position=&#8221;middle&#8221; bg_color=&#8221;#5bae4b&#8221; scene_position=&#8221;center&#8221; text_color=&#8221;light&#8221; text_align=&#8221;center&#8221; top_padding=&#8221;40&#8243; bottom_padding=&#8221;40&#8243; overlay_strength=&#8221;0.3&#8243;][vc_column column_padding=&#8221;no-extra-padding&#8221; column_padding_position=&#8221;all&#8221; background_color_opacity=&#8221;1&#8243; background_hover_color_opacity=&#8221;1&#8243; width=&#8221;1\/1&#8243; tablet_text_alignment=&#8221;default&#8221; phone_text_alignment=&#8221;default&#8221;][vc_column_text]\n<h1>K\u00e4si k\u00e4dess\u00e4 -hanke<\/h1>\n[\/vc_column_text][\/vc_column][\/vc_row][vc_row type=&#8221;in_container&#8221; full_screen_row_position=&#8221;middle&#8221; scene_position=&#8221;center&#8221; text_color=&#8221;dark&#8221; text_align=&#8221;left&#8221; overlay_strength=&#8221;0.3&#8243;][vc_column column_padding=&#8221;no-extra-padding&#8221; column_padding_position=&#8221;all&#8221; background_color_opacity=&#8221;1&#8243; background_hover_color_opacity=&#8221;1&#8243; width=&#8221;1\/1&#8243; tablet_text_alignment=&#8221;default&#8221; phone_text_alignment=&#8221;default&#8221;]<div class=\"divider-wrap\"><div style=\"height: 40px;\" class=\"divider\"><\/div><\/div>[\/vc_column][\/vc_row][vc_row type=&#8221;in_container&#8221; full_screen_row_position=&#8221;middle&#8221; scene_position=&#8221;center&#8221; text_color=&#8221;dark&#8221; text_align=&#8221;left&#8221; overlay_strength=&#8221;0.3&#8243;][vc_column column_padding=&#8221;no-extra-padding&#8221; column_padding_position=&#8221;all&#8221; background_color_opacity=&#8221;1&#8243; background_hover_color_opacity=&#8221;1&#8243; width=&#8221;2\/3&#8243; tablet_text_alignment=&#8221;default&#8221; phone_text_alignment=&#8221;default&#8221;][vc_column_text]<strong>K\u00e4si k\u00e4dess\u00e4 &#8211; Mentori- ja vertaistukitoimintaa maahanmuuttajanaisille 2022-2023<\/strong><\/p>\n<p>K\u00e4si k\u00e4dess\u00e4 -hankkeen tarkoituksena on j\u00e4rjest\u00e4\u00e4 ryhm\u00e4muotoista omankielist\u00e4 kotoutumista edist\u00e4v\u00e4\u00e4 mentori- ja vertaistukitoimintaa arabian- ja somaliankielisille maahanmuuttajanaisille Turussa ja l\u00e4hialueilla. Hanke tarjoaa tehostettua tukea ja ohjausta naisille, joilla kotoutuminen on vasta alussa tai keskeytynyt esimerkiksi lasten saamisen ja t\u00e4st\u00e4 johtuneen kotiin j\u00e4\u00e4misen my\u00f6t\u00e4. N\u00e4ill\u00e4 naisilla ei v\u00e4ltt\u00e4m\u00e4tt\u00e4 ole ollenkaan tai hyvin v\u00e4h\u00e4n kielitaitoa, lukutaitoa, koulutus- tai ty\u00f6taustaa. Mentoreina ja kokemusasiantuntijoina toimivat kotoutumisprosessissa jo pidemm\u00e4ll\u00e4 olevat maahanmuuttajataustaiset henkil\u00f6t. Hankkeen toimintakausi on 1.3.2022-31.3.2023.<\/p>\n<p>Hankkeen matalankynnyksen toiminta toteutetaan kahdessa vertaisryhm\u00e4ss\u00e4 (arabi &amp; somali) DaisyLadies ry:n toimitalossa arkip\u00e4ivisin ma-pe klo 9-15. Toiminta toteutetaan ryhm\u00e4l\u00e4ht\u00f6isesti ja se sis\u00e4lt\u00e4\u00e4 mm. suomen kielen opiskelua, tietoa yhteiskunnallisista asioista\/palveluista ja uravalmennusta. Kielen oppiminen ja kielenopetus ovat keskeisimpi\u00e4 hyv\u00e4n kotoutumisen v\u00e4lineit\u00e4, joten hankkeessa panostetaan erityisesti suomen kielen opiskeluun. Ty\u00f6el\u00e4m\u00e4valmiuksien parantamiseen t\u00e4ht\u00e4\u00e4v\u00e4 uravalmennus sis\u00e4lt\u00e4\u00e4 mm. ty\u00f6el\u00e4m\u00e4tietoutta, urasuunnitelmien tekoa (osaamiskartoitukset, opiskelumahdollisuudet, ammattitietous) ja CV-\u00a0 ja ty\u00f6nhakuklinikoita.<\/p>\n<p>&nbsp;<\/p>\n<p><strong>Lis\u00e4tiedot ja ilmoittautuminen mukaan:<\/strong> daisyladies.turku@gmail.com tai puh. 050 326 5064<\/p>\n<p>&nbsp;<\/p>\n<p><em>Hankkeelle on saatu rahoitus Ty\u00f6- ja elinkeinoministeri\u00f6lt\u00e4.<\/em>[\/vc_column_text][\/vc_column][vc_column boxed=&#8221;true&#8221; column_padding=&#8221;padding-3-percent&#8221; column_padding_position=&#8221;all&#8221; background_color_opacity=&#8221;0.5&#8243; background_hover_color_opacity=&#8221;1&#8243; width=&#8221;1\/3&#8243; tablet_text_alignment=&#8221;default&#8221; phone_text_alignment=&#8221;default&#8221;][vc_column_text]\n<h3 style=\"text-align: center;\">Yhteisty\u00f6ss\u00e4<\/h3>\n[\/vc_column_text]<div class=\"divider-wrap\"><div style=\"margin-top: 12px; height: 1px; margin-bottom: 12px;\" data-width=\"100%\" data-animate=\"\" data-animation-delay=\"\" data-color=\"default\" class=\"divider-border\"><\/div><\/div><div class=\"img-with-aniamtion-wrap center\" data-max-width=\"100%\"><div class=\"inner\"><img decoding=\"async\" data-shadow=\"none\" data-shadow-direction=\"middle\" class=\"img-with-animation \" data-delay=\"0\" height=\"100%\" width=\"100%\" data-animation=\"fade-in\" src=\"https:\/\/daisyladies.fi\/fi\/wp-content\/uploads\/2022\/03\/TEM_LA01_logo___fi_B3___RGB.png\" alt=\"\" \/><\/div><\/div>[\/vc_column][\/vc_row][vc_row type=&#8221;in_container&#8221; full_screen_row_position=&#8221;middle&#8221; scene_position=&#8221;center&#8221; text_color=&#8221;dark&#8221; text_align=&#8221;left&#8221; overlay_strength=&#8221;0.3&#8243;][vc_column column_padding=&#8221;no-extra-padding&#8221; column_padding_position=&#8221;all&#8221; background_color_opacity=&#8221;1&#8243; background_hover_color_opacity=&#8221;1&#8243; width=&#8221;1\/1&#8243; tablet_text_alignment=&#8221;default&#8221; phone_text_alignment=&#8221;default&#8221;]<div class=\"divider-wrap\"><div style=\"height: 100px;\" class=\"divider\"><\/div><\/div>[\/vc_column][\/vc_row]\n","protected":false},"excerpt":{"rendered":"<p>[vc_row type=&#8221;full_width_background&#8221; full_screen_row_position=&#8221;middle&#8221; bg_color=&#8221;#5bae4b&#8221; scene_position=&#8221;center&#8221; text_color=&#8221;light&#8221; text_align=&#8221;center&#8221; top_padding=&#8221;40&#8243; bottom_padding=&#8221;40&#8243; overlay_strength=&#8221;0.3&#8243;][vc_column column_padding=&#8221;no-extra-padding&#8221; column_padding_position=&#8221;all&#8221; background_color_opacity=&#8221;1&#8243; background_hover_color_opacity=&#8221;1&#8243; width=&#8221;1\/1&#8243; tablet_text_alignment=&#8221;default&#8221; phone_text_alignment=&#8221;default&#8221;][vc_column_text] K\u00e4si k\u00e4dess\u00e4 -hanke [\/vc_column_text][\/vc_column][\/vc_row][vc_row type=&#8221;in_container&#8221; full_screen_row_position=&#8221;middle&#8221; scene_position=&#8221;center&#8221; text_color=&#8221;dark&#8221; text_align=&#8221;left&#8221; overlay_strength=&#8221;0.3&#8243;][vc_column column_padding=&#8221;no-extra-padding&#8221; column_padding_position=&#8221;all&#8221; background_color_opacity=&#8221;1&#8243;&#8230;<\/p>\n","protected":false},"author":2,"featured_media":0,"parent":0,"menu_order":0,"comment_status":"closed","ping_status":"closed","template":"","meta":{"om_disable_all_campaigns":false,"footnotes":"","iawp_total_views":148},"_links":{"self":[{"href":"https:\/\/daisyladies.fi\/fi\/wp-json\/wp\/v2\/pages\/5128"}],"collection":[{"href":"https:\/\/daisyladies.fi\/fi\/wp-json\/wp\/v2\/pages"}],"about":[{"href":"https:\/\/daisyladies.fi\/fi\/wp-json\/wp\/v2\/types\/page"}],"author":[{"embeddable":true,"href":"https:\/\/daisyladies.fi\/fi\/wp-json\/wp\/v2\/users\/2"}],"replies":[{"embeddable":true,"href":"https:\/\/daisyladies.fi\/fi\/wp-json\/wp\/v2\/comments?post=5128"}],"version-history":[{"count":1,"href":"https:\/\/daisyladies.fi\/fi\/wp-json\/wp\/v2\/pages\/5128\/revisions"}],"predecessor-version":[{"id":5130,"href":"https:\/\/daisyladies.fi\/fi\/wp-json\/wp\/v2\/pages\/5128\/revisions\/5130"}],"wp:attachment":[{"href":"https:\/\/daisyladies.fi\/fi\/wp-json\/wp\/v2\/media?parent=5128"}],"curies":[{"name":"wp","href":"https:\/\/api.w.org\/{rel}","templated":true}]}}