{"id":4671,"date":"2020-08-04T07:59:12","date_gmt":"2020-08-04T07:59:12","guid":{"rendered":"http:\/\/daisyladies.fi\/fi\/?page_id=4671"},"modified":"2025-09-30T07:02:46","modified_gmt":"2025-09-30T07:02:46","slug":"digitukipiste","status":"publish","type":"page","link":"https:\/\/daisyladies.fi\/fi\/digitukipiste\/","title":{"rendered":"Digitukipiste"},"content":{"rendered":"[vc_row type=&#8221;full_width_background&#8221; full_screen_row_position=&#8221;middle&#8221; bg_color=&#8221;#5bae4b&#8221; scene_position=&#8221;center&#8221; text_color=&#8221;light&#8221; text_align=&#8221;center&#8221; top_padding=&#8221;40&#8243; bottom_padding=&#8221;40&#8243; overlay_strength=&#8221;0.3&#8243;][vc_column column_padding=&#8221;no-extra-padding&#8221; column_padding_position=&#8221;all&#8221; background_color_opacity=&#8221;1&#8243; background_hover_color_opacity=&#8221;1&#8243; width=&#8221;1\/1&#8243; tablet_text_alignment=&#8221;default&#8221; phone_text_alignment=&#8221;default&#8221;][vc_column_text]\n<h1>Digitukipiste<\/h1>\n[\/vc_column_text][\/vc_column][\/vc_row][vc_row type=&#8221;in_container&#8221; full_screen_row_position=&#8221;middle&#8221; scene_position=&#8221;center&#8221; text_color=&#8221;dark&#8221; text_align=&#8221;left&#8221; overlay_strength=&#8221;0.3&#8243;][vc_column column_padding=&#8221;no-extra-padding&#8221; column_padding_position=&#8221;all&#8221; background_color_opacity=&#8221;1&#8243; background_hover_color_opacity=&#8221;1&#8243; width=&#8221;1\/1&#8243; tablet_text_alignment=&#8221;default&#8221; phone_text_alignment=&#8221;default&#8221;]<div class=\"divider-wrap\"><div style=\"height: 40px;\" class=\"divider\"><\/div><\/div>[\/vc_column][\/vc_row][vc_row type=&#8221;in_container&#8221; full_screen_row_position=&#8221;middle&#8221; scene_position=&#8221;center&#8221; text_color=&#8221;dark&#8221; text_align=&#8221;left&#8221; overlay_strength=&#8221;0.3&#8243;][vc_column column_padding=&#8221;no-extra-padding&#8221; column_padding_position=&#8221;all&#8221; background_color_opacity=&#8221;1&#8243; background_hover_color_opacity=&#8221;1&#8243; width=&#8221;2\/3&#8243; tablet_text_alignment=&#8221;default&#8221; phone_text_alignment=&#8221;default&#8221;][vc_column_text]<span style=\"color: #ff0000;\"><strong>HUOM! Digitukipiste on toistaiseksi suljettu.<\/strong><\/span><\/p>\n<p>&nbsp;<\/p>\n<p>DaisyLadies ry:n\u00a0 <strong>digitukipiste tarjoaa monikielist\u00e4 neuvontaa digilaitteiden k\u00e4yt\u00f6ss\u00e4.<\/strong><\/p>\n<p>Digitukipiste sijaitsee osoitteessa Sairashuoneenkatu 1, DaisyLadies ry:n toimitalon <a href=\"http:\/\/daisyladies.fi\/fi\/daisykoti\/\">DaisyKodin<\/a> tiloissa. <strong>Digitukipiste on avoinna ma-pe klo 10-14 AJANVARAUKSELLA<\/strong> (puh. 050 573 9759 tai digitukipiste@gmail.com). Voit tuoda mukana omat laitteet tai\u00a0 lainata tukipisteen laitteita (tietokone, tabletti jne.).<\/p>\n<p><strong>Tukipisteelt\u00e4 saa opastusta:<\/strong><\/p>\n<ul>\n<li><strong>tietokoneen k\u00e4yt\u00f6n perusteet<\/strong><\/li>\n<li><strong>internetin ja s\u00e4hk\u00f6postin k\u00e4ytt\u00f6 (my\u00f6s nettiturvallisuus)<\/strong><\/li>\n<li><strong>sosiaalisen median k\u00e4yt\u00f6n opastus<\/strong><\/li>\n<li><strong>verkkoasiointi (esim. kela, pankki, terveyskeskus, bussikortin lataus jne.)<\/strong><\/li>\n<li><strong>\u00e4lypuhelimen\/tabletin asennus ja k\u00e4ytt\u00f6, sovellusten lataus ja k\u00e4ytt\u00f6<\/strong><\/li>\n<li><strong>ongelmatilanteet digilaitteiden k\u00e4yt\u00f6ss\u00e4<\/strong><\/li>\n<\/ul>\n<p>Digitukipisteemme on rauhallinen matalankynnyksen tila, jonne on helppo tulla. Opastuksessa hy\u00f6dynnet\u00e4\u00e4n v\u00e4est\u00f6rekisterikeskuksen Digutuen eettisi\u00e4 ohjeita.<\/p>\n<p>Poikkeustilanteen senhetkiset s\u00e4\u00e4d\u00f6kset otetaan huomioon palvelussa. K\u00e4yt\u00e4th\u00e4n maskia ja huolehdit k\u00e4sihygieniasta asioidessasi Digitukipisteell\u00e4.<\/p>\n<p>Tervetuloa![\/vc_column_text]<div class=\"divider-wrap\"><div style=\"margin-top: 15px; height: 1px; margin-bottom: 15px;\" data-width=\"100%\" data-animate=\"\" data-animation-delay=\"\" data-color=\"default\" class=\"divider-border\"><\/div><\/div>[\/vc_column][vc_column boxed=&#8221;true&#8221; column_padding=&#8221;padding-3-percent&#8221; column_padding_position=&#8221;all&#8221; background_color_opacity=&#8221;0.5&#8243; background_hover_color_opacity=&#8221;1&#8243; width=&#8221;1\/3&#8243; tablet_text_alignment=&#8221;default&#8221; phone_text_alignment=&#8221;default&#8221;][vc_column_text]\n<h3 style=\"text-align: center;\">Yhteisty\u00f6ss\u00e4<\/h3>\n[\/vc_column_text]<div class=\"divider-wrap\"><div style=\"margin-top: 12px; height: 1px; margin-bottom: 12px;\" data-width=\"100%\" data-animate=\"\" data-animation-delay=\"\" data-color=\"default\" class=\"divider-border\"><\/div><\/div><div class=\"img-with-aniamtion-wrap center\" data-max-width=\"100%\"><div class=\"inner\"><img decoding=\"async\" data-shadow=\"none\" data-shadow-direction=\"middle\" class=\"img-with-animation \" data-delay=\"0\" height=\"100%\" width=\"100%\" data-animation=\"fade-in\" src=\"https:\/\/daisyladies.fi\/fi\/wp-content\/uploads\/2014\/05\/logos_city_of_turku.png\" alt=\"\" \/><\/div><\/div><div class=\"divider-wrap\"><div style=\"margin-top: 12px; height: 1px; margin-bottom: 12px;\" data-width=\"100%\" data-animate=\"\" data-animation-delay=\"\" data-color=\"default\" class=\"divider-border\"><\/div><\/div>[vc_column_text]<strong>Ota yhteytt\u00e4\/varaa aika:<\/strong><\/p>\n<p><strong>puh. 050 326 5064<\/strong><\/p>\n<p><strong>digitukipiste@gmail.com<\/strong><\/p>\n<p><span style=\"color: #ff0000;\"><strong>HUOM! Digitukipiste on toistaiseksi suljettu!<\/strong><\/span>[\/vc_column_text]<div class=\"divider-wrap\"><div style=\"margin-top: 12px; height: 1px; margin-bottom: 12px;\" data-width=\"100%\" data-animate=\"\" data-animation-delay=\"\" data-color=\"default\" class=\"divider-border\"><\/div><\/div>[vc_column_text]<strong>AUKIOLOAJAT:<\/strong><\/p>\n<p><strong>Ma: klo 10-14<\/strong><\/p>\n<p><strong>Ti: klo 10-14<\/strong><\/p>\n<p><strong>Ke: klo 10-14<\/strong><\/p>\n<p><strong>To: klo 10-14<\/strong><\/p>\n<p><strong>Pe: klo 10-14<\/strong><\/p>\n<p><b>Osoite: Sairashuoneenkatu 1, 20100 Turku<\/b><\/p>\n<p><strong>N\u00e4in l\u00f6yd\u00e4t perille (klikkaa kuvaa niin se suurenee):<\/strong><\/p>\n<p><img loading=\"lazy\" decoding=\"async\" class=\"size-medium wp-image-4873 aligncenter\" src=\"http:\/\/daisyladies.fi\/fi\/wp-content\/uploads\/2021\/01\/digituki-uusi-kartta-300x217.png\" alt=\"\" width=\"300\" height=\"217\" srcset=\"https:\/\/daisyladies.fi\/fi\/wp-content\/uploads\/2021\/01\/digituki-uusi-kartta-300x217.png 300w, https:\/\/daisyladies.fi\/fi\/wp-content\/uploads\/2021\/01\/digituki-uusi-kartta-768x556.png 768w, https:\/\/daisyladies.fi\/fi\/wp-content\/uploads\/2021\/01\/digituki-uusi-kartta-1024x742.png 1024w\" sizes=\"(max-width: 300px) 100vw, 300px\" \/>[\/vc_column_text]<div class=\"divider-wrap\"><div style=\"margin-top: 12px; height: 1px; margin-bottom: 12px;\" data-width=\"100%\" data-animate=\"\" data-animation-delay=\"\" data-color=\"default\" class=\"divider-border\"><\/div><\/div>[vc_column_text]<b>Apua ja neuvontaa tarjolla usealla eri kielell\u00e4, mm. kurdi, persia, turkki, arabia, somalia, englanti.<\/b>[\/vc_column_text][\/vc_column][\/vc_row][vc_row type=&#8221;in_container&#8221; full_screen_row_position=&#8221;middle&#8221; scene_position=&#8221;center&#8221; text_color=&#8221;dark&#8221; text_align=&#8221;left&#8221; overlay_strength=&#8221;0.3&#8243;][vc_column column_padding=&#8221;no-extra-padding&#8221; column_padding_position=&#8221;all&#8221; background_color_opacity=&#8221;1&#8243; background_hover_color_opacity=&#8221;1&#8243; width=&#8221;1\/1&#8243; tablet_text_alignment=&#8221;default&#8221; phone_text_alignment=&#8221;default&#8221;]<div class=\"divider-wrap\"><div style=\"height: 100px;\" class=\"divider\"><\/div><\/div>[\/vc_column][\/vc_row]\n","protected":false},"excerpt":{"rendered":"<p>[vc_row type=&#8221;full_width_background&#8221; full_screen_row_position=&#8221;middle&#8221; bg_color=&#8221;#5bae4b&#8221; scene_position=&#8221;center&#8221; text_color=&#8221;light&#8221; text_align=&#8221;center&#8221; top_padding=&#8221;40&#8243; bottom_padding=&#8221;40&#8243; overlay_strength=&#8221;0.3&#8243;][vc_column column_padding=&#8221;no-extra-padding&#8221; column_padding_position=&#8221;all&#8221; background_color_opacity=&#8221;1&#8243; background_hover_color_opacity=&#8221;1&#8243; width=&#8221;1\/1&#8243; tablet_text_alignment=&#8221;default&#8221; phone_text_alignment=&#8221;default&#8221;][vc_column_text] Digitukipiste [\/vc_column_text][\/vc_column][\/vc_row][vc_row type=&#8221;in_container&#8221; full_screen_row_position=&#8221;middle&#8221; scene_position=&#8221;center&#8221; text_color=&#8221;dark&#8221; text_align=&#8221;left&#8221; overlay_strength=&#8221;0.3&#8243;][vc_column column_padding=&#8221;no-extra-padding&#8221; column_padding_position=&#8221;all&#8221; background_color_opacity=&#8221;1&#8243; background_hover_color_opacity=&#8221;1&#8243; width=&#8221;1\/1&#8243;&#8230;<\/p>\n","protected":false},"author":2,"featured_media":0,"parent":0,"menu_order":0,"comment_status":"closed","ping_status":"closed","template":"","meta":{"om_disable_all_campaigns":false,"footnotes":"","iawp_total_views":80},"_links":{"self":[{"href":"https:\/\/daisyladies.fi\/fi\/wp-json\/wp\/v2\/pages\/4671"}],"collection":[{"href":"https:\/\/daisyladies.fi\/fi\/wp-json\/wp\/v2\/pages"}],"about":[{"href":"https:\/\/daisyladies.fi\/fi\/wp-json\/wp\/v2\/types\/page"}],"author":[{"embeddable":true,"href":"https:\/\/daisyladies.fi\/fi\/wp-json\/wp\/v2\/users\/2"}],"replies":[{"embeddable":true,"href":"https:\/\/daisyladies.fi\/fi\/wp-json\/wp\/v2\/comments?post=4671"}],"version-history":[{"count":25,"href":"https:\/\/daisyladies.fi\/fi\/wp-json\/wp\/v2\/pages\/4671\/revisions"}],"predecessor-version":[{"id":6187,"href":"https:\/\/daisyladies.fi\/fi\/wp-json\/wp\/v2\/pages\/4671\/revisions\/6187"}],"wp:attachment":[{"href":"https:\/\/daisyladies.fi\/fi\/wp-json\/wp\/v2\/media?parent=4671"}],"curies":[{"name":"wp","href":"https:\/\/api.w.org\/{rel}","templated":true}]}}