{"id":4589,"date":"2020-04-15T14:15:51","date_gmt":"2020-04-15T14:15:51","guid":{"rendered":"http:\/\/daisyladies.fi\/fi\/?page_id=4589"},"modified":"2020-10-06T14:01:16","modified_gmt":"2020-10-06T14:01:16","slug":"koulutuspaketit","status":"publish","type":"page","link":"https:\/\/daisyladies.fi\/fi\/koulutuspaketit\/","title":{"rendered":"Koulutuspaketit"},"content":{"rendered":"[vc_row type=&#8221;full_width_background&#8221; full_screen_row_position=&#8221;middle&#8221; bg_color=&#8221;#5bae4b&#8221; scene_position=&#8221;center&#8221; text_color=&#8221;light&#8221; text_align=&#8221;center&#8221; top_padding=&#8221;40&#8243; bottom_padding=&#8221;40&#8243; overlay_strength=&#8221;0.3&#8243;][vc_column column_padding=&#8221;no-extra-padding&#8221; column_padding_position=&#8221;all&#8221; background_color_opacity=&#8221;1&#8243; background_hover_color_opacity=&#8221;1&#8243; width=&#8221;1\/1&#8243; tablet_text_alignment=&#8221;default&#8221; phone_text_alignment=&#8221;default&#8221;][vc_column_text]\n<h1>Koulutuspaketit<\/h1>\n[\/vc_column_text][\/vc_column][\/vc_row][vc_row type=&#8221;in_container&#8221; full_screen_row_position=&#8221;middle&#8221; scene_position=&#8221;center&#8221; text_color=&#8221;dark&#8221; text_align=&#8221;left&#8221; overlay_strength=&#8221;0.3&#8243;][vc_column column_padding=&#8221;no-extra-padding&#8221; column_padding_position=&#8221;all&#8221; background_color_opacity=&#8221;1&#8243; background_hover_color_opacity=&#8221;1&#8243; width=&#8221;1\/1&#8243; tablet_text_alignment=&#8221;default&#8221; phone_text_alignment=&#8221;default&#8221;]<div class=\"divider-wrap\"><div style=\"height: 40px;\" class=\"divider\"><\/div><\/div>[\/vc_column][\/vc_row][vc_row type=&#8221;in_container&#8221; full_screen_row_position=&#8221;middle&#8221; scene_position=&#8221;center&#8221; text_color=&#8221;dark&#8221; text_align=&#8221;left&#8221; overlay_strength=&#8221;0.3&#8243;][vc_column column_padding=&#8221;no-extra-padding&#8221; column_padding_position=&#8221;all&#8221; background_color_opacity=&#8221;1&#8243; background_hover_color_opacity=&#8221;1&#8243; width=&#8221;2\/3&#8243; tablet_text_alignment=&#8221;default&#8221; phone_text_alignment=&#8221;default&#8221;][vc_column_text]DaisyLadies ry tarjoaa koulutusta tavoitteenaan vahvistaa ja p\u00e4ivitt\u00e4\u00e4 ammattitaitoa monikulttuurisen ty\u00f6n kent\u00e4ll\u00e4 (mm. sosiaali- ja terveysalan henkil\u00f6st\u00f6, opiskelijat, viranomaiset ja muut maahanmuuttajataustaisia henkil\u00f6it\u00e4 ty\u00f6ss\u00e4\u00e4n kohtaavat tahot). Avainasemassa on tiedon ja ty\u00f6kalujen tarjoaminen kulttuurisensitiiviseen kommunikointiin.<\/p>\n<p>DaisyLadies ry:n kouluttajat ovat kokeneita oman aiheensa asiantuntijoita ja tarjoavat ainutlaatuisen kokemusasiantuntijan n\u00e4k\u00f6kulman koulutukseen.<\/p>\n<p>Otamme vastaan toiveita koulutuksen kestoon, sis\u00e4lt\u00f6\u00f6n ja rakenteeseen liittyen. Koulutukset j\u00e4rjestet\u00e4\u00e4n tilaajan toivomassa paikassa miss\u00e4 p\u00e4in Suomea tahansa.<\/p>\n<p><strong>Lis\u00e4tietoja:<\/strong> daisyladies.turku@gmail.com tai p. 050 326 5064[\/vc_column_text]<div class=\"divider-wrap\"><div style=\"margin-top: 15px; height: 1px; margin-bottom: 15px;\" data-width=\"100%\" data-animate=\"\" data-animation-delay=\"\" data-color=\"default\" class=\"divider-border\"><\/div><\/div><div class=\"divider-wrap\"><div style=\"height: 30px;\" class=\"divider\"><\/div><\/div>[vc_column_text]\n<h2><strong><img loading=\"lazy\" decoding=\"async\" class=\"alignnone wp-image-4608 size-full\" src=\"http:\/\/daisyladies.fi\/fi\/wp-content\/uploads\/2020\/04\/v\u00e4kivaltakuva1.png\" alt=\"\" width=\"616\" height=\"135\" srcset=\"https:\/\/daisyladies.fi\/fi\/wp-content\/uploads\/2020\/04\/v\u00e4kivaltakuva1.png 616w, https:\/\/daisyladies.fi\/fi\/wp-content\/uploads\/2020\/04\/v\u00e4kivaltakuva1-300x66.png 300w\" sizes=\"(max-width: 616px) 100vw, 616px\" \/><\/strong><\/h2>\n<h2><strong>Koulutuspaketti 1010: <\/strong><strong>Maahanmuuttajanaiset ja v\u00e4kivalta <\/strong><\/h2>\n<p>&nbsp;<\/p>\n<p><strong>Kenelle: <\/strong><\/p>\n<p>Kaikille aiheesta kiinnostuneille. Erityisesti niille tahoille, jotka kohtaavat ty\u00f6ss\u00e4\u00e4n v\u00e4kivallan uhreiksi tai sen uhan alle joutuneita maahanmuuttajataustaista naisia.<\/p>\n<p><strong>Koulutus tarjoaa: <\/strong><\/p>\n<ul>\n<li>tietoa v\u00e4kivallan muodoista, joita esiintyy maahanmuuttajanaisten el\u00e4m\u00e4ss\u00e4<\/li>\n<li>tietoa maahanmuuttajanaisten el\u00e4m\u00e4ss\u00e4 olevista ennakkoluuloista sek\u00e4 tabuista<\/li>\n<li>ty\u00f6kaluja kuinka l\u00e4hesty\u00e4 uhria ja saavuttaa keskusteluyhteys<\/li>\n<li>ty\u00f6kaluja uhrien kannustamiseen ja tukemiseen<\/li>\n<li>workshop<\/li>\n<\/ul>\n<p><strong>Kouluttajat:<\/strong><\/p>\n<p><strong>Neriman Al Take<\/strong> on irakilaistaustainen nainen, joka on ty\u00f6skennellyt hyvin pitk\u00e4\u00e4n maahanmuuttajien parissa erilaisissa teht\u00e4viss\u00e4. Neriman on tehnyt paljon ty\u00f6t\u00e4 v\u00e4kivallan uhreiksi joutuneiden naisten kanssa ja t\u00e4m\u00e4n ty\u00f6n sek\u00e4 oman kulttuuritaustansa ansiosta h\u00e4nell\u00e4 on vahvaa kokemusasiantuntijuutta maahanmuuttajanaisten el\u00e4m\u00e4\u00e4n liittyvist\u00e4 erityispiirteist\u00e4 sek\u00e4 vaikeiden asioiden l\u00e4hetymisest\u00e4 kulttuurisensitiivisin keinoin.<\/p>\n<p><strong>Ilhan Elmi<\/strong> on somalilaistaustainen nainen, joka on ty\u00f6skennellyt paljon erityisesti silvonnan uhreiksi joutuneiden naisten ja tytt\u00f6jen kanssa. Ty\u00f6n ja oman kulttuuritaustansa my\u00f6t\u00e4 Ilhanilla on paljon kokemusta aiheesta. Ilhan pystyy tarjoamaan tietoa kokemusasiantuntijan n\u00e4k\u00f6kulmasta erityisesti siit\u00e4 miten l\u00e4hesty\u00e4 v\u00e4kivallan uhreja sensitiivisesti heid\u00e4n oma kulttuuritaustansa huomioiden.<\/p>\n<p><strong>Koulutuksen kesto: <\/strong>90 minuuttia (sis. luento, ty\u00f6paja ja loppukeskustelu)<\/p>\n<p><strong>Hinta: <\/strong>400 \u20ac<\/p>\n<p><strong>Tilaukset ja yhteydenotot:<\/strong> <a href=\"mailto:daisyladies.turku@gmail.com\">daisyladies.turku@gmail.com<\/a> tai p. 050\u00a0326 5064[\/vc_column_text]<div class=\"divider-wrap\"><div style=\"margin-top: 15px; height: 1px; margin-bottom: 15px;\" data-width=\"100%\" data-animate=\"\" data-animation-delay=\"\" data-color=\"default\" class=\"divider-border\"><\/div><\/div><div class=\"divider-wrap\"><div style=\"height: 30px;\" class=\"divider\"><\/div><\/div>[vc_column_text]\n<h2><strong><img loading=\"lazy\" decoding=\"async\" class=\"alignnone wp-image-4609 size-full\" src=\"http:\/\/daisyladies.fi\/fi\/wp-content\/uploads\/2020\/04\/v\u00e4kivaltakuva2.png\" alt=\"\" width=\"616\" height=\"135\" srcset=\"https:\/\/daisyladies.fi\/fi\/wp-content\/uploads\/2020\/04\/v\u00e4kivaltakuva2.png 616w, https:\/\/daisyladies.fi\/fi\/wp-content\/uploads\/2020\/04\/v\u00e4kivaltakuva2-300x66.png 300w\" sizes=\"(max-width: 616px) 100vw, 616px\" \/><\/strong><\/h2>\n<h2><strong>Koulutuspaketti 1020: <\/strong><strong>Tytt\u00f6jen ja naisten sukupuolielinten silvonta<\/strong><\/h2>\n<p>&nbsp;<\/p>\n<p><strong>Kenelle: <\/strong><\/p>\n<p>Kaikille aiheesta kiinnostuneille. Erityisesti niille tahoille, jotka kohtaavat ty\u00f6ss\u00e4\u00e4n sukupuolielinten silvonnan uhreiksi tai sen uhan alle joutuneita maahanmuuttajataustaista tytt\u00f6j\u00e4 ja naisia.<\/p>\n<p><strong>Koulutus tarjoaa: <\/strong><\/p>\n<ul>\n<li>kattavaa tietoa silvonnasta ja sen muodoista<\/li>\n<li>tutkimustietoa ja kokemuskertomuksia<\/li>\n<li>ty\u00f6kaluja asian esiin ottamiseen ja keskusteluun naisten ja tytt\u00f6jen kanssa sensitiivisesti<\/li>\n<li>ratkaisumalleja ja ennaltaehk\u00e4isyn keinoja<\/li>\n<li>workshop (case study)<\/li>\n<\/ul>\n<p><strong>Kouluttajat:<\/strong><\/p>\n<p><strong>Ilhan Elmi<\/strong> on somalilaistaustainen nainen, joka on ty\u00f6skennellyt paljon silvonnan uhreiksi joutuneiden naisten ja tytt\u00f6jen kanssa. Ty\u00f6n my\u00f6t\u00e4 ja tullen itse kulttuurista, joka harjoittaa silvontaa, Ilhanilla on paljon kokemusta aiheesta. Ilhan pystyy tarjoamaan tietoa kokemusasiantuntijan n\u00e4k\u00f6kulmasta erityisesti siit\u00e4 miten l\u00e4hesty\u00e4 aihetta kulttuurisensitiivisesti.<\/p>\n<p><strong>Neriman Al Take<\/strong> on irakilaistaustainen nainen, joka on ty\u00f6skennellyt hyvin pitk\u00e4\u00e4n maahanmuuttajien parissa erilaisissa teht\u00e4viss\u00e4. Neriman on tehnyt paljon ty\u00f6t\u00e4 v\u00e4kivallan uhreiksi joutuneiden naisten kanssa ja t\u00e4m\u00e4n ty\u00f6n sek\u00e4 oman kulttuuritaustansa ansiosta h\u00e4nell\u00e4 on vahvaa kokemusasiantuntijuutta maahanmuuttajanaisten el\u00e4m\u00e4\u00e4n liittyvist\u00e4 erityispiirteist\u00e4 sek\u00e4 vaikeiden asioiden l\u00e4hetymisest\u00e4 kulttuurisensitiivisin keinoin.<\/p>\n<p><strong>Koulutuksen kesto: <\/strong>90 minuuttia (sis. luento, ty\u00f6paja ja loppukeskustelu)<\/p>\n<p><strong>Hinta: <\/strong>400 \u20ac<\/p>\n<p><strong>Tilaukset ja yhteydenotot:<\/strong> <a href=\"mailto:daisyladies.turku@gmail.com\">daisyladies.turku@gmail.com<\/a> tai p. 050\u00a0326 5064[\/vc_column_text][\/vc_column][vc_column boxed=&#8221;true&#8221; column_padding=&#8221;padding-3-percent&#8221; column_padding_position=&#8221;all&#8221; background_color_opacity=&#8221;0.5&#8243; background_hover_color_opacity=&#8221;1&#8243; width=&#8221;1\/3&#8243; tablet_text_alignment=&#8221;default&#8221; phone_text_alignment=&#8221;default&#8221;]<div class=\"img-with-aniamtion-wrap \" data-max-width=\"100%\"><div class=\"inner\"><img decoding=\"async\" data-shadow=\"none\" data-shadow-direction=\"middle\" class=\"img-with-animation \" data-delay=\"0\" height=\"100%\" width=\"100%\" data-animation=\"fade-in\" src=\"https:\/\/daisyladies.fi\/fi\/wp-content\/uploads\/2020\/04\/paul-hanaoka-4ZaH0DGGomI-unsplash.jpg\" alt=\"\" \/><\/div><\/div>[\/vc_column][\/vc_row][vc_row type=&#8221;in_container&#8221; full_screen_row_position=&#8221;middle&#8221; scene_position=&#8221;center&#8221; text_color=&#8221;dark&#8221; text_align=&#8221;left&#8221; overlay_strength=&#8221;0.3&#8243;][vc_column column_padding=&#8221;no-extra-padding&#8221; column_padding_position=&#8221;all&#8221; background_color_opacity=&#8221;1&#8243; background_hover_color_opacity=&#8221;1&#8243; width=&#8221;1\/1&#8243; tablet_text_alignment=&#8221;default&#8221; phone_text_alignment=&#8221;default&#8221;]<div class=\"divider-wrap\"><div style=\"height: 100px;\" class=\"divider\"><\/div><\/div>[\/vc_column][\/vc_row]\n","protected":false},"excerpt":{"rendered":"<p>[vc_row type=&#8221;full_width_background&#8221; full_screen_row_position=&#8221;middle&#8221; bg_color=&#8221;#5bae4b&#8221; scene_position=&#8221;center&#8221; text_color=&#8221;light&#8221; text_align=&#8221;center&#8221; top_padding=&#8221;40&#8243; bottom_padding=&#8221;40&#8243; overlay_strength=&#8221;0.3&#8243;][vc_column column_padding=&#8221;no-extra-padding&#8221; column_padding_position=&#8221;all&#8221; background_color_opacity=&#8221;1&#8243; background_hover_color_opacity=&#8221;1&#8243; width=&#8221;1\/1&#8243; tablet_text_alignment=&#8221;default&#8221; phone_text_alignment=&#8221;default&#8221;][vc_column_text] Koulutuspaketit [\/vc_column_text][\/vc_column][\/vc_row][vc_row type=&#8221;in_container&#8221; full_screen_row_position=&#8221;middle&#8221; scene_position=&#8221;center&#8221; text_color=&#8221;dark&#8221; text_align=&#8221;left&#8221; overlay_strength=&#8221;0.3&#8243;][vc_column column_padding=&#8221;no-extra-padding&#8221; column_padding_position=&#8221;all&#8221; background_color_opacity=&#8221;1&#8243; background_hover_color_opacity=&#8221;1&#8243; width=&#8221;1\/1&#8243;&#8230;<\/p>\n","protected":false},"author":2,"featured_media":0,"parent":0,"menu_order":0,"comment_status":"closed","ping_status":"closed","template":"","meta":{"om_disable_all_campaigns":false,"footnotes":"","iawp_total_views":260},"_links":{"self":[{"href":"https:\/\/daisyladies.fi\/fi\/wp-json\/wp\/v2\/pages\/4589"}],"collection":[{"href":"https:\/\/daisyladies.fi\/fi\/wp-json\/wp\/v2\/pages"}],"about":[{"href":"https:\/\/daisyladies.fi\/fi\/wp-json\/wp\/v2\/types\/page"}],"author":[{"embeddable":true,"href":"https:\/\/daisyladies.fi\/fi\/wp-json\/wp\/v2\/users\/2"}],"replies":[{"embeddable":true,"href":"https:\/\/daisyladies.fi\/fi\/wp-json\/wp\/v2\/comments?post=4589"}],"version-history":[{"count":10,"href":"https:\/\/daisyladies.fi\/fi\/wp-json\/wp\/v2\/pages\/4589\/revisions"}],"predecessor-version":[{"id":4774,"href":"https:\/\/daisyladies.fi\/fi\/wp-json\/wp\/v2\/pages\/4589\/revisions\/4774"}],"wp:attachment":[{"href":"https:\/\/daisyladies.fi\/fi\/wp-json\/wp\/v2\/media?parent=4589"}],"curies":[{"name":"wp","href":"https:\/\/api.w.org\/{rel}","templated":true}]}}