{"id":4400,"date":"2020-01-13T11:06:55","date_gmt":"2020-01-13T11:06:55","guid":{"rendered":"http:\/\/daisyladies.fi\/fi\/?page_id=4400"},"modified":"2025-04-10T07:05:40","modified_gmt":"2025-04-10T07:05:40","slug":"daisy-young-club","status":"publish","type":"page","link":"https:\/\/daisyladies.fi\/fi\/daisy-young-club\/","title":{"rendered":"Daisy Young Club"},"content":{"rendered":"[vc_row type=&#8221;full_width_background&#8221; full_screen_row_position=&#8221;middle&#8221; bg_color=&#8221;#5bae4b&#8221; scene_position=&#8221;center&#8221; text_color=&#8221;light&#8221; text_align=&#8221;center&#8221; top_padding=&#8221;40&#8243; bottom_padding=&#8221;40&#8243; overlay_strength=&#8221;0.3&#8243;][vc_column column_padding=&#8221;no-extra-padding&#8221; column_padding_position=&#8221;all&#8221; background_color_opacity=&#8221;1&#8243; background_hover_color_opacity=&#8221;1&#8243; width=&#8221;1\/1&#8243; tablet_text_alignment=&#8221;default&#8221; phone_text_alignment=&#8221;default&#8221;][vc_column_text]\n<h1>Daisy Young Club<\/h1>\n[\/vc_column_text][\/vc_column][\/vc_row][vc_row type=&#8221;in_container&#8221; full_screen_row_position=&#8221;middle&#8221; scene_position=&#8221;center&#8221; text_color=&#8221;dark&#8221; text_align=&#8221;left&#8221; overlay_strength=&#8221;0.3&#8243;][vc_column column_padding=&#8221;no-extra-padding&#8221; column_padding_position=&#8221;all&#8221; background_color_opacity=&#8221;1&#8243; background_hover_color_opacity=&#8221;1&#8243; width=&#8221;1\/1&#8243; tablet_text_alignment=&#8221;default&#8221; phone_text_alignment=&#8221;default&#8221;]<div class=\"divider-wrap\"><div style=\"height: 40px;\" class=\"divider\"><\/div><\/div>[\/vc_column][\/vc_row][vc_row type=&#8221;in_container&#8221; full_screen_row_position=&#8221;middle&#8221; scene_position=&#8221;center&#8221; text_color=&#8221;dark&#8221; text_align=&#8221;left&#8221; overlay_strength=&#8221;0.3&#8243;][vc_column column_padding=&#8221;no-extra-padding&#8221; column_padding_position=&#8221;all&#8221; background_color_opacity=&#8221;1&#8243; background_hover_color_opacity=&#8221;1&#8243; width=&#8221;2\/3&#8243; tablet_text_alignment=&#8221;default&#8221; phone_text_alignment=&#8221;default&#8221;][vc_column_text]<span style=\"color: #ff0000;\"><strong>HUOM! Daisy Young Clubin toiminta on toistaiseksi tauolla!<\/strong><\/span><\/p>\n<p>&nbsp;<\/p>\n<p>Daisy Young Club ry on perustettu 2009 ja se on itsen\u00e4inen rekister\u00f6ity yhdistys. Yhdistyksen ovat perustaneet nuoret suomalaiset ja maahanmuuttajat. Yhdistys ei tuota voittoa eik\u00e4 ole poliittisesti sitoutunut.<\/p>\n<p>Yhdistyksen tarkoituksena on edist\u00e4\u00e4 ja kehitt\u00e4\u00e4 Turussa ja Turun seudulla asuvien maahanmuuttajataustaisten sek\u00e4 syntysuomalaisten nuorten sosiaalista kanssak\u00e4ymist\u00e4 yhteisten aktiviteettien kautta. Se pyrkii l\u00e4hent\u00e4m\u00e4\u00e4n kulttuureja toisiinsa ja tukemaan nuorten omaa kulttuuri-identiteetti\u00e4 suomalaisessa yhteiskunnassa. Yhdistyksen p\u00e4\u00e4m\u00e4\u00e4r\u00e4n\u00e4 on tuoda julki nuoria koskettavia ajankohtaisia asioita ja nuorten omia ajatuksia.<\/p>\n<p>Yhdistys on monikulttuurinen ja toiminta on tarkoitettu niin kantasuomalaisille kuin maahanmuuttajataustaiselle alle 29-vuotiaille nuorille. Tavoitteena on tuoda kaikki nuoret yhteen: maahanmuuttajanuoret, toisen polven maahanmuuttajat sek\u00e4 kantasuomalaiset. Yhdistyksen toiminnassa otetaan huomioon maahanmuuttajien kotoutuminen, eri kulttuurien monimuotoisuus, sosiaalinen kanssak\u00e4yminen ja uusien asioiden oppiminen sek\u00e4 kulttuurinvaihto niin maahanmuuttajien kuin syntysuomalaisten kohdalla.<\/p>\n<p>Daisy Young Clubin toiminta rakennetaan puhtaasti sen perusteella, mit\u00e4 nuoret oikeasti tahtovat. Viet\u00e4mme erilaisia juhlia, opettelemme ruuanlaiton saloja, askartelemme, luemme ja liikumme. Teemme my\u00f6s retki\u00e4 eri kohteisiin.<\/p>\n<p>Daisy Young Club Ry:n toiminta on edelleen t\u00e4ysin avointa kaikille, mutta p\u00e4\u00e4painona on viime vuosina ollut erityisesti <strong>nuorten naisten ja tytt\u00f6jen mielenterveys ja hyvinvointi.<\/strong><\/p>\n<p><strong>Daisy Young Club j\u00e4rjest\u00e4\u00e4 toimintaa joka keskiviikko klo 16 alkaen osoitteessa Linnankatu 41. Tervetuloa!<\/strong><\/p>\n<p>&nbsp;<\/p>\n<p>Logon suunnitellut ja toteuttanut Aino Nieminen \/ <a href=\"https:\/\/lasttuesday.fi\/\">Last Tuesday<\/a> \/ <a href=\"https:\/\/ainoa.fi\/\">Ainoa<\/a>[\/vc_column_text]<div class=\"divider-wrap\"><div style=\"height: 30px;\" class=\"divider\"><\/div><\/div><div class=\"divider-wrap\"><div style=\"margin-top: 15px; height: 1px; margin-bottom: 15px;\" data-width=\"100%\" data-animate=\"\" data-animation-delay=\"\" data-color=\"default\" class=\"divider-border\"><\/div><\/div>[vc_column_text]<strong>Ota yhteytt\u00e4:<\/strong><\/p>\n<p>Puh. 050 466 6282 (Mira Reunanen, puheenjohtaja)<\/p>\n<p>daisy.young.club@gmail.com<\/p>\n<p><a href=\"https:\/\/www.facebook.com\/Daisy-Young-Club-ry-110570410476045\/\">Seuraa meit\u00e4 Facebookissa!<\/a> (Daisy Young Club)<\/p>\n<p><a href=\"https:\/\/www.instagram.com\/daisy.young.club\/\">Seuraa meit\u00e4 Instagramissa!<\/a> (@daisy.young.club)<\/p>\n<div class=\"AFWDX\"><strong>Jos haluat lis\u00e4\u00e4 tietoa tulevista tapaamisista, laita viesti\u00e4 Miralle 050 466 6282, niin p\u00e4\u00e4set mukaan DYCin wappiryhm\u00e4\u00e4n!<\/strong><\/div>\n[\/vc_column_text]<div class=\"divider-wrap\"><div style=\"height: 30px;\" class=\"divider\"><\/div><\/div><div class=\"img-with-aniamtion-wrap center\" data-max-width=\"100%\"><div class=\"inner\"><img decoding=\"async\" data-shadow=\"none\" data-shadow-direction=\"middle\" class=\"img-with-animation \" data-delay=\"0\" height=\"100%\" width=\"100%\" data-animation=\"fade-in\" src=\"https:\/\/daisyladies.fi\/fi\/wp-content\/uploads\/2023\/03\/DYC-esite-2023.jpeg\" alt=\"\" \/><\/div><\/div><div class=\"divider-wrap\"><div style=\"height: 30px;\" class=\"divider\"><\/div><\/div>[vc_gallery type=&#8221;flexslider_style&#8221; images=&#8221;5322,5323,5325,5329,5330&#8243; onclick=&#8221;link_no&#8221;][\/vc_column][vc_column boxed=&#8221;true&#8221; column_padding=&#8221;padding-3-percent&#8221; column_padding_position=&#8221;all&#8221; background_color_opacity=&#8221;0.5&#8243; background_hover_color_opacity=&#8221;1&#8243; width=&#8221;1\/3&#8243; tablet_text_alignment=&#8221;default&#8221; phone_text_alignment=&#8221;default&#8221;]<div class=\"img-with-aniamtion-wrap center\" data-max-width=\"100%\"><div class=\"inner\"><img decoding=\"async\" data-shadow=\"none\" data-shadow-direction=\"middle\" class=\"img-with-animation \" data-delay=\"0\" height=\"100%\" width=\"100%\" data-animation=\"fade-in\" src=\"https:\/\/daisyladies.fi\/fi\/wp-content\/uploads\/2023\/03\/DYC_tekstitunnus_blue_web.png\" alt=\"\" \/><\/div><\/div><div class=\"divider-wrap\"><div style=\"height: 25px;\" class=\"divider\"><\/div><\/div>[vc_column_text]<img loading=\"lazy\" decoding=\"async\" class=\"aligncenter wp-image-5558 size-full\" src=\"http:\/\/daisyladies.fi\/fi\/wp-content\/uploads\/2024\/02\/424638253_685447673792396_5511536079399615655_n.jpg\" alt=\"\" width=\"526\" height=\"526\" srcset=\"https:\/\/daisyladies.fi\/fi\/wp-content\/uploads\/2024\/02\/424638253_685447673792396_5511536079399615655_n.jpg 526w, https:\/\/daisyladies.fi\/fi\/wp-content\/uploads\/2024\/02\/424638253_685447673792396_5511536079399615655_n-150x150.jpg 150w, https:\/\/daisyladies.fi\/fi\/wp-content\/uploads\/2024\/02\/424638253_685447673792396_5511536079399615655_n-300x300.jpg 300w, https:\/\/daisyladies.fi\/fi\/wp-content\/uploads\/2024\/02\/424638253_685447673792396_5511536079399615655_n-50x50.jpg 50w, https:\/\/daisyladies.fi\/fi\/wp-content\/uploads\/2024\/02\/424638253_685447673792396_5511536079399615655_n-100x100.jpg 100w, https:\/\/daisyladies.fi\/fi\/wp-content\/uploads\/2024\/02\/424638253_685447673792396_5511536079399615655_n-500x500.jpg 500w\" sizes=\"(max-width: 526px) 100vw, 526px\" \/>[\/vc_column_text]<div class=\"divider-wrap\"><div style=\"height: 25px;\" class=\"divider\"><\/div><\/div>[vc_column_text]\n<h3 style=\"text-align: center;\">Tulossa:<\/h3>\n[\/vc_column_text]<div class=\"divider-wrap\"><div style=\"margin-top: 12px; height: 1px; margin-bottom: 12px;\" data-width=\"100%\" data-animate=\"\" data-animation-delay=\"\" data-color=\"default\" class=\"divider-border\"><\/div><\/div><div class=\"divider-wrap\"><div style=\"height: 25px;\" class=\"divider\"><\/div><\/div>[vc_column_text]\n<p style=\"text-align: center;\"><strong>Kiitos kaikille, jotka osallistuivat DYC:in toimintaan t\u00e4m\u00e4n kev\u00e4\u00e4n aikana, kiitos kaikille yhteisty\u00f6kumppaneille ja n\u00e4hd\u00e4\u00e4n taas 9.8. klo 16:00!!<\/strong><\/p>\n<p><a href=\"http:\/\/daisyladies.fi\/fi\/wp-content\/uploads\/2023\/06\/350665568_1409477682953801_8089226098695803691_n.jpg\"><img loading=\"lazy\" decoding=\"async\" class=\"aligncenter wp-image-5354 size-medium\" src=\"http:\/\/daisyladies.fi\/fi\/wp-content\/uploads\/2023\/06\/350665568_1409477682953801_8089226098695803691_n-240x300.jpg\" alt=\"\" width=\"240\" height=\"300\" srcset=\"https:\/\/daisyladies.fi\/fi\/wp-content\/uploads\/2023\/06\/350665568_1409477682953801_8089226098695803691_n-240x300.jpg 240w, https:\/\/daisyladies.fi\/fi\/wp-content\/uploads\/2023\/06\/350665568_1409477682953801_8089226098695803691_n-768x960.jpg 768w, https:\/\/daisyladies.fi\/fi\/wp-content\/uploads\/2023\/06\/350665568_1409477682953801_8089226098695803691_n-819x1024.jpg 819w, https:\/\/daisyladies.fi\/fi\/wp-content\/uploads\/2023\/06\/350665568_1409477682953801_8089226098695803691_n.jpg 1080w\" sizes=\"(max-width: 240px) 100vw, 240px\" \/><\/a>[\/vc_column_text]<div class=\"img-with-aniamtion-wrap center\" data-max-width=\"100%\"><div class=\"inner\"><img decoding=\"async\" data-shadow=\"none\" data-shadow-direction=\"middle\" class=\"img-with-animation \" data-delay=\"0\" height=\"100%\" width=\"100%\" data-animation=\"fade-in\" src=\"\" alt=\"\" \/><\/div><\/div>[\/vc_column][\/vc_row][vc_row type=&#8221;in_container&#8221; full_screen_row_position=&#8221;middle&#8221; scene_position=&#8221;center&#8221; text_color=&#8221;dark&#8221; text_align=&#8221;left&#8221; overlay_strength=&#8221;0.3&#8243;][vc_column column_padding=&#8221;no-extra-padding&#8221; column_padding_position=&#8221;all&#8221; background_color_opacity=&#8221;1&#8243; background_hover_color_opacity=&#8221;1&#8243; width=&#8221;1\/1&#8243; tablet_text_alignment=&#8221;default&#8221; phone_text_alignment=&#8221;default&#8221;]<div class=\"divider-wrap\"><div style=\"height: 100px;\" class=\"divider\"><\/div><\/div>[\/vc_column][\/vc_row]\n","protected":false},"excerpt":{"rendered":"<p>[vc_row type=&#8221;full_width_background&#8221; full_screen_row_position=&#8221;middle&#8221; bg_color=&#8221;#5bae4b&#8221; scene_position=&#8221;center&#8221; text_color=&#8221;light&#8221; text_align=&#8221;center&#8221; top_padding=&#8221;40&#8243; bottom_padding=&#8221;40&#8243; overlay_strength=&#8221;0.3&#8243;][vc_column column_padding=&#8221;no-extra-padding&#8221; column_padding_position=&#8221;all&#8221; background_color_opacity=&#8221;1&#8243; background_hover_color_opacity=&#8221;1&#8243; width=&#8221;1\/1&#8243; tablet_text_alignment=&#8221;default&#8221; phone_text_alignment=&#8221;default&#8221;][vc_column_text] Daisy Young Club [\/vc_column_text][\/vc_column][\/vc_row][vc_row type=&#8221;in_container&#8221; full_screen_row_position=&#8221;middle&#8221; scene_position=&#8221;center&#8221; text_color=&#8221;dark&#8221; text_align=&#8221;left&#8221; overlay_strength=&#8221;0.3&#8243;][vc_column column_padding=&#8221;no-extra-padding&#8221; column_padding_position=&#8221;all&#8221; background_color_opacity=&#8221;1&#8243;&#8230;<\/p>\n","protected":false},"author":2,"featured_media":0,"parent":0,"menu_order":0,"comment_status":"closed","ping_status":"closed","template":"","meta":{"om_disable_all_campaigns":false,"footnotes":"","iawp_total_views":1065},"_links":{"self":[{"href":"https:\/\/daisyladies.fi\/fi\/wp-json\/wp\/v2\/pages\/4400"}],"collection":[{"href":"https:\/\/daisyladies.fi\/fi\/wp-json\/wp\/v2\/pages"}],"about":[{"href":"https:\/\/daisyladies.fi\/fi\/wp-json\/wp\/v2\/types\/page"}],"author":[{"embeddable":true,"href":"https:\/\/daisyladies.fi\/fi\/wp-json\/wp\/v2\/users\/2"}],"replies":[{"embeddable":true,"href":"https:\/\/daisyladies.fi\/fi\/wp-json\/wp\/v2\/comments?post=4400"}],"version-history":[{"count":29,"href":"https:\/\/daisyladies.fi\/fi\/wp-json\/wp\/v2\/pages\/4400\/revisions"}],"predecessor-version":[{"id":6005,"href":"https:\/\/daisyladies.fi\/fi\/wp-json\/wp\/v2\/pages\/4400\/revisions\/6005"}],"wp:attachment":[{"href":"https:\/\/daisyladies.fi\/fi\/wp-json\/wp\/v2\/media?parent=4400"}],"curies":[{"name":"wp","href":"https:\/\/api.w.org\/{rel}","templated":true}]}}