{"id":3957,"date":"2019-01-14T12:18:06","date_gmt":"2019-01-14T12:18:06","guid":{"rendered":"http:\/\/daisyladies.fi\/fi\/?page_id=3957"},"modified":"2026-04-27T09:59:36","modified_gmt":"2026-04-27T09:59:36","slug":"viikkotoiminta","status":"publish","type":"page","link":"https:\/\/daisyladies.fi\/fi\/viikkotoiminta\/","title":{"rendered":"Viikkotoiminta"},"content":{"rendered":"[vc_row type=&#8221;full_width_background&#8221; full_screen_row_position=&#8221;middle&#8221; bg_color=&#8221;#5bae4b&#8221; scene_position=&#8221;center&#8221; text_color=&#8221;light&#8221; text_align=&#8221;center&#8221; top_padding=&#8221;40&#8243; bottom_padding=&#8221;40&#8243; overlay_strength=&#8221;0.3&#8243;][vc_column column_padding=&#8221;no-extra-padding&#8221; column_padding_position=&#8221;all&#8221; background_color_opacity=&#8221;1&#8243; background_hover_color_opacity=&#8221;1&#8243; width=&#8221;1\/1&#8243; tablet_text_alignment=&#8221;default&#8221; phone_text_alignment=&#8221;default&#8221;][vc_column_text]\n<h1>Viikkotoiminta\/Week activities<\/h1>\n[\/vc_column_text][\/vc_column][\/vc_row][vc_row type=&#8221;in_container&#8221; full_screen_row_position=&#8221;middle&#8221; scene_position=&#8221;center&#8221; text_color=&#8221;dark&#8221; text_align=&#8221;left&#8221; overlay_strength=&#8221;0.3&#8243;][vc_column column_padding=&#8221;no-extra-padding&#8221; column_padding_position=&#8221;all&#8221; background_color_opacity=&#8221;1&#8243; background_hover_color_opacity=&#8221;1&#8243; width=&#8221;1\/1&#8243; tablet_text_alignment=&#8221;default&#8221; phone_text_alignment=&#8221;default&#8221;]<div class=\"divider-wrap\"><div style=\"height: 40px;\" class=\"divider\"><\/div><\/div>[\/vc_column][\/vc_row][vc_row type=&#8221;in_container&#8221; full_screen_row_position=&#8221;middle&#8221; scene_position=&#8221;center&#8221; text_color=&#8221;dark&#8221; text_align=&#8221;left&#8221; overlay_strength=&#8221;0.3&#8243;][vc_column column_padding=&#8221;no-extra-padding&#8221; column_padding_position=&#8221;all&#8221; background_color_opacity=&#8221;1&#8243; background_hover_color_opacity=&#8221;1&#8243; width=&#8221;2\/3&#8243; tablet_text_alignment=&#8221;default&#8221; phone_text_alignment=&#8221;default&#8221;][vc_column_text]<strong>Tule rohkeasti tutustumaan toimintaamme!<\/strong><\/p>\n<p>J\u00e4rjest\u00e4mme toimintaa ma-to klo 9-15 ja pe 9-14 osoitteessa Sairashuoneenkatu 1. Toiminta sis\u00e4lt\u00e4\u00e4 mm.:<\/p>\n<ul>\n<li>Suomen kielen opetus (lue lis\u00e4\u00e4 <a href=\"http:\/\/daisyladies.fi\/fi\/kielikurssit\/\">t\u00e4\u00e4lt\u00e4<\/a>)<\/li>\n<li>Englannin kielen opetus (lue lis\u00e4\u00e4 <a href=\"http:\/\/daisyladies.fi\/fi\/kielikurssit\/\">t\u00e4\u00e4lt\u00e4<\/a>)<\/li>\n<li>ATK-opetus<\/li>\n<li>K\u00e4sity\u00f6t ja ompelu<\/li>\n<li>Taideopetus<\/li>\n<li>Opetuskeitti\u00f6<\/li>\n<li>Liikunta ja hyvinvointi<\/li>\n<li>Luennot ja infotilaisuudet<\/li>\n<li>Uraohjaus &amp; ty\u00f6el\u00e4m\u00e4infot (lue lis\u00e4\u00e4 <a href=\"http:\/\/daisyladies.fi\/fi\/tyoelamatiedon-kurssi\/\">t\u00e4\u00e4lt\u00e4<\/a>)<\/li>\n<\/ul>\n<p>Huom! Ota sis\u00e4keng\u00e4t mukaan.<\/p>\n<p>Toimintaamme voi tulla mukaan milloin vain, mutta osallistujilta edellyt\u00e4mme <strong>sitoutumista olemaan paikalla koko toiminnan ajan<\/strong> (ma-to klo 9-15 ja pe 9-14). Etusijalla ovat osallistujat, jotka voivat osallistua toimintaan joka p\u00e4iv\u00e4, mutta otamme kyll\u00e4 erilaiset el\u00e4m\u00e4ntilanteet huomioon. T\u00e4rkeint\u00e4 on, ett\u00e4 niin\u00e4 p\u00e4ivin\u00e4 kun osallistut niin pystyt olemaan paikalla koko toiminnan ajan.<\/p>\n<p>***<\/p>\n<p><strong>Feel free to come and see our activities!<\/strong><\/p>\n<p>We organize activities Mon-Thu 9-15 and Fri 9-14. Activities include: Finnish language lessons, English language lessons,\u00a0IT lessons, Crafts and sewing, Art lessons, Educational kitchen, Exercise and well-being, Lectures and information sessions, Career guidance &amp; working life information.<\/p>\n<p>Note! Bring indoor shoes.<\/p>\n<p>You can join our activities at any time, but we <strong>require participants to commit to being there for the entire duration of the activity<\/strong> (Mon-Thu 9-15 and Fri 9-14). Priority is given to participants who can participate in the activity every day, but we do take different life situations into account. The most important thing is that on the days you participate, you are able to be there for the entire duration of the activity.<\/p>\n<p>***<\/p>\n<h3><strong>Viikko-ohjelma\/weekly program:\u00a0<\/strong><\/h3>\n<h3><strong><img loading=\"lazy\" decoding=\"async\" class=\"alignnone size-full wp-image-6386\" src=\"http:\/\/daisyladies.fi\/fi\/wp-content\/uploads\/2026\/04\/vko18.jpeg\" alt=\"\" width=\"2048\" height=\"1466\" \/>Osoite:<\/strong> DaisyKoti (Daisyl\u00e4) Sairashuoneenkatu 1, 20100 Turku<\/h3>\n<hr \/>\n<p>Jos olet kiinnostunut osallistumaan toimintaamme, ota yhteytt\u00e4 (If you are interested in participating in our activities, please contact):<\/p>\n<p>Mira Reunanen, Ty\u00f6llisyyskoordinaattori<br \/>\nPuh. +358 (0) 50 466 6282<br \/>\nohjaaja.daisyladies(a)gmail.com<\/p>\n<hr \/>\n<p><em>Liittym\u00e4ll\u00e4 DaisyLadies ry:n j\u00e4seneksi saat my\u00f6s j\u00e4senetuja k\u00e4ytt\u00f6\u00f6si. Lue lis\u00e4\u00e4 j\u00e4senyydest\u00e4 <a href=\"http:\/\/daisyladies.fi\/fi\/jaseneksi\/\">t\u00e4\u00e4lt\u00e4<\/a>.\u00a0<\/em><\/p>\n<p><em>Tervetuloa mukaan! Welcome!<\/em><\/p>\n<p>&nbsp;<\/p>\n<p>&nbsp;<\/p>\n<p><img loading=\"lazy\" decoding=\"async\" class=\"aligncenter wp-image-3456 size-full\" src=\"http:\/\/daisyladies.fi\/fi\/wp-content\/uploads\/2017\/11\/paivankakkara-1.jpg\" alt=\"\" width=\"800\" height=\"600\" srcset=\"https:\/\/daisyladies.fi\/fi\/wp-content\/uploads\/2017\/11\/paivankakkara-1.jpg 800w, https:\/\/daisyladies.fi\/fi\/wp-content\/uploads\/2017\/11\/paivankakkara-1-300x225.jpg 300w, https:\/\/daisyladies.fi\/fi\/wp-content\/uploads\/2017\/11\/paivankakkara-1-768x576.jpg 768w\" sizes=\"(max-width: 800px) 100vw, 800px\" \/>[\/vc_column_text][\/vc_column][vc_column boxed=&#8221;true&#8221; column_padding=&#8221;padding-3-percent&#8221; column_padding_position=&#8221;all&#8221; background_color_opacity=&#8221;0.5&#8243; background_hover_color_opacity=&#8221;1&#8243; width=&#8221;1\/3&#8243; tablet_text_alignment=&#8221;default&#8221; phone_text_alignment=&#8221;default&#8221;][vc_column_text]<a href=\"http:\/\/daisyladies.fi\/fi\/wp-content\/uploads\/2022\/08\/mukaan-daisytoimintaan.png\"><img loading=\"lazy\" decoding=\"async\" class=\"aligncenter wp-image-5196 size-large\" src=\"http:\/\/daisyladies.fi\/fi\/wp-content\/uploads\/2022\/08\/mukaan-daisytoimintaan-724x1024.png\" alt=\"\" width=\"724\" height=\"1024\" srcset=\"https:\/\/daisyladies.fi\/fi\/wp-content\/uploads\/2022\/08\/mukaan-daisytoimintaan-724x1024.png 724w, https:\/\/daisyladies.fi\/fi\/wp-content\/uploads\/2022\/08\/mukaan-daisytoimintaan-212x300.png 212w, https:\/\/daisyladies.fi\/fi\/wp-content\/uploads\/2022\/08\/mukaan-daisytoimintaan-768x1086.png 768w, https:\/\/daisyladies.fi\/fi\/wp-content\/uploads\/2022\/08\/mukaan-daisytoimintaan.png 1587w\" sizes=\"(max-width: 724px) 100vw, 724px\" \/><\/a>[\/vc_column_text]<div class=\"divider-wrap\"><div style=\"height: 25px;\" class=\"divider\"><\/div><\/div>[vc_column_text]\n<h3 style=\"text-align: center;\">Luennot\/infotilaisuudet\/tapahtumat:<\/h3>\n[\/vc_column_text]<div class=\"divider-wrap\"><div style=\"margin-top: 12px; height: 1px; margin-bottom: 12px;\" data-width=\"100%\" data-animate=\"\" data-animation-delay=\"\" data-color=\"default\" class=\"divider-border\"><\/div><\/div>[vc_column_text]\n<p style=\"text-align: center;\"><strong>Koulutustoiminta 2026<\/strong><\/p>\n<p><a href=\"http:\/\/daisyladies.fi\/fi\/wp-content\/uploads\/2025\/12\/Daisy-kouluttaa-2026-mainos.jpg\"><img loading=\"lazy\" decoding=\"async\" class=\"aligncenter wp-image-6232 size-full\" src=\"http:\/\/daisyladies.fi\/fi\/wp-content\/uploads\/2025\/12\/Daisy-kouluttaa-2026-mainos.jpg\" alt=\"\" width=\"1414\" height=\"2000\" \/><\/a><\/p>\n<p style=\"text-align: center;\"><strong>9.12., 11.12. &amp; 16.12.<\/strong><\/p>\n<p><a href=\"http:\/\/daisyladies.fi\/fi\/wp-content\/uploads\/2025\/12\/joulupajat-2025.jpeg\"><img loading=\"lazy\" decoding=\"async\" class=\"aligncenter wp-image-6225 size-full\" src=\"http:\/\/daisyladies.fi\/fi\/wp-content\/uploads\/2025\/12\/joulupajat-2025.jpeg\" alt=\"\" width=\"1080\" height=\"1350\" \/><\/a><\/p>\n<p style=\"text-align: center;\"><strong>29.8.2025<\/strong><\/p>\n<p style=\"text-align: center;\"><strong><img loading=\"lazy\" decoding=\"async\" class=\"alignnone size-full wp-image-6118\" src=\"http:\/\/daisyladies.fi\/fi\/wp-content\/uploads\/2025\/08\/Perhepiknik-on-peruttu.png\" alt=\"\" width=\"1080\" height=\"1350\" \/>31.3.2025<\/strong><\/p>\n<p><img loading=\"lazy\" decoding=\"async\" class=\"size-full wp-image-5989 aligncenter\" src=\"http:\/\/daisyladies.fi\/fi\/wp-content\/uploads\/2025\/03\/vaalipaneeli-2025-kutsu.png\" alt=\"\" width=\"1080\" height=\"1350\" \/><\/p>\n<p style=\"text-align: center;\"><strong>7.3.2025<\/strong><\/p>\n<p style=\"text-align: center;\"><strong><a href=\"http:\/\/daisyladies.fi\/fi\/wp-content\/uploads\/2025\/02\/Naistenpaivan-kulkue-2025.png\"><img loading=\"lazy\" decoding=\"async\" class=\"aligncenter wp-image-5950\" src=\"http:\/\/daisyladies.fi\/fi\/wp-content\/uploads\/2025\/02\/Naistenpaivan-kulkue-2025.png\" alt=\"\" width=\"500\" height=\"707\" \/><\/a><\/strong><\/p>\n<hr \/>\n<p style=\"text-align: center;\"><strong>6.3.2025<\/strong><\/p>\n<p><a href=\"http:\/\/daisyladies.fi\/fi\/wp-content\/uploads\/2025\/02\/Kutsu-avoin-lehdistotilaisuus-6.3.2025.png\"><img loading=\"lazy\" decoding=\"async\" class=\"aligncenter wp-image-5947\" src=\"http:\/\/daisyladies.fi\/fi\/wp-content\/uploads\/2025\/02\/Kutsu-avoin-lehdistotilaisuus-6.3.2025.png\" alt=\"\" width=\"500\" height=\"707\" \/><\/a>[\/vc_column_text]<div class=\"divider-wrap\"><div style=\"height: 25px;\" class=\"divider\"><\/div><\/div><div class=\"divider-wrap\"><div style=\"margin-top: 12px; height: 1px; margin-bottom: 12px;\" data-width=\"100%\" data-animate=\"\" data-animation-delay=\"\" data-color=\"default\" class=\"divider-border\"><\/div><\/div>[vc_column_text][\/vc_column_text]<div class=\"divider-wrap\"><div style=\"height: 25px;\" class=\"divider\"><\/div><\/div>[\/vc_column][\/vc_row][vc_row type=&#8221;in_container&#8221; full_screen_row_position=&#8221;middle&#8221; scene_position=&#8221;center&#8221; text_color=&#8221;dark&#8221; text_align=&#8221;left&#8221; overlay_strength=&#8221;0.3&#8243;][vc_column column_padding=&#8221;no-extra-padding&#8221; column_padding_position=&#8221;all&#8221; background_color_opacity=&#8221;1&#8243; background_hover_color_opacity=&#8221;1&#8243; width=&#8221;1\/1&#8243; tablet_text_alignment=&#8221;default&#8221; phone_text_alignment=&#8221;default&#8221;]<div class=\"divider-wrap\"><div style=\"height: 100px;\" class=\"divider\"><\/div><\/div>[\/vc_column][\/vc_row]\n","protected":false},"excerpt":{"rendered":"<p>[vc_row type=&#8221;full_width_background&#8221; full_screen_row_position=&#8221;middle&#8221; bg_color=&#8221;#5bae4b&#8221; scene_position=&#8221;center&#8221; text_color=&#8221;light&#8221; text_align=&#8221;center&#8221; top_padding=&#8221;40&#8243; bottom_padding=&#8221;40&#8243; overlay_strength=&#8221;0.3&#8243;][vc_column column_padding=&#8221;no-extra-padding&#8221; column_padding_position=&#8221;all&#8221; background_color_opacity=&#8221;1&#8243; background_hover_color_opacity=&#8221;1&#8243; width=&#8221;1\/1&#8243; tablet_text_alignment=&#8221;default&#8221; phone_text_alignment=&#8221;default&#8221;][vc_column_text] Viikkotoiminta\/Week activities [\/vc_column_text][\/vc_column][\/vc_row][vc_row type=&#8221;in_container&#8221; full_screen_row_position=&#8221;middle&#8221; scene_position=&#8221;center&#8221; text_color=&#8221;dark&#8221; text_align=&#8221;left&#8221; overlay_strength=&#8221;0.3&#8243;][vc_column column_padding=&#8221;no-extra-padding&#8221; column_padding_position=&#8221;all&#8221; background_color_opacity=&#8221;1&#8243; background_hover_color_opacity=&#8221;1&#8243;&#8230;<\/p>\n","protected":false},"author":2,"featured_media":0,"parent":0,"menu_order":0,"comment_status":"closed","ping_status":"closed","template":"","meta":{"om_disable_all_campaigns":false,"footnotes":"","iawp_total_views":1590},"_links":{"self":[{"href":"https:\/\/daisyladies.fi\/fi\/wp-json\/wp\/v2\/pages\/3957"}],"collection":[{"href":"https:\/\/daisyladies.fi\/fi\/wp-json\/wp\/v2\/pages"}],"about":[{"href":"https:\/\/daisyladies.fi\/fi\/wp-json\/wp\/v2\/types\/page"}],"author":[{"embeddable":true,"href":"https:\/\/daisyladies.fi\/fi\/wp-json\/wp\/v2\/users\/2"}],"replies":[{"embeddable":true,"href":"https:\/\/daisyladies.fi\/fi\/wp-json\/wp\/v2\/comments?post=3957"}],"version-history":[{"count":165,"href":"https:\/\/daisyladies.fi\/fi\/wp-json\/wp\/v2\/pages\/3957\/revisions"}],"predecessor-version":[{"id":6387,"href":"https:\/\/daisyladies.fi\/fi\/wp-json\/wp\/v2\/pages\/3957\/revisions\/6387"}],"wp:attachment":[{"href":"https:\/\/daisyladies.fi\/fi\/wp-json\/wp\/v2\/media?parent=3957"}],"curies":[{"name":"wp","href":"https:\/\/api.w.org\/{rel}","templated":true}]}}