{"id":3838,"date":"2018-09-17T12:50:39","date_gmt":"2018-09-17T12:50:39","guid":{"rendered":"http:\/\/daisyladies.fi\/fi\/?page_id=3838"},"modified":"2019-01-17T11:06:29","modified_gmt":"2019-01-17T11:06:29","slug":"tienhaara","status":"publish","type":"page","link":"https:\/\/daisyladies.fi\/fi\/tienhaara\/","title":{"rendered":"Tienhaara"},"content":{"rendered":"[vc_row type=&#8221;full_width_background&#8221; full_screen_row_position=&#8221;middle&#8221; bg_color=&#8221;#5bae4b&#8221; scene_position=&#8221;center&#8221; text_color=&#8221;light&#8221; text_align=&#8221;center&#8221; top_padding=&#8221;40&#8243; bottom_padding=&#8221;40&#8243; overlay_strength=&#8221;0.3&#8243;][vc_column column_padding=&#8221;no-extra-padding&#8221; column_padding_position=&#8221;all&#8221; background_color_opacity=&#8221;1&#8243; background_hover_color_opacity=&#8221;1&#8243; width=&#8221;1\/1&#8243; tablet_text_alignment=&#8221;default&#8221; phone_text_alignment=&#8221;default&#8221;][vc_column_text]\n<h1>Tienhaara<\/h1>\n[\/vc_column_text][\/vc_column][\/vc_row][vc_row type=&#8221;in_container&#8221; full_screen_row_position=&#8221;middle&#8221; scene_position=&#8221;center&#8221; text_color=&#8221;dark&#8221; text_align=&#8221;left&#8221; overlay_strength=&#8221;0.3&#8243;][vc_column column_padding=&#8221;no-extra-padding&#8221; column_padding_position=&#8221;all&#8221; background_color_opacity=&#8221;1&#8243; background_hover_color_opacity=&#8221;1&#8243; width=&#8221;1\/1&#8243; tablet_text_alignment=&#8221;default&#8221; phone_text_alignment=&#8221;default&#8221;]<div class=\"divider-wrap\"><div style=\"height: 40px;\" class=\"divider\"><\/div><\/div>[\/vc_column][\/vc_row][vc_row type=&#8221;in_container&#8221; full_screen_row_position=&#8221;middle&#8221; scene_position=&#8221;center&#8221; text_color=&#8221;dark&#8221; text_align=&#8221;left&#8221; overlay_strength=&#8221;0.3&#8243;][vc_column column_padding=&#8221;no-extra-padding&#8221; column_padding_position=&#8221;all&#8221; background_color_opacity=&#8221;1&#8243; background_hover_color_opacity=&#8221;1&#8243; width=&#8221;2\/3&#8243; tablet_text_alignment=&#8221;default&#8221; phone_text_alignment=&#8221;default&#8221;][vc_column_text]Opetushallituksen rahoittamassa\u00a0<em>Tienhaara<\/em>-hankkeessa DaisyLadies ry j\u00e4rjest\u00e4\u00e4 syksyst\u00e4 2018 alkaen ryhm\u00e4muotoista omankielist\u00e4 kotoutumista edist\u00e4v\u00e4\u00e4 mentori- ja vertaistukitoimintaa <strong>arabian- ja somalinkielisille maahanmuuttajanaisille<\/strong>. Ryhm\u00e4t tarjoavat tehostettua tukea ja ohjausta naisille, joilla kotoutuminen on vasta alussa tai keskeytynyt esimerkiksi lasten saamisen ja kotiin j\u00e4\u00e4misen my\u00f6t\u00e4. Naisilla ei v\u00e4ltt\u00e4m\u00e4tt\u00e4 ole ollenkaan tai hyvin v\u00e4h\u00e4n kielitaitoa, lukutaitoa, koulutus- tai ty\u00f6taustaa. Naiset voivat tuoda tiettyin\u00e4 p\u00e4ivin\u00e4 my\u00f6s kouluik\u00e4iset lapsensa mukaan ryhm\u00e4toimintaan.<\/p>\n<p>Ryhmiss\u00e4 naisten ja lasten mahdollisuuksia oman kielen ja kulttuurin yll\u00e4pit\u00e4miseen tuetaan sill\u00e4 se antaa voimaa vastaanottaa uutta kulttuuria. Matalan kynnyksen toiminta toteutetaan viikoittain DaisyLadies ry:n toimitalossa Muistolassa. Vertaisryhmien ohjaajina\/mentoreina toimivat kotoutumisprosessissa jo pidemm\u00e4ll\u00e4 olevat maahanmuuttajataustaiset naiset. Toiminta toteutetaan ryhm\u00e4l\u00e4ht\u00f6isesti ja se sis\u00e4lt\u00e4\u00e4 mm. suomen kielen opiskelua sek\u00e4 tietoa yhteiskunnallisista asioista\/palveluista.<\/p>\n<p>Vertaisryhmien tavoitteena on maahanmuuttajanaisten kotoutumisen eteneminen, kielitaidon ja yhteiskunnallisen tiet\u00e4myksen paraneminen ja sosiaalinen verkoston kasvaminen. Tavoitteena on ett\u00e4 naiset voivat itse jatkossa toimia mentoreina l\u00e4hiyhteis\u00f6ss\u00e4\u00e4n.<\/p>\n<p>Lis\u00e4tietoa <a href=\"http:\/\/daisyladies.fi\/fi\/omakieliset-vertaisryhmat\/\">t\u00e4\u00e4ll\u00e4.<\/a><\/p>\n<hr \/>\n<p><strong>Tienhaara-project &#8211; Peer groups in ones own language<\/strong><\/p>\n<p>Tienhaara-project is funded by national board of education. Since 2018, DaisyLadies ry has been organizing mentorship and peer support activities for immigrant women of Arabic and Somali background in Muistola. The peer groups provide in their own languages enhanced support and guidance to women who are only beginning to integrate or interrupted, for example, by having children and staying at home. The target groups are women who have no or very little language skills, literacy, education or work experince.<\/p>\n<p>The activities are mainly carried out in a group-oriented manner that includes, studying Finnish and information on social issues \/ services. The aim of peer groups is to advance the integration of immigrant women, to improve language skills and social knowledge, and to increase social networking. The goal is that women in the future can become mentors in their community.<\/p>\n<p>More info <a href=\"http:\/\/daisyladies.fi\/fi\/omakieliset-vertaisryhmat\/\">here.<\/a>[\/vc_column_text][\/vc_column][vc_column boxed=&#8221;true&#8221; column_padding=&#8221;padding-3-percent&#8221; column_padding_position=&#8221;all&#8221; background_color_opacity=&#8221;0.5&#8243; background_hover_color_opacity=&#8221;1&#8243; width=&#8221;1\/3&#8243; tablet_text_alignment=&#8221;default&#8221; phone_text_alignment=&#8221;default&#8221;][vc_column_text]\n<h3 style=\"text-align: center;\">Yhteisty\u00f6ss\u00e4\/collaboration<\/h3>\n[\/vc_column_text]<div class=\"divider-wrap\"><div style=\"margin-top: 12px; height: 1px; margin-bottom: 12px;\" data-width=\"100%\" data-animate=\"\" data-animation-delay=\"\" data-color=\"default\" class=\"divider-border\"><\/div><\/div><div class=\"img-with-aniamtion-wrap center\" data-max-width=\"100%\"><div class=\"inner\"><img decoding=\"async\" data-shadow=\"none\" data-shadow-direction=\"middle\" class=\"img-with-animation \" data-delay=\"0\" height=\"100%\" width=\"100%\" data-animation=\"fade-in\" src=\"https:\/\/daisyladies.fi\/fi\/wp-content\/uploads\/2018\/08\/180741_oph_su_ru_vaaka_rgb.jpg\" alt=\"\" \/><\/div><\/div>[\/vc_column][\/vc_row][vc_row type=&#8221;in_container&#8221; full_screen_row_position=&#8221;middle&#8221; scene_position=&#8221;center&#8221; text_color=&#8221;dark&#8221; text_align=&#8221;left&#8221; overlay_strength=&#8221;0.3&#8243;][vc_column column_padding=&#8221;no-extra-padding&#8221; column_padding_position=&#8221;all&#8221; background_color_opacity=&#8221;1&#8243; background_hover_color_opacity=&#8221;1&#8243; width=&#8221;1\/1&#8243; tablet_text_alignment=&#8221;default&#8221; phone_text_alignment=&#8221;default&#8221;]<div class=\"divider-wrap\"><div style=\"height: 100px;\" class=\"divider\"><\/div><\/div>[\/vc_column][\/vc_row]\n","protected":false},"excerpt":{"rendered":"<p>[vc_row type=&#8221;full_width_background&#8221; full_screen_row_position=&#8221;middle&#8221; bg_color=&#8221;#5bae4b&#8221; scene_position=&#8221;center&#8221; text_color=&#8221;light&#8221; text_align=&#8221;center&#8221; top_padding=&#8221;40&#8243; bottom_padding=&#8221;40&#8243; overlay_strength=&#8221;0.3&#8243;][vc_column column_padding=&#8221;no-extra-padding&#8221; column_padding_position=&#8221;all&#8221; background_color_opacity=&#8221;1&#8243; background_hover_color_opacity=&#8221;1&#8243; width=&#8221;1\/1&#8243; tablet_text_alignment=&#8221;default&#8221; phone_text_alignment=&#8221;default&#8221;][vc_column_text] Tienhaara [\/vc_column_text][\/vc_column][\/vc_row][vc_row type=&#8221;in_container&#8221; full_screen_row_position=&#8221;middle&#8221; scene_position=&#8221;center&#8221; text_color=&#8221;dark&#8221; text_align=&#8221;left&#8221; overlay_strength=&#8221;0.3&#8243;][vc_column column_padding=&#8221;no-extra-padding&#8221; column_padding_position=&#8221;all&#8221; background_color_opacity=&#8221;1&#8243; background_hover_color_opacity=&#8221;1&#8243; width=&#8221;1\/1&#8243;&#8230;<\/p>\n","protected":false},"author":2,"featured_media":0,"parent":0,"menu_order":0,"comment_status":"closed","ping_status":"closed","template":"","meta":{"om_disable_all_campaigns":false,"footnotes":"","iawp_total_views":61},"_links":{"self":[{"href":"https:\/\/daisyladies.fi\/fi\/wp-json\/wp\/v2\/pages\/3838"}],"collection":[{"href":"https:\/\/daisyladies.fi\/fi\/wp-json\/wp\/v2\/pages"}],"about":[{"href":"https:\/\/daisyladies.fi\/fi\/wp-json\/wp\/v2\/types\/page"}],"author":[{"embeddable":true,"href":"https:\/\/daisyladies.fi\/fi\/wp-json\/wp\/v2\/users\/2"}],"replies":[{"embeddable":true,"href":"https:\/\/daisyladies.fi\/fi\/wp-json\/wp\/v2\/comments?post=3838"}],"version-history":[{"count":5,"href":"https:\/\/daisyladies.fi\/fi\/wp-json\/wp\/v2\/pages\/3838\/revisions"}],"predecessor-version":[{"id":3962,"href":"https:\/\/daisyladies.fi\/fi\/wp-json\/wp\/v2\/pages\/3838\/revisions\/3962"}],"wp:attachment":[{"href":"https:\/\/daisyladies.fi\/fi\/wp-json\/wp\/v2\/media?parent=3838"}],"curies":[{"name":"wp","href":"https:\/\/api.w.org\/{rel}","templated":true}]}}