{"id":3718,"date":"2018-03-29T11:51:42","date_gmt":"2018-03-29T11:51:42","guid":{"rendered":"http:\/\/daisyladies.fi\/fi\/?page_id=3718"},"modified":"2026-03-13T07:51:34","modified_gmt":"2026-03-13T07:51:34","slug":"tyokokeilu-ja-harjoittelupaikat","status":"publish","type":"page","link":"https:\/\/daisyladies.fi\/fi\/tyokokeilu-ja-harjoittelupaikat\/","title":{"rendered":"Ty\u00f6kokeilu- ja harjoittelupaikat"},"content":{"rendered":"[vc_row type=&#8221;full_width_background&#8221; full_screen_row_position=&#8221;middle&#8221; bg_color=&#8221;#5bae4b&#8221; scene_position=&#8221;center&#8221; text_color=&#8221;light&#8221; text_align=&#8221;center&#8221; top_padding=&#8221;40&#8243; bottom_padding=&#8221;40&#8243; overlay_strength=&#8221;0.3&#8243;][vc_column column_padding=&#8221;no-extra-padding&#8221; column_padding_position=&#8221;all&#8221; background_color_opacity=&#8221;1&#8243; background_hover_color_opacity=&#8221;1&#8243; width=&#8221;1\/1&#8243; tablet_text_alignment=&#8221;default&#8221; phone_text_alignment=&#8221;default&#8221;][vc_column_text]\n<h1>Ty\u00f6kokeilu- ja harjoittelupaikat<\/h1>\n[\/vc_column_text][\/vc_column][\/vc_row][vc_row type=&#8221;in_container&#8221; full_screen_row_position=&#8221;middle&#8221; scene_position=&#8221;center&#8221; text_color=&#8221;dark&#8221; text_align=&#8221;left&#8221; overlay_strength=&#8221;0.3&#8243;][vc_column column_padding=&#8221;no-extra-padding&#8221; column_padding_position=&#8221;all&#8221; background_color_opacity=&#8221;1&#8243; background_hover_color_opacity=&#8221;1&#8243; width=&#8221;1\/1&#8243; tablet_text_alignment=&#8221;default&#8221; phone_text_alignment=&#8221;default&#8221;]<div class=\"divider-wrap\"><div style=\"height: 40px;\" class=\"divider\"><\/div><\/div>[\/vc_column][\/vc_row][vc_row type=&#8221;in_container&#8221; full_screen_row_position=&#8221;middle&#8221; scene_position=&#8221;center&#8221; text_color=&#8221;dark&#8221; text_align=&#8221;left&#8221; overlay_strength=&#8221;0.3&#8243;][vc_column column_padding=&#8221;no-extra-padding&#8221; column_padding_position=&#8221;all&#8221; background_color_opacity=&#8221;1&#8243; background_hover_color_opacity=&#8221;1&#8243; width=&#8221;2\/3&#8243; tablet_text_alignment=&#8221;default&#8221; phone_text_alignment=&#8221;default&#8221;][vc_column_text]<strong>Tervetuloa ty\u00f6kokeiluun\/harjoitteluun DaisyLadies yhdistykseen!<\/strong><\/p>\n<p>DaisyLadies yhdistykseen on mahdollista tulla ty\u00f6kokeiluun sek\u00e4 suorittamaan koulujen harjoittelujaksoja. Ajoittain ty\u00f6llist\u00e4mme my\u00f6s 100% palkkatukeen oikeutettuja henkil\u00f6it\u00e4.<\/p>\n<p>DaisyLadies ry:ss\u00e4 on mahdollista kokeilla monipuolisesti erilaisia ty\u00f6teht\u00e4vi\u00e4. Opetus- ja ty\u00f6toiminnan aiheina on mm: suomen kieli, ATK, ompelu &amp; k\u00e4sity\u00f6t, liikunta &amp; terveys, ruuanlaitto, keitti\u00f6- ja kahvilatoiminta, puutarhanhoito, asiakaspalvelu. Toimintaa on ma-pe klo 9-15.<\/p>\n<p>Ty\u00f6kokeilijalle\/harjoittelijalle tehd\u00e4\u00e4n aluksi taitokartoitus ja h\u00e4nt\u00e4 tuetaan vahvistamaan osaamistaan. Annamme tukea mm. ansioluettelon laatimisessa ja opiskelu-\/ty\u00f6paikan hakemisessa sek\u00e4 tarjoamme lis\u00e4\u00e4 tietoa suomalaisesta yhteiskunnasta ja ty\u00f6el\u00e4m\u00e4st\u00e4. Ty\u00f6kokeilijat ja harjoittelijat voivat my\u00f6s toimia apuohjaajina sek\u00e4 suunnitella ja ohjata my\u00f6s itse toimintaa.<\/p>\n<p>Haemme vuosittain mm. seuraaviin teht\u00e4viin ty\u00f6kokeilijoita, harjoittelijoita ja palkkatukilaisia:<\/p>\n<ul>\n<li>keitti\u00f6apulainen<\/li>\n<li>ompelija<\/li>\n<li>siivooja<\/li>\n<li>ohjaaja<\/li>\n<li>graafikko<\/li>\n<li>IT-tukihenkil\u00f6<\/li>\n<\/ul>\n<p><strong>Ehtomme harjoittelulle\/ty\u00f6kokeilulle:<\/strong><\/p>\n<ul>\n<li>minimikesto 4 viikkoa<\/li>\n<li>ty\u00f6aika ma-to klo 9-15 (6h), pe klo 9-14 (5h)<\/li>\n<li>v\u00e4hint\u00e4\u00e4n suomen kielen sellainen taso, ett\u00e4 p\u00e4rj\u00e4\u00e4 yksinkertaisissa keskustelutilanteissa<\/li>\n<li>Huom! Olemme auki normaalisti koulujen talviloman ja syysloman aikana. J\u00e4rjest\u00e4th\u00e4n lastesi hoitopaikan jos ty\u00f6kokeilu- tai harjoittelujaksosi osuu n\u00e4ihin ajankohtiin.<\/li>\n<\/ul>\n<p>&nbsp;<\/p>\n<p><strong>Kysy ty\u00f6keilu-\/harjoittelupaikoista: <\/strong>Ty\u00f6llisyyskoordinaattori\u00a0Mira Reunanen puh. 050 466 6282 tai ohjaaja.daisyladies@gmail.com<\/p>\n<p><strong>Kysy palkkatukipaikoista: <\/strong>Toiminnanjohtaja H\u00fclya Kyt\u00f6 puh. 050 555 8781 tai daisyladies.turku@gmail.com<\/p>\n<hr \/>\n<p>Welcome to DaisyLadies for internship!<\/p>\n<p>The courses include: Finnish language, sewing &amp; hand crafts, sports( dancing and indoor exercises ) &amp; wellness, Cooking, cafe operation, gardening, IT and personal-care.<\/p>\n<p>At first, an intern will be trained and supported to strengthen their skills. The intern receives support for creating a CV and how to apply for a job, and for more information on Finnish society and working life.<\/p>\n<p>Contact us: 050 466 6282 or ohjaaja.daisyladies@gmail.com[\/vc_column_text]<div class=\"divider-wrap\"><div style=\"margin-top: 15px; height: 1px; margin-bottom: 15px;\" data-width=\"100%\" data-animate=\"\" data-animation-delay=\"\" data-color=\"default\" class=\"divider-border\"><\/div><\/div>[vc_gallery type=&#8221;flexslider_style&#8221; images=&#8221;3721,3722,3720,3597&#8243; onclick=&#8221;link_no&#8221;][\/vc_column][\/vc_row][vc_row type=&#8221;in_container&#8221; full_screen_row_position=&#8221;middle&#8221; scene_position=&#8221;center&#8221; text_color=&#8221;dark&#8221; text_align=&#8221;left&#8221; overlay_strength=&#8221;0.3&#8243;][vc_column column_padding=&#8221;no-extra-padding&#8221; column_padding_position=&#8221;all&#8221; background_color_opacity=&#8221;1&#8243; background_hover_color_opacity=&#8221;1&#8243; width=&#8221;1\/1&#8243; tablet_text_alignment=&#8221;default&#8221; phone_text_alignment=&#8221;default&#8221;]<div class=\"divider-wrap\"><div style=\"height: 100px;\" class=\"divider\"><\/div><\/div>[\/vc_column][\/vc_row]\n","protected":false},"excerpt":{"rendered":"<p>[vc_row type=&#8221;full_width_background&#8221; full_screen_row_position=&#8221;middle&#8221; bg_color=&#8221;#5bae4b&#8221; scene_position=&#8221;center&#8221; text_color=&#8221;light&#8221; text_align=&#8221;center&#8221; top_padding=&#8221;40&#8243; bottom_padding=&#8221;40&#8243; overlay_strength=&#8221;0.3&#8243;][vc_column column_padding=&#8221;no-extra-padding&#8221; column_padding_position=&#8221;all&#8221; background_color_opacity=&#8221;1&#8243; background_hover_color_opacity=&#8221;1&#8243; width=&#8221;1\/1&#8243; tablet_text_alignment=&#8221;default&#8221; phone_text_alignment=&#8221;default&#8221;][vc_column_text] Ty\u00f6kokeilu- ja harjoittelupaikat [\/vc_column_text][\/vc_column][\/vc_row][vc_row type=&#8221;in_container&#8221; full_screen_row_position=&#8221;middle&#8221; scene_position=&#8221;center&#8221; text_color=&#8221;dark&#8221; text_align=&#8221;left&#8221; overlay_strength=&#8221;0.3&#8243;][vc_column column_padding=&#8221;no-extra-padding&#8221; column_padding_position=&#8221;all&#8221; background_color_opacity=&#8221;1&#8243;&#8230;<\/p>\n","protected":false},"author":2,"featured_media":0,"parent":0,"menu_order":0,"comment_status":"closed","ping_status":"closed","template":"","meta":{"om_disable_all_campaigns":false,"footnotes":"","iawp_total_views":773},"_links":{"self":[{"href":"https:\/\/daisyladies.fi\/fi\/wp-json\/wp\/v2\/pages\/3718"}],"collection":[{"href":"https:\/\/daisyladies.fi\/fi\/wp-json\/wp\/v2\/pages"}],"about":[{"href":"https:\/\/daisyladies.fi\/fi\/wp-json\/wp\/v2\/types\/page"}],"author":[{"embeddable":true,"href":"https:\/\/daisyladies.fi\/fi\/wp-json\/wp\/v2\/users\/2"}],"replies":[{"embeddable":true,"href":"https:\/\/daisyladies.fi\/fi\/wp-json\/wp\/v2\/comments?post=3718"}],"version-history":[{"count":13,"href":"https:\/\/daisyladies.fi\/fi\/wp-json\/wp\/v2\/pages\/3718\/revisions"}],"predecessor-version":[{"id":6351,"href":"https:\/\/daisyladies.fi\/fi\/wp-json\/wp\/v2\/pages\/3718\/revisions\/6351"}],"wp:attachment":[{"href":"https:\/\/daisyladies.fi\/fi\/wp-json\/wp\/v2\/media?parent=3718"}],"curies":[{"name":"wp","href":"https:\/\/api.w.org\/{rel}","templated":true}]}}