{"id":3478,"date":"2017-12-05T11:55:44","date_gmt":"2017-12-05T11:55:44","guid":{"rendered":"http:\/\/daisyladies.fi\/fi\/?page_id=3478"},"modified":"2020-05-04T10:14:24","modified_gmt":"2020-05-04T10:14:24","slug":"naisiin-kohdistuva-vakivalta","status":"publish","type":"page","link":"https:\/\/daisyladies.fi\/fi\/naisiin-kohdistuva-vakivalta\/","title":{"rendered":"Naisiin kohdistuva v\u00e4kivalta"},"content":{"rendered":"[vc_row type=&#8221;full_width_background&#8221; full_screen_row_position=&#8221;middle&#8221; bg_color=&#8221;#5bae4b&#8221; scene_position=&#8221;center&#8221; text_color=&#8221;light&#8221; text_align=&#8221;center&#8221; top_padding=&#8221;40&#8243; bottom_padding=&#8221;40&#8243; overlay_strength=&#8221;0.3&#8243;][vc_column column_padding=&#8221;no-extra-padding&#8221; column_padding_position=&#8221;all&#8221; background_color_opacity=&#8221;1&#8243; background_hover_color_opacity=&#8221;1&#8243; width=&#8221;1\/1&#8243; tablet_text_alignment=&#8221;default&#8221; phone_text_alignment=&#8221;default&#8221;][vc_column_text]\n<h1>Naisiin kohdistuva v\u00e4kivalta \/\u00a0<strong>Violence against women<\/strong><\/h1>\n[\/vc_column_text][\/vc_column][\/vc_row][vc_row type=&#8221;in_container&#8221; full_screen_row_position=&#8221;middle&#8221; scene_position=&#8221;center&#8221; text_color=&#8221;dark&#8221; text_align=&#8221;left&#8221; overlay_strength=&#8221;0.3&#8243;][vc_column column_padding=&#8221;no-extra-padding&#8221; column_padding_position=&#8221;all&#8221; background_color_opacity=&#8221;1&#8243; background_hover_color_opacity=&#8221;1&#8243; width=&#8221;1\/1&#8243; tablet_text_alignment=&#8221;default&#8221; phone_text_alignment=&#8221;default&#8221;]<div class=\"divider-wrap\"><div style=\"height: 40px;\" class=\"divider\"><\/div><\/div>[\/vc_column][\/vc_row][vc_row type=&#8221;in_container&#8221; full_screen_row_position=&#8221;middle&#8221; scene_position=&#8221;center&#8221; text_color=&#8221;dark&#8221; text_align=&#8221;left&#8221; overlay_strength=&#8221;0.3&#8243;][vc_column column_padding=&#8221;no-extra-padding&#8221; column_padding_position=&#8221;all&#8221; background_color_opacity=&#8221;1&#8243; background_hover_color_opacity=&#8221;1&#8243; width=&#8221;2\/3&#8243; tablet_text_alignment=&#8221;default&#8221; phone_text_alignment=&#8221;default&#8221;][vc_column_text]Naisiin kohdistuva v\u00e4kivalta on viel\u00e4 nyt 2010-luvullakin ajankohtainen ja globaali ongelma. N\u00e4enn\u00e4isesti kehittyneest\u00e4 ja sivistyneest\u00e4 yhteiskunnasta huolimatta liian monet naiset ja lapset el\u00e4v\u00e4t v\u00e4kivallan tai sen uhan keskell\u00e4.<\/p>\n<p>DaisyLadies ry on aktiivisesti hoitanut naisten oikeuksia ja olemme ty\u00f6n ohessa huomanneet ett\u00e4 eri maissa v\u00e4kivalta tulkitaan hyvin eri tavalla. T\u00e4st\u00e4 johtuen p\u00e4\u00e4timmekin tarttua asiaan ja ottaa tavoitteeksemme selkeytt\u00e4\u00e4 suomeen muuttaneille naisille v\u00e4kivallan muotoja ja sen tulkintaa. Toiminnassamme on mukana eri-ik\u00e4isi\u00e4 naisia monista eri maista ja koemme hyvin t\u00e4rke\u00e4ksi tuoda heille esiin mit\u00e4 v\u00e4kivalta on ja kenen puoleen pit\u00e4\u00e4 k\u00e4\u00e4nty\u00e4 sit\u00e4 kohdatessa.<\/p>\n<p>DaisyLadies ry tarjoaa apua v\u00e4kivaltaan liittyviss\u00e4 kysymyksiss\u00e4 kaikenik\u00e4isille naisille. Naiset ovat tervetulleita Muistolan toimitaloon keskustelemaan ty\u00f6ntekij\u00f6iden kanssa milloin vain. Halutessaan voi pysy\u00e4 nimett\u00f6m\u00e4n\u00e4. Apua saatavilla mm. arabian, somalian, turkin, englannin, espanjan, persian ja darin kielell\u00e4. DaisyLadies ry tarjoaa paikan, jossa voit\u00a0 kertoa ongelmistasi turvallisessa ymp\u00e4rist\u00f6ss\u00e4, saat neuvontaa ja palveluohjausta sek\u00e4 <a href=\"http:\/\/daisyladies.fi\/fi\/oikeudellinen-neuvontapalvelu\/\">tietoa oikeuksistasi<\/a>.<\/p>\n<hr \/>\n<p><strong>Vuonna 2017<\/strong> DaisyLadies ry j\u00e4rjesti aiheeseen liittyen <strong>Naisiin kohdistuva v\u00e4kivalta ja ennaltaehk\u00e4isev\u00e4 ty\u00f6 -seminaarin<\/strong> Turussa 23.11. yhteisty\u00f6ss\u00e4 Monika-Naiset Liitto ry:n, NYTKIS ry:n ja oikeusministeri\u00f6n\/ ETNOn kanssa. Yhteisty\u00f6kumppaneina oli my\u00f6s Turun ensi- ja turvakoti ry, Globaalinuoret ry ja ELY-keskus.<\/p>\n<p>Seminaarin aiheena oli naisten kokema v\u00e4kivalta Suomessa ja keinot sen ennaltaehk\u00e4isyyn. Erityisesti keskustelimme Suomeen muuttaneiden kokemasta v\u00e4kivallasta ja suunnittelimme konkreettisia keinoja naisten auttamiseksi. Seminaariohjelma koostui asiantuntijapuheenvuoroista sek\u00e4 paneelikeskustelusta. Paneelikeskustelussa pohdittiin mm. millaisille v\u00e4kivaltaa kokeneiden palveluille on tarvetta ja mit\u00e4 erityisasioita pit\u00e4isi ottaa huomioon Suomeenmuuttajanaisille suunnattujen palvelujen kehitt\u00e4misess\u00e4. DaisyLadies ry ker\u00e4si my\u00f6s tositapahtumiin perustuvia kertomuksia v\u00e4kivaltaan liittyen ja n\u00e4it\u00e4 kertomuksia k\u00e4siteltiin my\u00f6s osana seminaarin ohjelmaa.<\/p>\n<p>Seminaari on ensimm\u00e4inen ottamamme askel t\u00e4m\u00e4n t\u00e4rke\u00e4n asian ajamisessa eteenp\u00e4in. Suurempana tavoitteena on v\u00e4kivaltaa kokeneille, erityisesti Suomeen muuttaneille naisille kohdistettujen matalankynnyksen palvelujen kehitt\u00e4minen sek\u00e4 t\u00e4m\u00e4n ajankohtaisen aiheen laajamittaisempi esilletuonti ja valistaminen julkisuudessa erilaisissa medioissa, erityisesti televisiossa.<\/p>\n<p>Seminaarin ohjelmaan voit tutustua <a href=\"http:\/\/daisyladies.fi\/fi\/wp-content\/uploads\/2020\/05\/Naisiin-kohdistuva-v\u00e4kivalta-ja-ennaltaehk\u00e4isev\u00e4-ty\u00f6-seminaari-23.11..pdf\">t\u00e4\u00e4ll\u00e4<\/a>.<\/p>\n<p>Seminaarista laaditun videokoosteen voit katsoa <a href=\"https:\/\/www.youtube.com\/watch?v=oJ6tKbNgTpY\">t\u00e4\u00e4ll\u00e4.<\/a><\/p>\n<hr \/>\n<p><strong>Vuonna 2018\u00a0<\/strong>DaisyLadies ry j\u00e4rjesti yhteisty\u00f6ss\u00e4 Naisj\u00e4rjest\u00f6t Yhteisty\u00f6ss\u00e4 NYTKIS ry:n, Varsinais-Suomen Keskustanaisten, Naisten Pankin, ELY-keskuksen\/Kotona Suomessa -hankkeen, Turun kaupungin, Turun kaupunginkirjaston ja Orip\u00e4\u00e4n koulun kanssa marraskuussa viikolla 47 erilaisia v\u00e4kivallan vastaisia tempauksia Turussa. Viikon erityisen\u00e4 teemana olivat perhev\u00e4kivalta ja lasten oikeudet. Viikon kohokohtana oli <strong>Turvallinen yhteiskunta -seminaari<\/strong> Turun kaupungintalolla.<\/p>\n<p><strong>Viikon ohjelma:<\/strong><\/p>\n<p><strong>19.11.\u00a0<\/strong><strong>V\u00e4kivallan vastaisen viikon avaustilaisuus Turun p\u00e4\u00e4kirjaston Studiossa klo 11\u201313.30.\u00a0<\/strong>Kaikille avoimessa tilaisuudessa esitell\u00e4\u00e4n V\u00e4kivallan vastaisen viikon ohjelmaa ja kuullaan asiantuntijapuheenvuoro. Lopuksi yleis\u00f6kysymyksi\u00e4 ja keskustelua aiheesta.<\/p>\n<p><strong>20.11.\u00a0<\/strong><strong>Lasten oikeuksien p\u00e4iv\u00e4 Muistolassa (Linnankatu 41) klo 9.30-10.30.\u00a0<\/strong>Lapsiryhm\u00e4 Orip\u00e4\u00e4n koulusta vierailee DaisyLadies ry:n toimitalossa Muistolassa kertomassa omia ajatuksiaan lasten oikeuksista. Luvassa my\u00f6s pieni\u00e4 esityksi\u00e4.<\/p>\n<p><strong>23.11.<\/strong>\u00a0<strong>Turvallinen yhteiskunta -seminaari Turun kaupungintalolla (Aurakatu 2) klo 8.30\u201315.30.\u00a0<\/strong>Seminaarissa k\u00e4sitell\u00e4\u00e4n erityisesti perhev\u00e4kivaltaa sek\u00e4 naisiin kohdistuvaa v\u00e4kivaltaa. Seminaari on valtakunnallinen ja puhujiksi on kutsuttu alan asiantuntijoita ja asian parissa ty\u00f6skentelevi\u00e4.\u00a0 Seminaarin ohjelmaan voit tutustua <a href=\"http:\/\/daisyladies.fi\/fi\/wp-content\/uploads\/2020\/05\/Turvallinen-yhteiskunta-23.11.-seminaarimainos.pdf\">t\u00e4\u00e4ll\u00e4<\/a>.<\/p>\n<p><strong>25.11.<\/strong>\u00a0<strong>YK:n naisiin kohdistuvan v\u00e4kivallan vastainen p\u00e4iv\u00e4.\u00a0<\/strong>Naisj\u00e4rjest\u00f6t Yhteisty\u00f6ss\u00e4 NYTKIS ry:n Valoa, ei v\u00e4kivaltaa -tapahtuma Turussa. V-S Nytkis jakaa heijastimia Turun k\u00e4velykadulla Onnen hevosen kohdalla klo 16-17.<\/p>\n<p><strong>12.2018<\/strong> DaisyLadies ry:n toiminnan piirist\u00e4 kokoon kutsuttu naisryhm\u00e4 p\u00e4\u00e4tti perustaa ty\u00f6ryhm\u00e4n ideoimaan <a href=\"http:\/\/daisyladies.fi\/fi\/nordic-ladies\/\">NordicLadies -hanketta<\/a>. Europarlamentaarikko Sirpa Pietik\u00e4inen lupautui hankkeen suojelijaksi.<\/p>\n<hr \/>\n<p><strong>9.5.2019<\/strong> Eurooppa-p\u00e4iv\u00e4n\u00e4 DaisyLadies ry j\u00e4rjesti <strong>keskustelutilaisuuden naisten tasa-arvoon, hyvinvointiin ja naisiin kohdistuvaan v\u00e4kivaltaan liittyen<\/strong> Turun p\u00e4\u00e4kirjastolla.<\/p>\n<p><strong>28.11.2019<\/strong> DaisyLadies ry j\u00e4rjesti<strong> Turvallinen yhteiskunta -seminaarin<\/strong> Turun kaupungintalolla. Seminaarin tarkoituksena oli esitell\u00e4 Nordic Ladies \u2013hanketta ja her\u00e4tt\u00e4\u00e4 naisia keskustelemaan v\u00e4kivallasta oman maan tabuista huolimatta. Seminaarissa keskityttiin my\u00f6s erityisesti nuorten hyvinvointiin.\u00a0 Seminaarissa kuultiin my\u00f6s Islantilaisen ja Tanskalaisen naisj\u00e4rjest\u00f6n edustajien puheenvuorot. Seminaari j\u00e4rjestettiin yhteisty\u00f6ss\u00e4 Naisj\u00e4rjest\u00f6t Yhteisty\u00f6ss\u00e4 NYTKIS ry:n, Varsinais-Suomen Keskustanaisten, Turun kaupungin, Turun ja Kaarinan seurakuntayhtym\u00e4n ja Oikeusministeri\u00f6n\/ETNOn kanssa.<\/p>\n<p>Seminaarin ohjelmaan voit tutustua <a href=\"http:\/\/daisyladies.fi\/fi\/wp-content\/uploads\/2020\/05\/Turvallinen-yhteiskunta-seminaarimainos-27.11.2019-p\u00e4ivitetty.pdf\">t\u00e4\u00e4ll\u00e4<\/a>.<\/p>\n<p>T\u00e4ss\u00e4 <strong>presidentti Tarja Halosen<\/strong> videotervehdys seminaariin:<br \/>\n<iframe loading=\"lazy\" src=\"https:\/\/www.youtube.com\/embed\/3KQemXJ96Ug\" width=\"560\" height=\"315\" frameborder=\"0\" allowfullscreen=\"allowfullscreen\"><\/iframe>[\/vc_column_text]<div class=\"divider-wrap\"><div style=\"margin-top: 15px; height: 1px; margin-bottom: 15px;\" data-width=\"100%\" data-animate=\"\" data-animation-delay=\"\" data-color=\"default\" class=\"divider-border\"><\/div><\/div><div class=\"divider-wrap\"><div style=\"height: 30px;\" class=\"divider\"><\/div><\/div><div class=\"divider-wrap\"><div style=\"height: 30px;\" class=\"divider\"><\/div><\/div>[vc_column_text]Violence against women is still a topical and global problem in the 2010s. Despite the seemingly advanced and civilized society, too many women and children live in the midst of violence or its threat.<\/p>\n<p>DaisyLadies ry has been actively managing women&#8217;s rights and, alongside our work, have noticed that violence is interpreted in a very different way in different countries. As a result, we decided to tackle this issue and aim to clarify the forms and interpretation of violence against women who have migrated to Finland. Our activities involve women of different ages from many different countries and we find it very important to bring to them what violence is and who to turn to when it comes.<\/p>\n<p>In connection with this topic, we organized a seminar on violence against women and preventive work on 23 November 2017 in Turku in cooperation with Monika-Naiset Liitto ry, NYTKIS ry and the Ministry of Justice \/ ETNO. Partners were also Turku Primary and Security Home Association, Globaalinuoret ry and ELY Center.<\/p>\n<p>The topic of the seminar was the violence experienced by women in Finland and the means to prevent it. In particular, we discussed the violence experienced by those who moved to Finland and planned concrete ways to help women. The seminar program consisted of expert speeches and panel discussions. In the panel discussion, for example, the what kind of services are needed for those who have experienced violence and what specific issues should be taken into account in the development of services for migrant women in Finland. The DaisyLadies Association also collected reports based on real events about violence and these reports were also discussed as part of the seminar program.<\/p>\n<p>The seminar is the first step we have taken to advance this important issue. The greater aim is to develop low-threshold services for women who have experienced violence, especially those who have migrated to Finland, and to publicize and raise awareness of this topical issue in various media, especially television.<\/p>\n<p><strong>You can watch the video collection of the seminar <\/strong><strong><a href=\"https:\/\/www.youtube.com\/watch?v=oJ6tKbNgTpY\">here.<\/a><\/strong><\/p>\n<p>In 2018, DaisyLadies Association will organize in cooperation with the Women&#8217;s Organizations in cooperation with NYTKIS Association, Southwest Finland Central Women, Women&#8217;s Bank, ELY Center \/ Home in Finland, City of Turku, City Library of Turku and Orip\u00e4\u00e4 School in November week 47 different anti-violence raids in Turku. The special theme of the week is domestic violence and children&#8217;s rights. The highlight of the week is the Safe Society seminar at Turku City Hall.[\/vc_column_text][\/vc_column][vc_column boxed=&#8221;true&#8221; column_padding=&#8221;padding-3-percent&#8221; column_padding_position=&#8221;all&#8221; background_color_opacity=&#8221;0.5&#8243; background_hover_color_opacity=&#8221;1&#8243; width=&#8221;1\/3&#8243; tablet_text_alignment=&#8221;default&#8221; phone_text_alignment=&#8221;default&#8221;][vc_column_text]\n<h3 style=\"text-align: center;\">Yhteisty\u00f6ss\u00e4<\/h3>\n[\/vc_column_text]<div class=\"divider-wrap\"><div style=\"margin-top: 12px; height: 1px; margin-bottom: 12px;\" data-width=\"100%\" data-animate=\"\" data-animation-delay=\"\" data-color=\"default\" class=\"divider-border\"><\/div><\/div><div class=\"img-with-aniamtion-wrap center\" data-max-width=\"100%\"><div class=\"inner\"><img decoding=\"async\" data-shadow=\"none\" data-shadow-direction=\"middle\" class=\"img-with-animation \" data-delay=\"0\" height=\"100%\" width=\"100%\" data-animation=\"fade-in\" src=\"https:\/\/daisyladies.fi\/fi\/wp-content\/uploads\/2014\/05\/logos_city_of_turku.png\" alt=\"\" \/><\/div><\/div><div class=\"img-with-aniamtion-wrap \" data-max-width=\"100%\"><div class=\"inner\"><img decoding=\"async\" data-shadow=\"none\" data-shadow-direction=\"middle\" class=\"img-with-animation \" data-delay=\"0\" height=\"100%\" width=\"100%\" data-animation=\"fade-in\" src=\"https:\/\/daisyladies.fi\/fi\/wp-content\/uploads\/2017\/11\/logo.png\" alt=\"\" \/><\/div><\/div><div class=\"img-with-aniamtion-wrap \" data-max-width=\"100%\"><div class=\"inner\"><img decoding=\"async\" data-shadow=\"none\" data-shadow-direction=\"middle\" class=\"img-with-animation \" data-delay=\"0\" height=\"100%\" width=\"100%\" data-animation=\"fade-in\" src=\"https:\/\/daisyladies.fi\/fi\/wp-content\/uploads\/2017\/12\/logo-1.png\" alt=\"\" \/><\/div><\/div><div class=\"img-with-aniamtion-wrap \" data-max-width=\"100%\"><div class=\"inner\"><img decoding=\"async\" data-shadow=\"none\" data-shadow-direction=\"middle\" class=\"img-with-animation \" data-delay=\"0\" height=\"100%\" width=\"100%\" data-animation=\"fade-in\" src=\"https:\/\/daisyladies.fi\/fi\/wp-content\/uploads\/2017\/12\/om.png\" alt=\"\" \/><\/div><\/div><div class=\"divider-wrap\"><div style=\"margin-top: 12px; height: 1px; margin-bottom: 12px;\" data-width=\"100%\" data-animate=\"\" data-animation-delay=\"\" data-color=\"default\" class=\"divider-border\"><\/div><\/div><div class=\"divider-wrap\"><div style=\"height: 25px;\" class=\"divider\"><\/div><\/div><div class=\"img-with-aniamtion-wrap \" data-max-width=\"100%\"><div class=\"inner\"><img decoding=\"async\" data-shadow=\"none\" data-shadow-direction=\"middle\" class=\"img-with-animation \" data-delay=\"0\" height=\"100%\" width=\"100%\" data-animation=\"fade-in\" src=\"https:\/\/daisyladies.fi\/fi\/wp-content\/uploads\/2017\/12\/kukat-e1512476221946.png\" alt=\"\" \/><\/div><\/div>[\/vc_column][\/vc_row]\n","protected":false},"excerpt":{"rendered":"<p>[vc_row type=&#8221;full_width_background&#8221; full_screen_row_position=&#8221;middle&#8221; bg_color=&#8221;#5bae4b&#8221; scene_position=&#8221;center&#8221; text_color=&#8221;light&#8221; text_align=&#8221;center&#8221; top_padding=&#8221;40&#8243; bottom_padding=&#8221;40&#8243; overlay_strength=&#8221;0.3&#8243;][vc_column column_padding=&#8221;no-extra-padding&#8221; column_padding_position=&#8221;all&#8221; background_color_opacity=&#8221;1&#8243; background_hover_color_opacity=&#8221;1&#8243; width=&#8221;1\/1&#8243; tablet_text_alignment=&#8221;default&#8221; phone_text_alignment=&#8221;default&#8221;][vc_column_text] Naisiin kohdistuva v\u00e4kivalta \/\u00a0Violence against women [\/vc_column_text][\/vc_column][\/vc_row][vc_row type=&#8221;in_container&#8221; full_screen_row_position=&#8221;middle&#8221; scene_position=&#8221;center&#8221; text_color=&#8221;dark&#8221; text_align=&#8221;left&#8221; overlay_strength=&#8221;0.3&#8243;][vc_column&#8230;<\/p>\n","protected":false},"author":2,"featured_media":0,"parent":0,"menu_order":0,"comment_status":"closed","ping_status":"closed","template":"","meta":{"om_disable_all_campaigns":false,"footnotes":"","iawp_total_views":245},"_links":{"self":[{"href":"https:\/\/daisyladies.fi\/fi\/wp-json\/wp\/v2\/pages\/3478"}],"collection":[{"href":"https:\/\/daisyladies.fi\/fi\/wp-json\/wp\/v2\/pages"}],"about":[{"href":"https:\/\/daisyladies.fi\/fi\/wp-json\/wp\/v2\/types\/page"}],"author":[{"embeddable":true,"href":"https:\/\/daisyladies.fi\/fi\/wp-json\/wp\/v2\/users\/2"}],"replies":[{"embeddable":true,"href":"https:\/\/daisyladies.fi\/fi\/wp-json\/wp\/v2\/comments?post=3478"}],"version-history":[{"count":12,"href":"https:\/\/daisyladies.fi\/fi\/wp-json\/wp\/v2\/pages\/3478\/revisions"}],"predecessor-version":[{"id":4625,"href":"https:\/\/daisyladies.fi\/fi\/wp-json\/wp\/v2\/pages\/3478\/revisions\/4625"}],"wp:attachment":[{"href":"https:\/\/daisyladies.fi\/fi\/wp-json\/wp\/v2\/media?parent=3478"}],"curies":[{"name":"wp","href":"https:\/\/api.w.org\/{rel}","templated":true}]}}