{"id":2910,"date":"2017-09-18T12:15:02","date_gmt":"2017-09-18T12:15:02","guid":{"rendered":"http:\/\/daisyladies.fi\/fi\/?page_id=2910"},"modified":"2023-11-30T11:51:31","modified_gmt":"2023-11-30T11:51:31","slug":"loyda-minut-ryhma","status":"publish","type":"page","link":"https:\/\/daisyladies.fi\/fi\/loyda-minut-ryhma\/","title":{"rendered":"L\u00f6yd\u00e4 minut -ryhm\u00e4"},"content":{"rendered":"[vc_row type=&#8221;full_width_background&#8221; full_screen_row_position=&#8221;middle&#8221; bg_color=&#8221;#5bae4b&#8221; scene_position=&#8221;center&#8221; text_color=&#8221;light&#8221; text_align=&#8221;center&#8221; top_padding=&#8221;40&#8243; bottom_padding=&#8221;40&#8243; overlay_strength=&#8221;0.3&#8243;][vc_column column_padding=&#8221;no-extra-padding&#8221; column_padding_position=&#8221;all&#8221; background_color_opacity=&#8221;1&#8243; background_hover_color_opacity=&#8221;1&#8243; width=&#8221;1\/1&#8243; tablet_text_alignment=&#8221;default&#8221; phone_text_alignment=&#8221;default&#8221;][vc_column_text]\n<h1>L\u00f6yd\u00e4 minut -ryhm\u00e4<\/h1>\n[\/vc_column_text][\/vc_column][\/vc_row][vc_row type=&#8221;in_container&#8221; full_screen_row_position=&#8221;middle&#8221; scene_position=&#8221;center&#8221; text_color=&#8221;dark&#8221; text_align=&#8221;left&#8221; overlay_strength=&#8221;0.3&#8243;][vc_column column_padding=&#8221;no-extra-padding&#8221; column_padding_position=&#8221;all&#8221; background_color_opacity=&#8221;1&#8243; background_hover_color_opacity=&#8221;1&#8243; width=&#8221;1\/1&#8243; tablet_text_alignment=&#8221;default&#8221; phone_text_alignment=&#8221;default&#8221;]<div class=\"divider-wrap\"><div style=\"height: 40px;\" class=\"divider\"><\/div><\/div>[\/vc_column][\/vc_row][vc_row type=&#8221;in_container&#8221; full_screen_row_position=&#8221;middle&#8221; scene_position=&#8221;center&#8221; text_color=&#8221;dark&#8221; text_align=&#8221;left&#8221; overlay_strength=&#8221;0.3&#8243;][vc_column column_padding=&#8221;no-extra-padding&#8221; column_padding_position=&#8221;all&#8221; background_color_opacity=&#8221;1&#8243; background_hover_color_opacity=&#8221;1&#8243; width=&#8221;2\/3&#8243; tablet_text_alignment=&#8221;default&#8221; phone_text_alignment=&#8221;default&#8221;][vc_column_text]\n<div class=\"kvgmc6g5 cxmmr5t8 oygrvhab hcukyx3x c1et5uql ii04i59q\">\n<div dir=\"auto\"><span style=\"color: #ff0000;\"><strong>HUOM! L\u00f6yd\u00e4 minut -ryhm\u00e4t ovat toistaiseksi tauolla.<\/strong><\/span><\/div>\n<div dir=\"auto\"><\/div>\n<div dir=\"auto\"><strong>L\u00f6yd\u00e4 minut -ryhm\u00e4t<\/strong> on suunnattu ik\u00e4\u00e4ntyneille (55+ vuotiaat) mutta toiminta on avointa kaikille.<\/div>\n<\/div>\n<div class=\"o9v6fnle cxmmr5t8 oygrvhab hcukyx3x c1et5uql ii04i59q\">\n<div dir=\"auto\"><\/div>\n<div dir=\"auto\">Ryhm\u00e4ss\u00e4 voidaan esimerkiksi valmistaa ruokaa, tehd\u00e4 k\u00e4sit\u00f6it\u00e4, harrastaa liikuntaa, pelata lautapelej\u00e4, opiskella suomea, k\u00e4yd\u00e4 retkill\u00e4 tai vain keskustella. Ryhm\u00e4\u00e4n ei ole sitoutumispakkoa \u2013 tule rohkeasti tutustumaan ja viihtym\u00e4\u00e4n kanssamme! Ryhm\u00e4 on monikulttuurinen ja monikielinen.<\/div>\n<\/div>\n<p>Tervetuloa jakamaan, kokemaan ja kertomaan kulttuureista ja el\u00e4m\u00e4st\u00e4!<\/p>\n<p>Ryhm\u00e4\u00e4n ei ole sitoutumispakkoa \u2013 tule rohkeasti tutustumaan ja viihtym\u00e4\u00e4n kanssamme!<\/p>\n<hr \/>\n<p>Find me -group is meant for <strong>elderly people<\/strong>. Group activities include cooking, arts and crafts, board games and assistance for different kind of everyday problems. Join us![\/vc_column_text]<div class=\"divider-wrap\"><div style=\"margin-top: 15px; height: 1px; margin-bottom: 15px;\" data-width=\"100%\" data-animate=\"\" data-animation-delay=\"\" data-color=\"default\" class=\"divider-border\"><\/div><\/div>[vc_column_text]<strong>Lis\u00e4tiedot: <\/strong><strong>DaisyLadies ry\/toimisto puh. 0503265064, daisyladies.turku@gmail.com<\/strong>[\/vc_column_text]<div class=\"divider-wrap\"><div style=\"height: 25px;\" class=\"divider\"><\/div><\/div>[vc_gallery type=&#8221;flexslider_style&#8221; images=&#8221;4113,4114,4115,4116,4117,4118,4119,4120,4121,4122,4123&#8243; onclick=&#8221;link_no&#8221;][\/vc_column][vc_column boxed=&#8221;true&#8221; column_padding=&#8221;padding-3-percent&#8221; column_padding_position=&#8221;all&#8221; background_color_opacity=&#8221;0.5&#8243; background_hover_color_opacity=&#8221;1&#8243; width=&#8221;1\/3&#8243; tablet_text_alignment=&#8221;default&#8221; phone_text_alignment=&#8221;default&#8221;][vc_column_text]\n<h3 style=\"text-align: center;\">Yhteisty\u00f6ss\u00e4<\/h3>\n[\/vc_column_text]<div class=\"divider-wrap\"><div style=\"margin-top: 12px; height: 1px; margin-bottom: 12px;\" data-width=\"100%\" data-animate=\"\" data-animation-delay=\"\" data-color=\"default\" class=\"divider-border\"><\/div><\/div><div class=\"img-with-aniamtion-wrap center\" data-max-width=\"100%\"><div class=\"inner\"><img decoding=\"async\" data-shadow=\"none\" data-shadow-direction=\"middle\" class=\"img-with-animation \" data-delay=\"0\" height=\"100%\" width=\"100%\" data-animation=\"fade-in\" src=\"https:\/\/daisyladies.fi\/fi\/wp-content\/uploads\/2014\/05\/logos_city_of_turku.png\" alt=\"\" \/><\/div><\/div>[vc_column_text][\/vc_column_text][vc_column_text][\/vc_column_text][\/vc_column][\/vc_row][vc_row type=&#8221;in_container&#8221; full_screen_row_position=&#8221;middle&#8221; scene_position=&#8221;center&#8221; text_color=&#8221;dark&#8221; text_align=&#8221;left&#8221; overlay_strength=&#8221;0.3&#8243;][vc_column column_padding=&#8221;no-extra-padding&#8221; column_padding_position=&#8221;all&#8221; background_color_opacity=&#8221;1&#8243; background_hover_color_opacity=&#8221;1&#8243; width=&#8221;1\/1&#8243; tablet_text_alignment=&#8221;default&#8221; phone_text_alignment=&#8221;default&#8221;]<div class=\"divider-wrap\"><div style=\"height: 100px;\" class=\"divider\"><\/div><\/div>[\/vc_column][\/vc_row]\n","protected":false},"excerpt":{"rendered":"<p>[vc_row type=&#8221;full_width_background&#8221; full_screen_row_position=&#8221;middle&#8221; bg_color=&#8221;#5bae4b&#8221; scene_position=&#8221;center&#8221; text_color=&#8221;light&#8221; text_align=&#8221;center&#8221; top_padding=&#8221;40&#8243; bottom_padding=&#8221;40&#8243; overlay_strength=&#8221;0.3&#8243;][vc_column column_padding=&#8221;no-extra-padding&#8221; column_padding_position=&#8221;all&#8221; background_color_opacity=&#8221;1&#8243; background_hover_color_opacity=&#8221;1&#8243; width=&#8221;1\/1&#8243; tablet_text_alignment=&#8221;default&#8221; phone_text_alignment=&#8221;default&#8221;][vc_column_text] L\u00f6yd\u00e4 minut -ryhm\u00e4 [\/vc_column_text][\/vc_column][\/vc_row][vc_row type=&#8221;in_container&#8221; full_screen_row_position=&#8221;middle&#8221; scene_position=&#8221;center&#8221; text_color=&#8221;dark&#8221; text_align=&#8221;left&#8221; overlay_strength=&#8221;0.3&#8243;][vc_column column_padding=&#8221;no-extra-padding&#8221; column_padding_position=&#8221;all&#8221; background_color_opacity=&#8221;1&#8243;&#8230;<\/p>\n","protected":false},"author":2,"featured_media":0,"parent":0,"menu_order":0,"comment_status":"closed","ping_status":"closed","template":"","meta":{"om_disable_all_campaigns":false,"footnotes":"","iawp_total_views":199},"_links":{"self":[{"href":"https:\/\/daisyladies.fi\/fi\/wp-json\/wp\/v2\/pages\/2910"}],"collection":[{"href":"https:\/\/daisyladies.fi\/fi\/wp-json\/wp\/v2\/pages"}],"about":[{"href":"https:\/\/daisyladies.fi\/fi\/wp-json\/wp\/v2\/types\/page"}],"author":[{"embeddable":true,"href":"https:\/\/daisyladies.fi\/fi\/wp-json\/wp\/v2\/users\/2"}],"replies":[{"embeddable":true,"href":"https:\/\/daisyladies.fi\/fi\/wp-json\/wp\/v2\/comments?post=2910"}],"version-history":[{"count":43,"href":"https:\/\/daisyladies.fi\/fi\/wp-json\/wp\/v2\/pages\/2910\/revisions"}],"predecessor-version":[{"id":5462,"href":"https:\/\/daisyladies.fi\/fi\/wp-json\/wp\/v2\/pages\/2910\/revisions\/5462"}],"wp:attachment":[{"href":"https:\/\/daisyladies.fi\/fi\/wp-json\/wp\/v2\/media?parent=2910"}],"curies":[{"name":"wp","href":"https:\/\/api.w.org\/{rel}","templated":true}]}}