{"id":2769,"date":"2017-05-15T22:36:29","date_gmt":"2017-05-15T22:36:29","guid":{"rendered":"http:\/\/daisyladies.fi\/fi\/?page_id=2769"},"modified":"2021-01-13T08:08:54","modified_gmt":"2021-01-13T08:08:54","slug":"yhteistyokumppanit","status":"publish","type":"page","link":"https:\/\/daisyladies.fi\/fi\/yhteistyokumppanit\/","title":{"rendered":"Yhteisty\u00f6kumppanit"},"content":{"rendered":"[vc_row type=&#8221;full_width_background&#8221; full_screen_row_position=&#8221;middle&#8221; bg_color=&#8221;#5bae4b&#8221; scene_position=&#8221;center&#8221; text_color=&#8221;light&#8221; text_align=&#8221;center&#8221; top_padding=&#8221;40&#8243; bottom_padding=&#8221;40&#8243; overlay_strength=&#8221;0.3&#8243;][vc_column column_padding=&#8221;no-extra-padding&#8221; column_padding_position=&#8221;all&#8221; background_color_opacity=&#8221;1&#8243; background_hover_color_opacity=&#8221;1&#8243; width=&#8221;1\/1&#8243; tablet_text_alignment=&#8221;default&#8221; phone_text_alignment=&#8221;default&#8221;][vc_column_text]\n<h1>Yhteisty\u00f6kumppanit<\/h1>\n[\/vc_column_text][\/vc_column][\/vc_row][vc_row type=&#8221;full_width_background&#8221; full_screen_row_position=&#8221;middle&#8221; equal_height=&#8221;yes&#8221; bg_color=&#8221;#ffffff&#8221; scene_position=&#8221;center&#8221; text_color=&#8221;dark&#8221; text_align=&#8221;center&#8221; overlay_strength=&#8221;0.3&#8243;][vc_column column_padding=&#8221;no-extra-padding&#8221; column_padding_position=&#8221;all&#8221; background_color_opacity=&#8221;1&#8243; background_hover_color_opacity=&#8221;1&#8243; width=&#8221;1\/1&#8243; tablet_text_alignment=&#8221;default&#8221; phone_text_alignment=&#8221;default&#8221;]<div class=\"divider-wrap\"><div style=\"height: 60px;\" class=\"divider\"><\/div><\/div>[clients columns=&#8221;4&#8243; fade_in_animation=&#8221;true&#8221;][client image=&#8221;2790&#8243; title=&#8221;Client&#8221; id=&#8221;1494888035-2-38&#8243; tab_id=&#8221;1494920008640-4&#8243; url=&#8221;http:\/\/www.dkg.org&#8221; name=&#8221;Delta Kappa Gamma (DKG)&#8221;] Click the edit button to add your testimonial. [\/client][client image=&#8221;2794&#8243; title=&#8221;Client&#8221; id=&#8221;1494920371665-0-9&#8243; tab_id=&#8221;1494920371667-8&#8243; url=&#8221;http:\/\/turku.fi&#8221; name=&#8221;Turun kaupunki&#8221;][\/client][client image=&#8221;2801&#8243; title=&#8221;Client&#8221; id=&#8221;1494921706501-0-3&#8243; tab_id=&#8221;1494921706503-5&#8243; url=&#8221;http:\/\/toimistot.te-palvelut.fi\/varsinais-suomi&#8221; name=&#8221;Varsinais-Suomen TE-toimisto&#8221;][\/client][client image=&#8221;2815&#8243; title=&#8221;Client&#8221; id=&#8221;1494922839308-0-1&#8243; tab_id=&#8221;1494922839311-9&#8243; url=&#8221;http:\/\/www.turunmarttayhdistys.com&#8221; name=&#8221;Turun Martat&#8221;][\/client][client image=&#8221;2818&#8243; title=&#8221;Client&#8221; id=&#8221;1494922917888-0-2&#8243; tab_id=&#8221;1494922917889-2&#8243; url=&#8221;http:\/\/www.turunseurakunnat.fi&#8221; name=&#8221;Turun ja Kaarinan seurakuntayhtym\u00e4&#8221;][\/client][client image=&#8221;2813&#8243; title=&#8221;Client&#8221; id=&#8221;1494922058631-0-3&#8243; tab_id=&#8221;1494922058632-0&#8243; url=&#8221;https:\/\/www.punainenristi.fi&#8221; name=&#8221;Suomen Punainen Risti&#8221;][\/client][client image=&#8221;2791&#8243; title=&#8221;Client&#8221; id=&#8221;1494920373213-0-2&#8243; tab_id=&#8221;1494920373214-1&#8243; url=&#8221;http:\/\/www.turkuai.fi&#8221; name=&#8221;Turun ammatti-instituutti&#8221;][\/client][client image=&#8221;2817&#8243; title=&#8221;Client&#8221; id=&#8221;1494922908934-0-5&#8243; tab_id=&#8221;1494922908936-3&#8243; url=&#8221;http:\/\/www.migrationinstitute.fi&#8221; name=&#8221;Siirtolaisuusinstituutti&#8221;][\/client][client image=&#8221;2799&#8243; title=&#8221;Client&#8221; id=&#8221;1494920374404-0-6&#8243; tab_id=&#8221;1494920374405-5&#8243; url=&#8221;https:\/\/www.novia.fi&#8221; name=&#8221;Novia&#8221;][\/client][client image=&#8221;2812&#8243; title=&#8221;Client&#8221; id=&#8221;1494922057393-0-3&#8243; tab_id=&#8221;1494922057395-7&#8243; url=&#8221;http:\/\/www.cimo.fi\/ohjelmat\/youth_in_action\/eurooppalainen_vapaaehtoispalvelu_evs&#8221; name=&#8221;Cimo&#8221;][\/client][client image=&#8221;2798&#8243; title=&#8221;Client&#8221; id=&#8221;1494921600460-0-4&#8243; tab_id=&#8221;1494921600462-3&#8243; url=&#8221;https:\/\/www.monaliiku.fi&#8221; name=&#8221;Monaliiku- Helsinki&#8221;][\/client][client image=&#8221;2807&#8243; title=&#8221;Client&#8221; id=&#8221;1494922022636-0-5&#8243; tab_id=&#8221;1494922022638-6&#8243; url=&#8221;http:\/\/pakolaisapu.fi&#8221; name=&#8221;Suomen Pakolaisapu ry&#8221;][\/client][client image=&#8221;2808&#8243; title=&#8221;Client&#8221; id=&#8221;1494922055999-0-8&#8243; tab_id=&#8221;1494922056001-5&#8243; url=&#8221;http:\/\/www.ely-keskus.fi\/web\/ely\/etniset-suhteet?p_p_id=122_INSTANCE_aluevalinta&amp;p_p_lifecycle=0&amp;p_p_state=normal&amp;p_p_mode=view&amp;p_r_p_564233524_categoryId=14248&amp;p_r_p_564233524_resetCur=true#.WRqy2lKQ1E5&#8243; name=&#8221;Etno Valtakunnallinen neuvottelukunta&#8221;][\/client][client image=&#8221;2800&#8243; title=&#8221;Client&#8221; id=&#8221;1494920375734-0-0&#8243; tab_id=&#8221;1494920375735-5&#8243; url=&#8221;https:\/\/www.raseko.fi&#8221; name=&#8221;Raision seudun koulutuskuntayhtym\u00e4&#8221;][\/client][client image=&#8221;2816&#8243; title=&#8221;Client&#8221; id=&#8221;1494922919030-0-0&#8243; tab_id=&#8221;1494922919031-6&#8243; url=&#8221;https:\/\/www.naistenpankki.fi&#8221; name=&#8221;Naisten Pankki&#8221;][\/client][client image=&#8221;3611&#8243; title=&#8221;Client&#8221; id=&#8221;1515501117766-0-4&#8243; tab_id=&#8221;1515501117775-3&#8243; url=&#8221;http:\/\/www.stea.fi\/&#8221; name=&#8221;Stea&#8221;][\/client][client image=&#8221;4362&#8243; title=&#8221;Client&#8221; id=&#8221;1576654282405-0-10&#8243; tab_id=&#8221;1576654282407-1&#8243; url=&#8221;https:\/\/www.keskustanaiset.fi\/Suomeksi\/Piirit\/Varsinais-Suomi\/Suomeksi\/Etusivu&#8221; name=&#8221;Varsinais-Suomen Keskustanaiset&#8221;][\/client][client image=&#8221;4363&#8243; title=&#8221;Client&#8221; id=&#8221;1576654303996-0-2&#8243; tab_id=&#8221;1576654303998-6&#8243; url=&#8221;https:\/\/nytkis.org\/&#8221; name=&#8221;Naisj\u00e4rjest\u00f6t Yhteisty\u00f6ss\u00e4 \u2013 Kvinnoorganisationer i Samarbete NYTKIS ry&#8221;][\/client][client image=&#8221;4370&#8243; title=&#8221;Client&#8221; id=&#8221;1576656657924-0-2&#8243; tab_id=&#8221;1576656657929-3&#8243;][\/client][client image=&#8221;4633&#8243; title=&#8221;Client&#8221; id=&#8221;1592460800768-0-4&#8243; tab_id=&#8221;1592460800770-3&#8243; name=&#8221;Siirtolaisuusinstituutti&#8221; url=&#8221;https:\/\/siirtolaisuusinstituutti.fi\/&#8221;][\/client][client image=&#8221;4851&#8243; title=&#8221;Client&#8221; id=&#8221;1610458719399-0-2&#8243; tab_id=&#8221;1610458719402-9&#8243; url=&#8221;http:\/\/www.kaupunginosaviikot.net&#8221; name=&#8221;Kaupunginosaviikot&#8221;][\/client][client image=&#8221;4852&#8243; title=&#8221;Client&#8221; id=&#8221;1610458851416-0-0&#8243; tab_id=&#8221;1610458851421-8&#8243; url=&#8221;https:\/\/www.taike.fi\/&#8221; name=&#8221;Taiteen edist\u00e4miskeskus&#8221;][\/client][client image=&#8221;4854&#8243; title=&#8221;Client&#8221; id=&#8221;1610524960851-0-7&#8243; tab_id=&#8221;1610524960853-6&#8243; url=&#8221;Varsinais-Suomen Kokoomusnaiset&#8221; name=&#8221;https:\/\/www.kokoomusnaiset.fi\/varsinais-suomen-kokoomusnaiset\/&#8221;][\/client][\/clients]<div class=\"divider-wrap\"><div style=\"height: 60px;\" class=\"divider\"><\/div><\/div>[\/vc_column][\/vc_row]\n","protected":false},"excerpt":{"rendered":"<p>[vc_row type=&#8221;full_width_background&#8221; full_screen_row_position=&#8221;middle&#8221; bg_color=&#8221;#5bae4b&#8221; scene_position=&#8221;center&#8221; text_color=&#8221;light&#8221; text_align=&#8221;center&#8221; top_padding=&#8221;40&#8243; bottom_padding=&#8221;40&#8243; overlay_strength=&#8221;0.3&#8243;][vc_column column_padding=&#8221;no-extra-padding&#8221; column_padding_position=&#8221;all&#8221; background_color_opacity=&#8221;1&#8243; background_hover_color_opacity=&#8221;1&#8243; width=&#8221;1\/1&#8243; tablet_text_alignment=&#8221;default&#8221; phone_text_alignment=&#8221;default&#8221;][vc_column_text] Yhteisty\u00f6kumppanit [\/vc_column_text][\/vc_column][\/vc_row][vc_row type=&#8221;full_width_background&#8221; full_screen_row_position=&#8221;middle&#8221; equal_height=&#8221;yes&#8221; bg_color=&#8221;#ffffff&#8221; scene_position=&#8221;center&#8221; text_color=&#8221;dark&#8221; text_align=&#8221;center&#8221; overlay_strength=&#8221;0.3&#8243;][vc_column column_padding=&#8221;no-extra-padding&#8221; column_padding_position=&#8221;all&#8221; background_color_opacity=&#8221;1&#8243;&#8230;<\/p>\n","protected":false},"author":1,"featured_media":0,"parent":0,"menu_order":0,"comment_status":"closed","ping_status":"closed","template":"","meta":{"om_disable_all_campaigns":false,"footnotes":"","iawp_total_views":185},"_links":{"self":[{"href":"https:\/\/daisyladies.fi\/fi\/wp-json\/wp\/v2\/pages\/2769"}],"collection":[{"href":"https:\/\/daisyladies.fi\/fi\/wp-json\/wp\/v2\/pages"}],"about":[{"href":"https:\/\/daisyladies.fi\/fi\/wp-json\/wp\/v2\/types\/page"}],"author":[{"embeddable":true,"href":"https:\/\/daisyladies.fi\/fi\/wp-json\/wp\/v2\/users\/1"}],"replies":[{"embeddable":true,"href":"https:\/\/daisyladies.fi\/fi\/wp-json\/wp\/v2\/comments?post=2769"}],"version-history":[{"count":54,"href":"https:\/\/daisyladies.fi\/fi\/wp-json\/wp\/v2\/pages\/2769\/revisions"}],"predecessor-version":[{"id":4856,"href":"https:\/\/daisyladies.fi\/fi\/wp-json\/wp\/v2\/pages\/2769\/revisions\/4856"}],"wp:attachment":[{"href":"https:\/\/daisyladies.fi\/fi\/wp-json\/wp\/v2\/media?parent=2769"}],"curies":[{"name":"wp","href":"https:\/\/api.w.org\/{rel}","templated":true}]}}