{"id":6329,"date":"2026-03-09T10:46:40","date_gmt":"2026-03-09T10:46:40","guid":{"rendered":"http:\/\/daisyladies.fi\/fi\/?page_id=6329"},"modified":"2026-03-09T12:06:55","modified_gmt":"2026-03-09T12:06:55","slug":"suomi-maailmankartalla","status":"publish","type":"page","link":"http:\/\/daisyladies.fi\/fi\/suomi-maailmankartalla\/","title":{"rendered":"Suomi maailmankartalla"},"content":{"rendered":"[vc_row type=&#8221;full_width_background&#8221; full_screen_row_position=&#8221;middle&#8221; bg_color=&#8221;#5bae4b&#8221; scene_position=&#8221;center&#8221; text_color=&#8221;light&#8221; text_align=&#8221;center&#8221; top_padding=&#8221;40&#8243; bottom_padding=&#8221;40&#8243; overlay_strength=&#8221;0.3&#8243;][vc_column column_padding=&#8221;no-extra-padding&#8221; column_padding_position=&#8221;all&#8221; background_color_opacity=&#8221;1&#8243; background_hover_color_opacity=&#8221;1&#8243; width=&#8221;1\/1&#8243; tablet_text_alignment=&#8221;default&#8221; phone_text_alignment=&#8221;default&#8221;][vc_column_text]\n<h1>Suomi maailmankartalla<\/h1>\n[\/vc_column_text][\/vc_column][\/vc_row][vc_row type=&#8221;in_container&#8221; full_screen_row_position=&#8221;middle&#8221; scene_position=&#8221;center&#8221; text_color=&#8221;dark&#8221; text_align=&#8221;left&#8221; overlay_strength=&#8221;0.3&#8243;][vc_column column_padding=&#8221;no-extra-padding&#8221; column_padding_position=&#8221;all&#8221; background_color_opacity=&#8221;1&#8243; background_hover_color_opacity=&#8221;1&#8243; width=&#8221;1\/1&#8243; tablet_text_alignment=&#8221;default&#8221; phone_text_alignment=&#8221;default&#8221;]<div class=\"divider-wrap\"><div style=\"height: 40px;\" class=\"divider\"><\/div><\/div>[\/vc_column][\/vc_row][vc_row type=&#8221;in_container&#8221; full_screen_row_position=&#8221;middle&#8221; scene_position=&#8221;center&#8221; text_color=&#8221;dark&#8221; text_align=&#8221;left&#8221; overlay_strength=&#8221;0.3&#8243;][vc_column column_padding=&#8221;no-extra-padding&#8221; column_padding_position=&#8221;all&#8221; background_color_opacity=&#8221;1&#8243; background_hover_color_opacity=&#8221;1&#8243; width=&#8221;2\/3&#8243; tablet_text_alignment=&#8221;default&#8221; phone_text_alignment=&#8221;default&#8221;][vc_column_text]<strong>Suomi maailmankartalla -ohjelmasarja (1992)<\/strong><\/p>\n<p>Suomi maailmankartalla on vuonna 1992 toteutettu ainutlaatuinen keskusteluohjelmasarja, joka esittelee Turussa asuvien eri maista tulleiden ihmisten kokemuksia, arkea ja kulttuuritaustoja. Ohjelmaan osallistui yhteens\u00e4 34 eri taustoista tulevaa henkil\u00f6\u00e4, ja sen tarkoituksena oli tuoda esille maahan muuttaneiden \u00e4\u00e4ni\u00e4 sek\u00e4 tarjota yleis\u00f6lle parempi ymm\u00e4rrys monikulttuurisesta Turusta.<\/p>\n<p>Sarjan juontajana toimi <strong>H\u00fclya \u201dHissu\u201d Kyt\u00f6<\/strong>, joka vastasi my\u00f6s ohjelman suunnittelusta ja k\u00e4sikirjoituksesta. Ohjaajana toimi <strong>Pekka Aava<\/strong> ja tuottajana <strong>Jarmo Eerola<\/strong>. Sarjan ideointi ja kokonaisvaltainen toteutuksen suunnittelu tehtiin tiiviiss\u00e4 yhteisty\u00f6ss\u00e4 <strong>Visicomin<\/strong> kanssa. Lis\u00e4ksi ohjelmasarja sai merkitt\u00e4v\u00e4\u00e4 tukea ja rahoitusta <strong>Opetusministeri\u00f6lt\u00e4<\/strong>, mik\u00e4 mahdollisti laadukkaan ja laaja-alaisen toteutuksen.<\/p>\n<p>Sarjan tuotanto toteutettiin yhteisty\u00f6ss\u00e4 my\u00f6s Turun kaupungin, Opetushallituksen ja Turku-TV:n kanssa, mik\u00e4 vahvisti ohjelman asemaa osana paikallista ja valtakunnallista kulttuuritoimintaa. Sarja julkaistiin ja esitettiin ymp\u00e4ri Suomea ja se sai runsaasti kiitosta.<\/p>\n<p><strong>Ohjelmasarja koostuu seitsem\u00e4st\u00e4 osasta, joissa k\u00e4sitell\u00e4\u00e4n keskeisi\u00e4 teemoja:<\/strong><\/p>\n<ul>\n<li>Uskonto<\/li>\n<li>Ruoka<\/li>\n<li>Kieli<\/li>\n<li>Ilmasto ja luonto<\/li>\n<li>Ihmissuhteet<\/li>\n<li>Perhek\u00e4sitykset ja lapsenkasvatus<\/li>\n<li>Loppusanat<\/li>\n<\/ul>\n<p>Keskustelujen ohella katsojille esitell\u00e4\u00e4n my\u00f6s osallistujien taitoja ja esityksi\u00e4. Ohjelmassa n\u00e4hd\u00e4\u00e4n muun muassa k\u00e4sity\u00f6n taitajia, tanssijoita ja laulajia, jotka tuovat sarjaan lis\u00e4\u00e4 kulttuurista rikkautta ja inhimillisyytt\u00e4.<\/p>\n<p>Muisto tuotannon ajalta: <em>\u201dKuvausp\u00e4ivien aikana koettiin my\u00f6s hauskoja yll\u00e4tyksi\u00e4. Tarkoituksena oli harjoitella yksi p\u00e4iv\u00e4 etuk\u00e4teen ennen varsinaisia kuvauksia, mutta harjoittelup\u00e4iv\u00e4n aikana syntyikin kaksi valmista jaksoa kerralla. T\u00e4m\u00e4 odottamaton ja spontaani tilanne loi ainutlaatuisen, iloisen ja l\u00e4mpim\u00e4n ilmapiirin, jota tekij\u00e4t muistelevat edelleen l\u00e4mm\u00f6ll\u00e4. -Hissu Kyt\u00f6\u201d<\/em>[\/vc_column_text]<div class=\"divider-wrap\"><div style=\"margin-top: 15px; height: 1px; margin-bottom: 15px;\" data-width=\"100%\" data-animate=\"\" data-animation-delay=\"\" data-color=\"default\" class=\"divider-border\"><\/div><\/div>[vc_column_text]<iframe loading=\"lazy\" title=\"YouTube video player\" src=\"https:\/\/www.youtube.com\/embed\/_S7xRAJi4XE?si=iXloU_JXq_Xamu1-\" width=\"560\" height=\"315\" frameborder=\"0\" allowfullscreen=\"allowfullscreen\"><\/iframe><br \/>\n<strong>Suomi maailmankartalla (1992) osa 1: Uskonto<\/strong><\/p>\n<p><iframe loading=\"lazy\" title=\"YouTube video player\" src=\"https:\/\/www.youtube.com\/embed\/eMrshPFxyzU?si=tQm73Cwl8nLD1plN\" width=\"560\" height=\"315\" frameborder=\"0\" allowfullscreen=\"allowfullscreen\"><\/iframe><br \/>\n<strong>Suomi maailmankartalla (1992) osa 3: Kieli<\/strong><\/p>\n<p><iframe loading=\"lazy\" title=\"YouTube video player\" src=\"https:\/\/www.youtube.com\/embed\/Xw9vNPxYTvY?si=z4Q14UH11Yg6es5l\" width=\"560\" height=\"315\" frameborder=\"0\" allowfullscreen=\"allowfullscreen\"><\/iframe><br \/>\n<strong>Suomi maailmankartalla (1992) osa 4: Ilmasto ja luonto<\/strong><\/p>\n<p><iframe loading=\"lazy\" title=\"YouTube video player\" src=\"https:\/\/www.youtube.com\/embed\/JPotgZBnT2E?si=yGccP2HqYcDWbN8p\" width=\"560\" height=\"315\" frameborder=\"0\" allowfullscreen=\"allowfullscreen\"><\/iframe><br \/>\n<strong>Suomi maailmankartalla (1992) osa 5: Ihmissuhteet<\/strong><\/p>\n<p><iframe loading=\"lazy\" title=\"YouTube video player\" src=\"https:\/\/www.youtube.com\/embed\/u536i9G5Buk?si=3d62kwHztUx81S-Y\" width=\"560\" height=\"315\" frameborder=\"0\" allowfullscreen=\"allowfullscreen\"><\/iframe><br \/>\n<strong>Suomi maailmankartalla (1992) osa 6: Perhek\u00e4sitykset ja lapsenkasvatus<\/strong><\/p>\n<p><iframe loading=\"lazy\" title=\"YouTube video player\" src=\"https:\/\/www.youtube.com\/embed\/xbRBHvaJtxs?si=bzAsEZKb-h7lZ3ed\" width=\"560\" height=\"315\" frameborder=\"0\" allowfullscreen=\"allowfullscreen\"><\/iframe><\/p>\n<p><strong>Suomi maailmankartalla (1992) osa 7: Loppusanat<\/strong>[\/vc_column_text][\/vc_column][vc_column boxed=&#8221;true&#8221; column_padding=&#8221;padding-3-percent&#8221; column_padding_position=&#8221;all&#8221; background_color_opacity=&#8221;0.5&#8243; background_hover_color_opacity=&#8221;1&#8243; width=&#8221;1\/3&#8243; tablet_text_alignment=&#8221;default&#8221; phone_text_alignment=&#8221;default&#8221;][vc_column_text]\n<h3 style=\"text-align: center;\">Yhteisty\u00f6ss\u00e4<\/h3>\n[\/vc_column_text]<div class=\"divider-wrap\"><div style=\"margin-top: 12px; height: 1px; margin-bottom: 12px;\" data-width=\"100%\" data-animate=\"\" data-animation-delay=\"\" data-color=\"default\" class=\"divider-border\"><\/div><\/div><div class=\"img-with-aniamtion-wrap center\" data-max-width=\"100%\"><div class=\"inner\"><img decoding=\"async\" data-shadow=\"none\" data-shadow-direction=\"middle\" class=\"img-with-animation \" data-delay=\"0\" height=\"100%\" width=\"100%\" data-animation=\"fade-in\" src=\"http:\/\/daisyladies.fi\/fi\/wp-content\/uploads\/2014\/05\/logos_city_of_turku.png\" alt=\"\" \/><\/div><\/div>[\/vc_column][\/vc_row][vc_row type=&#8221;in_container&#8221; full_screen_row_position=&#8221;middle&#8221; scene_position=&#8221;center&#8221; text_color=&#8221;dark&#8221; text_align=&#8221;left&#8221; overlay_strength=&#8221;0.3&#8243;][vc_column column_padding=&#8221;no-extra-padding&#8221; column_padding_position=&#8221;all&#8221; background_color_opacity=&#8221;1&#8243; background_hover_color_opacity=&#8221;1&#8243; width=&#8221;1\/1&#8243; tablet_text_alignment=&#8221;default&#8221; phone_text_alignment=&#8221;default&#8221;]<div class=\"divider-wrap\"><div style=\"height: 100px;\" class=\"divider\"><\/div><\/div>[\/vc_column][\/vc_row]\n","protected":false},"excerpt":{"rendered":"<p>[vc_row type=&#8221;full_width_background&#8221; full_screen_row_position=&#8221;middle&#8221; bg_color=&#8221;#5bae4b&#8221; scene_position=&#8221;center&#8221; text_color=&#8221;light&#8221; text_align=&#8221;center&#8221; top_padding=&#8221;40&#8243; bottom_padding=&#8221;40&#8243; overlay_strength=&#8221;0.3&#8243;][vc_column column_padding=&#8221;no-extra-padding&#8221; column_padding_position=&#8221;all&#8221; background_color_opacity=&#8221;1&#8243; background_hover_color_opacity=&#8221;1&#8243; width=&#8221;1\/1&#8243; tablet_text_alignment=&#8221;default&#8221; phone_text_alignment=&#8221;default&#8221;][vc_column_text] Suomi maailmankartalla [\/vc_column_text][\/vc_column][\/vc_row][vc_row type=&#8221;in_container&#8221; full_screen_row_position=&#8221;middle&#8221; scene_position=&#8221;center&#8221; text_color=&#8221;dark&#8221; text_align=&#8221;left&#8221; overlay_strength=&#8221;0.3&#8243;][vc_column column_padding=&#8221;no-extra-padding&#8221; column_padding_position=&#8221;all&#8221; background_color_opacity=&#8221;1&#8243; background_hover_color_opacity=&#8221;1&#8243;&#8230;<\/p>\n","protected":false},"author":2,"featured_media":0,"parent":0,"menu_order":0,"comment_status":"closed","ping_status":"closed","template":"","meta":{"om_disable_all_campaigns":false,"footnotes":"","iawp_total_views":6},"_links":{"self":[{"href":"http:\/\/daisyladies.fi\/fi\/wp-json\/wp\/v2\/pages\/6329"}],"collection":[{"href":"http:\/\/daisyladies.fi\/fi\/wp-json\/wp\/v2\/pages"}],"about":[{"href":"http:\/\/daisyladies.fi\/fi\/wp-json\/wp\/v2\/types\/page"}],"author":[{"embeddable":true,"href":"http:\/\/daisyladies.fi\/fi\/wp-json\/wp\/v2\/users\/2"}],"replies":[{"embeddable":true,"href":"http:\/\/daisyladies.fi\/fi\/wp-json\/wp\/v2\/comments?post=6329"}],"version-history":[{"count":7,"href":"http:\/\/daisyladies.fi\/fi\/wp-json\/wp\/v2\/pages\/6329\/revisions"}],"predecessor-version":[{"id":6337,"href":"http:\/\/daisyladies.fi\/fi\/wp-json\/wp\/v2\/pages\/6329\/revisions\/6337"}],"wp:attachment":[{"href":"http:\/\/daisyladies.fi\/fi\/wp-json\/wp\/v2\/media?parent=6329"}],"curies":[{"name":"wp","href":"https:\/\/api.w.org\/{rel}","templated":true}]}}