{"id":6282,"date":"2026-01-23T08:28:22","date_gmt":"2026-01-23T08:28:22","guid":{"rendered":"http:\/\/daisyladies.fi\/fi\/?page_id=6282"},"modified":"2026-01-23T08:28:22","modified_gmt":"2026-01-23T08:28:22","slug":"tue-toimintaamme","status":"publish","type":"page","link":"http:\/\/daisyladies.fi\/fi\/tue-toimintaamme\/","title":{"rendered":"Tue toimintaamme"},"content":{"rendered":"[vc_row type=&#8221;full_width_background&#8221; full_screen_row_position=&#8221;middle&#8221; bg_color=&#8221;#5bae4b&#8221; scene_position=&#8221;center&#8221; text_color=&#8221;light&#8221; text_align=&#8221;center&#8221; top_padding=&#8221;40&#8243; bottom_padding=&#8221;40&#8243; overlay_strength=&#8221;0.3&#8243;][vc_column column_padding=&#8221;no-extra-padding&#8221; column_padding_position=&#8221;all&#8221; background_color_opacity=&#8221;1&#8243; background_hover_color_opacity=&#8221;1&#8243; width=&#8221;1\/1&#8243; tablet_text_alignment=&#8221;default&#8221; phone_text_alignment=&#8221;default&#8221;][vc_column_text]\n<h1>Tue toimintaamme<\/h1>\n[\/vc_column_text][\/vc_column][\/vc_row][vc_row type=&#8221;in_container&#8221; full_screen_row_position=&#8221;middle&#8221; scene_position=&#8221;center&#8221; text_color=&#8221;dark&#8221; text_align=&#8221;left&#8221; overlay_strength=&#8221;0.3&#8243;][vc_column column_padding=&#8221;no-extra-padding&#8221; column_padding_position=&#8221;all&#8221; background_color_opacity=&#8221;1&#8243; background_hover_color_opacity=&#8221;1&#8243; width=&#8221;1\/1&#8243; tablet_text_alignment=&#8221;default&#8221; phone_text_alignment=&#8221;default&#8221;]<div class=\"divider-wrap\"><div style=\"height: 40px;\" class=\"divider\"><\/div><\/div>[\/vc_column][\/vc_row][vc_row type=&#8221;in_container&#8221; full_screen_row_position=&#8221;middle&#8221; scene_position=&#8221;center&#8221; text_color=&#8221;dark&#8221; text_align=&#8221;left&#8221; overlay_strength=&#8221;0.3&#8243;][vc_column column_padding=&#8221;no-extra-padding&#8221; column_padding_position=&#8221;all&#8221; background_color_opacity=&#8221;1&#8243; background_hover_color_opacity=&#8221;1&#8243; width=&#8221;2\/3&#8243; tablet_text_alignment=&#8221;default&#8221; phone_text_alignment=&#8221;default&#8221;][vc_column_text]<strong>Jos haluat tukea DaisyLadies ry:n toimintaa, onnistuu se monin keinoin!<\/strong><\/p>\n<p>Voit tukea meit\u00e4 maksamalla <a href=\"http:\/\/daisyladies.fi\/fi\/jaseneksi\/\">j\u00e4senmaksun<\/a>, ostamalla lounaan tai muita kahvilatuotteita <a href=\"http:\/\/daisyladies.fi\/fi\/cafedaisy\/\">CafeDaisyst\u00e4<\/a>, tilaamalla meilt\u00e4 <a href=\"http:\/\/daisyladies.fi\/fi\/pitopalvelu\/\">pitopalvelua<\/a> ja ostamalla k\u00e4sity\u00f6tuotteita <a href=\"http:\/\/daisyladies.fi\/fi\/taikapuoti\/\">Taikapuodistamme<\/a>. Meilt\u00e4 voi my\u00f6s ostaa lahjakortteja.<\/p>\n<p>Otamme my\u00f6s vastaan <strong>lahjoituksena<\/strong> esimerkiksi<\/p>\n<ul>\n<li>eteisen mattoja<\/li>\n<li>siivoustarvikkeita (pyykinpesuaineita, astianpesuaineita, astianpesukonetabletteja, puhdistusaineita, siivousliinoja, roskapusseja, j\u00e4tes\u00e4kkej\u00e4 jne.)<\/li>\n<li>toimistotarvikkeita (muovitaskuja, tulostuspaperia, A5-vihkoja, kyni\u00e4, niittikoneita ja niittej\u00e4, klemmareita, taulutusseja, muistitikkuja jne.)<\/li>\n<li>taide-, k\u00e4sity\u00f6- ja askartelutarvikkeita<\/li>\n<li>keitti\u00f6tarvikkeita<\/li>\n<li>kahvia\/teet\u00e4, kuivaruoka- ja s\u00e4ilyketuotteita (jauhot, sokeri, riisi, pasta, mausteet, linssit, pavut jne)<\/li>\n<\/ul>\n<p><strong>Jos sinulla on jotain, mit\u00e4 haluaisit lahjoittaa yhdistyksellemme niin ota yhteytt\u00e4:<\/strong> daisyladies.turku@gmail.com tai puh. 050 326 5064 \/ 050 555 8781<\/p>\n<p>Olemme hyvin kiitollisia kaikesta tuesta, jotta voimme jatkaa ja kehitt\u00e4\u00e4 t\u00e4t\u00e4 arvokasta ty\u00f6t\u00e4 maahanmuuttajanaisten hyv\u00e4ksi![\/vc_column_text]<div class=\"divider-wrap\"><div style=\"margin-top: 15px; height: 1px; margin-bottom: 15px;\" data-width=\"100%\" data-animate=\"\" data-animation-delay=\"\" data-color=\"default\" class=\"divider-border\"><\/div><\/div>[\/vc_column][vc_column boxed=&#8221;true&#8221; column_padding=&#8221;padding-3-percent&#8221; column_padding_position=&#8221;all&#8221; background_color_opacity=&#8221;0.5&#8243; background_hover_color_opacity=&#8221;1&#8243; width=&#8221;1\/3&#8243; tablet_text_alignment=&#8221;default&#8221; phone_text_alignment=&#8221;default&#8221;][vc_column_text]\n<h3 style=\"text-align: center;\">Kiitos tuestasi!<\/h3>\n[\/vc_column_text]<div class=\"divider-wrap\"><div style=\"margin-top: 12px; height: 1px; margin-bottom: 12px;\" data-width=\"100%\" data-animate=\"\" data-animation-delay=\"\" data-color=\"default\" class=\"divider-border\"><\/div><\/div><div class=\"img-with-aniamtion-wrap center\" data-max-width=\"100%\"><div class=\"inner\"><img decoding=\"async\" data-shadow=\"none\" data-shadow-direction=\"middle\" class=\"img-with-animation \" data-delay=\"0\" height=\"100%\" width=\"100%\" data-animation=\"fade-in\" src=\"http:\/\/daisyladies.fi\/fi\/wp-content\/uploads\/2026\/01\/IMG_4581.png\" alt=\"\" \/><\/div><\/div>[\/vc_column][\/vc_row][vc_row type=&#8221;in_container&#8221; full_screen_row_position=&#8221;middle&#8221; scene_position=&#8221;center&#8221; text_color=&#8221;dark&#8221; text_align=&#8221;left&#8221; overlay_strength=&#8221;0.3&#8243;][vc_column column_padding=&#8221;no-extra-padding&#8221; column_padding_position=&#8221;all&#8221; background_color_opacity=&#8221;1&#8243; background_hover_color_opacity=&#8221;1&#8243; width=&#8221;1\/1&#8243; tablet_text_alignment=&#8221;default&#8221; phone_text_alignment=&#8221;default&#8221;]<div class=\"divider-wrap\"><div style=\"height: 100px;\" class=\"divider\"><\/div><\/div>[\/vc_column][\/vc_row]\n","protected":false},"excerpt":{"rendered":"<p>[vc_row type=&#8221;full_width_background&#8221; full_screen_row_position=&#8221;middle&#8221; bg_color=&#8221;#5bae4b&#8221; scene_position=&#8221;center&#8221; text_color=&#8221;light&#8221; text_align=&#8221;center&#8221; top_padding=&#8221;40&#8243; bottom_padding=&#8221;40&#8243; overlay_strength=&#8221;0.3&#8243;][vc_column column_padding=&#8221;no-extra-padding&#8221; column_padding_position=&#8221;all&#8221; background_color_opacity=&#8221;1&#8243; background_hover_color_opacity=&#8221;1&#8243; width=&#8221;1\/1&#8243; tablet_text_alignment=&#8221;default&#8221; phone_text_alignment=&#8221;default&#8221;][vc_column_text] Tue toimintaamme [\/vc_column_text][\/vc_column][\/vc_row][vc_row type=&#8221;in_container&#8221; full_screen_row_position=&#8221;middle&#8221; scene_position=&#8221;center&#8221; text_color=&#8221;dark&#8221; text_align=&#8221;left&#8221; overlay_strength=&#8221;0.3&#8243;][vc_column column_padding=&#8221;no-extra-padding&#8221; column_padding_position=&#8221;all&#8221; background_color_opacity=&#8221;1&#8243; background_hover_color_opacity=&#8221;1&#8243;&#8230;<\/p>\n","protected":false},"author":2,"featured_media":0,"parent":0,"menu_order":0,"comment_status":"closed","ping_status":"closed","template":"","meta":{"om_disable_all_campaigns":false,"footnotes":"","iawp_total_views":19},"_links":{"self":[{"href":"http:\/\/daisyladies.fi\/fi\/wp-json\/wp\/v2\/pages\/6282"}],"collection":[{"href":"http:\/\/daisyladies.fi\/fi\/wp-json\/wp\/v2\/pages"}],"about":[{"href":"http:\/\/daisyladies.fi\/fi\/wp-json\/wp\/v2\/types\/page"}],"author":[{"embeddable":true,"href":"http:\/\/daisyladies.fi\/fi\/wp-json\/wp\/v2\/users\/2"}],"replies":[{"embeddable":true,"href":"http:\/\/daisyladies.fi\/fi\/wp-json\/wp\/v2\/comments?post=6282"}],"version-history":[{"count":1,"href":"http:\/\/daisyladies.fi\/fi\/wp-json\/wp\/v2\/pages\/6282\/revisions"}],"predecessor-version":[{"id":6284,"href":"http:\/\/daisyladies.fi\/fi\/wp-json\/wp\/v2\/pages\/6282\/revisions\/6284"}],"wp:attachment":[{"href":"http:\/\/daisyladies.fi\/fi\/wp-json\/wp\/v2\/media?parent=6282"}],"curies":[{"name":"wp","href":"https:\/\/api.w.org\/{rel}","templated":true}]}}