{"id":6147,"date":"2025-09-11T07:01:52","date_gmt":"2025-09-11T07:01:52","guid":{"rendered":"http:\/\/daisyladies.fi\/fi\/?page_id=6147"},"modified":"2026-02-23T10:54:41","modified_gmt":"2026-02-23T10:54:41","slug":"tyoelamatiedon-kurssi","status":"publish","type":"page","link":"http:\/\/daisyladies.fi\/fi\/tyoelamatiedon-kurssi\/","title":{"rendered":"Ty\u00f6el\u00e4m\u00e4tiedon kurssi"},"content":{"rendered":"[vc_row type=&#8221;full_width_background&#8221; full_screen_row_position=&#8221;middle&#8221; bg_color=&#8221;#5bae4b&#8221; scene_position=&#8221;center&#8221; text_color=&#8221;light&#8221; text_align=&#8221;center&#8221; top_padding=&#8221;40&#8243; bottom_padding=&#8221;40&#8243; overlay_strength=&#8221;0.3&#8243;][vc_column column_padding=&#8221;no-extra-padding&#8221; column_padding_position=&#8221;all&#8221; background_color_opacity=&#8221;1&#8243; background_hover_color_opacity=&#8221;1&#8243; width=&#8221;1\/1&#8243; tablet_text_alignment=&#8221;default&#8221; phone_text_alignment=&#8221;default&#8221;][vc_column_text]\n<h1>Ty\u00f6el\u00e4m\u00e4tiedon kurssi<\/h1>\n[\/vc_column_text][\/vc_column][\/vc_row][vc_row type=&#8221;in_container&#8221; full_screen_row_position=&#8221;middle&#8221; scene_position=&#8221;center&#8221; text_color=&#8221;dark&#8221; text_align=&#8221;left&#8221; overlay_strength=&#8221;0.3&#8243;][vc_column column_padding=&#8221;no-extra-padding&#8221; column_padding_position=&#8221;all&#8221; background_color_opacity=&#8221;1&#8243; background_hover_color_opacity=&#8221;1&#8243; width=&#8221;1\/1&#8243; tablet_text_alignment=&#8221;default&#8221; phone_text_alignment=&#8221;default&#8221;]<div class=\"divider-wrap\"><div style=\"height: 40px;\" class=\"divider\"><\/div><\/div>[\/vc_column][\/vc_row][vc_row type=&#8221;in_container&#8221; full_screen_row_position=&#8221;middle&#8221; scene_position=&#8221;center&#8221; text_color=&#8221;dark&#8221; text_align=&#8221;left&#8221; overlay_strength=&#8221;0.3&#8243;][vc_column column_padding=&#8221;no-extra-padding&#8221; column_padding_position=&#8221;all&#8221; background_color_opacity=&#8221;1&#8243; background_hover_color_opacity=&#8221;1&#8243; width=&#8221;2\/3&#8243; tablet_text_alignment=&#8221;default&#8221; phone_text_alignment=&#8221;default&#8221;][vc_column_text]\n<h2><strong>Ty\u00f6el\u00e4m\u00e4tiedon kurssi<\/strong><\/h2>\n<p>Tarvitsetko apua ty\u00f6nhaussa? Tervetuloa opiskelemaan ty\u00f6el\u00e4m\u00e4tietoja ja -taitoja <strong>joka torstai klo 12:15-15:00<\/strong>. Ty\u00f6el\u00e4m\u00e4tiedon kurssilla harjoitellaan taitoja, joita tarvitset t\u00f6iss\u00e4 ja ty\u00f6nhaussa. K\u00e4ymme l\u00e4pi esimerkiksi ty\u00f6sopimusta, veroasioita, CV:n tekoa, esiintymistaitoja, ty\u00f6haastattelua, ty\u00f6hyvinvointia ja tutustumme eri ammatteihin. Sis\u00e4lt\u00f6 muotoutuu my\u00f6s kurssilaisten tarpeiden mukaan. Kurssi on jatkuva.<\/p>\n<p>Kurssille ei ole kielitaitovaatimusta!<br \/>\nOsoite: Sairashuoneenkatu 1, 20100 Turku<br \/>\nIlmoittaudu mukaan daisyladies.turku@gmail.com tai soittamalla 050 326 5064.<\/p>\n<p><em>Kurssi j\u00e4rjestet\u00e4\u00e4n yhteisty\u00f6ss\u00e4 Linnasm\u00e4en opiston kanssa. Opettajana toimii sosiaaliohjaaja Heidi Laine.<\/em><\/p>\n<p>**<\/p>\n<p><strong>Career Information Course<\/strong><\/p>\n<p>Do you need help with your job search? Welcome to study career information and skills <strong>every Thursday from 12:15 to 3PM<\/strong>. The career information course will practice the skills you need at work and when looking for a job. We will go through, for example, employment contracts, tax issues, CV writing, presentation skills, job interviews, well-being at work and get to know different professions. The content will also be shaped according to the needs of the course participants. The course is ongoing.<\/p>\n<p>There is no language proficiency requirement for the course!<br \/>\nAddress: Sairashuoneenkatu 1, 20100 Turku<br \/>\nRegister at daisyladies.turku@gmail.com or by calling 050 326 5064.<\/p>\n<p><em>The course is organized in collaboration with Linnasm\u00e4ki College. The teacher is social worker Heidi Laine.<\/em>[\/vc_column_text]<div class=\"divider-wrap\"><div style=\"margin-top: 15px; height: 1px; margin-bottom: 15px;\" data-width=\"100%\" data-animate=\"\" data-animation-delay=\"\" data-color=\"default\" class=\"divider-border\"><\/div><\/div>[\/vc_column][vc_column boxed=&#8221;true&#8221; column_padding=&#8221;padding-3-percent&#8221; column_padding_position=&#8221;all&#8221; background_color_opacity=&#8221;0.5&#8243; background_hover_color_opacity=&#8221;1&#8243; width=&#8221;1\/3&#8243; tablet_text_alignment=&#8221;default&#8221; phone_text_alignment=&#8221;default&#8221;][vc_column_text]\n<h3 style=\"text-align: center;\">Yhteisty\u00f6ss\u00e4<\/h3>\n[\/vc_column_text]<div class=\"divider-wrap\"><div style=\"margin-top: 12px; height: 1px; margin-bottom: 12px;\" data-width=\"100%\" data-animate=\"\" data-animation-delay=\"\" data-color=\"default\" class=\"divider-border\"><\/div><\/div><div class=\"img-with-aniamtion-wrap center\" data-max-width=\"100%\"><div class=\"inner\"><img decoding=\"async\" data-shadow=\"none\" data-shadow-direction=\"middle\" class=\"img-with-animation \" data-delay=\"0\" height=\"100%\" width=\"100%\" data-animation=\"fade-in\" src=\"http:\/\/daisyladies.fi\/fi\/wp-content\/uploads\/2024\/01\/LinnasmaenOpisto_logo_punaruskea_1_RGB_pieni.png\" alt=\"\" \/><\/div><\/div><div class=\"divider-wrap\"><div style=\"height: 25px;\" class=\"divider\"><\/div><\/div><div class=\"divider-wrap\"><div style=\"height: 25px;\" class=\"divider\"><\/div><\/div>[vc_column_text]\n<h3 style=\"text-align: center;\">Mainokset:<\/h3>\n[\/vc_column_text]<div class=\"divider-wrap\"><div style=\"margin-top: 12px; height: 1px; margin-bottom: 12px;\" data-width=\"100%\" data-animate=\"\" data-animation-delay=\"\" data-color=\"default\" class=\"divider-border\"><\/div><\/div><div class=\"img-with-aniamtion-wrap center\" data-max-width=\"100%\"><div class=\"inner\"><a href=\"\" class=\"pp center\"><img decoding=\"async\" data-shadow=\"none\" data-shadow-direction=\"middle\" class=\"img-with-animation \" data-delay=\"0\" height=\"100%\" width=\"100%\" data-animation=\"fade-in\" src=\"\" alt=\"\" \/><\/a><\/div><\/div><div class=\"divider-wrap\"><div style=\"height: 25px;\" class=\"divider\"><\/div><\/div><div class=\"img-with-aniamtion-wrap center\" data-max-width=\"100%\"><div class=\"inner\"><a href=\"\" class=\"pp center\"><img decoding=\"async\" data-shadow=\"none\" data-shadow-direction=\"middle\" class=\"img-with-animation \" data-delay=\"0\" height=\"100%\" width=\"100%\" data-animation=\"fade-in\" src=\"\" alt=\"\" \/><\/a><\/div><\/div>[\/vc_column][\/vc_row]\n","protected":false},"excerpt":{"rendered":"<p>[vc_row type=&#8221;full_width_background&#8221; full_screen_row_position=&#8221;middle&#8221; bg_color=&#8221;#5bae4b&#8221; scene_position=&#8221;center&#8221; text_color=&#8221;light&#8221; text_align=&#8221;center&#8221; top_padding=&#8221;40&#8243; bottom_padding=&#8221;40&#8243; overlay_strength=&#8221;0.3&#8243;][vc_column column_padding=&#8221;no-extra-padding&#8221; column_padding_position=&#8221;all&#8221; background_color_opacity=&#8221;1&#8243; background_hover_color_opacity=&#8221;1&#8243; width=&#8221;1\/1&#8243; tablet_text_alignment=&#8221;default&#8221; phone_text_alignment=&#8221;default&#8221;][vc_column_text] Ty\u00f6el\u00e4m\u00e4tiedon kurssi [\/vc_column_text][\/vc_column][\/vc_row][vc_row type=&#8221;in_container&#8221; full_screen_row_position=&#8221;middle&#8221; scene_position=&#8221;center&#8221; text_color=&#8221;dark&#8221; text_align=&#8221;left&#8221; overlay_strength=&#8221;0.3&#8243;][vc_column column_padding=&#8221;no-extra-padding&#8221; column_padding_position=&#8221;all&#8221; background_color_opacity=&#8221;1&#8243; background_hover_color_opacity=&#8221;1&#8243;&#8230;<\/p>\n","protected":false},"author":2,"featured_media":0,"parent":0,"menu_order":0,"comment_status":"closed","ping_status":"closed","template":"","meta":{"om_disable_all_campaigns":false,"footnotes":"","iawp_total_views":107},"_links":{"self":[{"href":"http:\/\/daisyladies.fi\/fi\/wp-json\/wp\/v2\/pages\/6147"}],"collection":[{"href":"http:\/\/daisyladies.fi\/fi\/wp-json\/wp\/v2\/pages"}],"about":[{"href":"http:\/\/daisyladies.fi\/fi\/wp-json\/wp\/v2\/types\/page"}],"author":[{"embeddable":true,"href":"http:\/\/daisyladies.fi\/fi\/wp-json\/wp\/v2\/users\/2"}],"replies":[{"embeddable":true,"href":"http:\/\/daisyladies.fi\/fi\/wp-json\/wp\/v2\/comments?post=6147"}],"version-history":[{"count":6,"href":"http:\/\/daisyladies.fi\/fi\/wp-json\/wp\/v2\/pages\/6147\/revisions"}],"predecessor-version":[{"id":6301,"href":"http:\/\/daisyladies.fi\/fi\/wp-json\/wp\/v2\/pages\/6147\/revisions\/6301"}],"wp:attachment":[{"href":"http:\/\/daisyladies.fi\/fi\/wp-json\/wp\/v2\/media?parent=6147"}],"curies":[{"name":"wp","href":"https:\/\/api.w.org\/{rel}","templated":true}]}}