{"id":5895,"date":"2025-01-31T08:29:18","date_gmt":"2025-01-31T08:29:18","guid":{"rendered":"https:\/\/daisyladies.fi\/fi\/?page_id=5895"},"modified":"2025-05-08T10:26:45","modified_gmt":"2025-05-08T10:26:45","slug":"my-voice-minun-aaneni","status":"publish","type":"page","link":"http:\/\/daisyladies.fi\/fi\/my-voice-minun-aaneni\/","title":{"rendered":"My Voice-Minun \u00e4\u00e4neni"},"content":{"rendered":"[vc_row type=&#8221;full_width_background&#8221; full_screen_row_position=&#8221;middle&#8221; bg_color=&#8221;#5bae4b&#8221; scene_position=&#8221;center&#8221; text_color=&#8221;light&#8221; text_align=&#8221;center&#8221; top_padding=&#8221;40&#8243; bottom_padding=&#8221;40&#8243; overlay_strength=&#8221;0.3&#8243;][vc_column column_padding=&#8221;no-extra-padding&#8221; column_padding_position=&#8221;all&#8221; background_color_opacity=&#8221;1&#8243; background_hover_color_opacity=&#8221;1&#8243; width=&#8221;1\/1&#8243; tablet_text_alignment=&#8221;default&#8221; phone_text_alignment=&#8221;default&#8221;][vc_column_text]\n<h1>My Voice-Minun \u00e4\u00e4neni<\/h1>\n[\/vc_column_text][\/vc_column][\/vc_row][vc_row type=&#8221;in_container&#8221; full_screen_row_position=&#8221;middle&#8221; scene_position=&#8221;center&#8221; text_color=&#8221;dark&#8221; text_align=&#8221;left&#8221; overlay_strength=&#8221;0.3&#8243;][vc_column column_padding=&#8221;no-extra-padding&#8221; column_padding_position=&#8221;all&#8221; background_color_opacity=&#8221;1&#8243; background_hover_color_opacity=&#8221;1&#8243; width=&#8221;1\/1&#8243; tablet_text_alignment=&#8221;default&#8221; phone_text_alignment=&#8221;default&#8221;]<div class=\"divider-wrap\"><div style=\"height: 40px;\" class=\"divider\"><\/div><\/div>[\/vc_column][\/vc_row][vc_row type=&#8221;in_container&#8221; full_screen_row_position=&#8221;middle&#8221; scene_position=&#8221;center&#8221; text_color=&#8221;dark&#8221; text_align=&#8221;left&#8221; overlay_strength=&#8221;0.3&#8243;][vc_column column_padding=&#8221;no-extra-padding&#8221; column_padding_position=&#8221;all&#8221; background_color_opacity=&#8221;1&#8243; background_hover_color_opacity=&#8221;1&#8243; width=&#8221;2\/3&#8243; tablet_text_alignment=&#8221;default&#8221; phone_text_alignment=&#8221;default&#8221;][vc_column_text]DaisyLadies ry sai vuonna 2021 Suomen kulttuurirahastolta apurahan <strong>My Voice \u2013 Minun \u00e4\u00e4neni<\/strong> -hankkeelle. Hanke p\u00e4\u00e4stiin aloittamaan vuoden 2023 syksyll\u00e4 ja se jatkui loppuvuoteen 2024. Hankkeen k\u00e4yt\u00e4nn\u00f6n tavoitteena oli tuottaa \u00e4\u00e4nite, johon erityisesti ulkomaalaistaustaiset ik\u00e4ihmiset ja nuoret tekev\u00e4t musiikkia oman kulttuurinsa musiikillisista juurista innoitusta ammentaen. Kulttuurinen tavoite oli ker\u00e4t\u00e4 ja s\u00e4ilytt\u00e4\u00e4 muualta Suomeen muuttaneiden omaa musiikillista perinnett\u00e4. Projektin t\u00e4rkeimp\u00e4n\u00e4 sosiaalisena ja yhteiskunnallisena tavoitteena oli kohtaamisissa yhdess\u00e4 jaetun oman kulttuurin ja musiikillisen historian kautta vahvistaa ulkomaalaistaustaisten omaa kulttuurista identiteetti\u00e4 ja omanarvontuntua sek\u00e4 parantaa heid\u00e4n mahdollisuuksiaan toimia tasavertaisina toimijoina yhteiskunnassa.<\/p>\n<p>Hankkeessa j\u00e4rjestettiin musiikkitunteja DaisyLadies ry:n tiloissa, joilla k\u00e4ytiin l\u00e4pi mm. musiikin perusteita, eri musiikkia eri kulttuureissa sek\u00e4 musiikkia arjen voimavarana. Osallistujat saivat my\u00f6s kokeilla eri soittimia (ukulele, k\u00e4siperkussiot, piano, kitara). Monelle soittimet olivat aivan uusia, eiv\u00e4tk\u00e4 he olleet koskaan ennen kokeilleet niit\u00e4. Hankkeen aikana tutustuttiin eri musiikin lajeihin my\u00f6s konserttivierailujen muodossa.<\/p>\n<p>Hankkeen aikana tuotettiin musiikkilevy, jonka toteutuksesta vastasi muusikko ja s\u00e4velt\u00e4j\u00e4 Kari M\u00e4kiranta. Hankkeessa eri kulttuureista tulevat henkil\u00f6t saivat mahdollisuuden laulaa omalla kielell\u00e4\u00e4n sek\u00e4 my\u00f6s halutessaan soittaa eri soittov\u00e4lineit\u00e4. Laulua ja soittoa \u00e4\u00e4nitettiin ja lopuksi valittiin 20 erilaista kappaletta, jotka viimeisteltiin musiikkilevyll\u00e4 julkaistavaksi. Laulajat saivat tutustua musiikkilevyn tekemisen eri vaiheisiin ja p\u00e4\u00e4siv\u00e4t tekem\u00e4\u00e4n lopulliset \u00e4\u00e4nitykset oikeaan studioon. Levyll\u00e4 esiintyv\u00e4t esiintyj\u00e4t ovat eri ik\u00e4isi\u00e4 (20-vuotiaasta 70-vuotiaaseen), eri puolilta maailmaa ja hyvin erilaisista l\u00e4ht\u00f6kohdista tulleita mm. Afrikan eri osista, Pakistan, Palestiina, Iran, Afganistan, Kreikka, Bulgaria ja Ukraina. Laulut kaunis yhdistelm\u00e4 kaipausta, surua, rakkautta, toivoa ja iloa. Musiikkilevylle valittuja lauluja esitettiin hankkeen aikana my\u00f6s liven\u00e4 erilaisissa tapahtumissa. Musiikkilevyn rinnalla julkaistiin kirjanen, miss\u00e4 laulajat kertovat itsest\u00e4\u00e4n ja laulamistaan lauluista.<\/p>\n<p>Hankkeen musiikkitoimintaan osallistuneilta saatiin eritt\u00e4in positiivista palautetta musiikin ja laulamisen vaikutuksesta arjen jaksamiseen, osallisuuteen ja sosiaalisiin suhteisiin. Lauluharjoitukset sek\u00e4 erilaisten soittimien kokeilu koettiin hauskaksi ja mielenkiintoiseksi ja monet halusivat jatkaa laulu- ja soittoharjoituksia my\u00f6s kotonakin. Monelle oli my\u00f6s hyvin tunteikas ja ainutkertainen hetki saada kuulla oma, esimerkiksi sukupolvelta toiselle v\u00e4littynyt perinnelaulu ammattilaisen sovittamana ja \u00e4\u00e4nitt\u00e4m\u00e4n\u00e4 ihan oikealla musikkilevyll\u00e4. Hanke oli kaikkiaan eritt\u00e4in onnistunut ja sen tulokset j\u00e4\u00e4v\u00e4t el\u00e4m\u00e4\u00e4n laajalti levitett\u00e4v\u00e4n musiikkilevyn muodossa. Suuret kiitokset kaikille hankkeessa mukana olleille!<\/p>\n<hr \/>\n<p><strong>P\u00e4\u00e4set kuuntelemaan musiikkilevyn t\u00e4\u00e4ll\u00e4:<\/strong> <a href=\"https:\/\/on.soundcloud.com\/KEL5Fn2g4idYtm5U6\">https:\/\/on.soundcloud.com\/KEL5Fn2g4idYtm5U6<\/a><\/p>\n<p><strong><a href=\"http:\/\/daisyladies.fi\/fi\/wp-content\/uploads\/2025\/01\/MyVoice_CD_pahvikotelo_valmis.png\"><img loading=\"lazy\" decoding=\"async\" class=\"wp-image-5904 alignnone\" src=\"http:\/\/daisyladies.fi\/fi\/wp-content\/uploads\/2025\/01\/MyVoice_CD_pahvikotelo_valmis.png\" alt=\"\" width=\"1000\" height=\"500\" \/><\/a><\/strong><\/p>\n<p><strong>Voit lukea hankkeessa julkaistun kirjasen digiversion klikkaamalla kuvaa:<\/strong><\/p>\n<p><a href=\"http:\/\/daisyladies.fi\/fi\/wp-content\/uploads\/2025\/05\/MyVoice_kirjanen_digiversio.pdf\"><strong><img loading=\"lazy\" decoding=\"async\" class=\"alignnone size-full wp-image-5840\" src=\"http:\/\/daisyladies.fi\/fi\/wp-content\/uploads\/2025\/01\/My-Voice-kirjanen_kansi_small2.png\" alt=\"\" width=\"212\" height=\"300\" \/><\/strong><\/a>[\/vc_column_text]<div class=\"divider-wrap\"><div style=\"margin-top: 15px; height: 1px; margin-bottom: 15px;\" data-width=\"100%\" data-animate=\"\" data-animation-delay=\"\" data-color=\"default\" class=\"divider-border\"><\/div><\/div>[\/vc_column][vc_column boxed=&#8221;true&#8221; column_padding=&#8221;padding-3-percent&#8221; column_padding_position=&#8221;all&#8221; background_color_opacity=&#8221;0.5&#8243; background_hover_color_opacity=&#8221;1&#8243; width=&#8221;1\/3&#8243; tablet_text_alignment=&#8221;default&#8221; phone_text_alignment=&#8221;default&#8221;][vc_column_text]\n<h3 style=\"text-align: center;\">Yhteisty\u00f6ss\u00e4<\/h3>\n[\/vc_column_text]<div class=\"divider-wrap\"><div style=\"margin-top: 12px; height: 1px; margin-bottom: 12px;\" data-width=\"100%\" data-animate=\"\" data-animation-delay=\"\" data-color=\"default\" class=\"divider-border\"><\/div><\/div><div class=\"img-with-aniamtion-wrap center\" data-max-width=\"100%\"><div class=\"inner\"><img decoding=\"async\" data-shadow=\"none\" data-shadow-direction=\"middle\" class=\"img-with-animation \" data-delay=\"0\" height=\"100%\" width=\"100%\" data-animation=\"fade-in\" src=\"http:\/\/daisyladies.fi\/fi\/wp-content\/uploads\/2024\/11\/images.png\" alt=\"\" \/><\/div><\/div><div class=\"divider-wrap\"><div style=\"height: 25px;\" class=\"divider\"><\/div><\/div><div class=\"divider-wrap\"><div style=\"height: 25px;\" class=\"divider\"><\/div><\/div>[vc_column_text]<em>Olen hyvin kiitollinen ett\u00e4 olen saanut el\u00e4\u00e4<\/em><br \/>\n<em>ja olla mukana tekem\u00e4ss\u00e4 My Voice &#8211; albumia.<\/em><br \/>\n<em>Pid\u00e4n t\u00e4t\u00e4 hyvin t\u00e4rke\u00e4n\u00e4, arvokkaana kokemuksena<\/em><br \/>\n<em>ja moni\u00e4\u00e4nisyyden riemuna.<\/em><br \/>\n<em>Ilon ja liikutuksen kyyneli\u00e4,<\/em><br \/>\n<em>tunnetilojen t\u00e4ytt\u00e4m\u00e4\u00e4<\/em><br \/>\n<em>rikasta kirjoa.<\/em><br \/>\n<em>Musiikki kuuluu kaikille!<\/em><br \/>\n<em>&#8211; Rakkaudella Kari M\u00e4kiranta<\/em><\/p>\n<p><img loading=\"lazy\" decoding=\"async\" class=\"alignnone wp-image-5900\" src=\"http:\/\/daisyladies.fi\/fi\/wp-content\/uploads\/2025\/01\/WhatsApp-Image-2024-12-20-at-11.24.06.jpeg\" alt=\"\" width=\"300\" height=\"404\" \/>[\/vc_column_text][\/vc_column][\/vc_row][vc_row type=&#8221;in_container&#8221; full_screen_row_position=&#8221;middle&#8221; scene_position=&#8221;center&#8221; text_color=&#8221;dark&#8221; text_align=&#8221;left&#8221; overlay_strength=&#8221;0.3&#8243;][vc_column column_padding=&#8221;no-extra-padding&#8221; column_padding_position=&#8221;all&#8221; background_color_opacity=&#8221;1&#8243; background_hover_color_opacity=&#8221;1&#8243; width=&#8221;1\/1&#8243; tablet_text_alignment=&#8221;default&#8221; phone_text_alignment=&#8221;default&#8221;]<div class=\"divider-wrap\"><div style=\"height: 100px;\" class=\"divider\"><\/div><\/div>[\/vc_column][\/vc_row]\n","protected":false},"excerpt":{"rendered":"<p>[vc_row type=&#8221;full_width_background&#8221; full_screen_row_position=&#8221;middle&#8221; bg_color=&#8221;#5bae4b&#8221; scene_position=&#8221;center&#8221; text_color=&#8221;light&#8221; text_align=&#8221;center&#8221; top_padding=&#8221;40&#8243; bottom_padding=&#8221;40&#8243; overlay_strength=&#8221;0.3&#8243;][vc_column column_padding=&#8221;no-extra-padding&#8221; column_padding_position=&#8221;all&#8221; background_color_opacity=&#8221;1&#8243; background_hover_color_opacity=&#8221;1&#8243; width=&#8221;1\/1&#8243; tablet_text_alignment=&#8221;default&#8221; phone_text_alignment=&#8221;default&#8221;][vc_column_text] My Voice-Minun \u00e4\u00e4neni [\/vc_column_text][\/vc_column][\/vc_row][vc_row type=&#8221;in_container&#8221; full_screen_row_position=&#8221;middle&#8221; scene_position=&#8221;center&#8221; text_color=&#8221;dark&#8221; text_align=&#8221;left&#8221; overlay_strength=&#8221;0.3&#8243;][vc_column column_padding=&#8221;no-extra-padding&#8221; column_padding_position=&#8221;all&#8221; background_color_opacity=&#8221;1&#8243;&#8230;<\/p>\n","protected":false},"author":2,"featured_media":5904,"parent":0,"menu_order":0,"comment_status":"closed","ping_status":"closed","template":"","meta":{"om_disable_all_campaigns":false,"footnotes":"","iawp_total_views":166},"_links":{"self":[{"href":"http:\/\/daisyladies.fi\/fi\/wp-json\/wp\/v2\/pages\/5895"}],"collection":[{"href":"http:\/\/daisyladies.fi\/fi\/wp-json\/wp\/v2\/pages"}],"about":[{"href":"http:\/\/daisyladies.fi\/fi\/wp-json\/wp\/v2\/types\/page"}],"author":[{"embeddable":true,"href":"http:\/\/daisyladies.fi\/fi\/wp-json\/wp\/v2\/users\/2"}],"replies":[{"embeddable":true,"href":"http:\/\/daisyladies.fi\/fi\/wp-json\/wp\/v2\/comments?post=5895"}],"version-history":[{"count":15,"href":"http:\/\/daisyladies.fi\/fi\/wp-json\/wp\/v2\/pages\/5895\/revisions"}],"predecessor-version":[{"id":6038,"href":"http:\/\/daisyladies.fi\/fi\/wp-json\/wp\/v2\/pages\/5895\/revisions\/6038"}],"wp:featuredmedia":[{"embeddable":true,"href":"http:\/\/daisyladies.fi\/fi\/wp-json\/wp\/v2\/media\/5904"}],"wp:attachment":[{"href":"http:\/\/daisyladies.fi\/fi\/wp-json\/wp\/v2\/media?parent=5895"}],"curies":[{"name":"wp","href":"https:\/\/api.w.org\/{rel}","templated":true}]}}