{"id":5877,"date":"2025-01-30T08:44:20","date_gmt":"2025-01-30T08:44:20","guid":{"rendered":"http:\/\/daisyladies.fi\/fi\/?page_id=5877"},"modified":"2025-03-18T12:28:18","modified_gmt":"2025-03-18T12:28:18","slug":"taidehanke","status":"publish","type":"page","link":"http:\/\/daisyladies.fi\/fi\/taidehanke\/","title":{"rendered":"Taidehanke"},"content":{"rendered":"[vc_row type=&#8221;full_width_background&#8221; full_screen_row_position=&#8221;middle&#8221; bg_color=&#8221;#5bae4b&#8221; scene_position=&#8221;center&#8221; text_color=&#8221;light&#8221; text_align=&#8221;center&#8221; top_padding=&#8221;40&#8243; bottom_padding=&#8221;40&#8243; overlay_strength=&#8221;0.3&#8243;][vc_column column_padding=&#8221;no-extra-padding&#8221; column_padding_position=&#8221;all&#8221; background_color_opacity=&#8221;1&#8243; background_hover_color_opacity=&#8221;1&#8243; width=&#8221;1\/1&#8243; tablet_text_alignment=&#8221;default&#8221; phone_text_alignment=&#8221;default&#8221;][vc_column_text]\n<h1>Taidehanke 2024-2025<\/h1>\n[\/vc_column_text][\/vc_column][\/vc_row][vc_row type=&#8221;in_container&#8221; full_screen_row_position=&#8221;middle&#8221; scene_position=&#8221;center&#8221; text_color=&#8221;dark&#8221; text_align=&#8221;left&#8221; overlay_strength=&#8221;0.3&#8243;][vc_column column_padding=&#8221;no-extra-padding&#8221; column_padding_position=&#8221;all&#8221; background_color_opacity=&#8221;1&#8243; background_hover_color_opacity=&#8221;1&#8243; width=&#8221;1\/1&#8243; tablet_text_alignment=&#8221;default&#8221; phone_text_alignment=&#8221;default&#8221;]<div class=\"divider-wrap\"><div style=\"height: 40px;\" class=\"divider\"><\/div><\/div>[\/vc_column][\/vc_row][vc_row type=&#8221;in_container&#8221; full_screen_row_position=&#8221;middle&#8221; scene_position=&#8221;center&#8221; text_color=&#8221;dark&#8221; text_align=&#8221;left&#8221; overlay_strength=&#8221;0.3&#8243;][vc_column column_padding=&#8221;no-extra-padding&#8221; column_padding_position=&#8221;all&#8221; background_color_opacity=&#8221;1&#8243; background_hover_color_opacity=&#8221;1&#8243; width=&#8221;2\/3&#8243; tablet_text_alignment=&#8221;default&#8221; phone_text_alignment=&#8221;default&#8221;][vc_column_text]\n<p style=\"text-align: justify;\">DaisyLadies sai Taiteen edist\u00e4miskeskukselta vuonna 2024 avustuksen taidehankkeen toteuttamiseksi. Hankkeen toiminta alkoi syksyll\u00e4 2024 ja jatkuu vuoden 2025 loppuun. Hankkeen tarkoituksena on <strong>maahanmuuttajanaisten itsetuntemuksen, kulttuurisen osaamisen ja integraation tukeminen taiteen keinoin<\/strong>.<\/p>\n<p style=\"text-align: justify;\">Hankkeen kautta vahvistetaan naisen kokemusta itsest\u00e4\u00e4n visuaalisin keinoin ja autetaan ymm\u00e4rt\u00e4m\u00e4\u00e4n omia juuria, sek\u00e4 suomalaista yhteiskuntaa. Hanke kehitt\u00e4\u00e4 visuaalista ilmaisua ja auttaa kohtaamaan vaikeita aiheita (esimerkiksi sotatraumoja). Hanke rakentaa yhteyksi\u00e4 naisten oman, alkuper\u00e4isen kulttuurin ja suomalaisen kulttuurin v\u00e4lille. T\u00e4ss\u00e4 apuna k\u00e4ytet\u00e4\u00e4n k\u00e4sit\u00f6it\u00e4 ja kuvataiteita. My\u00f6s naisten omaa k\u00e4sity\u00f6taustaa hy\u00f6dynnet\u00e4\u00e4n opetuksessa. Naisille tarjotaan mahdollisuus tutustua oman kulttuurin taustoihin, tarinoihin, taiteeseen ja ilmaisuun my\u00f6s musiikin ja tanssin kautta. Naisia kannustetaan nauttimaan my\u00f6s suomalaisesta taiteesta esimerkiksi museovierailujen kautta.<\/p>\n<p style=\"text-align: justify;\"><strong>Hankkeen tavoittet:<\/strong><br \/>\n1. Edist\u00e4\u00e4 naisten ymm\u00e4rryst\u00e4 eri taiteen muotoihin<br \/>\n2. Yhdist\u00e4\u00e4 naisten alkuper\u00e4iskulttuuri t\u00e4m\u00e4n hetken suomalaiseen kulttuuriin<br \/>\n3. Integraation helpottaminen yhteiskunnallisen ymm\u00e4rryksen kautta<\/p>\n<p style=\"text-align: justify;\">Hankkeen aikana j\u00e4rjestet\u00e4\u00e4n taiden\u00e4yttelyit\u00e4 hankkeen aikana tuotetusta taiteesta.<\/p>\n<p><img loading=\"lazy\" decoding=\"async\" class=\"aligncenter wp-image-5889\" src=\"http:\/\/daisyladies.fi\/fi\/wp-content\/uploads\/2025\/01\/IMG-20240826-WA0004.jpg\" alt=\"\" width=\"1500\" height=\"942\" \/><\/p>\n<hr \/>\n<div class=\"wpb_text_column wpb_content_element \">\n<div class=\"wpb_wrapper\">\n<p><strong>Lis\u00e4tiedot: <\/strong><strong>DaisyLadies ry\/toimisto puh. 0503265064, daisyladies.turku@gmail.com<\/strong><\/p>\n<\/div>\n<\/div>\n[\/vc_column_text]<div class=\"divider-wrap\"><div style=\"margin-top: 15px; height: 1px; margin-bottom: 15px;\" data-width=\"100%\" data-animate=\"\" data-animation-delay=\"\" data-color=\"default\" class=\"divider-border\"><\/div><\/div>[\/vc_column][vc_column boxed=&#8221;true&#8221; column_padding=&#8221;padding-3-percent&#8221; column_padding_position=&#8221;all&#8221; background_color_opacity=&#8221;0.5&#8243; background_hover_color_opacity=&#8221;1&#8243; width=&#8221;1\/3&#8243; tablet_text_alignment=&#8221;default&#8221; phone_text_alignment=&#8221;default&#8221;][vc_column_text]\n<h3 style=\"text-align: center;\">Yhteisty\u00f6ss\u00e4<\/h3>\n[\/vc_column_text]<div class=\"divider-wrap\"><div style=\"margin-top: 12px; height: 1px; margin-bottom: 12px;\" data-width=\"100%\" data-animate=\"\" data-animation-delay=\"\" data-color=\"default\" class=\"divider-border\"><\/div><\/div><div class=\"img-with-aniamtion-wrap center\" data-max-width=\"100%\"><div class=\"inner\"><img decoding=\"async\" data-shadow=\"none\" data-shadow-direction=\"middle\" class=\"img-with-animation \" data-delay=\"0\" height=\"100%\" width=\"100%\" data-animation=\"fade-in\" src=\"http:\/\/daisyladies.fi\/fi\/wp-content\/uploads\/2025\/01\/taike_pysty_v2.png\" alt=\"\" \/><\/div><\/div>[\/vc_column][\/vc_row][vc_row type=&#8221;in_container&#8221; full_screen_row_position=&#8221;middle&#8221; scene_position=&#8221;center&#8221; text_color=&#8221;dark&#8221; text_align=&#8221;left&#8221; overlay_strength=&#8221;0.3&#8243;][vc_column column_padding=&#8221;no-extra-padding&#8221; column_padding_position=&#8221;all&#8221; background_color_opacity=&#8221;1&#8243; background_hover_color_opacity=&#8221;1&#8243; width=&#8221;1\/1&#8243; tablet_text_alignment=&#8221;default&#8221; phone_text_alignment=&#8221;default&#8221;]<div class=\"divider-wrap\"><div style=\"height: 100px;\" class=\"divider\"><\/div><\/div>[\/vc_column][\/vc_row]\n","protected":false},"excerpt":{"rendered":"<p>[vc_row type=&#8221;full_width_background&#8221; full_screen_row_position=&#8221;middle&#8221; bg_color=&#8221;#5bae4b&#8221; scene_position=&#8221;center&#8221; text_color=&#8221;light&#8221; text_align=&#8221;center&#8221; top_padding=&#8221;40&#8243; bottom_padding=&#8221;40&#8243; overlay_strength=&#8221;0.3&#8243;][vc_column column_padding=&#8221;no-extra-padding&#8221; column_padding_position=&#8221;all&#8221; background_color_opacity=&#8221;1&#8243; background_hover_color_opacity=&#8221;1&#8243; width=&#8221;1\/1&#8243; tablet_text_alignment=&#8221;default&#8221; phone_text_alignment=&#8221;default&#8221;][vc_column_text] Taidehanke 2024-2025 [\/vc_column_text][\/vc_column][\/vc_row][vc_row type=&#8221;in_container&#8221; full_screen_row_position=&#8221;middle&#8221; scene_position=&#8221;center&#8221; text_color=&#8221;dark&#8221; text_align=&#8221;left&#8221; overlay_strength=&#8221;0.3&#8243;][vc_column column_padding=&#8221;no-extra-padding&#8221; column_padding_position=&#8221;all&#8221; background_color_opacity=&#8221;1&#8243; background_hover_color_opacity=&#8221;1&#8243;&#8230;<\/p>\n","protected":false},"author":2,"featured_media":0,"parent":0,"menu_order":0,"comment_status":"closed","ping_status":"closed","template":"","meta":{"om_disable_all_campaigns":false,"footnotes":"","iawp_total_views":95},"_links":{"self":[{"href":"http:\/\/daisyladies.fi\/fi\/wp-json\/wp\/v2\/pages\/5877"}],"collection":[{"href":"http:\/\/daisyladies.fi\/fi\/wp-json\/wp\/v2\/pages"}],"about":[{"href":"http:\/\/daisyladies.fi\/fi\/wp-json\/wp\/v2\/types\/page"}],"author":[{"embeddable":true,"href":"http:\/\/daisyladies.fi\/fi\/wp-json\/wp\/v2\/users\/2"}],"replies":[{"embeddable":true,"href":"http:\/\/daisyladies.fi\/fi\/wp-json\/wp\/v2\/comments?post=5877"}],"version-history":[{"count":7,"href":"http:\/\/daisyladies.fi\/fi\/wp-json\/wp\/v2\/pages\/5877\/revisions"}],"predecessor-version":[{"id":5983,"href":"http:\/\/daisyladies.fi\/fi\/wp-json\/wp\/v2\/pages\/5877\/revisions\/5983"}],"wp:attachment":[{"href":"http:\/\/daisyladies.fi\/fi\/wp-json\/wp\/v2\/media?parent=5877"}],"curies":[{"name":"wp","href":"https:\/\/api.w.org\/{rel}","templated":true}]}}