{"id":5479,"date":"2023-12-07T12:21:04","date_gmt":"2023-12-07T12:21:04","guid":{"rendered":"http:\/\/daisyladies.fi\/fi\/?page_id=5479"},"modified":"2023-12-07T13:11:33","modified_gmt":"2023-12-07T13:11:33","slug":"yhdessa-naisten-hyvaksi","status":"publish","type":"page","link":"http:\/\/daisyladies.fi\/fi\/yhdessa-naisten-hyvaksi\/","title":{"rendered":"Yhdess\u00e4 naisten hyv\u00e4ksi"},"content":{"rendered":"[vc_row type=&#8221;full_width_background&#8221; full_screen_row_position=&#8221;middle&#8221; bg_color=&#8221;#eaa4ba&#8221; scene_position=&#8221;center&#8221; text_color=&#8221;light&#8221; text_align=&#8221;center&#8221; top_padding=&#8221;40&#8243; bottom_padding=&#8221;40&#8243; overlay_strength=&#8221;0.3&#8243;][vc_column column_padding=&#8221;no-extra-padding&#8221; column_padding_position=&#8221;all&#8221; background_color_opacity=&#8221;1&#8243; background_hover_color_opacity=&#8221;1&#8243; width=&#8221;1\/1&#8243; tablet_text_alignment=&#8221;default&#8221; phone_text_alignment=&#8221;default&#8221;][vc_column_text]\n<h1>Yhdess\u00e4 naisten hyv\u00e4ksi<\/h1>\n[\/vc_column_text][\/vc_column][\/vc_row][vc_row type=&#8221;in_container&#8221; full_screen_row_position=&#8221;middle&#8221; scene_position=&#8221;center&#8221; text_color=&#8221;dark&#8221; text_align=&#8221;left&#8221; overlay_strength=&#8221;0.3&#8243;][vc_column column_padding=&#8221;no-extra-padding&#8221; column_padding_position=&#8221;all&#8221; background_color_opacity=&#8221;1&#8243; background_hover_color_opacity=&#8221;1&#8243; width=&#8221;1\/1&#8243; tablet_text_alignment=&#8221;default&#8221; phone_text_alignment=&#8221;default&#8221;]<div class=\"divider-wrap\"><div style=\"height: 40px;\" class=\"divider\"><\/div><\/div>[\/vc_column][\/vc_row][vc_row type=&#8221;in_container&#8221; full_screen_row_position=&#8221;middle&#8221; scene_position=&#8221;center&#8221; text_color=&#8221;dark&#8221; text_align=&#8221;left&#8221; overlay_strength=&#8221;0.3&#8243;][vc_column column_padding=&#8221;no-extra-padding&#8221; column_padding_position=&#8221;all&#8221; background_color_opacity=&#8221;1&#8243; background_hover_color_opacity=&#8221;1&#8243; width=&#8221;2\/3&#8243; tablet_text_alignment=&#8221;default&#8221; phone_text_alignment=&#8221;default&#8221;][vc_column_text]\n<h2>Haaste naisj\u00e4rjest\u00f6ille ja naisty\u00f6t\u00e4 tekeville<\/h2>\n<p>DaisyLadies ry yhdess\u00e4 V-S NYTKIS ry:n kanssa haastaa kaikki <strong>NAISJ\u00c4RJEST\u00d6T<\/strong> ja <strong>NAISTY\u00d6T\u00c4<\/strong> tekev\u00e4t tahot nostamaan esiin erityisesti naisty\u00f6h\u00f6n kohdistuvia ep\u00e4kohtia.<\/p>\n<p><strong>Haasteen ohjeistus:<\/strong><\/p>\n<p>1. Nosta esiin naisten\/tytt\u00f6jen arkiel\u00e4m\u00e4\u00e4n, hyvinvointiin, asemaan, oikeuksiin jne liittyv\u00e4 ajankohtainen ep\u00e4kohta<br \/>\n2. Kerro mit\u00e4 tulisi tehd\u00e4 asian parantamiseksi?<br \/>\n3. Tee t\u00e4st\u00e4 julkaisu jollekin sosiaalisen median kanavalle (Facebook, X, Instagram, Tiktok jne)<br \/>\n4. K\u00e4yt\u00e4 hashtagia <strong>#Yhdess\u00e4NaistenHyv\u00e4ksi #Yhdess\u00e4NaistenHyv\u00e4ksiHaaste<\/strong><br \/>\n5. T\u00e4g\u00e4\u00e4 DaisyLadies ry mukaan tai ilmoita meille muuta kautta ett\u00e4 haasteeseen on osallistuttu<br \/>\n6. Haasta mukaan toinen naisj\u00e4rjest\u00f6 tai naisty\u00f6t\u00e4 tekev\u00e4 taho!<\/p>\n<p>Haaste starttaa 24.11.2023 ja<strong> jatkuu 31.3.2024 saakka<\/strong>. Haasteen tavoitteena on saada laajasti julkisuutta naisten arkiel\u00e4m\u00e4\u00e4n, hyvinvointiin, asemaan, oikeuksiin jne. liittyville ep\u00e4kohdille. Huhtikuussa 2024 haaste-kampanjan aikana esiin nousseet asiat ker\u00e4t\u00e4\u00e4n yhteen ja vied\u00e4\u00e4n eteenp\u00e4in Eduskunnan naisasioita hoitaville tahoille ja vaaditaan heilt\u00e4 vastausta sek\u00e4 toimenpiteit\u00e4.<\/p>\n<p>Haasteen aikana ker\u00e4ttyj\u00e4 ep\u00e4kohtia tullaan viem\u00e4\u00e4n my\u00f6s kaupunkien ja kuntien p\u00e4\u00e4tt\u00e4jien tietoon.<\/p>\n<p>&nbsp;<\/p>\n<p><a href=\"http:\/\/daisyladies.fi\/fi\/wp-content\/uploads\/2023\/12\/3.png\"><img loading=\"lazy\" decoding=\"async\" class=\"aligncenter wp-image-5485 size-full\" src=\"http:\/\/daisyladies.fi\/fi\/wp-content\/uploads\/2023\/12\/3.png\" alt=\"\" width=\"940\" height=\"788\" srcset=\"http:\/\/daisyladies.fi\/fi\/wp-content\/uploads\/2023\/12\/3.png 940w, http:\/\/daisyladies.fi\/fi\/wp-content\/uploads\/2023\/12\/3-300x251.png 300w, http:\/\/daisyladies.fi\/fi\/wp-content\/uploads\/2023\/12\/3-768x644.png 768w\" sizes=\"(max-width: 940px) 100vw, 940px\" \/><\/a><\/p>\n<p><a href=\"http:\/\/daisyladies.fi\/fi\/wp-content\/uploads\/2023\/12\/4.png\"><img loading=\"lazy\" decoding=\"async\" class=\"aligncenter wp-image-5486 size-full\" src=\"http:\/\/daisyladies.fi\/fi\/wp-content\/uploads\/2023\/12\/4.png\" alt=\"\" width=\"940\" height=\"788\" srcset=\"http:\/\/daisyladies.fi\/fi\/wp-content\/uploads\/2023\/12\/4.png 940w, http:\/\/daisyladies.fi\/fi\/wp-content\/uploads\/2023\/12\/4-300x251.png 300w, http:\/\/daisyladies.fi\/fi\/wp-content\/uploads\/2023\/12\/4-768x644.png 768w\" sizes=\"(max-width: 940px) 100vw, 940px\" \/><\/a><\/p>\n<p><a href=\"http:\/\/daisyladies.fi\/fi\/wp-content\/uploads\/2023\/12\/5.png\"><img loading=\"lazy\" decoding=\"async\" class=\"aligncenter wp-image-5487 size-full\" src=\"http:\/\/daisyladies.fi\/fi\/wp-content\/uploads\/2023\/12\/5.png\" alt=\"\" width=\"940\" height=\"788\" srcset=\"http:\/\/daisyladies.fi\/fi\/wp-content\/uploads\/2023\/12\/5.png 940w, http:\/\/daisyladies.fi\/fi\/wp-content\/uploads\/2023\/12\/5-300x251.png 300w, http:\/\/daisyladies.fi\/fi\/wp-content\/uploads\/2023\/12\/5-768x644.png 768w\" sizes=\"(max-width: 940px) 100vw, 940px\" \/><\/a><\/p>\n<p><a href=\"http:\/\/daisyladies.fi\/fi\/wp-content\/uploads\/2023\/12\/Yhdess\u00e4NaistenHyv\u00e4ksi-Yhdess\u00e4NaistenHyv\u00e4ksiHaaste.png\"><img loading=\"lazy\" decoding=\"async\" class=\"aligncenter wp-image-5490 size-large\" src=\"http:\/\/daisyladies.fi\/fi\/wp-content\/uploads\/2023\/12\/Yhdess\u00e4NaistenHyv\u00e4ksi-Yhdess\u00e4NaistenHyv\u00e4ksiHaaste-576x1024.png\" alt=\"\" width=\"576\" height=\"1024\" srcset=\"http:\/\/daisyladies.fi\/fi\/wp-content\/uploads\/2023\/12\/Yhdess\u00e4NaistenHyv\u00e4ksi-Yhdess\u00e4NaistenHyv\u00e4ksiHaaste-576x1024.png 576w, http:\/\/daisyladies.fi\/fi\/wp-content\/uploads\/2023\/12\/Yhdess\u00e4NaistenHyv\u00e4ksi-Yhdess\u00e4NaistenHyv\u00e4ksiHaaste-169x300.png 169w, http:\/\/daisyladies.fi\/fi\/wp-content\/uploads\/2023\/12\/Yhdess\u00e4NaistenHyv\u00e4ksi-Yhdess\u00e4NaistenHyv\u00e4ksiHaaste-768x1365.png 768w, http:\/\/daisyladies.fi\/fi\/wp-content\/uploads\/2023\/12\/Yhdess\u00e4NaistenHyv\u00e4ksi-Yhdess\u00e4NaistenHyv\u00e4ksiHaaste.png 1080w\" sizes=\"(max-width: 576px) 100vw, 576px\" \/><\/a>[\/vc_column_text]<div class=\"divider-wrap\"><div style=\"margin-top: 15px; height: 1px; margin-bottom: 15px;\" data-width=\"100%\" data-animate=\"\" data-animation-delay=\"\" data-color=\"default\" class=\"divider-border\"><\/div><\/div>[\/vc_column][vc_column boxed=&#8221;true&#8221; column_padding=&#8221;padding-3-percent&#8221; column_padding_position=&#8221;all&#8221; background_color_opacity=&#8221;0.5&#8243; background_hover_color_opacity=&#8221;1&#8243; width=&#8221;1\/3&#8243; tablet_text_alignment=&#8221;default&#8221; phone_text_alignment=&#8221;default&#8221;][vc_column_text]\n<h3 style=\"text-align: center;\">Yhteisty\u00f6ss\u00e4<\/h3>\n[\/vc_column_text]<div class=\"divider-wrap\"><div style=\"margin-top: 12px; height: 1px; margin-bottom: 12px;\" data-width=\"100%\" data-animate=\"\" data-animation-delay=\"\" data-color=\"default\" class=\"divider-border\"><\/div><\/div><div class=\"img-with-aniamtion-wrap center\" data-max-width=\"100%\"><div class=\"inner\"><img decoding=\"async\" data-shadow=\"none\" data-shadow-direction=\"middle\" class=\"img-with-animation \" data-delay=\"0\" height=\"100%\" width=\"100%\" data-animation=\"fade-in\" src=\"http:\/\/daisyladies.fi\/fi\/wp-content\/uploads\/2020\/03\/uuslogo.png\" alt=\"\" \/><\/div><\/div><div class=\"img-with-aniamtion-wrap center\" data-max-width=\"100%\"><div class=\"inner\"><img decoding=\"async\" data-shadow=\"none\" data-shadow-direction=\"middle\" class=\"img-with-animation \" data-delay=\"0\" height=\"100%\" width=\"100%\" data-animation=\"fade-in\" src=\"http:\/\/daisyladies.fi\/fi\/wp-content\/uploads\/2023\/12\/nytkis-logo.png\" alt=\"\" \/><\/div><\/div>[\/vc_column][\/vc_row][vc_row type=&#8221;in_container&#8221; full_screen_row_position=&#8221;middle&#8221; scene_position=&#8221;center&#8221; text_color=&#8221;dark&#8221; text_align=&#8221;left&#8221; overlay_strength=&#8221;0.3&#8243;][vc_column column_padding=&#8221;no-extra-padding&#8221; column_padding_position=&#8221;all&#8221; background_color_opacity=&#8221;1&#8243; background_hover_color_opacity=&#8221;1&#8243; width=&#8221;1\/1&#8243; tablet_text_alignment=&#8221;default&#8221; phone_text_alignment=&#8221;default&#8221;]<div class=\"divider-wrap\"><div style=\"height: 100px;\" class=\"divider\"><\/div><\/div>[\/vc_column][\/vc_row]\n","protected":false},"excerpt":{"rendered":"<p>[vc_row type=&#8221;full_width_background&#8221; full_screen_row_position=&#8221;middle&#8221; bg_color=&#8221;#eaa4ba&#8221; scene_position=&#8221;center&#8221; text_color=&#8221;light&#8221; text_align=&#8221;center&#8221; top_padding=&#8221;40&#8243; bottom_padding=&#8221;40&#8243; overlay_strength=&#8221;0.3&#8243;][vc_column column_padding=&#8221;no-extra-padding&#8221; column_padding_position=&#8221;all&#8221; background_color_opacity=&#8221;1&#8243; background_hover_color_opacity=&#8221;1&#8243; width=&#8221;1\/1&#8243; tablet_text_alignment=&#8221;default&#8221; phone_text_alignment=&#8221;default&#8221;][vc_column_text] Yhdess\u00e4 naisten hyv\u00e4ksi [\/vc_column_text][\/vc_column][\/vc_row][vc_row type=&#8221;in_container&#8221; full_screen_row_position=&#8221;middle&#8221; scene_position=&#8221;center&#8221; text_color=&#8221;dark&#8221; text_align=&#8221;left&#8221; overlay_strength=&#8221;0.3&#8243;][vc_column column_padding=&#8221;no-extra-padding&#8221; column_padding_position=&#8221;all&#8221; background_color_opacity=&#8221;1&#8243;&#8230;<\/p>\n","protected":false},"author":2,"featured_media":0,"parent":0,"menu_order":0,"comment_status":"closed","ping_status":"closed","template":"","meta":{"om_disable_all_campaigns":false,"footnotes":"","iawp_total_views":352},"_links":{"self":[{"href":"http:\/\/daisyladies.fi\/fi\/wp-json\/wp\/v2\/pages\/5479"}],"collection":[{"href":"http:\/\/daisyladies.fi\/fi\/wp-json\/wp\/v2\/pages"}],"about":[{"href":"http:\/\/daisyladies.fi\/fi\/wp-json\/wp\/v2\/types\/page"}],"author":[{"embeddable":true,"href":"http:\/\/daisyladies.fi\/fi\/wp-json\/wp\/v2\/users\/2"}],"replies":[{"embeddable":true,"href":"http:\/\/daisyladies.fi\/fi\/wp-json\/wp\/v2\/comments?post=5479"}],"version-history":[{"count":7,"href":"http:\/\/daisyladies.fi\/fi\/wp-json\/wp\/v2\/pages\/5479\/revisions"}],"predecessor-version":[{"id":5488,"href":"http:\/\/daisyladies.fi\/fi\/wp-json\/wp\/v2\/pages\/5479\/revisions\/5488"}],"wp:attachment":[{"href":"http:\/\/daisyladies.fi\/fi\/wp-json\/wp\/v2\/media?parent=5479"}],"curies":[{"name":"wp","href":"https:\/\/api.w.org\/{rel}","templated":true}]}}