{"id":5279,"date":"2022-12-14T09:19:02","date_gmt":"2022-12-14T09:19:02","guid":{"rendered":"http:\/\/daisyladies.fi\/fi\/?page_id=5279"},"modified":"2025-02-26T11:00:52","modified_gmt":"2025-02-26T11:00:52","slug":"kuka-mina-olen","status":"publish","type":"page","link":"http:\/\/daisyladies.fi\/fi\/kuka-mina-olen\/","title":{"rendered":"Kuka min\u00e4 olen"},"content":{"rendered":"[vc_row type=&#8221;full_width_background&#8221; full_screen_row_position=&#8221;middle&#8221; bg_color=&#8221;#5bae4b&#8221; scene_position=&#8221;center&#8221; text_color=&#8221;light&#8221; text_align=&#8221;center&#8221; top_padding=&#8221;40&#8243; bottom_padding=&#8221;40&#8243; overlay_strength=&#8221;0.3&#8243;][vc_column column_padding=&#8221;no-extra-padding&#8221; column_padding_position=&#8221;all&#8221; background_color_opacity=&#8221;1&#8243; background_hover_color_opacity=&#8221;1&#8243; width=&#8221;1\/1&#8243; tablet_text_alignment=&#8221;default&#8221; phone_text_alignment=&#8221;default&#8221;][vc_column_text]\n<h1>Kuka min\u00e4 olen? -hanke<\/h1>\n[\/vc_column_text][\/vc_column][\/vc_row][vc_row type=&#8221;in_container&#8221; full_screen_row_position=&#8221;middle&#8221; scene_position=&#8221;center&#8221; text_color=&#8221;dark&#8221; text_align=&#8221;left&#8221; overlay_strength=&#8221;0.3&#8243;][vc_column column_padding=&#8221;no-extra-padding&#8221; column_padding_position=&#8221;all&#8221; background_color_opacity=&#8221;1&#8243; background_hover_color_opacity=&#8221;1&#8243; width=&#8221;1\/1&#8243; tablet_text_alignment=&#8221;default&#8221; phone_text_alignment=&#8221;default&#8221;]<div class=\"divider-wrap\"><div style=\"height: 40px;\" class=\"divider\"><\/div><\/div>[\/vc_column][\/vc_row][vc_row type=&#8221;in_container&#8221; full_screen_row_position=&#8221;middle&#8221; scene_position=&#8221;center&#8221; text_color=&#8221;dark&#8221; text_align=&#8221;left&#8221; overlay_strength=&#8221;0.3&#8243;][vc_column column_padding=&#8221;no-extra-padding&#8221; column_padding_position=&#8221;all&#8221; background_color_opacity=&#8221;1&#8243; background_hover_color_opacity=&#8221;1&#8243; width=&#8221;2\/3&#8243; tablet_text_alignment=&#8221;default&#8221; phone_text_alignment=&#8221;default&#8221;][vc_column_text]<strong>Kuka min\u00e4 olen?<\/strong> on uusi DaisyLadies ry:n hanke, jonka kautta sukelletaan ihmisen minuuden juurille. Hankkeessa naiset p\u00e4\u00e4sev\u00e4t kertomaan oman el\u00e4m\u00e4ntarinansa, muistelemaan lapsuuttaan ja nuoruuttaan, jakamaan kokemuksia ja samalla saamaan uusia yst\u00e4vi\u00e4, sek\u00e4 esimerkiksi vertaistukea. Hankkeen toiminta on suunnattu ensisijaisesti 60+ vuotiaille mutta kaikki toiminnasta kiinnostuneet ovat tervetulleita mukaan.<\/p>\n<p>Hanke starttasi syksyll\u00e4 2022 ja jatkui vuoteen 2024. Syksyll\u00e4 2022 aloitettiin yksil\u00f6haastattelut ja sen lis\u00e4ksi ryhm\u00e4keskustelut. Erityisesti ryhm\u00e4keskustelut ovat olleet naisille t\u00e4rkeit\u00e4 keinoja jakaa omia kokemuksia ja muistoja ja se on toiminut upeana tapana my\u00f6s ryhm\u00e4yty\u00e4. Naisten muistellessa lapsuudenkodin lattioita, on k\u00e4yty paljon keskusteluja esimerkiksi siit\u00e4, miksi suomessa kodeissa on vain yksi keitti\u00f6, kun arabinaiset ovat tottuneet siihen, ett\u00e4 kodit ovat isoja ja keitti\u00f6it\u00e4 v\u00e4hint\u00e4\u00e4n kaksi. Kulttuurien erot, mutta my\u00f6s yhtenev\u00e4isyydet ovat nousseet hienosti esiin. Somalinaiset ovat muistelleet lapsuuden leikkej\u00e4 ja arabinaiset kertoneet, ett\u00e4 heill\u00e4 on leikitty samoja leikkej\u00e4, mutta vain eri nimell\u00e4 ja laululla.<\/p>\n<p>Osa hanketta tarinoiden ker\u00e4\u00e4misen ohella on taide ja luominen. Hankkeeseen osallistuvat naiset luovat itse taidetilkun, jonka tekniikkaa ei ole m\u00e4\u00e4ritelty. Yhdelle tilkku voi tarkoittaa mosaiikista luotua taideteosta, toiselle virkattua iso\u00e4idinneli\u00f6t\u00e4. Hankkeen lopuksi julkaistaan tarinoista koottu kirja. Kirjan kuvituksena k\u00e4ytet\u00e4\u00e4n piirustuksia ja naisten vanhoja valokuvia, mik\u00e4li niit\u00e4 on s\u00e4\u00e4stynyt kotimaasta. Painetun kirjan lis\u00e4ksi kirja tuotetaan \u00e4\u00e4nikirjaksi, jotta mahdollisimman moni saa kuulla naisten tarinat. \u00c4\u00e4nikirjassa tarinat luetaan naisten omalla \u00e4idinkielell\u00e4, sek\u00e4 suomeksi.<\/p>\n<p>Koska puhuminen voi nostaa esiin vahvojakin traumataustoja, on t\u00e4rke\u00e4\u00e4 ett\u00e4 jokaiselle naiselle annetaan mahdollisuus puhua paitsi ryhm\u00e4ss\u00e4, my\u00f6s kahden kesken. Jokaiselle varataan oma aika haastattelulle, mutta naisten on my\u00f6s mahdollisuus itse halutessaan tulla puhumaan ja kertomaan historiastaan. Yksil\u00f6haastatteluissa voidaan puhua yleisesti tai keskitty\u00e4 johonkin tiettyyn aiheeseen.<\/p>\n<p><em>Hankkeelle on saatu rahoitus Turun kaupungin ideakilpailussa 2022. Hanke rahoitetaan Turun kaupungille luovutettujen kuolinpesien ja sosiaalirahaston tuotoista.<\/em><\/p>\n<p><strong>Lis\u00e4tiedot ja ilmoittautumiset mukaan toimintaan:<\/strong>\u00a0daisyladies.turku@gmail.com tai puh. 050 326 5064<\/p>\n<p><img loading=\"lazy\" decoding=\"async\" class=\"alignnone wp-image-3521 size-full\" src=\"http:\/\/daisyladies.fi\/fi\/wp-content\/uploads\/2017\/12\/Kynttil\u00e4.jpg\" alt=\"\" width=\"480\" height=\"319\" srcset=\"http:\/\/daisyladies.fi\/fi\/wp-content\/uploads\/2017\/12\/Kynttil\u00e4.jpg 480w, http:\/\/daisyladies.fi\/fi\/wp-content\/uploads\/2017\/12\/Kynttil\u00e4-300x199.jpg 300w\" sizes=\"(max-width: 480px) 100vw, 480px\" \/>[\/vc_column_text][\/vc_column][vc_column boxed=&#8221;true&#8221; column_padding=&#8221;padding-3-percent&#8221; column_padding_position=&#8221;all&#8221; background_color_opacity=&#8221;0.5&#8243; background_hover_color_opacity=&#8221;1&#8243; width=&#8221;1\/3&#8243; tablet_text_alignment=&#8221;default&#8221; phone_text_alignment=&#8221;default&#8221;][vc_column_text]\n<h3 style=\"text-align: center;\">Yhteisty\u00f6ss\u00e4<\/h3>\n[\/vc_column_text]<div class=\"divider-wrap\"><div style=\"margin-top: 12px; height: 1px; margin-bottom: 12px;\" data-width=\"100%\" data-animate=\"\" data-animation-delay=\"\" data-color=\"default\" class=\"divider-border\"><\/div><\/div><div class=\"img-with-aniamtion-wrap center\" data-max-width=\"100%\"><div class=\"inner\"><img decoding=\"async\" data-shadow=\"none\" data-shadow-direction=\"middle\" class=\"img-with-animation \" data-delay=\"0\" height=\"100%\" width=\"100%\" data-animation=\"fade-in\" src=\"http:\/\/daisyladies.fi\/fi\/wp-content\/uploads\/2014\/05\/logos_city_of_turku.png\" alt=\"\" \/><\/div><\/div>[\/vc_column][\/vc_row][vc_row type=&#8221;in_container&#8221; full_screen_row_position=&#8221;middle&#8221; scene_position=&#8221;center&#8221; text_color=&#8221;dark&#8221; text_align=&#8221;left&#8221; overlay_strength=&#8221;0.3&#8243;][vc_column column_padding=&#8221;no-extra-padding&#8221; column_padding_position=&#8221;all&#8221; background_color_opacity=&#8221;1&#8243; background_hover_color_opacity=&#8221;1&#8243; width=&#8221;1\/1&#8243; tablet_text_alignment=&#8221;default&#8221; phone_text_alignment=&#8221;default&#8221;]<div class=\"divider-wrap\"><div style=\"height: 100px;\" class=\"divider\"><\/div><\/div>[\/vc_column][\/vc_row]\n","protected":false},"excerpt":{"rendered":"<p>[vc_row type=&#8221;full_width_background&#8221; full_screen_row_position=&#8221;middle&#8221; bg_color=&#8221;#5bae4b&#8221; scene_position=&#8221;center&#8221; text_color=&#8221;light&#8221; text_align=&#8221;center&#8221; top_padding=&#8221;40&#8243; bottom_padding=&#8221;40&#8243; overlay_strength=&#8221;0.3&#8243;][vc_column column_padding=&#8221;no-extra-padding&#8221; column_padding_position=&#8221;all&#8221; background_color_opacity=&#8221;1&#8243; background_hover_color_opacity=&#8221;1&#8243; width=&#8221;1\/1&#8243; tablet_text_alignment=&#8221;default&#8221; phone_text_alignment=&#8221;default&#8221;][vc_column_text] Kuka min\u00e4 olen? -hanke [\/vc_column_text][\/vc_column][\/vc_row][vc_row type=&#8221;in_container&#8221; full_screen_row_position=&#8221;middle&#8221; scene_position=&#8221;center&#8221; text_color=&#8221;dark&#8221; text_align=&#8221;left&#8221; overlay_strength=&#8221;0.3&#8243;][vc_column column_padding=&#8221;no-extra-padding&#8221; column_padding_position=&#8221;all&#8221;&#8230;<\/p>\n","protected":false},"author":2,"featured_media":0,"parent":0,"menu_order":0,"comment_status":"closed","ping_status":"closed","template":"","meta":{"om_disable_all_campaigns":false,"footnotes":"","iawp_total_views":181},"_links":{"self":[{"href":"http:\/\/daisyladies.fi\/fi\/wp-json\/wp\/v2\/pages\/5279"}],"collection":[{"href":"http:\/\/daisyladies.fi\/fi\/wp-json\/wp\/v2\/pages"}],"about":[{"href":"http:\/\/daisyladies.fi\/fi\/wp-json\/wp\/v2\/types\/page"}],"author":[{"embeddable":true,"href":"http:\/\/daisyladies.fi\/fi\/wp-json\/wp\/v2\/users\/2"}],"replies":[{"embeddable":true,"href":"http:\/\/daisyladies.fi\/fi\/wp-json\/wp\/v2\/comments?post=5279"}],"version-history":[{"count":6,"href":"http:\/\/daisyladies.fi\/fi\/wp-json\/wp\/v2\/pages\/5279\/revisions"}],"predecessor-version":[{"id":5956,"href":"http:\/\/daisyladies.fi\/fi\/wp-json\/wp\/v2\/pages\/5279\/revisions\/5956"}],"wp:attachment":[{"href":"http:\/\/daisyladies.fi\/fi\/wp-json\/wp\/v2\/media?parent=5279"}],"curies":[{"name":"wp","href":"https:\/\/api.w.org\/{rel}","templated":true}]}}