{"id":5202,"date":"2022-08-10T12:21:26","date_gmt":"2022-08-10T12:21:26","guid":{"rendered":"http:\/\/daisyladies.fi\/fi\/?page_id=5202"},"modified":"2026-02-23T10:52:05","modified_gmt":"2026-02-23T10:52:05","slug":"kielikurssit","status":"publish","type":"page","link":"http:\/\/daisyladies.fi\/fi\/kielikurssit\/","title":{"rendered":"Kielikurssit"},"content":{"rendered":"[vc_row type=&#8221;full_width_background&#8221; full_screen_row_position=&#8221;middle&#8221; bg_color=&#8221;#5bae4b&#8221; scene_position=&#8221;center&#8221; text_color=&#8221;light&#8221; text_align=&#8221;center&#8221; top_padding=&#8221;40&#8243; bottom_padding=&#8221;40&#8243; overlay_strength=&#8221;0.3&#8243;][vc_column column_padding=&#8221;no-extra-padding&#8221; column_padding_position=&#8221;all&#8221; background_color_opacity=&#8221;1&#8243; background_hover_color_opacity=&#8221;1&#8243; width=&#8221;1\/1&#8243; tablet_text_alignment=&#8221;default&#8221; phone_text_alignment=&#8221;default&#8221;][vc_column_text]\n<h1>Kielikurssit \/ Language courses<\/h1>\n[\/vc_column_text][\/vc_column][\/vc_row][vc_row type=&#8221;in_container&#8221; full_screen_row_position=&#8221;middle&#8221; scene_position=&#8221;center&#8221; text_color=&#8221;dark&#8221; text_align=&#8221;left&#8221; overlay_strength=&#8221;0.3&#8243;][vc_column column_padding=&#8221;no-extra-padding&#8221; column_padding_position=&#8221;all&#8221; background_color_opacity=&#8221;1&#8243; background_hover_color_opacity=&#8221;1&#8243; width=&#8221;1\/1&#8243; tablet_text_alignment=&#8221;default&#8221; phone_text_alignment=&#8221;default&#8221;]<div class=\"divider-wrap\"><div style=\"height: 40px;\" class=\"divider\"><\/div><\/div>[\/vc_column][\/vc_row][vc_row type=&#8221;in_container&#8221; full_screen_row_position=&#8221;middle&#8221; scene_position=&#8221;center&#8221; text_color=&#8221;dark&#8221; text_align=&#8221;left&#8221; overlay_strength=&#8221;0.3&#8243;][vc_column column_padding=&#8221;no-extra-padding&#8221; column_padding_position=&#8221;all&#8221; background_color_opacity=&#8221;1&#8243; background_hover_color_opacity=&#8221;1&#8243; width=&#8221;2\/3&#8243; tablet_text_alignment=&#8221;default&#8221; phone_text_alignment=&#8221;default&#8221;][vc_column_text]<strong>DaisyLadies ry:n kielikurssit ovat ilmaisia ja niihin voi tulla mukaan milloin vain, jos kurssilla vain on tilaa. Kurssit on suunnattu naisille. Huom! Kurssille ei voi osallistua lapsen kanssa.<\/strong><\/p>\n<p><strong>Our language courses are free and you can join them at any time, as long as there is space in the course. The courses are aimed at women. Please note: You cannot participate in the course with a child.<\/strong><\/p>\n<p><strong>\u041d\u0430\u0448\u0456 \u043c\u043e\u0432\u043d\u0456 \u043a\u0443\u0440\u0441\u0438 \u0431\u0435\u0437\u043a\u043e\u0448\u0442\u043e\u0432\u043d\u0456, \u0456 \u0432\u0438 \u043c\u043e\u0436\u0435\u0442\u0435 \u043f\u0440\u0438\u0454\u0434\u043d\u0430\u0442\u0438\u0441\u044f \u0434\u043e \u043d\u0438\u0445 \u0431\u0443\u0434\u044c-\u043a\u043e\u043b\u0438. \u041a\u0443\u0440\u0441\u0438 \u043f\u0440\u0438\u0437\u043d\u0430\u0447\u0435\u043d\u0456 \u0434\u043b\u044f \u0436\u0456\u043d\u043e\u043a. \u0417\u0432\u0435\u0440\u043d\u0456\u0442\u044c \u0443\u0432\u0430\u0433\u0443: \u0432\u0438 \u043d\u0435 \u043c\u043e\u0436\u0435\u0442\u0435 \u0431\u0440\u0430\u0442\u0438 \u0443\u0447\u0430\u0441\u0442\u044c \u0443 \u043a\u0443\u0440\u0441\u0456 \u0437 \u0434\u0438\u0442\u0438\u043d\u043e\u044e.<\/strong><\/p>\n<p>&nbsp;<\/p>\n<h2><strong>Suomen kielen kurssi\u00a0<\/strong><\/h2>\n<p>Kurssilla vahvistetaan suomen kielen taitoa lukemalla, kirjoittamalla ja puhumalla. Kurssille ovat tervetulleita vasta kielen opiskelun aloittaneet sek\u00e4 sit\u00e4 jo v\u00e4h\u00e4n osaavat. Kielt\u00e4 opiskellaan <strong>maanantaista torstaihin klo 9:00-15:00 ja perjantaina klo 9:00-14:00<\/strong>. Kurssi on jatkuva.<\/p>\n<p>Kurssille ei ole kielitaitovaatimusta!<br \/>\nOsoite: Sairashuoneenkatu 1, 20100 Turku<br \/>\nIlmoittaudu mukaan: daisyladies.turku@gmail.com tai soittamalla 050 326 5064.<\/p>\n<p>HUOM! Suomen kielen luokkahuoneopetus tapahtuu aamuisin klo 9.00\u201311.30. Sitten on lounastauko klo 11.30-12.15 ja 12.15-15.00 meill\u00e4 on erilaisia \u200b\u200baktiviteetteja (luentoja, uraohjausta, ty\u00f6pajatoimintaa jne.). Opetamme suomea kaikissa aktiviteeteissamme. <strong>Osallistujilta edellyt\u00e4mme sitoutumista olemaan paikalla koko p\u00e4iv\u00e4n toiminnan ajan.<\/strong><\/p>\n<p>**<\/p>\n<p><strong>Finnish language course\u00a0<\/strong><\/p>\n<p>The course strengthens Finnish language skills by reading, writing and speaking. Those who have just started studying the language and those who already know it a little are welcome to the course.\u00a0The language is studied from <strong>Monday to Thursday from 9:00 to 15:00 and on Friday from 9:00 to 14:00.<\/strong> The course is continuous.<\/p>\n<p>No required language level!<br \/>\nAddress: Sairashuoneenkatu 1, 20100 Turku<br \/>\nContact us at daisyladies.turku@gmail.com or call 050 326 5064 if you would like to join in.<\/p>\n<p>NOTE! Classroom style studying of the Finnish language happens in the morning from 9:00 to 11:30. Then we have lunch break 11:30-12:15 and 12:15-15:00 we have different kinds of activities (lectures, career guidance, workshop activities, etc.). We teach Finnish in all our activities. <strong>We require participants to commit to being present throughout the day&#8217;s activities.<\/strong><\/p>\n<p>&nbsp;<\/p>\n<hr \/>\n<h2><strong>Ukrainalaisille naisille suunnattu suomen kielen opetus<\/strong><\/h2>\n<p>Oppitunneilla vahvistetaan suomen kielen taitoa lukemalla, kirjoittamalla ja puhumalla. Opetusta on <strong>joka arkip\u00e4iv\u00e4: maanantaisin klo 10:30-12:00, tiistaista perjantaihin klo 10:00-11:30 ja torstaisin my\u00f6s klo 12:15-13:45<\/strong><strong>.<\/strong> Opettajina toimivat DaisyLadies ry:n ty\u00f6ntekij\u00e4t ja Turun seudun senioriopettajat ry:n vapaaehtoiset. Kurssi ovat jatkuva.<\/p>\n<p>Kurssille ei ole kielitaitovaatimusta!<br \/>\nOsoite: Sairashuoneenkatu 1, 20100 Turku<br \/>\nIlmoittaudu mukaan: daisyladies.turku@gmail.com tai soittamalla 050 326 5064.<\/p>\n<p>**<\/p>\n<p><strong>Finnish language lessons for Ukrainian women<\/strong><\/p>\n<p>The lessons strengthen Finnish language skills by reading, writing and speaking. Lessons are held <strong>every weekday: On Mondays at 10:30-12:00, From Tuesday to Friday at 10:00-11:30 and also on Thursdays at 12:15-13:45<\/strong><strong>. <\/strong>Teachers are DaisyLadies employees and volunteers from Turku region senior teachers&#8217; association. The course is ongoing.<\/p>\n<p>No required language level!<br \/>\nAddress: Sairashuoneenkatu 1, 20100 Turku<br \/>\nContact us at daisyladies.turku@gmail.com or call 050 326 5064 if you would like to join in.<\/p>\n<p>**<\/p>\n<p><strong>\u0423\u0440\u043e\u043a\u0438 \u0444\u0456\u043d\u0441\u044c\u043a\u043e\u0457 \u043c\u043e\u0432\u0438 \u0434\u043b\u044f \u0443\u043a\u0440\u0430\u0457\u043d\u0441\u044c\u043a\u0438\u0445 \u0436\u0456\u043d\u043e\u043a<\/strong><\/p>\n<p>\u0423\u0440\u043e\u043a\u0438 \u0437\u043c\u0456\u0446\u043d\u044e\u044e\u0442\u044c \u043d\u0430\u0432\u0438\u0447\u043a\u0438 \u0444\u0456\u043d\u0441\u044c\u043a\u043e\u0457 \u043c\u043e\u0432\u0438 \u0448\u043b\u044f\u0445\u043e\u043c \u0447\u0438\u0442\u0430\u043d\u043d\u044f, \u043f\u0438\u0441\u044c\u043c\u0430 \u0442\u0430 \u0433\u043e\u0432\u043e\u0440\u0456\u043d\u043d\u044f. \u0417\u0430\u043d\u044f\u0442\u0442\u044f \u043f\u0440\u043e\u0432\u043e\u0434\u044f\u0442\u044c\u0441\u044f \u0449\u043e\u0434\u043d\u044f \u0443 \u0431\u0443\u0434\u043d\u0456: <strong>\u043f\u043e\u043d\u0435\u0434\u0456\u043b\u043e\u043a \u0437 10:30 \u0434\u043e 12:00, \u0432\u0456\u0432\u0442\u043e\u0440\u043e\u043a-\u043f&#8217;\u044f\u0442\u043d\u0438\u0446\u044f \u0437 10:00 \u0434\u043e 11:30 \u0442\u0430 \u0447\u0435\u0442\u0432\u0435\u0440 \u0437 12:15 \u0434\u043e 13:45.<\/strong>\u00a0\u0412\u0438\u043a\u043b\u0430\u0434\u0430\u0447\u0430\u043c\u0438 \u0454 \u0441\u043f\u0456\u0432\u0440\u043e\u0431\u0456\u0442\u043d\u0438\u0446\u0456 DaisyLadies \u0442\u0430 \u0432\u043e\u043b\u043e\u043d\u0442\u0435\u0440\u0438 \u0437 \u0430\u0441\u043e\u0446\u0456\u0430\u0446\u0456\u0457 \u0441\u0442\u0430\u0440\u0448\u0438\u0445 \u0432\u0447\u0438\u0442\u0435\u043b\u0456\u0432 \u0440\u0435\u0433\u0456\u043e\u043d\u0443 \u0422\u0443\u0440\u043a\u0443. \u041a\u0443\u0440\u0441\u0438 \u0442\u0440\u0438\u0432\u0430\u044e\u0442\u044c \u043f\u043e\u0441\u0442\u0456\u0439\u043d\u043e.<\/p>\n<p>\u0420\u0456\u0432\u0435\u043d\u044c \u0432\u043e\u043b\u043e\u0434\u0456\u043d\u043d\u044f \u043c\u043e\u0432\u043e\u044e \u043d\u0435 \u043f\u043e\u0442\u0440\u0456\u0431\u0435\u043d!<\/p>\n<p>\u0410\u0434\u0440\u0435\u0441\u0430: Sairashuoneenkatu 1, 20100 \u0422\u0443\u0440\u043a\u0443<br \/>\n\u0417\u0432&#8217;\u044f\u0436\u0456\u0442\u044c\u0441\u044f \u0437 \u043d\u0430\u043c\u0438 \u0437\u0430 \u0430\u0434\u0440\u0435\u0441\u043e\u044e daisyladies.turku@gmail.com \u0430\u0431\u043e \u0437\u0430\u0442\u0435\u043b\u0435\u0444\u043e\u043d\u0443\u0439\u0442\u0435 \u0437\u0430 \u043d\u043e\u043c\u0435\u0440\u043e\u043c 050 326 5064, \u044f\u043a\u0449\u043e \u0432\u0438 \u0445\u043e\u0447\u0435\u0442\u0435 \u0434\u043e\u043b\u0443\u0447\u0438\u0442\u0438\u0441\u044f.<\/p>\n<p>&nbsp;<\/p>\n<hr \/>\n<h2><strong>Englannin kurssi<\/strong><\/h2>\n<p>Joka <strong>keskiviikko klo 12.15-13.45<\/strong> DaisyLadies ry:n tiloissa, Sairashuoneenkatu 1, 20100 Turku. Kurssi on jatkuva ja soveltuu parhaiten niille, joilla on jo v\u00e4h\u00e4n englannin osaamista. Kurssilla opiskellaan englannin kielen puhumista, kirjoittamista, sanastoa ja kielioppia.<\/p>\n<p>Lis\u00e4tiedot ja tiedustelut: puh. 050 326 5064 tai daisyladies.turku@gmail.com<\/p>\n<p>**<\/p>\n<p><strong>English course<\/strong><\/p>\n<p><strong>Every Wednesday from 12:15 to 13:45<\/strong> at the premises of DaisyLadies association, Linnankatu 41, 20100 Turku. The course is continuous and is best suited for those who already have a little knowledge of English language. The course covers speaking, writing, vocabulary and grammar of the English language.<\/p>\n<p>Additional information and inquiries: tel. 050 326 5064 or daisyladies.turku@gmail.com<\/p>\n<p><img loading=\"lazy\" decoding=\"async\" class=\"alignnone size-full wp-image-6131\" src=\"http:\/\/daisyladies.fi\/fi\/wp-content\/uploads\/2025\/09\/englannin-kurssi-2025-syksy.png\" alt=\"\" width=\"1414\" height=\"2000\" \/>[\/vc_column_text][\/vc_column][vc_column boxed=&#8221;true&#8221; column_padding=&#8221;padding-3-percent&#8221; column_padding_position=&#8221;all&#8221; background_color_opacity=&#8221;0.5&#8243; background_hover_color_opacity=&#8221;1&#8243; width=&#8221;1\/3&#8243; tablet_text_alignment=&#8221;default&#8221; phone_text_alignment=&#8221;default&#8221;][vc_column_text]\n<h3 style=\"text-align: center;\">Yhteisty\u00f6ss\u00e4:<\/h3>\n[\/vc_column_text]<div class=\"divider-wrap\"><div style=\"margin-top: 12px; height: 1px; margin-bottom: 12px;\" data-width=\"100%\" data-animate=\"\" data-animation-delay=\"\" data-color=\"default\" class=\"divider-border\"><\/div><\/div><div class=\"img-with-aniamtion-wrap center\" data-max-width=\"100%\"><div class=\"inner\"><img decoding=\"async\" data-shadow=\"none\" data-shadow-direction=\"middle\" class=\"img-with-animation \" data-delay=\"0\" height=\"100%\" width=\"100%\" data-animation=\"fade-in\" src=\"http:\/\/daisyladies.fi\/fi\/wp-content\/uploads\/2024\/01\/LinnasmaenOpisto_logo_punaruskea_1_RGB_pieni.png\" alt=\"\" \/><\/div><\/div><div class=\"img-with-aniamtion-wrap center\" data-max-width=\"100%\"><div class=\"inner\"><img decoding=\"async\" data-shadow=\"none\" data-shadow-direction=\"middle\" class=\"img-with-animation \" data-delay=\"0\" height=\"100%\" width=\"100%\" data-animation=\"fade-in\" src=\"http:\/\/daisyladies.fi\/fi\/wp-content\/uploads\/2024\/09\/tsso-logo-teksti-150x160-1.jpg\" alt=\"\" \/><\/div><\/div><div class=\"divider-wrap\"><div style=\"height: 25px;\" class=\"divider\"><\/div><\/div><div class=\"divider-wrap\"><div style=\"height: 25px;\" class=\"divider\"><\/div><\/div>[vc_column_text]\n<h3 style=\"text-align: center;\">Mainokset:<\/h3>\n[\/vc_column_text]<div class=\"divider-wrap\"><div style=\"margin-top: 12px; height: 1px; margin-bottom: 12px;\" data-width=\"100%\" data-animate=\"\" data-animation-delay=\"\" data-color=\"default\" class=\"divider-border\"><\/div><\/div><div class=\"img-with-aniamtion-wrap \" data-max-width=\"100%\"><div class=\"inner\"><a href=\"http:\/\/daisyladies.fi\/fi\/wp-content\/uploads\/2025\/09\/yleisesite-2025-etu.png\" class=\"pp \"><img decoding=\"async\" data-shadow=\"none\" data-shadow-direction=\"middle\" class=\"img-with-animation \" data-delay=\"0\" height=\"100%\" width=\"100%\" data-animation=\"fade-in\" src=\"http:\/\/daisyladies.fi\/fi\/wp-content\/uploads\/2025\/09\/yleisesite-2025-etu.png\" alt=\"\" \/><\/a><\/div><\/div><div class=\"img-with-aniamtion-wrap \" data-max-width=\"100%\"><div class=\"inner\"><a href=\"http:\/\/daisyladies.fi\/fi\/wp-content\/uploads\/2026\/01\/ukrainalaisten-suomen-kielen-kurssi-kevat-2026.jpg\" class=\"pp \"><img decoding=\"async\" data-shadow=\"none\" data-shadow-direction=\"middle\" class=\"img-with-animation \" data-delay=\"0\" height=\"100%\" width=\"100%\" data-animation=\"fade-in\" src=\"http:\/\/daisyladies.fi\/fi\/wp-content\/uploads\/2026\/01\/ukrainalaisten-suomen-kielen-kurssi-kevat-2026.jpg\" alt=\"\" \/><\/a><\/div><\/div>[\/vc_column][\/vc_row][vc_row type=&#8221;in_container&#8221; full_screen_row_position=&#8221;middle&#8221; scene_position=&#8221;center&#8221; text_color=&#8221;dark&#8221; text_align=&#8221;left&#8221; overlay_strength=&#8221;0.3&#8243;][vc_column column_padding=&#8221;no-extra-padding&#8221; column_padding_position=&#8221;all&#8221; background_color_opacity=&#8221;1&#8243; background_hover_color_opacity=&#8221;1&#8243; width=&#8221;1\/1&#8243; tablet_text_alignment=&#8221;default&#8221; phone_text_alignment=&#8221;default&#8221;]<div class=\"divider-wrap\"><div style=\"height: 100px;\" class=\"divider\"><\/div><\/div>[\/vc_column][\/vc_row]\n","protected":false},"excerpt":{"rendered":"<p>[vc_row type=&#8221;full_width_background&#8221; full_screen_row_position=&#8221;middle&#8221; bg_color=&#8221;#5bae4b&#8221; scene_position=&#8221;center&#8221; text_color=&#8221;light&#8221; text_align=&#8221;center&#8221; top_padding=&#8221;40&#8243; bottom_padding=&#8221;40&#8243; overlay_strength=&#8221;0.3&#8243;][vc_column column_padding=&#8221;no-extra-padding&#8221; column_padding_position=&#8221;all&#8221; background_color_opacity=&#8221;1&#8243; background_hover_color_opacity=&#8221;1&#8243; width=&#8221;1\/1&#8243; tablet_text_alignment=&#8221;default&#8221; phone_text_alignment=&#8221;default&#8221;][vc_column_text] Kielikurssit \/ Language courses [\/vc_column_text][\/vc_column][\/vc_row][vc_row type=&#8221;in_container&#8221; full_screen_row_position=&#8221;middle&#8221; scene_position=&#8221;center&#8221; text_color=&#8221;dark&#8221; text_align=&#8221;left&#8221; overlay_strength=&#8221;0.3&#8243;][vc_column column_padding=&#8221;no-extra-padding&#8221; column_padding_position=&#8221;all&#8221;&#8230;<\/p>\n","protected":false},"author":2,"featured_media":0,"parent":0,"menu_order":0,"comment_status":"closed","ping_status":"closed","template":"","meta":{"om_disable_all_campaigns":false,"footnotes":"","iawp_total_views":3157},"_links":{"self":[{"href":"http:\/\/daisyladies.fi\/fi\/wp-json\/wp\/v2\/pages\/5202"}],"collection":[{"href":"http:\/\/daisyladies.fi\/fi\/wp-json\/wp\/v2\/pages"}],"about":[{"href":"http:\/\/daisyladies.fi\/fi\/wp-json\/wp\/v2\/types\/page"}],"author":[{"embeddable":true,"href":"http:\/\/daisyladies.fi\/fi\/wp-json\/wp\/v2\/users\/2"}],"replies":[{"embeddable":true,"href":"http:\/\/daisyladies.fi\/fi\/wp-json\/wp\/v2\/comments?post=5202"}],"version-history":[{"count":48,"href":"http:\/\/daisyladies.fi\/fi\/wp-json\/wp\/v2\/pages\/5202\/revisions"}],"predecessor-version":[{"id":6299,"href":"http:\/\/daisyladies.fi\/fi\/wp-json\/wp\/v2\/pages\/5202\/revisions\/6299"}],"wp:attachment":[{"href":"http:\/\/daisyladies.fi\/fi\/wp-json\/wp\/v2\/media?parent=5202"}],"curies":[{"name":"wp","href":"https:\/\/api.w.org\/{rel}","templated":true}]}}