{"id":5121,"date":"2022-03-09T10:03:58","date_gmt":"2022-03-09T10:03:58","guid":{"rendered":"http:\/\/daisyladies.fi\/fi\/?page_id=5121"},"modified":"2022-03-09T10:03:58","modified_gmt":"2022-03-09T10:03:58","slug":"daisyhope","status":"publish","type":"page","link":"http:\/\/daisyladies.fi\/fi\/daisyhope\/","title":{"rendered":"DaisyHOPE"},"content":{"rendered":"[vc_row type=&#8221;full_width_background&#8221; full_screen_row_position=&#8221;middle&#8221; bg_color=&#8221;#5bae4b&#8221; scene_position=&#8221;center&#8221; text_color=&#8221;light&#8221; text_align=&#8221;center&#8221; top_padding=&#8221;40&#8243; bottom_padding=&#8221;40&#8243; overlay_strength=&#8221;0.3&#8243;][vc_column column_padding=&#8221;no-extra-padding&#8221; column_padding_position=&#8221;all&#8221; background_color_opacity=&#8221;1&#8243; background_hover_color_opacity=&#8221;1&#8243; width=&#8221;1\/1&#8243; tablet_text_alignment=&#8221;default&#8221; phone_text_alignment=&#8221;default&#8221;][vc_column_text]\n<h1>DaisyHOPE -hanke<\/h1>\n[\/vc_column_text][\/vc_column][\/vc_row][vc_row type=&#8221;in_container&#8221; full_screen_row_position=&#8221;middle&#8221; scene_position=&#8221;center&#8221; text_color=&#8221;dark&#8221; text_align=&#8221;left&#8221; overlay_strength=&#8221;0.3&#8243;][vc_column column_padding=&#8221;no-extra-padding&#8221; column_padding_position=&#8221;all&#8221; background_color_opacity=&#8221;1&#8243; background_hover_color_opacity=&#8221;1&#8243; width=&#8221;1\/1&#8243; tablet_text_alignment=&#8221;default&#8221; phone_text_alignment=&#8221;default&#8221;]<div class=\"divider-wrap\"><div style=\"height: 40px;\" class=\"divider\"><\/div><\/div>[\/vc_column][\/vc_row][vc_row type=&#8221;in_container&#8221; full_screen_row_position=&#8221;middle&#8221; scene_position=&#8221;center&#8221; text_color=&#8221;dark&#8221; text_align=&#8221;left&#8221; overlay_strength=&#8221;0.3&#8243;][vc_column column_padding=&#8221;no-extra-padding&#8221; column_padding_position=&#8221;all&#8221; background_color_opacity=&#8221;1&#8243; background_hover_color_opacity=&#8221;1&#8243; width=&#8221;2\/3&#8243; tablet_text_alignment=&#8221;default&#8221; phone_text_alignment=&#8221;default&#8221;][vc_column_text]<strong>DaisyHOPE &#8211; mielen hyvinvointia ja aktiivisuutta edist\u00e4v\u00e4\u00e4 ryhm\u00e4toimintaa<\/strong><\/p>\n<p><strong>\u00a0<\/strong>DaisyHOPE-hankkeessa j\u00e4rjestet\u00e4\u00e4n mielenterveytt\u00e4 edist\u00e4v\u00e4\u00e4 s\u00e4\u00e4nn\u00f6llist\u00e4 <strong>ryhm\u00e4muotoista vertaistoimintaa<\/strong> sek\u00e4 <strong>ulkoliikuntatapahtumia<\/strong>. Hanke alkoi syksyll\u00e4 2021 ja jatkuu vuoden 2022 loppuun. Kohderyhm\u00e4n\u00e4 ovat erityisesti i\u00e4kk\u00e4\u00e4t (60+ v.) mutta toiminta on avointa kaikenik\u00e4isille.<\/p>\n<p>Mielen hyvinvointia edistet\u00e4\u00e4n mm. info- ja keskustelutilaisuuksien, ty\u00f6pajojen, liikunnan ja tanssin, rentoutusharjoitusten sek\u00e4 taiteen ja kulttuurin keinoin. Osallistujat saavat vertaistukea ja uusia tuttavuuksia sek\u00e4 tutustuvat mielen ja kehon hyvinvointiin matalan kynnyksen toiminnassa. Tavoitteena on tukea osallistujan itsetuntoa ja el\u00e4m\u00e4nhallintaa, tuoda arkeen mielek\u00e4st\u00e4 toimintaa ja osallisuuden kokemuksia sek\u00e4 vahvistaa yksil\u00f6n fyysisen, psyykkisen ja sosiaalisen terveyden tasapainoa. Hankkeen puitteissa on my\u00f6s tarkoitus tutustuttaa erityisesti maahanmuuttajataustaisia henkil\u00f6it\u00e4 heille uusiin vapaa-ajan aktiviteetteihin ja liikuntamuotoihin.<\/p>\n<p>Hankkeessa on t\u00e4rke\u00e4\u00e4 lis\u00e4t\u00e4 erityisesti maahanmuttajataustaisten i\u00e4kk\u00e4iden tiet\u00e4myst\u00e4 mielen hyvinvoinnista ja sen edist\u00e4misest\u00e4. Maahanmuuttajataustaisten ihmisten voi olla vaikeaa tunnistaa mielenterveysoireita ja mielenterveys k\u00e4sitteen\u00e4kin ei ole tuttu kaikkialla maailmassa ja siihen voi liitty\u00e4 stigmaa ja tabuja. Mielenterveysongelmien taustalla voivat vaikuttaa niin entisess\u00e4 kotimaassa koetut j\u00e4rkytt\u00e4v\u00e4t tapahtumat kuin my\u00f6s uuden kotimaan kokemukset.<\/p>\n<p><strong>\u00a0<\/strong>Toiminnallista ohjattua DaisyHOPE-vertaisryhm\u00e4toimintaa j\u00e4rjestet\u00e4\u00e4n noin 1-2 kertaa viikossa DaisyLadies ry:n tiloissa (Sairashuoneenkatu 1) joulukuuhun 2022 asti. Ryhm\u00e4toiminnassa erilaisten tominnallisten aktiviteettien kautta k\u00e4sitelt\u00e4vi\u00e4 aiheita ovat mm:<\/p>\n<ul>\n<li>Ravinto ja ruokailu<\/li>\n<li>Ihmissuhteet ja tunteet<\/li>\n<li>Liikunta, kehon hyvinvointi, muisti<\/li>\n<li>Harrastukset, taide, kulttuuri ja luovuus<\/li>\n<li>Uni, lepo, stressinhallinta<\/li>\n<li>Arvot, arjen rytmi ja p\u00e4ivitt\u00e4iset valinnat<\/li>\n<\/ul>\n<p>Osana hanketta j\u00e4rjestet\u00e4\u00e4n my\u00f6s DaisyLiikkuu-ulkoliikuntatapahtumia mahdollisuuksien mukaan esimerkiksi jokirannassa, Vasaram\u00e4en maailmanpuutarhassa sek\u00e4 muissa sopivissa paikoissa. Tapahtumien ohjelmassa on mm. erilaista ohjattua ulkoliikuntaa, monikulttuurista tanssia ja musiikkia, pelej\u00e4 sek\u00e4 pient\u00e4 tarjoilua. Ulkotapahtumat toteutuvat s\u00e4\u00e4n salliessa.<\/p>\n<p>&nbsp;<\/p>\n<p><em>Hankkeelle on saatu rahoitus Turun kaupungin ideakilpailussa 2021. Hanke rahoitetaan Turun kaupungille luovutettujen kuolinpesien ja sosiaalirahaston tuotoista.<\/em><\/p>\n<p>&nbsp;<\/p>\n<p><strong>Lis\u00e4tiedot ja ilmoittautumiset mukaan toimintaan:<\/strong> daisyladies.turku@gmail.com tai puh. 050 326 5064[\/vc_column_text][\/vc_column][vc_column boxed=&#8221;true&#8221; column_padding=&#8221;padding-3-percent&#8221; column_padding_position=&#8221;all&#8221; background_color_opacity=&#8221;0.5&#8243; background_hover_color_opacity=&#8221;1&#8243; width=&#8221;1\/3&#8243; tablet_text_alignment=&#8221;default&#8221; phone_text_alignment=&#8221;default&#8221;][vc_column_text]\n<h3 style=\"text-align: center;\">Yhteisty\u00f6ss\u00e4<\/h3>\n[\/vc_column_text]<div class=\"divider-wrap\"><div style=\"margin-top: 12px; height: 1px; margin-bottom: 12px;\" data-width=\"100%\" data-animate=\"\" data-animation-delay=\"\" data-color=\"default\" class=\"divider-border\"><\/div><\/div><div class=\"img-with-aniamtion-wrap center\" data-max-width=\"100%\"><div class=\"inner\"><img decoding=\"async\" data-shadow=\"none\" data-shadow-direction=\"middle\" class=\"img-with-animation \" data-delay=\"0\" height=\"100%\" width=\"100%\" data-animation=\"fade-in\" src=\"http:\/\/daisyladies.fi\/fi\/wp-content\/uploads\/2014\/05\/logos_city_of_turku.png\" alt=\"\" \/><\/div><\/div><div class=\"divider-wrap\"><div style=\"margin-top: 12px; height: 1px; margin-bottom: 12px;\" data-width=\"100%\" data-animate=\"\" data-animation-delay=\"\" data-color=\"default\" class=\"divider-border\"><\/div><\/div>[vc_column_text]\n<p style=\"text-align: center;\"><strong>Ohjelma 2022<\/strong><\/p>\n<p style=\"text-align: center;\">Tulossa!<\/p>\n[\/vc_column_text][\/vc_column][\/vc_row][vc_row type=&#8221;in_container&#8221; full_screen_row_position=&#8221;middle&#8221; scene_position=&#8221;center&#8221; text_color=&#8221;dark&#8221; text_align=&#8221;left&#8221; overlay_strength=&#8221;0.3&#8243;][vc_column column_padding=&#8221;no-extra-padding&#8221; column_padding_position=&#8221;all&#8221; background_color_opacity=&#8221;1&#8243; background_hover_color_opacity=&#8221;1&#8243; width=&#8221;1\/1&#8243; tablet_text_alignment=&#8221;default&#8221; phone_text_alignment=&#8221;default&#8221;]<div class=\"divider-wrap\"><div style=\"height: 100px;\" class=\"divider\"><\/div><\/div>[\/vc_column][\/vc_row]\n","protected":false},"excerpt":{"rendered":"<p>[vc_row type=&#8221;full_width_background&#8221; full_screen_row_position=&#8221;middle&#8221; bg_color=&#8221;#5bae4b&#8221; scene_position=&#8221;center&#8221; text_color=&#8221;light&#8221; text_align=&#8221;center&#8221; top_padding=&#8221;40&#8243; bottom_padding=&#8221;40&#8243; overlay_strength=&#8221;0.3&#8243;][vc_column column_padding=&#8221;no-extra-padding&#8221; column_padding_position=&#8221;all&#8221; background_color_opacity=&#8221;1&#8243; background_hover_color_opacity=&#8221;1&#8243; width=&#8221;1\/1&#8243; tablet_text_alignment=&#8221;default&#8221; phone_text_alignment=&#8221;default&#8221;][vc_column_text] DaisyHOPE -hanke [\/vc_column_text][\/vc_column][\/vc_row][vc_row type=&#8221;in_container&#8221; full_screen_row_position=&#8221;middle&#8221; scene_position=&#8221;center&#8221; text_color=&#8221;dark&#8221; text_align=&#8221;left&#8221; overlay_strength=&#8221;0.3&#8243;][vc_column column_padding=&#8221;no-extra-padding&#8221; column_padding_position=&#8221;all&#8221; background_color_opacity=&#8221;1&#8243; background_hover_color_opacity=&#8221;1&#8243;&#8230;<\/p>\n","protected":false},"author":2,"featured_media":0,"parent":0,"menu_order":0,"comment_status":"closed","ping_status":"closed","template":"","meta":{"om_disable_all_campaigns":false,"footnotes":"","iawp_total_views":110},"_links":{"self":[{"href":"http:\/\/daisyladies.fi\/fi\/wp-json\/wp\/v2\/pages\/5121"}],"collection":[{"href":"http:\/\/daisyladies.fi\/fi\/wp-json\/wp\/v2\/pages"}],"about":[{"href":"http:\/\/daisyladies.fi\/fi\/wp-json\/wp\/v2\/types\/page"}],"author":[{"embeddable":true,"href":"http:\/\/daisyladies.fi\/fi\/wp-json\/wp\/v2\/users\/2"}],"replies":[{"embeddable":true,"href":"http:\/\/daisyladies.fi\/fi\/wp-json\/wp\/v2\/comments?post=5121"}],"version-history":[{"count":4,"href":"http:\/\/daisyladies.fi\/fi\/wp-json\/wp\/v2\/pages\/5121\/revisions"}],"predecessor-version":[{"id":5127,"href":"http:\/\/daisyladies.fi\/fi\/wp-json\/wp\/v2\/pages\/5121\/revisions\/5127"}],"wp:attachment":[{"href":"http:\/\/daisyladies.fi\/fi\/wp-json\/wp\/v2\/media?parent=5121"}],"curies":[{"name":"wp","href":"https:\/\/api.w.org\/{rel}","templated":true}]}}