{"id":4669,"date":"2020-08-04T07:54:02","date_gmt":"2020-08-04T07:54:02","guid":{"rendered":"http:\/\/daisyladies.fi\/fi\/?page_id=4669"},"modified":"2021-02-04T10:21:14","modified_gmt":"2021-02-04T10:21:14","slug":"digidaisy","status":"publish","type":"page","link":"http:\/\/daisyladies.fi\/fi\/digidaisy\/","title":{"rendered":"DigiDaisy"},"content":{"rendered":"[vc_row type=&#8221;full_width_background&#8221; full_screen_row_position=&#8221;middle&#8221; bg_color=&#8221;#5bae4b&#8221; scene_position=&#8221;center&#8221; text_color=&#8221;light&#8221; text_align=&#8221;center&#8221; top_padding=&#8221;40&#8243; bottom_padding=&#8221;40&#8243; overlay_strength=&#8221;0.3&#8243;][vc_column column_padding=&#8221;no-extra-padding&#8221; column_padding_position=&#8221;all&#8221; background_color_opacity=&#8221;1&#8243; background_hover_color_opacity=&#8221;1&#8243; width=&#8221;1\/1&#8243; tablet_text_alignment=&#8221;default&#8221; phone_text_alignment=&#8221;default&#8221;][vc_column_text]\n<h1>DigiDaisy<\/h1>\n[\/vc_column_text][\/vc_column][\/vc_row][vc_row type=&#8221;in_container&#8221; full_screen_row_position=&#8221;middle&#8221; scene_position=&#8221;center&#8221; text_color=&#8221;dark&#8221; text_align=&#8221;left&#8221; overlay_strength=&#8221;0.3&#8243;][vc_column column_padding=&#8221;no-extra-padding&#8221; column_padding_position=&#8221;all&#8221; background_color_opacity=&#8221;1&#8243; background_hover_color_opacity=&#8221;1&#8243; width=&#8221;1\/1&#8243; tablet_text_alignment=&#8221;default&#8221; phone_text_alignment=&#8221;default&#8221;]<div class=\"divider-wrap\"><div style=\"height: 40px;\" class=\"divider\"><\/div><\/div>[\/vc_column][\/vc_row][vc_row type=&#8221;in_container&#8221; full_screen_row_position=&#8221;middle&#8221; scene_position=&#8221;center&#8221; text_color=&#8221;dark&#8221; text_align=&#8221;left&#8221; overlay_strength=&#8221;0.3&#8243;][vc_column column_padding=&#8221;no-extra-padding&#8221; column_padding_position=&#8221;all&#8221; background_color_opacity=&#8221;1&#8243; background_hover_color_opacity=&#8221;1&#8243; width=&#8221;2\/3&#8243; tablet_text_alignment=&#8221;default&#8221; phone_text_alignment=&#8221;default&#8221;][vc_column_text]DaisyLadies on saanut Turun kaupungin ideakilpailussa 2020 rahoituksen <strong>DigiDaisy \u2013 monikielinen digitukitoiminta senioreille ja nuorille 2020-2021<\/strong> -hankkeelle. Hanke rahoitetaan Turun kaupungille luovutettujen kuolinpesien ja sosiaalirahaston tuotoista.<\/p>\n<p>DigiDaisy-toiminnassa DaisyLadies ry:n tiloihin perustetaan <a href=\"http:\/\/daisyladies.fi\/fi\/digitukipiste\/\">digitukipiste<\/a>, joka tarjoaa senioreille erikielist\u00e4 neuvontaa digilaitteiden k\u00e4yt\u00f6ss\u00e4. Tarkoituksena on osallistaa nuoret mukaan toimintaan digitutoreina ja toteuttaa toiminnan aikana erilaisia some-kampanjoita yhdess\u00e4 nuorten ja senioreiden kanssa. N\u00e4in saadaan aikaiseksi ylisukupolvisia kohtaamisia ja kulttuurinvaihtoa nuorten ja seniorien v\u00e4lill\u00e4. Koska maahanmuuttajataustaiset nuoret ovat erityisess\u00e4 syrj\u00e4ytymisriskiss\u00e4, toimintaan pyrit\u00e4\u00e4n tavoittamaan erityisesti heit\u00e4. My\u00f6s monikulttuurisesta toiminnasta kiinnostuneet kantasuomalaiset seniorit tervetulleita mukaan toimintaan asiakkaina tai vapaaehtoisina opastajina.<\/p>\n<p>Digitukipiste on auki ma, ti ja ke klo 10-13 ja to ja pe klo 12-15 osoitteessa Sairashuoneenkatu 1, DaisyLadies ry:n uuden toimitalon <a href=\"http:\/\/daisyladies.fi\/fi\/daisykoti\/\">DaisyKodin<\/a> tiloissa. Kulku tilaan voidaan toteuttaa esteett\u00f6m\u00e4sti ramppien avulla. Tukipiste on avoin, eik\u00e4 sinne tullakseen tarvitse ilmoittautua etuk\u00e4teen. Seniorit voivat tuoda mukanaan omat laitteet tai sitten lainata tukipisteen laitteita (tietokone, tabletti jne.).<\/p>\n<p><strong>Tukipisteelt\u00e4 saa opastusta:<\/strong><\/p>\n<ul>\n<li><strong>tietokoneen k\u00e4yt\u00f6n perusteet<\/strong><\/li>\n<li><strong>internetin ja s\u00e4hk\u00f6postin k\u00e4ytt\u00f6 (my\u00f6s nettiturvallisuus)<\/strong><\/li>\n<li><strong>verkkoasiointi (esim. kela, pankki, terveyskeskus, bussikortin lataus jne.)<\/strong><\/li>\n<li><strong>\u00e4lypuhelimen\/tabletin asennus ja k\u00e4ytt\u00f6, sovellusten lataus ja k\u00e4ytt\u00f6<\/strong><\/li>\n<\/ul>\n<p>Digitukipisteell\u00e4 nuoret j\u00e4rjest\u00e4v\u00e4t my\u00f6s <strong>\u201dsome haltuun\u201d \u2013opetusta<\/strong> niille senioreille, jotka ovat kiinnostuneita tulemaan mukaan sosiaaliseen mediaan. Koska senioreiden keskuudessa on paljon yksin\u00e4isyytt\u00e4, sosiaalisen median kautta on mahdollisuus pit\u00e4\u00e4 yhteytt\u00e4 sukulaisiin ja yst\u00e4viin (my\u00f6s Suomen ulkopuolella asuviin) aivan uudella tavalla. Nuoria ja senioreita kannustetaan my\u00f6s yhteiseen keskusteluun siit\u00e4 mit\u00e4 netiss\u00e4 kannattaa julkaista ja mit\u00e4 ei. T\u00e4rkeit\u00e4 aiheita ovat my\u00f6s medialukutaito ja l\u00e4hdekritiikki.<\/p>\n<p>Nuoret toteuttavat senioreiden kanssa my\u00f6s erilaisia some-kampanjoita. Yhdess\u00e4 kampanjassa nuoret voivat esimerkiksi haastatella senioreita ja taltioida heid\u00e4n tarinoitaan videokuvaamalla tai \u00e4\u00e4nitt\u00e4m\u00e4ll\u00e4. Lopuksi tarinat julkaistaan sosiaalisessa mediassa (Facebook, Instagram tms.).<\/p>\n<p>Digitukipisteest\u00e4 pyrit\u00e4\u00e4n luomaan rauhallinen matalankynnyksen tila, jonne on helppo tulla. Opastuksessa hy\u00f6dynnet\u00e4\u00e4n v\u00e4est\u00f6rekisterikeskuksen Digutuen eettisi\u00e4 ohjeita. Asiakkaiden yksityisyyden suoja on huomioitu siten ett\u00e4 terveysasioihin tai talouteen liittyviss\u00e4 opastuksissa opastajana toimii hankkeeseen palkattu toiminnanohjaaja. Kaikilta opastajilta edellytet\u00e4\u00e4n vaitiolovelvollisuutta ja nuoret sek\u00e4 muut vapaaehtoiset perehdytet\u00e4\u00e4n etuk\u00e4teen.<\/p>\n<p>Poikkeustilanteen senhetkiset s\u00e4\u00e4d\u00f6kset otetaan huomioon palvelua aloitettaessa.[\/vc_column_text]<div class=\"divider-wrap\"><div style=\"margin-top: 15px; height: 1px; margin-bottom: 15px;\" data-width=\"100%\" data-animate=\"\" data-animation-delay=\"\" data-color=\"default\" class=\"divider-border\"><\/div><\/div>[\/vc_column][vc_column boxed=&#8221;true&#8221; column_padding=&#8221;padding-3-percent&#8221; column_padding_position=&#8221;all&#8221; background_color_opacity=&#8221;0.5&#8243; background_hover_color_opacity=&#8221;1&#8243; width=&#8221;1\/3&#8243; tablet_text_alignment=&#8221;default&#8221; phone_text_alignment=&#8221;default&#8221;][vc_column_text]\n<h3 style=\"text-align: center;\">Yhteisty\u00f6ss\u00e4<\/h3>\n[\/vc_column_text]<div class=\"divider-wrap\"><div style=\"margin-top: 12px; height: 1px; margin-bottom: 12px;\" data-width=\"100%\" data-animate=\"\" data-animation-delay=\"\" data-color=\"default\" class=\"divider-border\"><\/div><\/div><div class=\"img-with-aniamtion-wrap center\" data-max-width=\"100%\"><div class=\"inner\"><img decoding=\"async\" data-shadow=\"none\" data-shadow-direction=\"middle\" class=\"img-with-animation \" data-delay=\"0\" height=\"100%\" width=\"100%\" data-animation=\"fade-in\" src=\"http:\/\/daisyladies.fi\/fi\/wp-content\/uploads\/2014\/05\/logos_city_of_turku.png\" alt=\"\" \/><\/div><\/div>[\/vc_column][\/vc_row][vc_row type=&#8221;in_container&#8221; full_screen_row_position=&#8221;middle&#8221; scene_position=&#8221;center&#8221; text_color=&#8221;dark&#8221; text_align=&#8221;left&#8221; overlay_strength=&#8221;0.3&#8243;][vc_column column_padding=&#8221;no-extra-padding&#8221; column_padding_position=&#8221;all&#8221; background_color_opacity=&#8221;1&#8243; background_hover_color_opacity=&#8221;1&#8243; width=&#8221;1\/1&#8243; tablet_text_alignment=&#8221;default&#8221; phone_text_alignment=&#8221;default&#8221;]<div class=\"divider-wrap\"><div style=\"height: 100px;\" class=\"divider\"><\/div><\/div>[\/vc_column][\/vc_row]\n","protected":false},"excerpt":{"rendered":"<p>[vc_row type=&#8221;full_width_background&#8221; full_screen_row_position=&#8221;middle&#8221; bg_color=&#8221;#5bae4b&#8221; scene_position=&#8221;center&#8221; text_color=&#8221;light&#8221; text_align=&#8221;center&#8221; top_padding=&#8221;40&#8243; bottom_padding=&#8221;40&#8243; overlay_strength=&#8221;0.3&#8243;][vc_column column_padding=&#8221;no-extra-padding&#8221; column_padding_position=&#8221;all&#8221; background_color_opacity=&#8221;1&#8243; background_hover_color_opacity=&#8221;1&#8243; width=&#8221;1\/1&#8243; tablet_text_alignment=&#8221;default&#8221; phone_text_alignment=&#8221;default&#8221;][vc_column_text] DigiDaisy [\/vc_column_text][\/vc_column][\/vc_row][vc_row type=&#8221;in_container&#8221; full_screen_row_position=&#8221;middle&#8221; scene_position=&#8221;center&#8221; text_color=&#8221;dark&#8221; text_align=&#8221;left&#8221; overlay_strength=&#8221;0.3&#8243;][vc_column column_padding=&#8221;no-extra-padding&#8221; column_padding_position=&#8221;all&#8221; background_color_opacity=&#8221;1&#8243; background_hover_color_opacity=&#8221;1&#8243; width=&#8221;1\/1&#8243;&#8230;<\/p>\n","protected":false},"author":2,"featured_media":0,"parent":0,"menu_order":0,"comment_status":"closed","ping_status":"closed","template":"","meta":{"om_disable_all_campaigns":false,"footnotes":"","iawp_total_views":55},"_links":{"self":[{"href":"http:\/\/daisyladies.fi\/fi\/wp-json\/wp\/v2\/pages\/4669"}],"collection":[{"href":"http:\/\/daisyladies.fi\/fi\/wp-json\/wp\/v2\/pages"}],"about":[{"href":"http:\/\/daisyladies.fi\/fi\/wp-json\/wp\/v2\/types\/page"}],"author":[{"embeddable":true,"href":"http:\/\/daisyladies.fi\/fi\/wp-json\/wp\/v2\/users\/2"}],"replies":[{"embeddable":true,"href":"http:\/\/daisyladies.fi\/fi\/wp-json\/wp\/v2\/comments?post=4669"}],"version-history":[{"count":3,"href":"http:\/\/daisyladies.fi\/fi\/wp-json\/wp\/v2\/pages\/4669\/revisions"}],"predecessor-version":[{"id":4885,"href":"http:\/\/daisyladies.fi\/fi\/wp-json\/wp\/v2\/pages\/4669\/revisions\/4885"}],"wp:attachment":[{"href":"http:\/\/daisyladies.fi\/fi\/wp-json\/wp\/v2\/media?parent=4669"}],"curies":[{"name":"wp","href":"https:\/\/api.w.org\/{rel}","templated":true}]}}