{"id":4650,"date":"2020-06-24T08:53:15","date_gmt":"2020-06-24T08:53:15","guid":{"rendered":"http:\/\/daisyladies.fi\/fi\/?page_id=4650"},"modified":"2026-03-10T08:12:45","modified_gmt":"2026-03-10T08:12:45","slug":"talo","status":"publish","type":"page","link":"http:\/\/daisyladies.fi\/fi\/talo\/","title":{"rendered":"Talo"},"content":{"rendered":"[vc_row type=&#8221;full_width_background&#8221; full_screen_row_position=&#8221;middle&#8221; bg_color=&#8221;#d04549&#8243; scene_position=&#8221;center&#8221; text_color=&#8221;light&#8221; text_align=&#8221;center&#8221; top_padding=&#8221;40&#8243; bottom_padding=&#8221;40&#8243; overlay_strength=&#8221;0.3&#8243;][vc_column column_padding=&#8221;no-extra-padding&#8221; column_padding_position=&#8221;all&#8221; background_color_opacity=&#8221;1&#8243; background_hover_color_opacity=&#8221;1&#8243; width=&#8221;1\/1&#8243; tablet_text_alignment=&#8221;default&#8221; phone_text_alignment=&#8221;default&#8221;][vc_column_text]\n<h1>Toimitalo<\/h1>\n[\/vc_column_text][\/vc_column][\/vc_row][vc_row type=&#8221;in_container&#8221; full_screen_row_position=&#8221;middle&#8221; scene_position=&#8221;center&#8221; text_color=&#8221;dark&#8221; text_align=&#8221;left&#8221; overlay_strength=&#8221;0.3&#8243;][vc_column column_padding=&#8221;no-extra-padding&#8221; column_padding_position=&#8221;all&#8221; background_color_opacity=&#8221;1&#8243; background_hover_color_opacity=&#8221;1&#8243; width=&#8221;1\/1&#8243; tablet_text_alignment=&#8221;default&#8221; phone_text_alignment=&#8221;default&#8221;]<div class=\"divider-wrap\"><div style=\"height: 40px;\" class=\"divider\"><\/div><\/div>[\/vc_column][\/vc_row][vc_row type=&#8221;in_container&#8221; full_screen_row_position=&#8221;middle&#8221; scene_position=&#8221;center&#8221; text_color=&#8221;dark&#8221; text_align=&#8221;left&#8221; overlay_strength=&#8221;0.3&#8243;][vc_column column_padding=&#8221;no-extra-padding&#8221; column_padding_position=&#8221;all&#8221; background_color_opacity=&#8221;1&#8243; background_hover_color_opacity=&#8221;1&#8243; width=&#8221;2\/3&#8243; tablet_text_alignment=&#8221;default&#8221; phone_text_alignment=&#8221;default&#8221;][vc_column_text]DaisyLadies ry:ll\u00e4 on yksi toimitalo: <strong><a href=\"http:\/\/daisyladies.fi\/fi\/daisykoti\/\">DaisyKoti<\/a><\/strong> (Sairashuoneenkatu 1, 20100 Turku). Tilan koko on n. 300 m2 ja se sis\u00e4lt\u00e4\u00e4 10 huonetta ja keitti\u00f6n. Tila ei ole t\u00e4ysin esteet\u00f6n, sill\u00e4 molempien ulko-ovien yhteydess\u00e4 on muutama rappunen. DaisyKodissa sijaitsevat toimistotilat, keitti\u00f6 ja CafeDaisyn kahvilatila, opetuskeitti\u00f6tila\/ruokailuhuone, luokkahuone, k\u00e4sity\u00f6\/askarteluhuone, sali (toimii my\u00f6s opetustilana ja kokous-\/seminaaritilana) ja Neuvontapalvelun tilat.<\/p>\n<p>Toiminta DaisyKodissa keskittyy erityisesti <strong>ty\u00f6ik\u00e4isten maahanmuuttajataustaisten naisten<\/strong> aktivointiin, ty\u00f6el\u00e4m\u00e4taitojen kasvattamiseen, kurssitoimintaan ja uraohjaukseen. Maahanmuuttajanaisten ty\u00f6llistymist\u00e4 edistet\u00e4\u00e4n mm. suomen kielen opiskelulla, atk-taitojen kehitt\u00e4misell\u00e4 ja yksil\u00f6ohjauksella. DaisyKodin ohjaajat antavat neuvontaa ja ohjausta mm. ty\u00f6llistymiseen, opintoihin, kela-asioihin, hakemuksiin ja lomakkeisiin liittyen. Kaikessa toiminnassa pyrit\u00e4\u00e4n lis\u00e4\u00e4m\u00e4\u00e4n naisten ty\u00f6- ja\/tai koulutusedellytyksi\u00e4. K\u00e4ymme jokaisen toimintaan osallistuvan kanssa alkukartoituskeskustelun, jonka pohjalta laaditaan henkil\u00f6kohtainen jatkopolku-suunnitelma, jonka etenemist\u00e4 seurataan s\u00e4\u00e4nn\u00f6llisiss\u00e4 ohjauskeskusteluissa. Tarkoituksena on, ett\u00e4 jokaisella naisella on mahdollisuus sijoittua toimintaan osallistumisen j\u00e4lkeen uuteen ty\u00f6harjoitteluun, opiskelemaan tai ty\u00f6el\u00e4m\u00e4\u00e4n.<\/p>\n<p>Annamme CV-neuvontaa ja tiedotamme eri ty\u00f6paikkamahdollisuuksista. Naisten verkostoja laajennetaan sek\u00e4 autetaan erilaisten asiakirjojen ja hakemusten laatimisessa sek\u00e4 tarvittaessa tehd\u00e4\u00e4n ty\u00f6nhakuun liittyvi\u00e4 haastatteluharjoituksia. Osana toimintaa tehd\u00e4\u00e4n kohdennetusti sopivia ty\u00f6paikka- ja koulutukseen liittyvi\u00e4 vierailuja ja tutustutaan maahanmuuttajanaisten mahdollisiin ty\u00f6llist\u00e4jiin ja ty\u00f6kokeilupaikkojen tarjoajiin. Kutsumme my\u00f6s eri alojen ty\u00f6nantajia vierailulle ja t\u00e4ll\u00e4 tavalla mahdollistetaan naisten ja ty\u00f6nantajien luonnollinen kohtaaminen.<\/p>\n<p>DaisyKodissa j\u00e4rjestet\u00e4\u00e4n my\u00f6s <strong>hyvinvointia tukevaa ja syrj\u00e4ytymisest\u00e4 ehk\u00e4isev\u00e4\u00e4 monikulttuurista ryhm\u00e4toimintaa<\/strong> (ompelu, k\u00e4sity\u00f6t, ruuanlaitto, liikunta, hyvinvointiluennot, keskustelupiirit jne.) kaikille kiinnostuneille. DaisyKodissa toimii my\u00f6s <a href=\"http:\/\/daisyladies.fi\/fi\/cafedaisy\/\">opetuskahvila CafeDaisy <\/a>ja sen yhteydess\u00e4 <a href=\"http:\/\/daisyladies.fi\/fi\/taikapuoti\/\">Taikapuoti<\/a>. DaisyKodissa j\u00e4rjestet\u00e4\u00e4n my\u00f6s erilaisia info- ja keskustelutilaisuuksia sek\u00e4 luentoja ja seminaareja. Tiloissa toimii my\u00f6s <a href=\"http:\/\/daisyladies.fi\/fi\/neuvontapalvelu\/\">Daisy Neucvontapalvelu<\/a>, josta saa matalan kynnyksen oikeudellista neuvontaa.<\/p>\n<p>DaisyLadies ry:n toiminnan kohderyhm\u00e4 kattaa kokonaisvaltaisesti nuoret, ty\u00f6ik\u00e4iset ja i\u00e4kk\u00e4\u00e4t. Toimitalossamme voi suorittaa <a href=\"http:\/\/daisyladies.fi\/fi\/tyokokeilu-ja-harjoittelupaikat\/\">ty\u00f6kokeiluja<\/a> ja opintoihin kuuluvia harjoittelujaksoja.[\/vc_column_text]<div class=\"divider-wrap\"><div style=\"margin-top: 25px; height: 1px; margin-bottom: 25px;\" data-width=\"100%\" data-animate=\"\" data-animation-delay=\"\" data-color=\"default\" class=\"divider-border\"><\/div><\/div>[vc_column_text]\n<h5>DaisyLadies ry:n toiminnan tavoitteita:<\/h5>\n<ul>\n<li><strong>naisten kotoutuminen edistyy ja syrj\u00e4ytyminen v\u00e4henee: vahvempi Suomen kieli ja itsen\u00e4isempi arki<\/strong><\/li>\n<li><strong>naisten ty\u00f6el\u00e4m\u00e4\u00e4n ja koulutukseen liittyv\u00e4t tiedot ja taidot lis\u00e4\u00e4ntyv\u00e4t: polku opiskelemaan ja ty\u00f6el\u00e4m\u00e4\u00e4n<\/strong><\/li>\n<li><strong>naisten ty\u00f6llistyminen ja kouluttautuminen lis\u00e4\u00e4ntyy<\/strong><\/li>\n<li><strong>naisten fyysinen ja psyykkinen hyvinvointi lis\u00e4\u00e4ntyy<\/strong><\/li>\n<li><strong>naisten sosiaaliset verkostot laajenevat ja yksin\u00e4isyyden tunne v\u00e4henee<\/strong><\/li>\n<li><strong>eri kulttuuritaustaisten v\u00e4linen vuorovaikutus lis\u00e4\u00e4ntyy<\/strong><\/li>\n<li><strong>naisten tietoisuus v\u00e4kivallan muodoista ja Suomen lains\u00e4\u00e4d\u00e4nn\u00f6st\u00e4 lis\u00e4\u00e4ntyy ja avun hakemisen kynnys madaltuu<\/strong><\/li>\n<\/ul>\n[\/vc_column_text]<div class=\"divider-wrap\"><div style=\"margin-top: 25px; height: 1px; margin-bottom: 25px;\" data-width=\"100%\" data-animate=\"\" data-animation-delay=\"\" data-color=\"default\" class=\"divider-border\"><\/div><\/div>[vc_column_text]\n<h5>DaisyLadies ry:n toiminnan kohderyhm\u00e4t:<\/h5>\n<p>1. <strong>Syrj\u00e4ytymisvaarassa olevat ty\u00f6ik\u00e4iset maahanmuuttajanaiset<\/strong>, jotka voivat olla esim. l\u00e4hes kieli-, luku- ja kirjoitustaidottomia eik\u00e4 heill\u00e4 v\u00e4ltt\u00e4m\u00e4tt\u00e4 ole ollenkaan koulutus- tai ty\u00f6taustaa. T\u00e4h\u00e4n ryhm\u00e4\u00e4n kuuluvat i\u00e4kk\u00e4\u00e4t mutta viel\u00e4 ty\u00f6ik\u00e4iset naiset, joiden on vaikea ty\u00f6llisty\u00e4 Suomessa.<\/p>\n<p>2. <strong>Selke\u00e4sti ty\u00f6h\u00f6n tai koulutukseen t\u00e4ht\u00e4\u00e4v\u00e4t maahanmuuttajanaiset<\/strong>. Heill\u00e4 on selke\u00e4 tavoite tai tulevaisuudensuunnitelma Suomessa. Naisella voi olla kotimaassaan hankittu ammattitaito, mutta ty\u00f6llistyminen t\u00e4\u00e4ll\u00e4 on vaikeaa. On t\u00e4rke\u00e4\u00e4, ett\u00e4 t\u00e4h\u00e4n ryhm\u00e4\u00e4n otettavat henkil\u00f6t saavat heille hyvin kohdennettua, henkil\u00f6kohtaista opastusta ja apua. T\u00e4m\u00e4n ryhm\u00e4n odotetaan olevan motivoitunut ja siihen kuuluvilta odotetaan jo tiettyj\u00e4 perustaitoja.<\/p>\n<p>3. <strong>Kotona asuvat maahanmuuttajataustaiset i\u00e4kk\u00e4\u00e4t (yli 60 vuotiaat)<\/strong>, joiden el\u00e4m\u00e4ntilanteen katsotaan olevan sellainen, ett\u00e4 he tarvitsevat tukea kotona asumisen mahdollistamiseksi ja toimintakyvyn yll\u00e4pit\u00e4miseksi. Toimintaan pyrit\u00e4\u00e4n tavoittamaan mukaan erityisesti yksin\u00e4iset ja syrj\u00e4ytymisvaarassa olevat sek\u00e4 omaishoidon piiriss\u00e4 olevat maahanmuuttajataustaiset ik\u00e4ihmiset, jotka tarvitsevat apua arjessaan. Maahanmuuttajataustaiset i\u00e4kk\u00e4\u00e4t j\u00e4\u00e4v\u00e4t herk\u00e4sti yhteiskunnan palvelujen ulkopuolelle, koska heill\u00e4 ei v\u00e4ltt\u00e4m\u00e4tt\u00e4 ole riitt\u00e4v\u00e4\u00e4 kielitaitoa ja heikosti kontakteja Suomessa. Heilt\u00e4 usein puuttuu ymm\u00e4rrys Suomen yhteiskunnasta ja vanhustenpalveluista, koska heill\u00e4 ei v\u00e4ltt\u00e4m\u00e4tt\u00e4 ole ollenkaan koulutus- tai ty\u00f6taustaa.<\/p>\n<p>4. <strong>Syntysuomalaiset i\u00e4kk\u00e4\u00e4t ja ty\u00f6ik\u00e4iset<\/strong>, jotka haluavat tulla mukaan monikulttuuriseen p\u00e4iv\u00e4toimintaan asiakkaina tai vapaaehtoisten ohjaajien roolissa. Yhteisess\u00e4 p\u00e4iv\u00e4toiminnassa i\u00e4kk\u00e4\u00e4t voivat jakaa el\u00e4m\u00e4nkokemuksiaan ja muistojaan n\u00e4in kulttuurirajoja h\u00e4lvent\u00e4en. Syrj\u00e4ytymisvaarassa olevat voivat saada el\u00e4m\u00e4\u00e4ns\u00e4 mielekkyytt\u00e4 ja itsetunnon kohotusta p\u00e4\u00e4stess\u00e4\u00e4n opettamaan maahanmuuttajanaisille esim. k\u00e4sit\u00f6it\u00e4 ja ruoanlaittoa tai ihan vain keskustelemaan naisten kanssa.<\/p>\n<p>5. <strong>Alle 29-vuotiaat maahanmuuttajataustaiset ja syntysuomalaiset nuoret<\/strong>, jotka ovat kiinnostuneita tulemaan mukaan monikulttuuriseen kerhotoimintaan. Erityisesti pyrit\u00e4\u00e4n tavoittamaan syrj\u00e4ytymisvaarassa olevat ja yksin\u00e4iset nuoret.<\/p>\n<p>Yhdistyksen toiminta on avointa kaikille naisille, joten mukaan voi tulla my\u00f6s ilman ty\u00f6kokeilu tai harjoittelumahdollisuutta. Kohderyhmien lis\u00e4ksi siis kaikki toiminnasta kiinnostuneet ovat tervetulleita mukaan toimintaan.[\/vc_column_text][\/vc_column][vc_column boxed=&#8221;true&#8221; column_padding=&#8221;padding-3-percent&#8221; column_padding_position=&#8221;all&#8221; background_color_opacity=&#8221;0.5&#8243; background_hover_color_opacity=&#8221;1&#8243; width=&#8221;1\/3&#8243; tablet_text_alignment=&#8221;default&#8221; phone_text_alignment=&#8221;default&#8221;]<div class=\"iwithtext\"><div class=\"iwt-icon\"> <i class=\"icon-default-style icon-map-marker accent-color\"><\/i> <\/div><div class=\"iwt-text\"> \n<h5><span style=\"color: #000000;\"><a style=\"color: #000000;\" href=\"https:\/\/www.google.com\/maps\/place\/Asemanseudun+p%C3%A4iv%C3%A4hoitoyksikk%C3%B6+(Sairashuoneenkatu+1)\/@60.4446845,22.252439,15z\/data=!4m5!3m4!1s0x0:0x7e38197521cfd2a7!8m2!3d60.4446845!4d22.252439\">DaisyKoti, Sairashuoneenkatu 1, 20100 Turku<\/a><\/span><\/h5>\n <\/div><div class=\"clear\"><\/div><\/div><div class=\"divider-wrap\"><div style=\"height: 25px;\" class=\"divider\"><\/div><\/div><div class=\"iwithtext\"><div class=\"iwt-icon\"> <i class=\"icon-default-style icon-phone extra-color-3\"><\/i> <\/div><div class=\"iwt-text\"> \n<h5><span style=\"color: #000000;\">puh. 0503265064 \/ 050 555 8781<\/span><\/h5>\n <\/div><div class=\"clear\"><\/div><\/div><div class=\"divider-wrap\"><div style=\"height: 25px;\" class=\"divider\"><\/div><\/div>[testimonial_slider style=&#8221;default&#8221;][testimonial title=&#8221;Testimonial&#8221; id=&#8221;1494836779305-211d9-46fc&#8221; name=&#8221;Nainen&#8221; quote=&#8221;Tulee monta ihmist\u00e4 ja eri kulttuuri ja kaikki sama perhe.&#8221; tab_id=&#8221;1592987818667-7&#8243;] Click the edit button to add your testimonial. [\/testimonial][testimonial title=&#8221;Testimonial&#8221; id=&#8221;1494836779437-511d9-46fc&#8221; name=&#8221;Nainen&#8221; quote=&#8221;Haluan olla yst\u00e4vien kanssa. Ja nyt on yst\u00e4v\u00e4 t\u00e4\u00e4ll\u00e4. Eli on tosi tosi hyv\u00e4 paikka.&#8221; tab_id=&#8221;1592987818700-0&#8243;] Click the edit button to add your testimonial. [\/testimonial][\/testimonial_slider][\/vc_column][\/vc_row][vc_row type=&#8221;in_container&#8221; full_screen_row_position=&#8221;middle&#8221; scene_position=&#8221;center&#8221; text_color=&#8221;dark&#8221; text_align=&#8221;left&#8221; overlay_strength=&#8221;0.3&#8243;][vc_column column_padding=&#8221;no-extra-padding&#8221; column_padding_position=&#8221;all&#8221; background_color_opacity=&#8221;1&#8243; background_hover_color_opacity=&#8221;1&#8243; width=&#8221;1\/1&#8243; tablet_text_alignment=&#8221;default&#8221; phone_text_alignment=&#8221;default&#8221;]<div class=\"divider-wrap\"><div style=\"margin-top: 15px; height: 1px; margin-bottom: 15px;\" data-width=\"100%\" data-animate=\"\" data-animation-delay=\"\" data-color=\"default\" class=\"divider-border\"><\/div><\/div>[\/vc_column][\/vc_row]\n","protected":false},"excerpt":{"rendered":"<p>[vc_row type=&#8221;full_width_background&#8221; full_screen_row_position=&#8221;middle&#8221; bg_color=&#8221;#d04549&#8243; scene_position=&#8221;center&#8221; text_color=&#8221;light&#8221; text_align=&#8221;center&#8221; top_padding=&#8221;40&#8243; bottom_padding=&#8221;40&#8243; overlay_strength=&#8221;0.3&#8243;][vc_column column_padding=&#8221;no-extra-padding&#8221; column_padding_position=&#8221;all&#8221; background_color_opacity=&#8221;1&#8243; background_hover_color_opacity=&#8221;1&#8243; width=&#8221;1\/1&#8243; tablet_text_alignment=&#8221;default&#8221; phone_text_alignment=&#8221;default&#8221;][vc_column_text] Toimitalo [\/vc_column_text][\/vc_column][\/vc_row][vc_row type=&#8221;in_container&#8221; full_screen_row_position=&#8221;middle&#8221; scene_position=&#8221;center&#8221; text_color=&#8221;dark&#8221; text_align=&#8221;left&#8221; overlay_strength=&#8221;0.3&#8243;][vc_column column_padding=&#8221;no-extra-padding&#8221; column_padding_position=&#8221;all&#8221; background_color_opacity=&#8221;1&#8243; background_hover_color_opacity=&#8221;1&#8243; width=&#8221;1\/1&#8243;&#8230;<\/p>\n","protected":false},"author":2,"featured_media":0,"parent":0,"menu_order":0,"comment_status":"closed","ping_status":"closed","template":"","meta":{"om_disable_all_campaigns":false,"footnotes":"","iawp_total_views":759},"_links":{"self":[{"href":"http:\/\/daisyladies.fi\/fi\/wp-json\/wp\/v2\/pages\/4650"}],"collection":[{"href":"http:\/\/daisyladies.fi\/fi\/wp-json\/wp\/v2\/pages"}],"about":[{"href":"http:\/\/daisyladies.fi\/fi\/wp-json\/wp\/v2\/types\/page"}],"author":[{"embeddable":true,"href":"http:\/\/daisyladies.fi\/fi\/wp-json\/wp\/v2\/users\/2"}],"replies":[{"embeddable":true,"href":"http:\/\/daisyladies.fi\/fi\/wp-json\/wp\/v2\/comments?post=4650"}],"version-history":[{"count":12,"href":"http:\/\/daisyladies.fi\/fi\/wp-json\/wp\/v2\/pages\/4650\/revisions"}],"predecessor-version":[{"id":6341,"href":"http:\/\/daisyladies.fi\/fi\/wp-json\/wp\/v2\/pages\/4650\/revisions\/6341"}],"wp:attachment":[{"href":"http:\/\/daisyladies.fi\/fi\/wp-json\/wp\/v2\/media?parent=4650"}],"curies":[{"name":"wp","href":"https:\/\/api.w.org\/{rel}","templated":true}]}}