{"id":4639,"date":"2020-06-24T08:30:49","date_gmt":"2020-06-24T08:30:49","guid":{"rendered":"http:\/\/daisyladies.fi\/fi\/?page_id=4639"},"modified":"2024-01-29T13:29:05","modified_gmt":"2024-01-29T13:29:05","slug":"daisykoti","status":"publish","type":"page","link":"http:\/\/daisyladies.fi\/fi\/daisykoti\/","title":{"rendered":"DaisyKoti"},"content":{"rendered":"[vc_row type=&#8221;full_width_background&#8221; full_screen_row_position=&#8221;middle&#8221; bg_color=&#8221;#d04549&#8243; scene_position=&#8221;center&#8221; text_color=&#8221;light&#8221; text_align=&#8221;center&#8221; top_padding=&#8221;40&#8243; bottom_padding=&#8221;40&#8243; overlay_strength=&#8221;0.3&#8243;][vc_column column_padding=&#8221;no-extra-padding&#8221; column_padding_position=&#8221;all&#8221; background_color_opacity=&#8221;1&#8243; background_hover_color_opacity=&#8221;1&#8243; width=&#8221;1\/1&#8243; tablet_text_alignment=&#8221;default&#8221; phone_text_alignment=&#8221;default&#8221;][vc_column_text]\n<h1>DaisyKoti (Daisyl\u00e4)<\/h1>\n[\/vc_column_text][\/vc_column][\/vc_row][vc_row type=&#8221;in_container&#8221; full_screen_row_position=&#8221;middle&#8221; scene_position=&#8221;center&#8221; text_color=&#8221;dark&#8221; text_align=&#8221;left&#8221; overlay_strength=&#8221;0.3&#8243;][vc_column column_padding=&#8221;no-extra-padding&#8221; column_padding_position=&#8221;all&#8221; background_color_opacity=&#8221;1&#8243; background_hover_color_opacity=&#8221;1&#8243; width=&#8221;1\/1&#8243; tablet_text_alignment=&#8221;default&#8221; phone_text_alignment=&#8221;default&#8221;]<div class=\"divider-wrap\"><div style=\"height: 40px;\" class=\"divider\"><\/div><\/div>[\/vc_column][\/vc_row][vc_row type=&#8221;in_container&#8221; full_screen_row_position=&#8221;middle&#8221; scene_position=&#8221;center&#8221; text_color=&#8221;dark&#8221; text_align=&#8221;left&#8221; overlay_strength=&#8221;0.3&#8243;][vc_column column_padding=&#8221;no-extra-padding&#8221; column_padding_position=&#8221;all&#8221; background_color_opacity=&#8221;1&#8243; background_hover_color_opacity=&#8221;1&#8243; width=&#8221;2\/3&#8243; tablet_text_alignment=&#8221;default&#8221; phone_text_alignment=&#8221;default&#8221;][vc_column_text]DaisyKodissa j\u00e4rjestet\u00e4\u00e4n <strong>hyvinvointia ja ty\u00f6kyky\u00e4 tukevaa, syrj\u00e4ytymisest\u00e4 ehk\u00e4isev\u00e4\u00e4 ja konkreettisia ammatillista osaamista kehitt\u00e4v\u00e4\u00e4 monikulttuurista ryhm\u00e4toimintaa<\/strong> (ompelu, k\u00e4sity\u00f6\/taide, ruuanlaitto, liikunta\/tanssi\/itsepuolustus, hyvinvointiluennot, keskustelupiirit jne.) kaikille kiinnostuneille.<\/p>\n<p>DaisyKodin tiloissa toimivat <a href=\"http:\/\/daisyladies.fi\/fi\/cafedaisy\/\"><strong>opetuskahvila CafeDaisy<\/strong><\/a> ja\u00a0<a href=\"http:\/\/daisyladies.fi\/fi\/ompelu\/\"><strong>opetusompelimo<\/strong><\/a>, jotka tarjoavat paikan saada k\u00e4yt\u00e4nn\u00f6n ty\u00f6kokemusta kahvila- ja ompelimoty\u00f6st\u00e4 sek\u00e4 parhaassa tapauksessa my\u00f6s v\u00e4yl\u00e4n opiskelemaan tai suoraan ty\u00f6el\u00e4m\u00e4\u00e4n. DaisyKodissa toimii my\u00f6s maahanmuuttajanaisten valmistamia k\u00e4sity\u00f6tuotteita myyv\u00e4 <a href=\"http:\/\/daisyladies.fi\/fi\/taikapuoti\/\"><strong>Taikapuoti<\/strong><\/a>.<\/p>\n<p>Tilan koko on n. 300 m2 ja se sis\u00e4lt\u00e4\u00e4 10 huonetta ja keitti\u00f6n. Tila ei ole t\u00e4ysin esteet\u00f6n, sill\u00e4 molempien ulko-ovien yhteydess\u00e4 on muutama rappunen. DaisyKodissa on k\u00e4yt\u00f6ss\u00e4 ompelimo, k\u00e4sity\u00f6puoti, ruokasali, opetuskeitti\u00f6tila, harraste-\/toimintatila, varasto\/pienryhm\u00e4huone, askarteluhuone ja juhlasali (toimii my\u00f6s kokous-\/seminaaritilana ja taiden\u00e4yttelytilana).[\/vc_column_text]<div class=\"divider-wrap\"><div style=\"margin-top: 25px; height: 1px; margin-bottom: 25px;\" data-width=\"100%\" data-animate=\"\" data-animation-delay=\"\" data-color=\"default\" class=\"divider-border\"><\/div><\/div>[vc_column_text][\/vc_column_text]<div class=\"divider-wrap\"><div style=\"margin-top: 25px; height: 1px; margin-bottom: 25px;\" data-width=\"100%\" data-animate=\"\" data-animation-delay=\"\" data-color=\"default\" class=\"divider-border\"><\/div><\/div>[vc_column_text][\/vc_column_text]<div class=\"divider-wrap\"><div style=\"margin-top: 25px; height: 1px; margin-bottom: 25px;\" data-width=\"100%\" data-animate=\"\" data-animation-delay=\"\" data-color=\"default\" class=\"divider-border\"><\/div><\/div>[vc_column_text]<img loading=\"lazy\" decoding=\"async\" class=\"aligncenter wp-image-4890 size-large\" src=\"http:\/\/daisyladies.fi\/fi\/wp-content\/uploads\/2021\/02\/DaisyKoti-pohjapiirustus-UUSIN-1024x724.png\" alt=\"\" width=\"1024\" height=\"724\" srcset=\"http:\/\/daisyladies.fi\/fi\/wp-content\/uploads\/2021\/02\/DaisyKoti-pohjapiirustus-UUSIN-1024x724.png 1024w, http:\/\/daisyladies.fi\/fi\/wp-content\/uploads\/2021\/02\/DaisyKoti-pohjapiirustus-UUSIN-300x212.png 300w, http:\/\/daisyladies.fi\/fi\/wp-content\/uploads\/2021\/02\/DaisyKoti-pohjapiirustus-UUSIN-768x543.png 768w, http:\/\/daisyladies.fi\/fi\/wp-content\/uploads\/2021\/02\/DaisyKoti-pohjapiirustus-UUSIN.png 1653w\" sizes=\"(max-width: 1024px) 100vw, 1024px\" \/>[\/vc_column_text][\/vc_column][vc_column boxed=&#8221;true&#8221; column_padding=&#8221;padding-3-percent&#8221; column_padding_position=&#8221;all&#8221; background_color_opacity=&#8221;0.5&#8243; background_hover_color_opacity=&#8221;1&#8243; width=&#8221;1\/3&#8243; tablet_text_alignment=&#8221;default&#8221; phone_text_alignment=&#8221;default&#8221;][testimonial_slider style=&#8221;default&#8221;][testimonial title=&#8221;Testimonial&#8221; id=&#8221;1494836779305-2873e-25d8&#8243; name=&#8221;Nainen&#8221; quote=&#8221;Tulee monta ihmist\u00e4 ja eri kulttuuri ja kaikki sama perhe.&#8221; tab_id=&#8221;1592896216347-0&#8243;] Click the edit button to add your testimonial. [\/testimonial][testimonial title=&#8221;Testimonial&#8221; id=&#8221;1494836779437-5873e-25d8&#8243; name=&#8221;Nainen&#8221; quote=&#8221;Haluan olla yst\u00e4vien kanssa. Ja nyt on yst\u00e4v\u00e4 t\u00e4\u00e4ll\u00e4. Eli on tosi tosi hyv\u00e4 paikka.&#8221; tab_id=&#8221;1592896216382-7&#8243;] Click the edit button to add your testimonial. [\/testimonial][\/testimonial_slider][\/vc_column][\/vc_row][vc_row type=&#8221;in_container&#8221; full_screen_row_position=&#8221;middle&#8221; scene_position=&#8221;center&#8221; text_color=&#8221;dark&#8221; text_align=&#8221;left&#8221; overlay_strength=&#8221;0.3&#8243;][vc_column column_padding=&#8221;no-extra-padding&#8221; column_padding_position=&#8221;all&#8221; background_color_opacity=&#8221;1&#8243; background_hover_color_opacity=&#8221;1&#8243; width=&#8221;1\/1&#8243; tablet_text_alignment=&#8221;default&#8221; phone_text_alignment=&#8221;default&#8221;]<div class=\"divider-wrap\"><div style=\"margin-top: 15px; height: 1px; margin-bottom: 15px;\" data-width=\"100%\" data-animate=\"\" data-animation-delay=\"\" data-color=\"default\" class=\"divider-border\"><\/div><\/div>[\/vc_column][\/vc_row][vc_row type=&#8221;in_container&#8221; full_screen_row_position=&#8221;middle&#8221; scene_position=&#8221;center&#8221; text_color=&#8221;dark&#8221; text_align=&#8221;left&#8221; overlay_strength=&#8221;0.3&#8243;][vc_column column_padding=&#8221;no-extra-padding&#8221; column_padding_position=&#8221;all&#8221; background_color_opacity=&#8221;1&#8243; background_hover_color_opacity=&#8221;1&#8243; width=&#8221;1\/4&#8243; tablet_text_alignment=&#8221;default&#8221; phone_text_alignment=&#8221;default&#8221;][\/vc_column][vc_column column_padding=&#8221;no-extra-padding&#8221; column_padding_position=&#8221;all&#8221; background_color_opacity=&#8221;1&#8243; background_hover_color_opacity=&#8221;1&#8243; width=&#8221;1\/4&#8243; tablet_text_alignment=&#8221;default&#8221; phone_text_alignment=&#8221;default&#8221;]<div class=\"iwithtext\"><div class=\"iwt-icon\"> <i class=\"icon-default-style icon-map-marker extra-color-3\"><\/i> <\/div><div class=\"iwt-text\"> \n<h5><span style=\"color: #000000;\"><a style=\"color: #000000;\" href=\"https:\/\/www.google.fi\/maps\/place\/Linnankatu+41,+20100+Turku\/@60.4447475,22.2510811,17z\/data=!3m1!4b1!4m5!3m4!1s0x468c77002f8c3b9d:0x8a6f8ea4cc6013f9!8m2!3d60.4447475!4d22.2532698\" target=\"_blank\" rel=\"noopener noreferrer\">Sairashuoneenkatu 1, 20100 Turku<\/a><\/span><\/h5>\n <\/div><div class=\"clear\"><\/div><\/div>[\/vc_column][vc_column column_padding=&#8221;no-extra-padding&#8221; column_padding_position=&#8221;all&#8221; background_color_opacity=&#8221;1&#8243; background_hover_color_opacity=&#8221;1&#8243; width=&#8221;1\/4&#8243; tablet_text_alignment=&#8221;default&#8221; phone_text_alignment=&#8221;default&#8221;]<div class=\"iwithtext\"><div class=\"iwt-icon\"> <i class=\"icon-default-style icon-phone extra-color-3\"><\/i> <\/div><div class=\"iwt-text\"> \n<h5><span style=\"color: #000000;\"><a style=\"color: #000000;\" href=\"tel:+358503265064\">p. 0503265064<\/a><\/span><\/h5>\n <\/div><div class=\"clear\"><\/div><\/div>[\/vc_column][vc_column column_padding=&#8221;no-extra-padding&#8221; column_padding_position=&#8221;all&#8221; background_color_opacity=&#8221;1&#8243; background_hover_color_opacity=&#8221;1&#8243; width=&#8221;1\/4&#8243; tablet_text_alignment=&#8221;default&#8221; phone_text_alignment=&#8221;default&#8221;][\/vc_column][\/vc_row]\n","protected":false},"excerpt":{"rendered":"<p>[vc_row type=&#8221;full_width_background&#8221; full_screen_row_position=&#8221;middle&#8221; bg_color=&#8221;#d04549&#8243; scene_position=&#8221;center&#8221; text_color=&#8221;light&#8221; text_align=&#8221;center&#8221; top_padding=&#8221;40&#8243; bottom_padding=&#8221;40&#8243; overlay_strength=&#8221;0.3&#8243;][vc_column column_padding=&#8221;no-extra-padding&#8221; column_padding_position=&#8221;all&#8221; background_color_opacity=&#8221;1&#8243; background_hover_color_opacity=&#8221;1&#8243; width=&#8221;1\/1&#8243; tablet_text_alignment=&#8221;default&#8221; phone_text_alignment=&#8221;default&#8221;][vc_column_text] DaisyKoti (Daisyl\u00e4) [\/vc_column_text][\/vc_column][\/vc_row][vc_row type=&#8221;in_container&#8221; full_screen_row_position=&#8221;middle&#8221; scene_position=&#8221;center&#8221; text_color=&#8221;dark&#8221; text_align=&#8221;left&#8221; overlay_strength=&#8221;0.3&#8243;][vc_column column_padding=&#8221;no-extra-padding&#8221; column_padding_position=&#8221;all&#8221; background_color_opacity=&#8221;1&#8243; background_hover_color_opacity=&#8221;1&#8243;&#8230;<\/p>\n","protected":false},"author":2,"featured_media":0,"parent":0,"menu_order":0,"comment_status":"closed","ping_status":"closed","template":"","meta":{"om_disable_all_campaigns":false,"footnotes":"","iawp_total_views":612},"_links":{"self":[{"href":"http:\/\/daisyladies.fi\/fi\/wp-json\/wp\/v2\/pages\/4639"}],"collection":[{"href":"http:\/\/daisyladies.fi\/fi\/wp-json\/wp\/v2\/pages"}],"about":[{"href":"http:\/\/daisyladies.fi\/fi\/wp-json\/wp\/v2\/types\/page"}],"author":[{"embeddable":true,"href":"http:\/\/daisyladies.fi\/fi\/wp-json\/wp\/v2\/users\/2"}],"replies":[{"embeddable":true,"href":"http:\/\/daisyladies.fi\/fi\/wp-json\/wp\/v2\/comments?post=4639"}],"version-history":[{"count":16,"href":"http:\/\/daisyladies.fi\/fi\/wp-json\/wp\/v2\/pages\/4639\/revisions"}],"predecessor-version":[{"id":5544,"href":"http:\/\/daisyladies.fi\/fi\/wp-json\/wp\/v2\/pages\/4639\/revisions\/5544"}],"wp:attachment":[{"href":"http:\/\/daisyladies.fi\/fi\/wp-json\/wp\/v2\/media?parent=4639"}],"curies":[{"name":"wp","href":"https:\/\/api.w.org\/{rel}","templated":true}]}}