{"id":4576,"date":"2020-04-14T13:55:59","date_gmt":"2020-04-14T13:55:59","guid":{"rendered":"http:\/\/daisyladies.fi\/fi\/?page_id=4576"},"modified":"2025-09-08T10:01:35","modified_gmt":"2025-09-08T10:01:35","slug":"daisynews","status":"publish","type":"page","link":"http:\/\/daisyladies.fi\/fi\/daisynews\/","title":{"rendered":"DaisyNews"},"content":{"rendered":"[vc_row type=&#8221;full_width_background&#8221; full_screen_row_position=&#8221;middle&#8221; bg_color=&#8221;#5bae4b&#8221; scene_position=&#8221;center&#8221; text_color=&#8221;light&#8221; text_align=&#8221;center&#8221; top_padding=&#8221;40&#8243; bottom_padding=&#8221;40&#8243; overlay_strength=&#8221;0.3&#8243;][vc_column column_padding=&#8221;no-extra-padding&#8221; column_padding_position=&#8221;all&#8221; background_color_opacity=&#8221;1&#8243; background_hover_color_opacity=&#8221;1&#8243; width=&#8221;1\/1&#8243; tablet_text_alignment=&#8221;default&#8221; phone_text_alignment=&#8221;default&#8221;][vc_column_text]\n<h1>DaisyNews<\/h1>\n[\/vc_column_text][\/vc_column][\/vc_row][vc_row type=&#8221;in_container&#8221; full_screen_row_position=&#8221;middle&#8221; scene_position=&#8221;center&#8221; text_color=&#8221;dark&#8221; text_align=&#8221;left&#8221; overlay_strength=&#8221;0.3&#8243;][vc_column column_padding=&#8221;no-extra-padding&#8221; column_padding_position=&#8221;all&#8221; background_color_opacity=&#8221;1&#8243; background_hover_color_opacity=&#8221;1&#8243; width=&#8221;1\/1&#8243; tablet_text_alignment=&#8221;default&#8221; phone_text_alignment=&#8221;default&#8221;]<div class=\"divider-wrap\"><div style=\"height: 40px;\" class=\"divider\"><\/div><\/div>[\/vc_column][\/vc_row][vc_row type=&#8221;in_container&#8221; full_screen_row_position=&#8221;middle&#8221; scene_position=&#8221;center&#8221; text_color=&#8221;dark&#8221; text_align=&#8221;left&#8221; overlay_strength=&#8221;0.3&#8243;][vc_column column_padding=&#8221;no-extra-padding&#8221; column_padding_position=&#8221;all&#8221; background_color_opacity=&#8221;1&#8243; background_hover_color_opacity=&#8221;1&#8243; width=&#8221;2\/3&#8243; tablet_text_alignment=&#8221;default&#8221; phone_text_alignment=&#8221;default&#8221;][vc_column_text]Ensimm\u00e4inen <strong>DaisyNews<\/strong>-lehti ilmestyi <a href=\"https:\/\/www.ts.fi\/viihde\/1074036809\/Maahanmuuttajanaisille+Turun+seudulla+oma+lehti\">vuonna 2005<\/a>, jolloin lehden kustannuksesta vastasi Turun Sanomat. Silloisen TS:n markkinointip\u00e4\u00e4llikk\u00f6 Lasse Aarnion mukaan \u201dPaikallinen sanomalehti on paras tapa tutustua oman kaupunkiin ja maan kulttuuriin.\u201d T\u00e4n\u00e4 vuonna DaisyLadies ry t\u00e4ytt\u00e4\u00e4 20 vuotta ja juhlavuoden kunniaksi p\u00e4\u00e4timme jatkaa tauolla ollutta lehte\u00e4.<\/p>\n<p>Nyt kannattaa katsoa taaksep\u00e4in ja muistella hyvin aktiivista toimintaamme. DaisyNews-lehden kautta on tarkoitus kertoa maahan muuttaneille heit\u00e4 koskevista uutisista, lakiuudistuksista, tapahtumista, kursseista jne. Pid\u00e4mme my\u00f6s lukijamme ajan tasalla toiminnastamme. Kirjoittajat ovat omien kulttuureidensa parhaita asiantuntijoita. Suomalaisille itsest\u00e4\u00e4nselv\u00e4t k\u00e4yt\u00e4nn\u00f6t voivat maahan muuttaneille tuntua kummallisilta, jopa huvittavilta, ja p\u00e4invastoin.<\/p>\n<p>DaisyLadies ry pyrkii l\u00e4hent\u00e4m\u00e4\u00e4n kulttuureja toisiinsa ja lis\u00e4\u00e4m\u00e4\u00e4n yhteisty\u00f6t\u00e4 ja kanssak\u00e4ymist\u00e4 eri maista tulleiden naisten kesken. Aivan kuten p\u00e4iv\u00e4nkakkara (daisy), olemme me naiset sitkeit\u00e4 ja vahvoja, p\u00e4rj\u00e4ten vaikeissakin olosuhteissa. Muistakaa mahdollisuus ja luottamus!<\/p>\n<p>Hyvi\u00e4 lukuhetki\u00e4,<br \/>\nH\u00fclya \u201dHissu\u201d Kyt\u00f6<\/p>\n<p><strong>DaisyNews-lehti ilmestyy nelj\u00e4 kertaa vuodessa. Lehden painetun version l\u00f6yd\u00e4t toimitaloistamme ja digilehden pdf-muodossa p\u00e4\u00e4set lukemaan n\u00e4ill\u00e4 sivuilla.<\/strong><\/p>\n<p><strong>DaisyNews-lehdest\u00e4 voi my\u00f6s ostaa mainostilaa. Tutustu mediakorttiimme ja ota yhteytt\u00e4: daisyladies.turku@gmail.com<\/strong>[\/vc_column_text]<div class=\"divider-wrap\"><div style=\"height: 25px;\" class=\"divider\"><\/div><\/div><div class=\"divider-wrap\"><div style=\"margin-top: 12px; height: 1px; margin-bottom: 12px;\" data-width=\"100%\" data-animate=\"\" data-animation-delay=\"\" data-color=\"default\" class=\"divider-border\"><\/div><\/div>[vc_column_text]\n<h2>Lehtiarkisto<\/h2>\n<h2>2025<\/h2>\n<p><a href=\"http:\/\/daisyladies.fi\/fi\/wp-content\/uploads\/2025\/09\/DaisyNews_2_2025_digiversio2.pdf\"><strong>2\/2025<\/strong><\/a><\/p>\n<p><a href=\"http:\/\/daisyladies.fi\/fi\/wp-content\/uploads\/2025\/09\/DaisyNews_2_2025_digiversio2.pdf\"><strong><img loading=\"lazy\" decoding=\"async\" class=\"alignnone size-full wp-image-6127\" src=\"http:\/\/daisyladies.fi\/fi\/wp-content\/uploads\/2025\/09\/DaisyNews_2_2025_kansikuva-small.png\" alt=\"\" width=\"212\" height=\"300\" \/><\/strong><\/a><\/p>\n<p><a href=\"http:\/\/daisyladies.fi\/fi\/wp-content\/uploads\/2025\/04\/DaisyNews_1_2025-digiversio2.pdf\"><strong>1\/2025<\/strong><\/a><\/p>\n<h2><a href=\"http:\/\/daisyladies.fi\/fi\/wp-content\/uploads\/2025\/04\/DaisyNews_1_2025-digiversio2.pdf\"><img loading=\"lazy\" decoding=\"async\" class=\"alignnone size-full wp-image-6023\" src=\"http:\/\/daisyladies.fi\/fi\/wp-content\/uploads\/2025\/04\/DaisyNews_1_2025-kansikuva-small.png\" alt=\"\" width=\"212\" height=\"300\" \/><\/a><\/h2>\n<h2>2024<\/h2>\n<p><a href=\"http:\/\/daisyladies.fi\/fi\/wp-content\/uploads\/2024\/12\/DaisyNews_3_2024_valmis_pienennetty.pdf\"><strong>3\/2024<\/strong><\/a><\/p>\n<p><a href=\"http:\/\/daisyladies.fi\/fi\/wp-content\/uploads\/2024\/12\/DaisyNews_3_2024_valmis_pienennetty.pdf\"><strong><img loading=\"lazy\" decoding=\"async\" class=\"alignnone size-full wp-image-5840\" src=\"http:\/\/daisyladies.fi\/fi\/wp-content\/uploads\/2024\/12\/DaisyNews_3_2024_kansi_pieni.png\" alt=\"\" width=\"212\" height=\"300\" \/><\/strong><\/a><\/p>\n<p><a href=\"http:\/\/daisyladies.fi\/fi\/wp-content\/uploads\/2024\/06\/DaisyNews_2_2024_valmis_pienennetty.pdf\"><strong>2\/2024<\/strong><\/a><\/p>\n<p><a href=\"http:\/\/daisyladies.fi\/fi\/wp-content\/uploads\/2024\/06\/DaisyNews_2_2024_valmis_pienennetty.pdf\"><strong><img loading=\"lazy\" decoding=\"async\" class=\"alignnone size-medium wp-image-5643\" src=\"http:\/\/daisyladies.fi\/fi\/wp-content\/uploads\/2024\/06\/DaisyNews_2_2024_kansi-212x300.png\" alt=\"\" width=\"212\" height=\"300\" srcset=\"http:\/\/daisyladies.fi\/fi\/wp-content\/uploads\/2024\/06\/DaisyNews_2_2024_kansi-212x300.png 212w, http:\/\/daisyladies.fi\/fi\/wp-content\/uploads\/2024\/06\/DaisyNews_2_2024_kansi-724x1024.png 724w, http:\/\/daisyladies.fi\/fi\/wp-content\/uploads\/2024\/06\/DaisyNews_2_2024_kansi-768x1086.png 768w, http:\/\/daisyladies.fi\/fi\/wp-content\/uploads\/2024\/06\/DaisyNews_2_2024_kansi-1086x1536.png 1086w, http:\/\/daisyladies.fi\/fi\/wp-content\/uploads\/2024\/06\/DaisyNews_2_2024_kansi-1448x2048.png 1448w\" sizes=\"(max-width: 212px) 100vw, 212px\" \/><\/strong><\/a><\/p>\n<p><a href=\"http:\/\/daisyladies.fi\/fi\/wp-content\/uploads\/2024\/01\/DaisyNews_1_2024_nettiversio1.pdf\"><strong>1\/2024<\/strong><\/a><\/p>\n<p><a href=\"http:\/\/daisyladies.fi\/fi\/wp-content\/uploads\/2024\/01\/DaisyNews_1_2024_nettiversio1.pdf\"><strong><img loading=\"lazy\" decoding=\"async\" class=\"alignnone size-medium wp-image-5511\" src=\"http:\/\/daisyladies.fi\/fi\/wp-content\/uploads\/2024\/01\/DaisyNews_1_2024_kansi-212x300.png\" alt=\"\" width=\"212\" height=\"300\" srcset=\"http:\/\/daisyladies.fi\/fi\/wp-content\/uploads\/2024\/01\/DaisyNews_1_2024_kansi-212x300.png 212w, http:\/\/daisyladies.fi\/fi\/wp-content\/uploads\/2024\/01\/DaisyNews_1_2024_kansi-768x1086.png 768w, http:\/\/daisyladies.fi\/fi\/wp-content\/uploads\/2024\/01\/DaisyNews_1_2024_kansi-724x1024.png 724w\" sizes=\"(max-width: 212px) 100vw, 212px\" \/><\/strong><\/a><\/p>\n<h2>2023<\/h2>\n<p><a href=\"http:\/\/daisyladies.fi\/fi\/wp-content\/uploads\/2023\/12\/DaisyNews_2_2023-VALMIS-pienennetty-2.pdf\"><strong>2\/2023<\/strong><\/a><\/p>\n<p><a href=\"http:\/\/daisyladies.fi\/fi\/wp-content\/uploads\/2023\/12\/DaisyNews_2_2023-VALMIS-pienennetty-2.pdf\"><strong><img loading=\"lazy\" decoding=\"async\" class=\"alignnone size-medium wp-image-5465\" src=\"http:\/\/daisyladies.fi\/fi\/wp-content\/uploads\/2023\/12\/DaisyNews_2_2023-kansi-212x300.png\" alt=\"\" width=\"212\" height=\"300\" srcset=\"http:\/\/daisyladies.fi\/fi\/wp-content\/uploads\/2023\/12\/DaisyNews_2_2023-kansi-212x300.png 212w, http:\/\/daisyladies.fi\/fi\/wp-content\/uploads\/2023\/12\/DaisyNews_2_2023-kansi-768x1086.png 768w, http:\/\/daisyladies.fi\/fi\/wp-content\/uploads\/2023\/12\/DaisyNews_2_2023-kansi-724x1024.png 724w\" sizes=\"(max-width: 212px) 100vw, 212px\" \/><\/strong><\/a><\/p>\n<p><a href=\"http:\/\/daisyladies.fi\/fi\/wp-content\/uploads\/2023\/04\/DaisyNews_1_2023_nettiin.pdf\"><strong>1\/2023<\/strong><\/a><\/p>\n<h2><a href=\"http:\/\/daisyladies.fi\/fi\/wp-content\/uploads\/2023\/04\/DaisyNews_1_2023_nettiin.pdf\"><img loading=\"lazy\" decoding=\"async\" class=\"alignnone wp-image-5344 size-medium\" src=\"http:\/\/daisyladies.fi\/fi\/wp-content\/uploads\/2023\/04\/DaisyNews_1_2023_kansi-212x300.png\" alt=\"\" width=\"212\" height=\"300\" srcset=\"http:\/\/daisyladies.fi\/fi\/wp-content\/uploads\/2023\/04\/DaisyNews_1_2023_kansi-212x300.png 212w, http:\/\/daisyladies.fi\/fi\/wp-content\/uploads\/2023\/04\/DaisyNews_1_2023_kansi-768x1086.png 768w, http:\/\/daisyladies.fi\/fi\/wp-content\/uploads\/2023\/04\/DaisyNews_1_2023_kansi-724x1024.png 724w\" sizes=\"(max-width: 212px) 100vw, 212px\" \/><\/a><\/h2>\n<h2>2022<\/h2>\n<p><a href=\"http:\/\/daisyladies.fi\/fi\/wp-content\/uploads\/2022\/12\/DaisyNews_4_2022-nettiin.pdf\"><strong>4\/2022<\/strong><\/a><\/p>\n<p><a href=\"http:\/\/daisyladies.fi\/fi\/wp-content\/uploads\/2022\/12\/DaisyNews_4_2022-nettiin.pdf\"><strong><img loading=\"lazy\" decoding=\"async\" class=\"alignnone size-medium wp-image-5285\" src=\"http:\/\/daisyladies.fi\/fi\/wp-content\/uploads\/2022\/12\/DaisyNews_4_2022-nettiin-1-212x300.png\" alt=\"\" width=\"212\" height=\"300\" srcset=\"http:\/\/daisyladies.fi\/fi\/wp-content\/uploads\/2022\/12\/DaisyNews_4_2022-nettiin-1-212x300.png 212w, http:\/\/daisyladies.fi\/fi\/wp-content\/uploads\/2022\/12\/DaisyNews_4_2022-nettiin-1-768x1086.png 768w, http:\/\/daisyladies.fi\/fi\/wp-content\/uploads\/2022\/12\/DaisyNews_4_2022-nettiin-1-724x1024.png 724w\" sizes=\"(max-width: 212px) 100vw, 212px\" \/><\/strong><\/a><\/p>\n<p><a href=\"http:\/\/daisyladies.fi\/fi\/wp-content\/uploads\/2022\/10\/DaisyNews_3_2022_nettiin1-1.pdf\"><strong>3\/2022<\/strong><\/a><\/p>\n<p><a href=\"http:\/\/daisyladies.fi\/fi\/wp-content\/uploads\/2022\/10\/DaisyNews_3_2022_nettiin1-1.pdf\"><strong><img loading=\"lazy\" decoding=\"async\" class=\"alignnone size-medium wp-image-5247\" src=\"http:\/\/daisyladies.fi\/fi\/wp-content\/uploads\/2022\/10\/DaisyNews_3_2022_kansikuva-212x300.png\" alt=\"\" width=\"212\" height=\"300\" srcset=\"http:\/\/daisyladies.fi\/fi\/wp-content\/uploads\/2022\/10\/DaisyNews_3_2022_kansikuva-212x300.png 212w, http:\/\/daisyladies.fi\/fi\/wp-content\/uploads\/2022\/10\/DaisyNews_3_2022_kansikuva-768x1087.png 768w, http:\/\/daisyladies.fi\/fi\/wp-content\/uploads\/2022\/10\/DaisyNews_3_2022_kansikuva-724x1024.png 724w, http:\/\/daisyladies.fi\/fi\/wp-content\/uploads\/2022\/10\/DaisyNews_3_2022_kansikuva.png 800w\" sizes=\"(max-width: 212px) 100vw, 212px\" \/><\/strong><\/a><\/p>\n<p><a href=\"http:\/\/daisyladies.fi\/fi\/wp-content\/uploads\/2022\/10\/DaisyNews_2_2022_pienennetty.pdf\"><strong>2\/2022<\/strong><\/a><\/p>\n<p><a href=\"http:\/\/daisyladies.fi\/fi\/wp-content\/uploads\/2022\/10\/DaisyNews_2_2022_pienennetty.pdf\"><strong><img loading=\"lazy\" decoding=\"async\" class=\"alignnone size-medium wp-image-5211\" src=\"http:\/\/daisyladies.fi\/fi\/wp-content\/uploads\/2022\/08\/DaisyNews_2_2022-1-212x300.png\" alt=\"\" width=\"212\" height=\"300\" srcset=\"http:\/\/daisyladies.fi\/fi\/wp-content\/uploads\/2022\/08\/DaisyNews_2_2022-1-212x300.png 212w, http:\/\/daisyladies.fi\/fi\/wp-content\/uploads\/2022\/08\/DaisyNews_2_2022-1-768x1086.png 768w, http:\/\/daisyladies.fi\/fi\/wp-content\/uploads\/2022\/08\/DaisyNews_2_2022-1-724x1024.png 724w\" sizes=\"(max-width: 212px) 100vw, 212px\" \/><\/strong><\/a><\/p>\n<p><a href=\"http:\/\/daisyladies.fi\/fi\/wp-content\/uploads\/2022\/10\/DaisyNews_1_2022_netti_pienennetty.pdf\"><strong>1\/2022<\/strong><\/a><\/p>\n<h2><a href=\"http:\/\/daisyladies.fi\/fi\/wp-content\/uploads\/2022\/10\/DaisyNews_1_2022_netti_pienennetty.pdf\"><img loading=\"lazy\" decoding=\"async\" class=\"alignnone size-medium wp-image-5148\" src=\"http:\/\/daisyladies.fi\/fi\/wp-content\/uploads\/2022\/03\/DaisyNews_1_2022_kansi-212x300.png\" alt=\"\" width=\"212\" height=\"300\" srcset=\"http:\/\/daisyladies.fi\/fi\/wp-content\/uploads\/2022\/03\/DaisyNews_1_2022_kansi-212x300.png 212w, http:\/\/daisyladies.fi\/fi\/wp-content\/uploads\/2022\/03\/DaisyNews_1_2022_kansi-768x1086.png 768w, http:\/\/daisyladies.fi\/fi\/wp-content\/uploads\/2022\/03\/DaisyNews_1_2022_kansi-724x1024.png 724w\" sizes=\"(max-width: 212px) 100vw, 212px\" \/><\/a><\/h2>\n<h2>2021<\/h2>\n<p><a href=\"http:\/\/daisyladies.fi\/fi\/wp-content\/uploads\/2021\/12\/DaisyNews_3_2021nettiin.pdf\"><strong>3\/2021<\/strong><\/a><\/p>\n<p><a href=\"http:\/\/daisyladies.fi\/fi\/wp-content\/uploads\/2021\/12\/DaisyNews_3_2021nettiin.pdf\"><strong><img loading=\"lazy\" decoding=\"async\" class=\"alignnone size-medium wp-image-5072\" src=\"http:\/\/daisyladies.fi\/fi\/wp-content\/uploads\/2021\/12\/DaisyNews_3_2021nettiin-212x300.png\" alt=\"\" width=\"212\" height=\"300\" srcset=\"http:\/\/daisyladies.fi\/fi\/wp-content\/uploads\/2021\/12\/DaisyNews_3_2021nettiin-212x300.png 212w, http:\/\/daisyladies.fi\/fi\/wp-content\/uploads\/2021\/12\/DaisyNews_3_2021nettiin-768x1087.png 768w, http:\/\/daisyladies.fi\/fi\/wp-content\/uploads\/2021\/12\/DaisyNews_3_2021nettiin-724x1024.png 724w, http:\/\/daisyladies.fi\/fi\/wp-content\/uploads\/2021\/12\/DaisyNews_3_2021nettiin.png 826w\" sizes=\"(max-width: 212px) 100vw, 212px\" \/><\/strong><\/a><\/p>\n<p><a href=\"http:\/\/daisyladies.fi\/fi\/wp-content\/uploads\/2021\/10\/DaisyNews_2_2021.pdf\"><strong>2\/2021<\/strong><\/a><\/p>\n<p><a href=\"http:\/\/daisyladies.fi\/fi\/wp-content\/uploads\/2021\/10\/DaisyNews_2_2021.pdf\"><strong><img loading=\"lazy\" decoding=\"async\" class=\"alignnone size-medium wp-image-5040\" src=\"http:\/\/daisyladies.fi\/fi\/wp-content\/uploads\/2021\/10\/daisynews-kansi-2_2021-213x300.png\" alt=\"\" width=\"213\" height=\"300\" srcset=\"http:\/\/daisyladies.fi\/fi\/wp-content\/uploads\/2021\/10\/daisynews-kansi-2_2021-213x300.png 213w, http:\/\/daisyladies.fi\/fi\/wp-content\/uploads\/2021\/10\/daisynews-kansi-2_2021.png 647w\" sizes=\"(max-width: 213px) 100vw, 213px\" \/><\/strong><\/a><\/p>\n<p><a href=\"http:\/\/daisyladies.fi\/fi\/wp-content\/uploads\/2021\/03\/Daisy-news-nettiin2.pdf\"><strong>1\/2021<\/strong><\/a><\/p>\n<p><a href=\"http:\/\/daisyladies.fi\/fi\/wp-content\/uploads\/2021\/03\/Daisy-news-nettiin2.pdf\"><img loading=\"lazy\" decoding=\"async\" class=\"alignnone wp-image-4914 size-medium\" src=\"http:\/\/daisyladies.fi\/fi\/wp-content\/uploads\/2021\/03\/Daisy-news-nettiin2-212x300.png\" alt=\"\" width=\"212\" height=\"300\" srcset=\"http:\/\/daisyladies.fi\/fi\/wp-content\/uploads\/2021\/03\/Daisy-news-nettiin2-212x300.png 212w, http:\/\/daisyladies.fi\/fi\/wp-content\/uploads\/2021\/03\/Daisy-news-nettiin2-768x1087.png 768w, http:\/\/daisyladies.fi\/fi\/wp-content\/uploads\/2021\/03\/Daisy-news-nettiin2-724x1024.png 724w, http:\/\/daisyladies.fi\/fi\/wp-content\/uploads\/2021\/03\/Daisy-news-nettiin2.png 826w\" sizes=\"(max-width: 212px) 100vw, 212px\" \/><\/a><\/p>\n<h2>2020<\/h2>\n<p><a href=\"http:\/\/daisyladies.fi\/fi\/wp-content\/uploads\/2020\/04\/DaisyNews-nro1-valmis-nettiversio.pdf\"><strong>1\/2020<\/strong><\/a><\/p>\n<p><a href=\"http:\/\/daisyladies.fi\/fi\/wp-content\/uploads\/2020\/04\/DaisyNews-nro1-valmis-nettiversio.pdf\"><img loading=\"lazy\" decoding=\"async\" class=\"alignnone size-medium wp-image-4585\" src=\"http:\/\/daisyladies.fi\/fi\/wp-content\/uploads\/2020\/04\/DaisyNews-1_2020-212x300.png\" alt=\"\" width=\"212\" height=\"300\" srcset=\"http:\/\/daisyladies.fi\/fi\/wp-content\/uploads\/2020\/04\/DaisyNews-1_2020-212x300.png 212w, http:\/\/daisyladies.fi\/fi\/wp-content\/uploads\/2020\/04\/DaisyNews-1_2020-768x1086.png 768w, http:\/\/daisyladies.fi\/fi\/wp-content\/uploads\/2020\/04\/DaisyNews-1_2020-724x1024.png 724w\" sizes=\"(max-width: 212px) 100vw, 212px\" \/><\/a><\/p>\n<p><strong><a href=\"http:\/\/daisyladies.fi\/fi\/wp-content\/uploads\/2020\/06\/Daisy-news-taittonro2-ver2-UUSIN.pdf\">2\/2020<\/a><\/strong><\/p>\n<p><a href=\"http:\/\/daisyladies.fi\/fi\/wp-content\/uploads\/2020\/06\/Daisy-news-taittonro2-ver2-UUSIN.pdf\"><img loading=\"lazy\" decoding=\"async\" class=\"alignnone size-medium wp-image-4637\" src=\"http:\/\/daisyladies.fi\/fi\/wp-content\/uploads\/2020\/06\/Daisy-news-taittonro2-ver2-UUSIN-1-212x300.png\" alt=\"\" width=\"212\" height=\"300\" srcset=\"http:\/\/daisyladies.fi\/fi\/wp-content\/uploads\/2020\/06\/Daisy-news-taittonro2-ver2-UUSIN-1-212x300.png 212w, http:\/\/daisyladies.fi\/fi\/wp-content\/uploads\/2020\/06\/Daisy-news-taittonro2-ver2-UUSIN-1-768x1086.png 768w, http:\/\/daisyladies.fi\/fi\/wp-content\/uploads\/2020\/06\/Daisy-news-taittonro2-ver2-UUSIN-1-724x1024.png 724w\" sizes=\"(max-width: 212px) 100vw, 212px\" \/><\/a><\/p>\n<p><strong><a href=\"http:\/\/daisyladies.fi\/fi\/wp-content\/uploads\/2020\/12\/DaisyNews_3_2020.pdf\">3\/2020 &#8211; 20-vuotisjuhlanumero<\/a><\/strong><\/p>\n<p><a href=\"http:\/\/daisyladies.fi\/fi\/wp-content\/uploads\/2020\/12\/DaisyNews_3_2020.pdf\"><img loading=\"lazy\" decoding=\"async\" class=\"alignnone size-medium wp-image-4842\" src=\"http:\/\/daisyladies.fi\/fi\/wp-content\/uploads\/2020\/12\/Daisy-news-juhlanumero-kansi-214x300.png\" alt=\"\" width=\"214\" height=\"300\" srcset=\"http:\/\/daisyladies.fi\/fi\/wp-content\/uploads\/2020\/12\/Daisy-news-juhlanumero-kansi-214x300.png 214w, http:\/\/daisyladies.fi\/fi\/wp-content\/uploads\/2020\/12\/Daisy-news-juhlanumero-kansi-768x1077.png 768w, http:\/\/daisyladies.fi\/fi\/wp-content\/uploads\/2020\/12\/Daisy-news-juhlanumero-kansi-730x1024.png 730w\" sizes=\"(max-width: 214px) 100vw, 214px\" \/><\/a>[\/vc_column_text][\/vc_column][vc_column boxed=&#8221;true&#8221; column_padding=&#8221;padding-3-percent&#8221; column_padding_position=&#8221;all&#8221; background_color_opacity=&#8221;0.5&#8243; background_hover_color_opacity=&#8221;1&#8243; width=&#8221;1\/3&#8243; tablet_text_alignment=&#8221;default&#8221; phone_text_alignment=&#8221;default&#8221;]<div class=\"img-with-aniamtion-wrap center\" data-max-width=\"100%\"><div class=\"inner\"><img decoding=\"async\" data-shadow=\"none\" data-shadow-direction=\"middle\" class=\"img-with-animation \" data-delay=\"0\" height=\"100%\" width=\"100%\" data-animation=\"fade-in\" src=\"http:\/\/daisyladies.fi\/fi\/wp-content\/uploads\/2020\/04\/pic_5_1074036809_k1073843964_651.jpg\" alt=\"\" \/><\/div><\/div>[vc_column_text]\n<p style=\"text-align: center;\"><em>H\u00fclya &#8220;Hissu&#8221; Kyt\u00f6 ja DaisyNews-lehden ensimm\u00e4inen numero vuonna 2005.<\/em><\/p>\n[\/vc_column_text]<div class=\"divider-wrap\"><div style=\"height: 25px;\" class=\"divider\"><\/div><\/div><div class=\"divider-wrap\"><div style=\"margin-top: 12px; height: 1px; margin-bottom: 12px;\" data-width=\"100%\" data-animate=\"\" data-animation-delay=\"\" data-color=\"default\" class=\"divider-border\"><\/div><\/div>[vc_column_text]<strong>DaisyNews-lehdest\u00e4 on mahdollista ostaa mainostilaa. Tutustu mediakorttiimme:<\/strong><\/p>\n<p><a href=\"http:\/\/daisyladies.fi\/fi\/wp-content\/uploads\/2024\/01\/DAISYNEWS-mediakortti-2024.jpg\"><img loading=\"lazy\" decoding=\"async\" class=\"aligncenter wp-image-5548 size-large\" src=\"http:\/\/daisyladies.fi\/fi\/wp-content\/uploads\/2024\/01\/DAISYNEWS-mediakortti-2024-724x1024.jpg\" alt=\"\" width=\"724\" height=\"1024\" srcset=\"http:\/\/daisyladies.fi\/fi\/wp-content\/uploads\/2024\/01\/DAISYNEWS-mediakortti-2024-724x1024.jpg 724w, http:\/\/daisyladies.fi\/fi\/wp-content\/uploads\/2024\/01\/DAISYNEWS-mediakortti-2024-212x300.jpg 212w, http:\/\/daisyladies.fi\/fi\/wp-content\/uploads\/2024\/01\/DAISYNEWS-mediakortti-2024-768x1086.jpg 768w, http:\/\/daisyladies.fi\/fi\/wp-content\/uploads\/2024\/01\/DAISYNEWS-mediakortti-2024.jpg 1654w\" sizes=\"(max-width: 724px) 100vw, 724px\" \/><\/a>[\/vc_column_text][\/vc_column][\/vc_row][vc_row type=&#8221;in_container&#8221; full_screen_row_position=&#8221;middle&#8221; scene_position=&#8221;center&#8221; text_color=&#8221;dark&#8221; text_align=&#8221;left&#8221; overlay_strength=&#8221;0.3&#8243;][vc_column column_padding=&#8221;no-extra-padding&#8221; column_padding_position=&#8221;all&#8221; background_color_opacity=&#8221;1&#8243; background_hover_color_opacity=&#8221;1&#8243; width=&#8221;1\/1&#8243; tablet_text_alignment=&#8221;default&#8221; phone_text_alignment=&#8221;default&#8221;]<div class=\"divider-wrap\"><div style=\"height: 100px;\" class=\"divider\"><\/div><\/div>[\/vc_column][\/vc_row]\n","protected":false},"excerpt":{"rendered":"<p>[vc_row type=&#8221;full_width_background&#8221; full_screen_row_position=&#8221;middle&#8221; bg_color=&#8221;#5bae4b&#8221; scene_position=&#8221;center&#8221; text_color=&#8221;light&#8221; text_align=&#8221;center&#8221; top_padding=&#8221;40&#8243; bottom_padding=&#8221;40&#8243; overlay_strength=&#8221;0.3&#8243;][vc_column column_padding=&#8221;no-extra-padding&#8221; column_padding_position=&#8221;all&#8221; background_color_opacity=&#8221;1&#8243; background_hover_color_opacity=&#8221;1&#8243; width=&#8221;1\/1&#8243; tablet_text_alignment=&#8221;default&#8221; phone_text_alignment=&#8221;default&#8221;][vc_column_text] DaisyNews [\/vc_column_text][\/vc_column][\/vc_row][vc_row type=&#8221;in_container&#8221; full_screen_row_position=&#8221;middle&#8221; scene_position=&#8221;center&#8221; text_color=&#8221;dark&#8221; text_align=&#8221;left&#8221; overlay_strength=&#8221;0.3&#8243;][vc_column column_padding=&#8221;no-extra-padding&#8221; column_padding_position=&#8221;all&#8221; background_color_opacity=&#8221;1&#8243; background_hover_color_opacity=&#8221;1&#8243; width=&#8221;1\/1&#8243;&#8230;<\/p>\n","protected":false},"author":2,"featured_media":0,"parent":0,"menu_order":0,"comment_status":"closed","ping_status":"closed","template":"","meta":{"om_disable_all_campaigns":false,"footnotes":"","iawp_total_views":449},"_links":{"self":[{"href":"http:\/\/daisyladies.fi\/fi\/wp-json\/wp\/v2\/pages\/4576"}],"collection":[{"href":"http:\/\/daisyladies.fi\/fi\/wp-json\/wp\/v2\/pages"}],"about":[{"href":"http:\/\/daisyladies.fi\/fi\/wp-json\/wp\/v2\/types\/page"}],"author":[{"embeddable":true,"href":"http:\/\/daisyladies.fi\/fi\/wp-json\/wp\/v2\/users\/2"}],"replies":[{"embeddable":true,"href":"http:\/\/daisyladies.fi\/fi\/wp-json\/wp\/v2\/comments?post=4576"}],"version-history":[{"count":32,"href":"http:\/\/daisyladies.fi\/fi\/wp-json\/wp\/v2\/pages\/4576\/revisions"}],"predecessor-version":[{"id":6145,"href":"http:\/\/daisyladies.fi\/fi\/wp-json\/wp\/v2\/pages\/4576\/revisions\/6145"}],"wp:attachment":[{"href":"http:\/\/daisyladies.fi\/fi\/wp-json\/wp\/v2\/media?parent=4576"}],"curies":[{"name":"wp","href":"https:\/\/api.w.org\/{rel}","templated":true}]}}