{"id":4452,"date":"2020-02-06T08:26:25","date_gmt":"2020-02-06T08:26:25","guid":{"rendered":"http:\/\/daisyladies.fi\/fi\/?page_id=4452"},"modified":"2020-02-06T08:29:35","modified_gmt":"2020-02-06T08:29:35","slug":"aanimaisema-ja-podcast-projekti","status":"publish","type":"page","link":"http:\/\/daisyladies.fi\/fi\/aanimaisema-ja-podcast-projekti\/","title":{"rendered":"\u00c4\u00e4nimaisema- ja podcast-projekti"},"content":{"rendered":"[vc_row type=&#8221;full_width_background&#8221; full_screen_row_position=&#8221;middle&#8221; bg_color=&#8221;#5bae4b&#8221; scene_position=&#8221;center&#8221; text_color=&#8221;light&#8221; text_align=&#8221;center&#8221; top_padding=&#8221;40&#8243; bottom_padding=&#8221;40&#8243; overlay_strength=&#8221;0.3&#8243;][vc_column column_padding=&#8221;no-extra-padding&#8221; column_padding_position=&#8221;all&#8221; background_color_opacity=&#8221;1&#8243; background_hover_color_opacity=&#8221;1&#8243; width=&#8221;1\/1&#8243; tablet_text_alignment=&#8221;default&#8221; phone_text_alignment=&#8221;default&#8221;][vc_column_text]\n<h1>\u00c4\u00e4nimaisema- ja podcast-projekti<\/h1>\n[\/vc_column_text][\/vc_column][\/vc_row][vc_row type=&#8221;in_container&#8221; full_screen_row_position=&#8221;middle&#8221; scene_position=&#8221;center&#8221; text_color=&#8221;dark&#8221; text_align=&#8221;left&#8221; overlay_strength=&#8221;0.3&#8243;][vc_column column_padding=&#8221;no-extra-padding&#8221; column_padding_position=&#8221;all&#8221; background_color_opacity=&#8221;1&#8243; background_hover_color_opacity=&#8221;1&#8243; width=&#8221;1\/1&#8243; tablet_text_alignment=&#8221;default&#8221; phone_text_alignment=&#8221;default&#8221;]<div class=\"divider-wrap\"><div style=\"height: 40px;\" class=\"divider\"><\/div><\/div>[\/vc_column][\/vc_row][vc_row type=&#8221;in_container&#8221; full_screen_row_position=&#8221;middle&#8221; scene_position=&#8221;center&#8221; text_color=&#8221;dark&#8221; text_align=&#8221;left&#8221; overlay_strength=&#8221;0.3&#8243;][vc_column column_padding=&#8221;no-extra-padding&#8221; column_padding_position=&#8221;all&#8221; background_color_opacity=&#8221;1&#8243; background_hover_color_opacity=&#8221;1&#8243; width=&#8221;2\/3&#8243; tablet_text_alignment=&#8221;default&#8221; phone_text_alignment=&#8221;default&#8221;][vc_column_text]Projektille saatiin avustus Taiteen edist\u00e4miskeskukselta vuodelle 2019 (kulttuurisen moninaisuuden edist\u00e4miseen ja rasismin vastaiseen toimintaan).<\/p>\n<p>Projektin keski\u00f6ss\u00e4 oli \u00e4\u00e4nimaisematy\u00f6 eli ymp\u00e4rist\u00f6n \u00e4\u00e4nien \u00e4\u00e4nitt\u00e4minen ja t\u00e4t\u00e4 kautta syntyv\u00e4 ymp\u00e4rist\u00f6suhde, kansalaisuustaidot, julkinen puhe, arkiymp\u00e4rist\u00f6n dokumentointi ja kommentointi. \u00c4\u00e4nimaisema\u00e4\u00e4nitt\u00e4minen ja podcastaaminen ovat keinoja tuoda esille paitsi henkil\u00f6kohtaista kokemusmaailmaa my\u00f6s yhteis\u00f6llisi\u00e4, paikallistasolle kiinnittyvi\u00e4 keskusteluja. On my\u00f6s t\u00e4rke\u00e4\u00e4, ett\u00e4 kansalliset \u00e4\u00e4nitearkistot monipuolistuvat<br \/>\nmaahanmuuttajien aikalaisn\u00e4k\u00f6kulmilla. Kohderyhm\u00e4n\u00e4 olivat p\u00e4\u00e4osin DaisyLadiesin toimintapiiriss\u00e4 olevat maahanmuuttajataustaiset henkil\u00f6t.<\/p>\n<p>Projektin tarkoituksena oli kannustaa osallistujia harjoittamaan oman \u00e4\u00e4nen esilletuontia ja tuomaan n\u00e4in esille omaa paikallistuntemustaan, kulttuuria ja arjen merkityksellisyytt\u00e4. Projektin aikana tuotiin kohderyhm\u00e4lle tutuksi podcastaamista eli verkossa jaettavien pienimuotoisten \u00e4\u00e4niohjelmien tekemist\u00e4, joka on hyv\u00e4 tapa tuoda esille omaa suhdetta asuinpaikkaan ja siit\u00e4 syntyvi\u00e4 ajatuksia. Hanke koostui ty\u00f6pajoista ja koulutuksesta, sis\u00e4ll\u00f6ntuottamisesta ja julkaisemisesta.<\/p>\n<p>Ty\u00f6pajojen tarkoituksena oli tarjota tapoja oman toimijuuden tapojen l\u00f6yt\u00e4miselle ja kehitt\u00e4miselle. N\u00e4it\u00e4 taitoja harjoiteltiin kartoittamalla osallistujien kiinnostuksen kohteita ja niist\u00e4 syntyvi\u00e4 laajempia tematiikkoja sek\u00e4 k\u00e4yt\u00e4nn\u00f6llisill\u00e4 kuuntelu- ja \u00e4\u00e4nitysharjoituksilla. Ty\u00f6pajoissa osallistujia opastettiin oman \u00e4\u00e4nitysv\u00e4lineen ja siihen ladattavan \u00e4\u00e4nenk\u00e4sittelysovelluksen tekniseen k\u00e4ytt\u00f6\u00f6n. Osallistujia kannustettiin k\u00e4ytt\u00e4m\u00e4\u00e4n omia puhelimiaan hankkeen aikana. Oman laitteen k\u00e4ytt\u00f6 on hyv\u00e4ksi havaittu tapa varsinkin digitaidoiltaan viel\u00e4 ep\u00e4varmojen osallistujin keskuudessa. Niille, jotka eiv\u00e4t halunneet k\u00e4ytt\u00e4\u00e4 omaa puhelintaan, tarjottiin kevyt \u00e4\u00e4nitallennin t\u00e4h\u00e4n k\u00e4ytt\u00f6\u00f6n. Kouluksen j\u00e4lkeen osallistujilla oli taidot tehd\u00e4 ymp\u00e4rist\u00f6\u00e4\u00e4nityksi\u00e4 ja niihin liittyv\u00e4t tarpeelliset dokumentoinnit.<\/p>\n<p>Koulutuksen j\u00e4lkeen osallistujille annettiin aikataulullinen raami toteuttaa \u00e4\u00e4nityksi\u00e4 muutaman kuukauden ajan (ymp\u00e4rist\u00f6\u00e4\u00e4nityksi\u00e4 ja niihin liittyv\u00e4\u00e4 kommentoivaa ja kuvailevaa puhetta, teksti\u00e4 tai kuvia). \u00c4\u00e4nitetyn materiaalin kanssa ty\u00f6skenneltiin yhdess\u00e4, tallenteita kuunneltiin ja editoitiin ohjelmamuotoon. Osallistujia ohjattiin ja autettiin puheosuuden \u00e4\u00e4neenlukemiseen suomeksi.<\/p>\n<p>Projektin lopuksi j\u00e4rjestettiin avoin kuunteluilta, jossa kaikki \u00e4\u00e4nitteet kuunneltiin ja tekij\u00e4t kertoivat niiden teosta.<\/p>\n<p><strong>Valmiit \u00e4\u00e4nittet julkaistiin DaisyLadies ry:n Podbean-sivustolla, voit kuunnella ne alla olevin linkkien kautta:<\/strong><\/p>\n<p><strong><a title=\"Permanent Link to Ilhan Elmi: P\u00e4iv\u00e4 Muistolassa\" href=\"https:\/\/daisyladiesry.podbean.com\/e\/ilhan-elmi-paiva-muistolassa\/\" rel=\"bookmark\">Ilhan Elmi: P\u00e4iv\u00e4 Muistolassa<\/a><\/strong><\/p>\n<p><strong><a title=\"Permanent Link to Carmen Linares: El\u00e4m\u00e4st\u00e4 ja muistoista\" href=\"https:\/\/daisyladiesry.podbean.com\/e\/elamasta_muistoista\/\" rel=\"bookmark\">Carmen Linares: El\u00e4m\u00e4st\u00e4 ja muistoista<\/a><\/strong><\/p>\n<p><strong><a title=\"Permanent Link to Silvia Solano: Musiikki alkaa tunteesta ja tanssi saa sinut ilmaisemaan sen\" href=\"https:\/\/daisyladiesry.podbean.com\/e\/musiikki_alkaa_tunteesta\/\" rel=\"bookmark\">Silvia Solano: Musiikki alkaa tunteesta ja tanssi saa sinut ilmaisemaan sen<\/a><\/strong><\/p>\n<p><strong><a title=\"Permanent Link to Nawal Hashi: Somalialaisesta kulttuurista\" href=\"https:\/\/daisyladiesry.podbean.com\/e\/somalialaisesta_kulttuurista\/\" rel=\"bookmark\">Nawal Hashi: Somalialaisesta kulttuurista<\/a><\/strong><\/p>\n<p><strong><a title=\"Permanent Link to Mohamed Yousif ja Sofia Farhan: Kauppahallissa\" href=\"https:\/\/daisyladiesry.podbean.com\/e\/kauppahallissa\/\" rel=\"bookmark\">Mohamed Yousif ja Sofia Farhan: Kauppahallissa<\/a><\/strong><\/p>\n<p>DaisyLadies ry toteutti projektin yhteisty\u00f6ss\u00e4 dosentti Meri Kyd\u00f6n (It\u00e4-Suomen yliopisto, kulttuurinen musiikintutkimus, kulttuurinen \u00e4\u00e4nentutkimus), Anna Moriwakin ja Suomen Akustisen Ekologian Seuran kanssa.[\/vc_column_text][\/vc_column][vc_column boxed=&#8221;true&#8221; column_padding=&#8221;padding-3-percent&#8221; column_padding_position=&#8221;all&#8221; background_color_opacity=&#8221;0.5&#8243; background_hover_color_opacity=&#8221;1&#8243; width=&#8221;1\/3&#8243; tablet_text_alignment=&#8221;default&#8221; phone_text_alignment=&#8221;default&#8221;][vc_column_text]\n<h3 style=\"text-align: center;\">Yhteisty\u00f6ss\u00e4<\/h3>\n[\/vc_column_text]<div class=\"divider-wrap\"><div style=\"margin-top: 12px; height: 1px; margin-bottom: 12px;\" data-width=\"100%\" data-animate=\"\" data-animation-delay=\"\" data-color=\"default\" class=\"divider-border\"><\/div><\/div><div class=\"img-with-aniamtion-wrap center\" data-max-width=\"100%\"><div class=\"inner\"><img decoding=\"async\" data-shadow=\"none\" data-shadow-direction=\"middle\" class=\"img-with-animation \" data-delay=\"0\" height=\"100%\" width=\"100%\" data-animation=\"fade-in\" src=\"http:\/\/daisyladies.fi\/fi\/wp-content\/uploads\/2020\/02\/taike_vaaka_v2.png\" alt=\"\" \/><\/div><\/div><div class=\"img-with-aniamtion-wrap \" data-max-width=\"100%\"><div class=\"inner\"><img decoding=\"async\" data-shadow=\"none\" data-shadow-direction=\"middle\" class=\"img-with-animation \" data-delay=\"0\" height=\"100%\" width=\"100%\" data-animation=\"fade-in\" src=\"http:\/\/daisyladies.fi\/fi\/wp-content\/uploads\/2020\/02\/SAES_palkki.png\" alt=\"\" \/><\/div><\/div>[\/vc_column][\/vc_row][vc_row type=&#8221;in_container&#8221; full_screen_row_position=&#8221;middle&#8221; scene_position=&#8221;center&#8221; text_color=&#8221;dark&#8221; text_align=&#8221;left&#8221; overlay_strength=&#8221;0.3&#8243;][vc_column column_padding=&#8221;no-extra-padding&#8221; column_padding_position=&#8221;all&#8221; background_color_opacity=&#8221;1&#8243; background_hover_color_opacity=&#8221;1&#8243; width=&#8221;1\/1&#8243; tablet_text_alignment=&#8221;default&#8221; phone_text_alignment=&#8221;default&#8221;]<div class=\"divider-wrap\"><div style=\"height: 100px;\" class=\"divider\"><\/div><\/div>[\/vc_column][\/vc_row]\n","protected":false},"excerpt":{"rendered":"<p>[vc_row type=&#8221;full_width_background&#8221; full_screen_row_position=&#8221;middle&#8221; bg_color=&#8221;#5bae4b&#8221; scene_position=&#8221;center&#8221; text_color=&#8221;light&#8221; text_align=&#8221;center&#8221; top_padding=&#8221;40&#8243; bottom_padding=&#8221;40&#8243; overlay_strength=&#8221;0.3&#8243;][vc_column column_padding=&#8221;no-extra-padding&#8221; column_padding_position=&#8221;all&#8221; background_color_opacity=&#8221;1&#8243; background_hover_color_opacity=&#8221;1&#8243; width=&#8221;1\/1&#8243; tablet_text_alignment=&#8221;default&#8221; phone_text_alignment=&#8221;default&#8221;][vc_column_text] \u00c4\u00e4nimaisema- ja podcast-projekti [\/vc_column_text][\/vc_column][\/vc_row][vc_row type=&#8221;in_container&#8221; full_screen_row_position=&#8221;middle&#8221; scene_position=&#8221;center&#8221; text_color=&#8221;dark&#8221; text_align=&#8221;left&#8221; overlay_strength=&#8221;0.3&#8243;][vc_column column_padding=&#8221;no-extra-padding&#8221; column_padding_position=&#8221;all&#8221; background_color_opacity=&#8221;1&#8243;&#8230;<\/p>\n","protected":false},"author":2,"featured_media":0,"parent":0,"menu_order":0,"comment_status":"closed","ping_status":"closed","template":"","meta":{"om_disable_all_campaigns":false,"footnotes":"","iawp_total_views":55},"_links":{"self":[{"href":"http:\/\/daisyladies.fi\/fi\/wp-json\/wp\/v2\/pages\/4452"}],"collection":[{"href":"http:\/\/daisyladies.fi\/fi\/wp-json\/wp\/v2\/pages"}],"about":[{"href":"http:\/\/daisyladies.fi\/fi\/wp-json\/wp\/v2\/types\/page"}],"author":[{"embeddable":true,"href":"http:\/\/daisyladies.fi\/fi\/wp-json\/wp\/v2\/users\/2"}],"replies":[{"embeddable":true,"href":"http:\/\/daisyladies.fi\/fi\/wp-json\/wp\/v2\/comments?post=4452"}],"version-history":[{"count":4,"href":"http:\/\/daisyladies.fi\/fi\/wp-json\/wp\/v2\/pages\/4452\/revisions"}],"predecessor-version":[{"id":4461,"href":"http:\/\/daisyladies.fi\/fi\/wp-json\/wp\/v2\/pages\/4452\/revisions\/4461"}],"wp:attachment":[{"href":"http:\/\/daisyladies.fi\/fi\/wp-json\/wp\/v2\/media?parent=4452"}],"curies":[{"name":"wp","href":"https:\/\/api.w.org\/{rel}","templated":true}]}}