{"id":4209,"date":"2019-08-20T13:29:11","date_gmt":"2019-08-20T13:29:11","guid":{"rendered":"http:\/\/daisyladies.fi\/fi\/?page_id=4209"},"modified":"2021-04-19T08:23:51","modified_gmt":"2021-04-19T08:23:51","slug":"nordic-ladies","status":"publish","type":"page","link":"http:\/\/daisyladies.fi\/fi\/nordic-ladies\/","title":{"rendered":"Nordic Ladies"},"content":{"rendered":"[vc_row type=&#8221;full_width_background&#8221; full_screen_row_position=&#8221;middle&#8221; bg_color=&#8221;#5bae4b&#8221; scene_position=&#8221;center&#8221; text_color=&#8221;light&#8221; text_align=&#8221;center&#8221; top_padding=&#8221;40&#8243; bottom_padding=&#8221;40&#8243; overlay_strength=&#8221;0.3&#8243;][vc_column column_padding=&#8221;no-extra-padding&#8221; column_padding_position=&#8221;all&#8221; background_color_opacity=&#8221;1&#8243; background_hover_color_opacity=&#8221;1&#8243; width=&#8221;1\/1&#8243; tablet_text_alignment=&#8221;default&#8221; phone_text_alignment=&#8221;default&#8221;][vc_column_text]\n<h1>NordicLadies<\/h1>\n[\/vc_column_text][\/vc_column][\/vc_row][vc_row type=&#8221;in_container&#8221; full_screen_row_position=&#8221;middle&#8221; scene_position=&#8221;center&#8221; text_color=&#8221;dark&#8221; text_align=&#8221;left&#8221; overlay_strength=&#8221;0.3&#8243;][vc_column column_padding=&#8221;no-extra-padding&#8221; column_padding_position=&#8221;all&#8221; background_color_opacity=&#8221;1&#8243; background_hover_color_opacity=&#8221;1&#8243; width=&#8221;1\/1&#8243; tablet_text_alignment=&#8221;default&#8221; phone_text_alignment=&#8221;default&#8221;]<div class=\"divider-wrap\"><div style=\"height: 40px;\" class=\"divider\"><\/div><\/div>[\/vc_column][\/vc_row][vc_row type=&#8221;in_container&#8221; full_screen_row_position=&#8221;middle&#8221; scene_position=&#8221;center&#8221; text_color=&#8221;dark&#8221; text_align=&#8221;left&#8221; overlay_strength=&#8221;0.3&#8243;][vc_column column_padding=&#8221;no-extra-padding&#8221; column_padding_position=&#8221;all&#8221; background_color_opacity=&#8221;1&#8243; background_hover_color_opacity=&#8221;1&#8243; width=&#8221;2\/3&#8243; tablet_text_alignment=&#8221;default&#8221; phone_text_alignment=&#8221;default&#8221;][vc_column_text]<strong>NordicLadies<\/strong> -hankkeen ideana on ennaltaehk\u00e4ist\u00e4 naisiin kohdistuvaa v\u00e4kivaltaa sek\u00e4 edist\u00e4\u00e4 maahanmuuttajataustaisten naisten ja tytt\u00f6jen hyvinvointia ja asemaa Pohjoismaissa kulttuurisensitiivisen valistusty\u00f6n ja tabujen rikkomisen kautta. Hanke starttaa Suomessa, jonka j\u00e4lkeen toimintaa tullaan j\u00e4rjest\u00e4m\u00e4\u00e4n Suomen mallin mukaan my\u00f6s muissa Pohjoismaissa. T\u00e4rkeimp\u00e4n\u00e4 osana hanketta on n\u00e4iden naisten osallistaminen ja aktivointi mukaan yhteiskuntaan. Jokaisesta maasta sitoutetaan hankkeeseen mukaan my\u00f6s p\u00e4\u00e4tt\u00e4ji\u00e4, jotka huolehtivat ett\u00e4 hankkeen aikana ker\u00e4tyt asiat vied\u00e4\u00e4n eteenp\u00e4in.<\/p>\n<p>Hankkeessa j\u00e4rjestet\u00e4\u00e4n vuorovuosittain jokaisessa Pohjoimaassa yksi ty\u00f6ryhm\u00e4n suunnittelutapaaminen ja yksi kansainv\u00e4linen seminaari. Seminaarien lis\u00e4ksi vuoden mittaan j\u00e4rjestet\u00e4\u00e4n s\u00e4\u00e4nn\u00f6llisesti infotilaisuuksia, pop up -neuvontaa, keskustelutilaisuuksia ja luentoja naisten tasa-arvoon, oikeuksiin, hyvinvointiin ja v\u00e4kivallan ennaltaehk\u00e4isyyn liittyen. Kaikessa toiminnassa asioita l\u00e4hestyt\u00e4\u00e4n ja avataan naisten oman kulttuurin kautta, sit\u00e4 kunnioittaen.<\/p>\n<p>Hankkeen aikana luodaan verkosto Pohjoismaissa asuvien maahanmuuttajaty\u00f6t\u00e4 tekevien j\u00e4rjest\u00f6jen ja muiden toimijoiden v\u00e4lille sek\u00e4 my\u00f6s n\u00e4iss\u00e4 maissa asuvien maahanmuuttajanaisten v\u00e4lille. Verkoston kautta maahanmuuttajanaiset voivat vaihtaa kokemuksiaan, ideoita ja tietoja kesken\u00e4\u00e4n sek\u00e4 levitt\u00e4\u00e4 oppimiaan asioita eteenp\u00e4in. Koska haluamme tukea ja kannustaa maahanmuuttajanaisten omaa toimijuutta, tarkoituksena on ett\u00e4 naiset itse aktiivisesti ty\u00f6skentelev\u00e4t verkoston rakentamiseksi, yll\u00e4pit\u00e4miseksi ja laajentamiseksi. T\u00e4ss\u00e4 hankkeessa toimimme itse ovien avaajan ja mahdollistajan roolissa ja kohderyhm\u00e4\u00e4 eli maahanmuuttajanaisia kannustetaan aktiivisen toimijan rooliin.<\/p>\n<p>NordicLadies -hankkeen kauaskantoisena tuloksena voidaan n\u00e4hd\u00e4 ett\u00e4 naisten ja perheiden hyvinvoinnin kautta edistet\u00e4\u00e4n my\u00f6s suoraan yhteiskunnan hyvinvointia.<\/p>\n<hr \/>\n<p>Summary in English:<\/p>\n<p>The idea of the NordicLadies project is to promote the well-being and improve the situation of vulnerability of women and girls with immigrant background in the Nordic countries, through networking. The specifi c goal is to prevent violence against women and girls.<\/p>\n<p>The strength of the project is in the effective and efficient organization of planning meetings, workshops and international seminars in Nordic countries. In addition, there are low-threshold information sessions, pop-up counselling, discussion sessions and lectures, concerning to women\u2019s equality, well-being and prevention of violence. In all activities, issues are approached and opened through the women\u2019s own culture, respecting it and their realities.<\/p>\n<p>More information on: daisyladies.turku@gmail.com, Tel. +358 (0)50 326 5064 or Tel. +358 (0)50 555 8781<\/p>\n<hr \/>\n<p><strong>Hankkeen suojelijaksi on lupautunut europarlamentaarikko Sirpa Pietik\u00e4inen. Katso Sirpan videotervehdykset hankkeelle:<\/strong><\/p>\n<p style=\"text-align: center;\"><iframe loading=\"lazy\" src=\"https:\/\/www.youtube.com\/embed\/boWa-YGRJGg\" width=\"560\" height=\"315\" frameborder=\"0\" allowfullscreen=\"allowfullscreen\"><\/iframe><\/p>\n<p style=\"text-align: center;\"><iframe loading=\"lazy\" src=\"https:\/\/www.youtube.com\/embed\/KHiPii4zzLM\" width=\"560\" height=\"315\" frameborder=\"0\" allowfullscreen=\"allowfullscreen\"><\/iframe><\/p>\n<p>Hankkeen ty\u00f6ryhm\u00e4 pyysi my\u00f6s kirjeitse <strong>Ruotsin kruununprinsessa Victoriaa<\/strong> suojeliaksi. Kirjeen voit lukea <a href=\"http:\/\/daisyladies.fi\/fi\/wp-content\/uploads\/2019\/08\/Victorias-letter.pdf\">t\u00e4\u00e4lt\u00e4<\/a> ja Victorian vastauksen <a href=\"http:\/\/daisyladies.fi\/fi\/wp-content\/uploads\/2019\/08\/Victorias-letter-response.pdf\">t\u00e4\u00e4lt\u00e4<\/a>.<\/p>\n<p><em>\u201cIndividually, we are\u00a0<b>one drop<\/b>. Together, we are an\u00a0<b>ocean<\/b>.\u201d &#8211; Ryunosuke Satoro<\/em>[\/vc_column_text]<div class=\"divider-wrap\"><div style=\"height: 25px;\" class=\"divider\"><\/div><\/div><div class=\"divider-wrap\"><div style=\"margin-top: 12px; height: 1px; margin-bottom: 12px;\" data-width=\"100%\" data-animate=\"\" data-animation-delay=\"\" data-color=\"default\" class=\"divider-border\"><\/div><\/div><div class=\"divider-wrap\"><div style=\"height: 25px;\" class=\"divider\"><\/div><\/div>[vc_column_text]\n<h5><strong>Hankkeen tavoitteet ovat:<\/strong><\/h5>\n<ol>\n<li>Naisten aktivoiminen ja osallistaminen yhteiskunnalliseen toimintaan.<\/li>\n<li>Naisten terveyden ja hyvinvoinnin lis\u00e4\u00e4minen.<\/li>\n<li>Naisten voimaantuminen: itsetunnon ja oman toimijuuden vahvistuminen.<\/li>\n<li>Naisten sosiaalisten verkostojen laajentaminen.<\/li>\n<li>Verkoston luominen Pohjoismaissa asuvien maahanmuuttajaty\u00f6t\u00e4 tekevien sek\u00e4 maahanmuuttajanaisten v\u00e4lille.<\/li>\n<li>Uuden ja ajankohtaisen tiedon ja osaamisen tuominen kent\u00e4lle (terveys-, hyvinvointi- ja sosiaalialan henkil\u00f6st\u00f6, viranomaistahot, j\u00e4rjest\u00f6t).<\/li>\n<li>Tuoda naisiin kohdistuva v\u00e4kivalta, ep\u00e4tasa-arvo ja muut naisia koskettavat ep\u00e4kohdat ilmi\u00f6n\u00e4 laajemmin esiin julkisuudessa ja mediassa.<\/li>\n<\/ol>\n[\/vc_column_text]<div class=\"divider-wrap\"><div style=\"height: 25px;\" class=\"divider\"><\/div><\/div><div class=\"divider-wrap\"><div style=\"margin-top: 12px; height: 1px; margin-bottom: 12px;\" data-width=\"100%\" data-animate=\"\" data-animation-delay=\"\" data-color=\"default\" class=\"divider-border\"><\/div><\/div><div class=\"divider-wrap\"><div style=\"height: 25px;\" class=\"divider\"><\/div><\/div>[vc_column_text][\/vc_column_text]<div class=\"divider-wrap\"><div style=\"margin-top: 12px; height: 1px; margin-bottom: 12px;\" data-width=\"100%\" data-animate=\"\" data-animation-delay=\"\" data-color=\"default\" class=\"divider-border\"><\/div><\/div><div class=\"divider-wrap\"><div style=\"height: 25px;\" class=\"divider\"><\/div><\/div>[vc_column_text]<strong>Lis\u00e4tiedot:<\/strong> daisyladies.turku@gmail.com, p. 0503265064 tai p. 050 555 8781<\/p>\n[\/vc_column_text]<div class=\"divider-wrap\"><div style=\"height: 25px;\" class=\"divider\"><\/div><\/div><div class=\"divider-wrap\"><div style=\"margin-top: 12px; height: 1px; margin-bottom: 12px;\" data-width=\"100%\" data-animate=\"\" data-animation-delay=\"\" data-color=\"default\" class=\"divider-border\"><\/div><\/div><div class=\"divider-wrap\"><div style=\"height: 25px;\" class=\"divider\"><\/div><\/div>[vc_column_text]<strong>Yhteisty\u00f6ss\u00e4:<\/strong><\/p>\n<p><img loading=\"lazy\" decoding=\"async\" class=\"alignnone wp-image-4217\" src=\"http:\/\/daisyladies.fi\/fi\/wp-content\/uploads\/2019\/08\/Svensk20flag693684-300x189.jpeg\" alt=\"\" width=\"121\" height=\"76\" srcset=\"http:\/\/daisyladies.fi\/fi\/wp-content\/uploads\/2019\/08\/Svensk20flag693684-300x189.jpeg 300w, http:\/\/daisyladies.fi\/fi\/wp-content\/uploads\/2019\/08\/Svensk20flag693684-768x483.jpeg 768w, http:\/\/daisyladies.fi\/fi\/wp-content\/uploads\/2019\/08\/Svensk20flag693684.jpeg 800w\" sizes=\"(max-width: 121px) 100vw, 121px\" \/>\u00a0 \u00a0 <img loading=\"lazy\" decoding=\"async\" class=\"alignnone wp-image-4218\" src=\"http:\/\/daisyladies.fi\/fi\/wp-content\/uploads\/2019\/08\/Dansk20flag383594-300x227.jpeg\" alt=\"\" width=\"100\" height=\"76\" srcset=\"http:\/\/daisyladies.fi\/fi\/wp-content\/uploads\/2019\/08\/Dansk20flag383594-300x227.jpeg 300w, http:\/\/daisyladies.fi\/fi\/wp-content\/uploads\/2019\/08\/Dansk20flag383594-768x581.jpeg 768w, http:\/\/daisyladies.fi\/fi\/wp-content\/uploads\/2019\/08\/Dansk20flag383594.jpeg 800w\" sizes=\"(max-width: 100px) 100vw, 100px\" \/>\u00a0 \u00a0 <img loading=\"lazy\" decoding=\"async\" class=\"alignnone wp-image-4216\" src=\"http:\/\/daisyladies.fi\/fi\/wp-content\/uploads\/2019\/08\/Norsk20flag410723-300x218.jpeg\" alt=\"\" width=\"105\" height=\"76\" srcset=\"http:\/\/daisyladies.fi\/fi\/wp-content\/uploads\/2019\/08\/Norsk20flag410723-300x218.jpeg 300w, http:\/\/daisyladies.fi\/fi\/wp-content\/uploads\/2019\/08\/Norsk20flag410723-768x557.jpeg 768w, http:\/\/daisyladies.fi\/fi\/wp-content\/uploads\/2019\/08\/Norsk20flag410723.jpeg 800w\" sizes=\"(max-width: 105px) 100vw, 105px\" \/>\u00a0 \u00a0 <img loading=\"lazy\" decoding=\"async\" class=\"alignnone wp-image-4215\" src=\"http:\/\/daisyladies.fi\/fi\/wp-content\/uploads\/2019\/08\/Islandsk20flag715064-300x216.jpeg\" alt=\"\" width=\"105\" height=\"76\" srcset=\"http:\/\/daisyladies.fi\/fi\/wp-content\/uploads\/2019\/08\/Islandsk20flag715064-300x216.jpeg 300w, http:\/\/daisyladies.fi\/fi\/wp-content\/uploads\/2019\/08\/Islandsk20flag715064-768x554.jpeg 768w, http:\/\/daisyladies.fi\/fi\/wp-content\/uploads\/2019\/08\/Islandsk20flag715064.jpeg 800w\" sizes=\"(max-width: 105px) 100vw, 105px\" \/> \u00a0 \u00a0<img loading=\"lazy\" decoding=\"async\" class=\"alignnone wp-image-4219\" src=\"http:\/\/daisyladies.fi\/fi\/wp-content\/uploads\/2019\/08\/Finsk20flag106604-300x183.jpeg\" alt=\"\" width=\"125\" height=\"76\" srcset=\"http:\/\/daisyladies.fi\/fi\/wp-content\/uploads\/2019\/08\/Finsk20flag106604-300x183.jpeg 300w, http:\/\/daisyladies.fi\/fi\/wp-content\/uploads\/2019\/08\/Finsk20flag106604-768x468.jpeg 768w, http:\/\/daisyladies.fi\/fi\/wp-content\/uploads\/2019\/08\/Finsk20flag106604.jpeg 800w\" sizes=\"(max-width: 125px) 100vw, 125px\" \/>[\/vc_column_text][\/vc_column][vc_column boxed=&#8221;true&#8221; column_padding=&#8221;padding-3-percent&#8221; column_padding_position=&#8221;all&#8221; background_color_opacity=&#8221;0.5&#8243; background_hover_color_opacity=&#8221;1&#8243; width=&#8221;1\/3&#8243; tablet_text_alignment=&#8221;default&#8221; phone_text_alignment=&#8221;default&#8221;]<div class=\"img-with-aniamtion-wrap center\" data-max-width=\"100%\"><div class=\"inner\"><img decoding=\"async\" data-shadow=\"none\" data-shadow-direction=\"middle\" class=\"img-with-animation \" data-delay=\"0\" height=\"100%\" width=\"100%\" data-animation=\"fade-in\" src=\"http:\/\/daisyladies.fi\/fi\/wp-content\/uploads\/2019\/08\/logo3.png\" alt=\"\" \/><\/div><\/div><div class=\"divider-wrap\"><div style=\"height: 25px;\" class=\"divider\"><\/div><\/div><div class=\"divider-wrap\"><div style=\"margin-top: 12px; height: 1px; margin-bottom: 12px;\" data-width=\"100%\" data-animate=\"\" data-animation-delay=\"\" data-color=\"default\" class=\"divider-border\"><\/div><\/div>[vc_column_text]\n<h3 style=\"text-align: center;\">UUTISET<\/h3>\n[\/vc_column_text]<div class=\"divider-wrap\"><div style=\"height: 25px;\" class=\"divider\"><\/div><\/div>[vc_column_text]\n<p style=\"text-align: center;\">4.2.2020<\/p>\n<p style=\"text-align: center;\"><strong>Muistolassa alkaa 6.2.2020 maksuton oikeudellinen neuvontapalvelu v\u00e4kivaltaan liittyviss\u00e4 asioissa joka torstai klo 9.00-11.00. Neuvomassa on juristi, OTM Ulla Pakarinen. Voit asioida ilman ajanvarausta tai varata ajan soittamalla puh. 050 326 5064. Lis\u00e4tietoja <a href=\"http:\/\/daisyladies.fi\/fi\/oikeudellinen-neuvontapalvelu\/\">t\u00e4\u00e4ll\u00e4<\/a>.<\/strong><\/p>\n<p><img loading=\"lazy\" decoding=\"async\" class=\"size-medium wp-image-4427 aligncenter\" src=\"http:\/\/daisyladies.fi\/fi\/wp-content\/uploads\/2020\/01\/study-2746004_1920-300x200.jpg\" alt=\"\" width=\"300\" height=\"200\" srcset=\"http:\/\/daisyladies.fi\/fi\/wp-content\/uploads\/2020\/01\/study-2746004_1920-300x200.jpg 300w, http:\/\/daisyladies.fi\/fi\/wp-content\/uploads\/2020\/01\/study-2746004_1920-768x512.jpg 768w, http:\/\/daisyladies.fi\/fi\/wp-content\/uploads\/2020\/01\/study-2746004_1920-1024x683.jpg 1024w, http:\/\/daisyladies.fi\/fi\/wp-content\/uploads\/2020\/01\/study-2746004_1920.jpg 1920w\" sizes=\"(max-width: 300px) 100vw, 300px\" \/><\/p>\n<hr \/>\n<p style=\"text-align: center;\">Turkulainen 16.1.2020<\/p>\n<div class=\"panel-pane pane-entity-view pane-node\">\n<div class=\"node node-article view-mode-esm_2018_article_top \">\n<div class=\"field field-name-title\">\n<p class=\"article__title\" style=\"text-align: center;\"><strong><a href=\"https:\/\/www.turkulainen.fi\/artikkeli\/833345-maahanmuuttajanaiset-pitaa-saada-puhumaan-vakivallasta-kaikki-eivat-pida-edes?fbclid=IwAR2VEc8BhieqCFefJ8Jbe1lL6RF9puk54OL6gCbEgPZv0mkf1C_EePtQgWg\">Maahanmuuttajanaiset pit\u00e4\u00e4 saada puhumaan v\u00e4kivallasta \u2013\u2009&#8221;Kaikki eiv\u00e4t pid\u00e4 edes ly\u00f6mist\u00e4 v\u00e4kivaltana&#8221;<\/a><\/strong><\/p>\n<\/div>\n<\/div>\n<\/div>\n<p><img loading=\"lazy\" decoding=\"async\" class=\"size-medium wp-image-4419 aligncenter\" src=\"http:\/\/daisyladies.fi\/fi\/wp-content\/uploads\/2020\/01\/5733744-n-223x300.jpg\" alt=\"\" width=\"223\" height=\"300\" srcset=\"http:\/\/daisyladies.fi\/fi\/wp-content\/uploads\/2020\/01\/5733744-n-223x300.jpg 223w, http:\/\/daisyladies.fi\/fi\/wp-content\/uploads\/2020\/01\/5733744-n.jpg 768w, http:\/\/daisyladies.fi\/fi\/wp-content\/uploads\/2020\/01\/5733744-n-761x1024.jpg 761w\" sizes=\"(max-width: 223px) 100vw, 223px\" \/><\/p>\n<hr \/>\n<p style=\"text-align: center;\">Turun Sanomat 26.12.2019<\/p>\n<p class=\"otsikko\" style=\"text-align: center;\"><a href=\"https:\/\/www.ts.fi\/uutiset\/paikalliset\/4798197\/Nyt+taytyy+vain+uskaltaa++turkulaislahtoinen+hanke+yhdistaa+Pohjoismaiden+maahanmuuttajanaiset+tukiverkostoksi+hapeaa+vastaan\"><strong>&#8220;Nyt t\u00e4ytyy vain uskaltaa&#8221; \u2009\u2013 turkulaisl\u00e4ht\u00f6inen hanke yhdist\u00e4\u00e4 Pohjoismaiden maahanmuuttajanaiset tukiverkostoksi h\u00e4pe\u00e4\u00e4 vastaan<\/strong><\/a><\/p>\n<p><a href=\"http:\/\/daisyladies.fi\/fi\/wp-content\/uploads\/2020\/01\/TS-NordicLadies.png\"><img loading=\"lazy\" decoding=\"async\" class=\"aligncenter wp-image-4387 size-medium\" src=\"http:\/\/daisyladies.fi\/fi\/wp-content\/uploads\/2020\/01\/TS-NordicLadies-253x300.png\" alt=\"\" width=\"253\" height=\"300\" srcset=\"http:\/\/daisyladies.fi\/fi\/wp-content\/uploads\/2020\/01\/TS-NordicLadies-253x300.png 253w, http:\/\/daisyladies.fi\/fi\/wp-content\/uploads\/2020\/01\/TS-NordicLadies-768x912.png 768w, http:\/\/daisyladies.fi\/fi\/wp-content\/uploads\/2020\/01\/TS-NordicLadies-862x1024.png 862w\" sizes=\"(max-width: 253px) 100vw, 253px\" \/><\/a><\/p>\n<hr \/>\n<p style=\"text-align: center;\">Turun Sanomat 1.12.2019<\/p>\n<p><a href=\"http:\/\/daisyladies.fi\/fi\/wp-content\/uploads\/2019\/12\/78865442_1410327962458761_930261247406899200_o.jpg\"><img loading=\"lazy\" decoding=\"async\" class=\"aligncenter wp-image-4366 size-full\" src=\"http:\/\/daisyladies.fi\/fi\/wp-content\/uploads\/2019\/12\/78865442_1410327962458761_930261247406899200_o.jpg\" alt=\"\" width=\"306\" height=\"960\" srcset=\"http:\/\/daisyladies.fi\/fi\/wp-content\/uploads\/2019\/12\/78865442_1410327962458761_930261247406899200_o.jpg 306w, http:\/\/daisyladies.fi\/fi\/wp-content\/uploads\/2019\/12\/78865442_1410327962458761_930261247406899200_o-96x300.jpg 96w\" sizes=\"(max-width: 306px) 100vw, 306px\" \/><\/a><\/p>\n<hr \/>\n<p style=\"text-align: center;\">Turun Sanomat 24.8.2019<\/p>\n<p class=\"otsikko\" style=\"text-align: center;\"><a href=\"https:\/\/www.ts.fi\/lukemisto\/4679193\/Joukko+turkulaisia+aktiiveja+tuo+kuuluviin+maahanmuuttajataustaisten+naisten+aanta++Nordic+Ladies+on+Pohjoismaiden+laajuinen+yhteistyoverkosto?fbclid=IwAR0-eAGzQD3oaWj0NewmxIqFzlsOiw4-9BlLgOaIbjSkNvtRkkC0pX54rjk\"><strong>Joukko turkulaisia aktiiveja tuo kuuluviin maahanmuuttajataustaisten naisten \u00e4\u00e4nt\u00e4 \u2013 Nordic Ladies on Pohjoismaiden laajuinen yhteisty\u00f6verkosto<\/strong><\/a><\/p>\n<p><a href=\"https:\/\/www.ts.fi\/lukemisto\/4679193\/Joukko+turkulaisia+aktiiveja+tuo+kuuluviin+maahanmuuttajataustaisten+naisten+aanta++Nordic+Ladies+on+Pohjoismaiden+laajuinen+yhteistyoverkosto?fbclid=IwAR0-eAGzQD3oaWj0NewmxIqFzlsOiw4-9BlLgOaIbjSkNvtRkkC0pX54rjk\"><img loading=\"lazy\" decoding=\"async\" class=\"size-medium wp-image-4233 aligncenter\" src=\"http:\/\/daisyladies.fi\/fi\/wp-content\/uploads\/2019\/08\/pic_5_4679193_k4491295_651-300x200.jpg\" alt=\"\" width=\"300\" height=\"200\" srcset=\"http:\/\/daisyladies.fi\/fi\/wp-content\/uploads\/2019\/08\/pic_5_4679193_k4491295_651-300x200.jpg 300w, http:\/\/daisyladies.fi\/fi\/wp-content\/uploads\/2019\/08\/pic_5_4679193_k4491295_651.jpg 651w\" sizes=\"(max-width: 300px) 100vw, 300px\" \/><\/a>[\/vc_column_text][\/vc_column][\/vc_row][vc_row type=&#8221;in_container&#8221; full_screen_row_position=&#8221;middle&#8221; scene_position=&#8221;center&#8221; text_color=&#8221;dark&#8221; text_align=&#8221;left&#8221; overlay_strength=&#8221;0.3&#8243;][vc_column column_padding=&#8221;no-extra-padding&#8221; column_padding_position=&#8221;all&#8221; background_color_opacity=&#8221;1&#8243; background_hover_color_opacity=&#8221;1&#8243; width=&#8221;1\/1&#8243; tablet_text_alignment=&#8221;default&#8221; phone_text_alignment=&#8221;default&#8221;][\/vc_column][\/vc_row]\n","protected":false},"excerpt":{"rendered":"<p>[vc_row type=&#8221;full_width_background&#8221; full_screen_row_position=&#8221;middle&#8221; bg_color=&#8221;#5bae4b&#8221; scene_position=&#8221;center&#8221; text_color=&#8221;light&#8221; text_align=&#8221;center&#8221; top_padding=&#8221;40&#8243; bottom_padding=&#8221;40&#8243; overlay_strength=&#8221;0.3&#8243;][vc_column column_padding=&#8221;no-extra-padding&#8221; column_padding_position=&#8221;all&#8221; background_color_opacity=&#8221;1&#8243; background_hover_color_opacity=&#8221;1&#8243; width=&#8221;1\/1&#8243; tablet_text_alignment=&#8221;default&#8221; phone_text_alignment=&#8221;default&#8221;][vc_column_text] NordicLadies [\/vc_column_text][\/vc_column][\/vc_row][vc_row type=&#8221;in_container&#8221; full_screen_row_position=&#8221;middle&#8221; scene_position=&#8221;center&#8221; text_color=&#8221;dark&#8221; text_align=&#8221;left&#8221; overlay_strength=&#8221;0.3&#8243;][vc_column column_padding=&#8221;no-extra-padding&#8221; column_padding_position=&#8221;all&#8221; background_color_opacity=&#8221;1&#8243; background_hover_color_opacity=&#8221;1&#8243; width=&#8221;1\/1&#8243;&#8230;<\/p>\n","protected":false},"author":2,"featured_media":0,"parent":0,"menu_order":0,"comment_status":"closed","ping_status":"closed","template":"","meta":{"om_disable_all_campaigns":false,"footnotes":"","iawp_total_views":248},"_links":{"self":[{"href":"http:\/\/daisyladies.fi\/fi\/wp-json\/wp\/v2\/pages\/4209"}],"collection":[{"href":"http:\/\/daisyladies.fi\/fi\/wp-json\/wp\/v2\/pages"}],"about":[{"href":"http:\/\/daisyladies.fi\/fi\/wp-json\/wp\/v2\/types\/page"}],"author":[{"embeddable":true,"href":"http:\/\/daisyladies.fi\/fi\/wp-json\/wp\/v2\/users\/2"}],"replies":[{"embeddable":true,"href":"http:\/\/daisyladies.fi\/fi\/wp-json\/wp\/v2\/comments?post=4209"}],"version-history":[{"count":15,"href":"http:\/\/daisyladies.fi\/fi\/wp-json\/wp\/v2\/pages\/4209\/revisions"}],"predecessor-version":[{"id":4932,"href":"http:\/\/daisyladies.fi\/fi\/wp-json\/wp\/v2\/pages\/4209\/revisions\/4932"}],"wp:attachment":[{"href":"http:\/\/daisyladies.fi\/fi\/wp-json\/wp\/v2\/media?parent=4209"}],"curies":[{"name":"wp","href":"https:\/\/api.w.org\/{rel}","templated":true}]}}