{"id":3878,"date":"2018-10-11T09:52:33","date_gmt":"2018-10-11T09:52:33","guid":{"rendered":"http:\/\/daisyladies.fi\/fi\/?page_id=3878"},"modified":"2020-01-15T12:36:59","modified_gmt":"2020-01-15T12:36:59","slug":"maailmanpuutarha","status":"publish","type":"page","link":"http:\/\/daisyladies.fi\/fi\/maailmanpuutarha\/","title":{"rendered":"Maailmanpuutarha"},"content":{"rendered":"[vc_row type=&#8221;full_width_background&#8221; full_screen_row_position=&#8221;middle&#8221; bg_color=&#8221;#5bae4b&#8221; scene_position=&#8221;center&#8221; text_color=&#8221;light&#8221; text_align=&#8221;center&#8221; top_padding=&#8221;40&#8243; bottom_padding=&#8221;40&#8243; overlay_strength=&#8221;0.3&#8243;][vc_column column_padding=&#8221;no-extra-padding&#8221; column_padding_position=&#8221;all&#8221; background_color_opacity=&#8221;1&#8243; background_hover_color_opacity=&#8221;1&#8243; width=&#8221;1\/1&#8243; tablet_text_alignment=&#8221;default&#8221; phone_text_alignment=&#8221;default&#8221;][vc_column_text]\n<h1>Maailmanpuutarha<\/h1>\n[\/vc_column_text][\/vc_column][\/vc_row][vc_row type=&#8221;in_container&#8221; full_screen_row_position=&#8221;middle&#8221; scene_position=&#8221;center&#8221; text_color=&#8221;dark&#8221; text_align=&#8221;left&#8221; overlay_strength=&#8221;0.3&#8243;][vc_column column_padding=&#8221;no-extra-padding&#8221; column_padding_position=&#8221;all&#8221; background_color_opacity=&#8221;1&#8243; background_hover_color_opacity=&#8221;1&#8243; width=&#8221;1\/1&#8243; tablet_text_alignment=&#8221;default&#8221; phone_text_alignment=&#8221;default&#8221;]<div class=\"divider-wrap\"><div style=\"height: 40px;\" class=\"divider\"><\/div><\/div>[\/vc_column][\/vc_row][vc_row type=&#8221;in_container&#8221; full_screen_row_position=&#8221;middle&#8221; scene_position=&#8221;center&#8221; text_color=&#8221;dark&#8221; text_align=&#8221;left&#8221; overlay_strength=&#8221;0.3&#8243;][vc_column column_padding=&#8221;no-extra-padding&#8221; column_padding_position=&#8221;all&#8221; background_color_opacity=&#8221;1&#8243; background_hover_color_opacity=&#8221;1&#8243; width=&#8221;2\/3&#8243; tablet_text_alignment=&#8221;default&#8221; phone_text_alignment=&#8221;default&#8221;][vc_column_text]Vasaram\u00e4keen, <a href=\"https:\/\/opaskartta.turku.fi\/IMS\/?mid=ypf3d\" target=\"_blank\" rel=\"noopener noreferrer\">Marjamaanpuistoon<\/a> perustettiin 2018 Maailmanpuutarha, joka symboloi monikulttuurista Suomea ja on samalla kunnianosoitus 100-vuotiaalle Suomelle. Idea maailmojen puutarhasta tuli DaisyLadies -yhdistyksen toiminnanjohtaja <strong>H\u00fclya &#8220;Hissu&#8221; Kyt\u00f6lt\u00e4<\/strong>.<\/p>\n<p>&#8211;<em> Olen asunut jo l\u00e4hes 50 vuotta Suomessa ja olen juurtunut t\u00e4nne. Turkuun tarvitaan paikka, jonne voi istuttaa puun tai kasvin, joka kasvaessaan symboloi juurtumista uuteen maahan ja kulttuuriin. Maailmanpuutarha luo tunteen jatkuvuudesta ja synnytt\u00e4\u00e4 muistoja<\/em>, idean \u00e4iti Hissu Kyt\u00f6 kertoo.<\/p>\n<p><img loading=\"lazy\" decoding=\"async\" class=\"size-medium wp-image-4289 aligncenter\" src=\"http:\/\/daisyladies.fi\/fi\/wp-content\/uploads\/2019\/10\/maailmanpuutarha4-300x225.jpg\" alt=\"\" width=\"300\" height=\"225\" srcset=\"http:\/\/daisyladies.fi\/fi\/wp-content\/uploads\/2019\/10\/maailmanpuutarha4-300x225.jpg 300w, http:\/\/daisyladies.fi\/fi\/wp-content\/uploads\/2019\/10\/maailmanpuutarha4-768x576.jpg 768w, http:\/\/daisyladies.fi\/fi\/wp-content\/uploads\/2019\/10\/maailmanpuutarha4-1024x768.jpg 1024w\" sizes=\"(max-width: 300px) 100vw, 300px\" \/><\/p>\n<p style=\"text-align: center;\"><em>Hissu Kyt\u00f6 ja Anri Niskala ensimm\u00e4isess\u00e4 suunnittelupalaverissa.<\/em><\/p>\n<p><img loading=\"lazy\" decoding=\"async\" class=\"size-medium wp-image-4290 aligncenter\" src=\"http:\/\/daisyladies.fi\/fi\/wp-content\/uploads\/2019\/10\/maailmanpuutarha3-300x225.jpg\" alt=\"\" width=\"300\" height=\"225\" srcset=\"http:\/\/daisyladies.fi\/fi\/wp-content\/uploads\/2019\/10\/maailmanpuutarha3-300x225.jpg 300w, http:\/\/daisyladies.fi\/fi\/wp-content\/uploads\/2019\/10\/maailmanpuutarha3-768x576.jpg 768w, http:\/\/daisyladies.fi\/fi\/wp-content\/uploads\/2019\/10\/maailmanpuutarha3-1024x768.jpg 1024w\" sizes=\"(max-width: 300px) 100vw, 300px\" \/><\/p>\n<p style=\"text-align: center;\"><em>Ensimm\u00e4inen luonnos puutarhasta.<\/em><\/p>\n<p>Maailmanpuutarha jakautuu seitsem\u00e4\u00e4n eri maantieteelliseen tilaan: Skandinaviaan, Eurooppaan, V\u00e4limeren alueeseen, L\u00e4hi-It\u00e4\u00e4n, Aasiaan ja Oseaniaan, Afrikkaan ja Amerikkaan. Tilojen l\u00e4pi kulkiessa voi kokea kulttuurien kirjon. T\u00e4m\u00e4 maantieteellinen jako perustuu siihen, miten eri puutarhakulttuureista on aikojen saatossa tullut vaikutteita pohjoiseen.<\/p>\n<p>&nbsp;<\/p>\n<p><strong>Puistossa siirryt\u00e4\u00e4n tunnelmasta toiseen<\/strong><\/p>\n<p>Tavoitteena ei ole kasvitieteellisesti j\u00e4ljitell\u00e4 jotain tietty\u00e4 puutarhakulttuuria tai tietyn alueen kasvillisuutta, vaan tuoda eri paikkojen tunnelmia esiin Suomessa menestyv\u00e4\u00e4 kasvillisuutta hy\u00f6dynt\u00e4en. Ensimm\u00e4isen\u00e4 puistoon istutetaan keskeiselle sijainnille Suomi 100 -kuusi Suomea ja pohjoista luontoa edustamaan.<\/p>\n<p>Puistoon on varattu tilaa my\u00f6s taiteelle. Puiston kahteen osaan jakavan p\u00e4\u00e4k\u00e4yt\u00e4v\u00e4n toiselle puolelle istutetaan pienikokoisia kukkivia puita ja perustetaan piknik-paikkoja tunnelmaa, v\u00e4ri\u00e4 ja viihtyvyytt\u00e4 luomaan. Kukkivien puiden kujanne ja maailmojen puutarhat muodostavat yhdess\u00e4 el\u00e4myspuutarhan.<\/p>\n<p>&nbsp;<\/p>\n<p><strong>Asukkaat ja yhteisty\u00f6ryhm\u00e4t mukana alusta asti<\/strong><\/p>\n<p>Maailmanpuutarhan suunnittelun eri vaiheet toteutetaan yhteisty\u00f6ss\u00e4 asukkaiden ja eri yhteisty\u00f6ryhmien kanssa. Kev\u00e4\u00e4n 2018 aikana toteutettiin suunnitteluty\u00f6pajoja, joissa kuka tahansa sai osallistua ja ideoida maailman puutarhoja; millainen tunnelma eri alueista tulee mieleen, millaista kasvillisuutta alueella on, millaisia kokemuksia ja muistoja alueisiin liittyy jne.<\/p>\n<p>Ty\u00f6pajojen pohjalta puiston eri tiloja l\u00e4hdet\u00e4\u00e4n toteuttamaan vaiheittain. Osallisuus jatkuu my\u00f6s suunnitteluvaiheen j\u00e4lkeen. Asukkaat ja yhteisty\u00f6ryhm\u00e4t voivat halutessaan osallistua puiston hoitamiseen tai olla muuten mukana toiminnassa.<\/p>\n<p><strong><a href=\"http:\/\/daisyladies.fi\/fi\/wp-content\/uploads\/2019\/10\/maailmanpuutarha-puistosuunnitelma-asemoitu.png\"><img loading=\"lazy\" decoding=\"async\" class=\"aligncenter wp-image-4291 size-large\" src=\"http:\/\/daisyladies.fi\/fi\/wp-content\/uploads\/2019\/10\/maailmanpuutarha-puistosuunnitelma-asemoitu-1024x293.png\" alt=\"\" width=\"1024\" height=\"293\" srcset=\"http:\/\/daisyladies.fi\/fi\/wp-content\/uploads\/2019\/10\/maailmanpuutarha-puistosuunnitelma-asemoitu-1024x293.png 1024w, http:\/\/daisyladies.fi\/fi\/wp-content\/uploads\/2019\/10\/maailmanpuutarha-puistosuunnitelma-asemoitu-300x86.png 300w, http:\/\/daisyladies.fi\/fi\/wp-content\/uploads\/2019\/10\/maailmanpuutarha-puistosuunnitelma-asemoitu-768x220.png 768w\" sizes=\"(max-width: 1024px) 100vw, 1024px\" \/><\/a><\/strong><\/p>\n<p style=\"text-align: center;\"><em>Valmis Maailmanpuutarhan suunnitelma.<\/em><\/p>\n<p>&nbsp;<\/p>\n<p><strong>Lis\u00e4tiedot:<\/strong><\/p>\n<p><a href=\"http:\/\/www.turku.fi\/maailmanpuutarha\">www.turku.fi\/maailmanpuutarha<\/a><\/p>\n<p>DaisyLadies ryn toiminnanjohtaja H\u00fclya &#8220;Hissu&#8221; Kyt\u00f6 puh. 050 555 8781<\/p>\n<p>Turun kaupungin kaupunkiymp\u00e4rist\u00f6toimialan yll\u00e4pitop\u00e4\u00e4llikk\u00f6 Mari Helin puh. 050 324 2506[\/vc_column_text]<div class=\"divider-wrap\"><div style=\"margin-top: 15px; height: 1px; margin-bottom: 15px;\" data-width=\"100%\" data-animate=\"\" data-animation-delay=\"\" data-color=\"default\" class=\"divider-border\"><\/div><\/div>[vc_gallery type=&#8221;flexslider_style&#8221; images=&#8221;4293,4292,4295,4294,4303,4300,4298,4299,4302,4304,4297,4301&#8243; onclick=&#8221;link_no&#8221;][\/vc_column][vc_column boxed=&#8221;true&#8221; column_padding=&#8221;padding-3-percent&#8221; column_padding_position=&#8221;all&#8221; background_color_opacity=&#8221;0.5&#8243; background_hover_color_opacity=&#8221;1&#8243; width=&#8221;1\/3&#8243; tablet_text_alignment=&#8221;default&#8221; phone_text_alignment=&#8221;default&#8221;][vc_column_text]\n<h3 style=\"text-align: center;\">Uutiset:<\/h3>\n[\/vc_column_text]<div class=\"divider-wrap\"><div style=\"margin-top: 12px; height: 1px; margin-bottom: 12px;\" data-width=\"100%\" data-animate=\"\" data-animation-delay=\"\" data-color=\"default\" class=\"divider-border\"><\/div><\/div><div class=\"divider-wrap\"><div style=\"height: 25px;\" class=\"divider\"><\/div><\/div>[vc_column_text]<strong>15.1.2020<\/strong><\/p>\n<p>Facebookkiin on perustettu <a href=\"https:\/\/www.facebook.com\/groups\/1281208452064837\/\">Maailmanpuutarhan yst\u00e4v\u00e4t -ryhm\u00e4<\/a>, jossa kaikki ovat tervetulleita ideoimaan yhdess\u00e4 aktiviteettej\u00e4 ja tapahtumia Maailmanpuutarhaan.<\/p>\n<hr \/>\n<p style=\"text-align: left;\"><strong>9.10.2019<\/strong><\/p>\n<p><strong>Maailmanpuutarhan avajaisjuhla<\/strong><\/p>\n<p>Klo: 18-19<\/p>\n<p>Paikka: Lemmink\u00e4isenkatu 45, Marjamaanpuisto, Vasaram\u00e4ki<\/p>\n<p>Ohjelmassa:<br \/>\nPuhe: Saara Ilvessalo, kaupunkiymp\u00e4rist\u00f6lautakunnan puheenjohtaja<br \/>\nPuhe: H\u00fclya \u201dHissu\u201d Kyt\u00f6, Daisy Ladies ry<span class=\"text_exposed_show\"><br \/>\nMusiikkia ja esityksi\u00e4<br \/>\nAsfalttitaidetta Turun Amk:n opiskelijoiden johdolla<\/span><\/p>\n<div class=\"text_exposed_show\">\n<p>Tarjolla kahvia, mehua ja pient\u00e4 sy\u00f6t\u00e4v\u00e4\u00e4.<\/p>\n<p>Suosithan joukkoliikennett\u00e4 saapuessasi!<\/p>\n<p>Tervetuloa koko perheen voimin!<\/p>\n<p><img loading=\"lazy\" decoding=\"async\" class=\"size-medium wp-image-4274 aligncenter\" src=\"http:\/\/daisyladies.fi\/fi\/wp-content\/uploads\/2019\/10\/maailmanpuutarha-212x300.png\" alt=\"\" width=\"212\" height=\"300\" srcset=\"http:\/\/daisyladies.fi\/fi\/wp-content\/uploads\/2019\/10\/maailmanpuutarha-212x300.png 212w, http:\/\/daisyladies.fi\/fi\/wp-content\/uploads\/2019\/10\/maailmanpuutarha-768x1087.png 768w, http:\/\/daisyladies.fi\/fi\/wp-content\/uploads\/2019\/10\/maailmanpuutarha-724x1024.png 724w, http:\/\/daisyladies.fi\/fi\/wp-content\/uploads\/2019\/10\/maailmanpuutarha.png 826w\" sizes=\"(max-width: 212px) 100vw, 212px\" \/><\/p>\n<\/div>\n[\/vc_column_text][\/vc_column][\/vc_row][vc_row type=&#8221;in_container&#8221; full_screen_row_position=&#8221;middle&#8221; scene_position=&#8221;center&#8221; text_color=&#8221;dark&#8221; text_align=&#8221;left&#8221; overlay_strength=&#8221;0.3&#8243;][vc_column column_padding=&#8221;no-extra-padding&#8221; column_padding_position=&#8221;all&#8221; background_color_opacity=&#8221;1&#8243; background_hover_color_opacity=&#8221;1&#8243; width=&#8221;1\/1&#8243; tablet_text_alignment=&#8221;default&#8221; phone_text_alignment=&#8221;default&#8221;]<div class=\"divider-wrap\"><div style=\"height: 100px;\" class=\"divider\"><\/div><\/div>[\/vc_column][\/vc_row]\n","protected":false},"excerpt":{"rendered":"<p>[vc_row type=&#8221;full_width_background&#8221; full_screen_row_position=&#8221;middle&#8221; bg_color=&#8221;#5bae4b&#8221; scene_position=&#8221;center&#8221; text_color=&#8221;light&#8221; text_align=&#8221;center&#8221; top_padding=&#8221;40&#8243; bottom_padding=&#8221;40&#8243; overlay_strength=&#8221;0.3&#8243;][vc_column column_padding=&#8221;no-extra-padding&#8221; column_padding_position=&#8221;all&#8221; background_color_opacity=&#8221;1&#8243; background_hover_color_opacity=&#8221;1&#8243; width=&#8221;1\/1&#8243; tablet_text_alignment=&#8221;default&#8221; phone_text_alignment=&#8221;default&#8221;][vc_column_text] Maailmanpuutarha [\/vc_column_text][\/vc_column][\/vc_row][vc_row type=&#8221;in_container&#8221; full_screen_row_position=&#8221;middle&#8221; scene_position=&#8221;center&#8221; text_color=&#8221;dark&#8221; text_align=&#8221;left&#8221; overlay_strength=&#8221;0.3&#8243;][vc_column column_padding=&#8221;no-extra-padding&#8221; column_padding_position=&#8221;all&#8221; background_color_opacity=&#8221;1&#8243; background_hover_color_opacity=&#8221;1&#8243; width=&#8221;1\/1&#8243;&#8230;<\/p>\n","protected":false},"author":2,"featured_media":0,"parent":0,"menu_order":0,"comment_status":"closed","ping_status":"closed","template":"","meta":{"om_disable_all_campaigns":false,"footnotes":"","iawp_total_views":858},"_links":{"self":[{"href":"http:\/\/daisyladies.fi\/fi\/wp-json\/wp\/v2\/pages\/3878"}],"collection":[{"href":"http:\/\/daisyladies.fi\/fi\/wp-json\/wp\/v2\/pages"}],"about":[{"href":"http:\/\/daisyladies.fi\/fi\/wp-json\/wp\/v2\/types\/page"}],"author":[{"embeddable":true,"href":"http:\/\/daisyladies.fi\/fi\/wp-json\/wp\/v2\/users\/2"}],"replies":[{"embeddable":true,"href":"http:\/\/daisyladies.fi\/fi\/wp-json\/wp\/v2\/comments?post=3878"}],"version-history":[{"count":4,"href":"http:\/\/daisyladies.fi\/fi\/wp-json\/wp\/v2\/pages\/3878\/revisions"}],"predecessor-version":[{"id":4288,"href":"http:\/\/daisyladies.fi\/fi\/wp-json\/wp\/v2\/pages\/3878\/revisions\/4288"}],"wp:attachment":[{"href":"http:\/\/daisyladies.fi\/fi\/wp-json\/wp\/v2\/media?parent=3878"}],"curies":[{"name":"wp","href":"https:\/\/api.w.org\/{rel}","templated":true}]}}