{"id":3871,"date":"2018-10-11T07:26:43","date_gmt":"2018-10-11T07:26:43","guid":{"rendered":"http:\/\/daisyladies.fi\/fi\/?page_id=3871"},"modified":"2018-10-11T07:26:43","modified_gmt":"2018-10-11T07:26:43","slug":"kokoomuksen-kultainen-leijona-kunniamerkki","status":"publish","type":"page","link":"http:\/\/daisyladies.fi\/fi\/kokoomuksen-kultainen-leijona-kunniamerkki\/","title":{"rendered":"Kokoomuksen Kultainen Leijona -kunniamerkki"},"content":{"rendered":"[vc_row type=&#8221;full_width_background&#8221; full_screen_row_position=&#8221;middle&#8221; bg_color=&#8221;#5bae4b&#8221; scene_position=&#8221;center&#8221; text_color=&#8221;light&#8221; text_align=&#8221;center&#8221; top_padding=&#8221;40&#8243; bottom_padding=&#8221;40&#8243; overlay_strength=&#8221;0.3&#8243;][vc_column column_padding=&#8221;no-extra-padding&#8221; column_padding_position=&#8221;all&#8221; background_color_opacity=&#8221;1&#8243; background_hover_color_opacity=&#8221;1&#8243; width=&#8221;1\/1&#8243; tablet_text_alignment=&#8221;default&#8221; phone_text_alignment=&#8221;default&#8221;][vc_column_text]\n<h1>Kokoomuksen Kultainen Leijona -kunniamerkki 2018<\/h1>\n[\/vc_column_text][\/vc_column][\/vc_row][vc_row type=&#8221;in_container&#8221; full_screen_row_position=&#8221;middle&#8221; scene_position=&#8221;center&#8221; text_color=&#8221;dark&#8221; text_align=&#8221;left&#8221; overlay_strength=&#8221;0.3&#8243;][vc_column column_padding=&#8221;no-extra-padding&#8221; column_padding_position=&#8221;all&#8221; background_color_opacity=&#8221;1&#8243; background_hover_color_opacity=&#8221;1&#8243; width=&#8221;1\/1&#8243; tablet_text_alignment=&#8221;default&#8221; phone_text_alignment=&#8221;default&#8221;]<div class=\"divider-wrap\"><div style=\"height: 40px;\" class=\"divider\"><\/div><\/div>[\/vc_column][\/vc_row][vc_row type=&#8221;in_container&#8221; full_screen_row_position=&#8221;middle&#8221; scene_position=&#8221;center&#8221; text_color=&#8221;dark&#8221; text_align=&#8221;left&#8221; overlay_strength=&#8221;0.3&#8243;][vc_column column_padding=&#8221;no-extra-padding&#8221; column_padding_position=&#8221;all&#8221; background_color_opacity=&#8221;1&#8243; background_hover_color_opacity=&#8221;1&#8243; width=&#8221;2\/3&#8243; tablet_text_alignment=&#8221;default&#8221; phone_text_alignment=&#8221;default&#8221;][vc_column_text]DaisyLadies ry:n toiminnanjohtaja Hissu Kyd\u00f6lle my\u00f6nnettiin\u00a04.10.2018 <strong>Kokoomuksen Kultainen Leijona -kunniamerkki<\/strong>\u00a0tunnustuksena pitk\u00e4st\u00e4 ja ansioikkaasta toiminnasta.<\/p>\n<p><em>\u201dKokoomuksen Kultainen Leijona on puolueen korkein kunniamerkki ja niit\u00e4 my\u00f6nnet\u00e4\u00e4n vuosittain muutamia pitkist\u00e4 urista Kokoomuksen teht\u00e4viss\u00e4.\u201d<\/em><\/p>\n<p><img loading=\"lazy\" decoding=\"async\" class=\"aligncenter wp-image-3872 size-full\" src=\"http:\/\/daisyladies.fi\/fi\/wp-content\/uploads\/2018\/10\/43253571_10156738580054288_877455058294276096_n.jpg\" alt=\"\" width=\"720\" height=\"960\" srcset=\"http:\/\/daisyladies.fi\/fi\/wp-content\/uploads\/2018\/10\/43253571_10156738580054288_877455058294276096_n.jpg 720w, http:\/\/daisyladies.fi\/fi\/wp-content\/uploads\/2018\/10\/43253571_10156738580054288_877455058294276096_n-225x300.jpg 225w\" sizes=\"(max-width: 720px) 100vw, 720px\" \/>[\/vc_column_text]<div class=\"divider-wrap\"><div style=\"margin-top: 15px; height: 1px; margin-bottom: 15px;\" data-width=\"100%\" data-animate=\"\" data-animation-delay=\"\" data-color=\"default\" class=\"divider-border\"><\/div><\/div>[\/vc_column][vc_column boxed=&#8221;true&#8221; column_padding=&#8221;padding-3-percent&#8221; column_padding_position=&#8221;all&#8221; background_color_opacity=&#8221;0.5&#8243; background_hover_color_opacity=&#8221;1&#8243; width=&#8221;1\/3&#8243; tablet_text_alignment=&#8221;default&#8221; phone_text_alignment=&#8221;default&#8221;]<div class=\"img-with-aniamtion-wrap center\" data-max-width=\"100%\"><div class=\"inner\"><img decoding=\"async\" data-shadow=\"none\" data-shadow-direction=\"middle\" class=\"img-with-animation \" data-delay=\"0\" height=\"100%\" width=\"100%\" data-animation=\"fade-in\" src=\"http:\/\/daisyladies.fi\/fi\/wp-content\/uploads\/2018\/10\/1200px-Kokoomus_tunnus_2014.svg_.png\" alt=\"\" \/><\/div><\/div>[\/vc_column][\/vc_row][vc_row type=&#8221;in_container&#8221; full_screen_row_position=&#8221;middle&#8221; scene_position=&#8221;center&#8221; text_color=&#8221;dark&#8221; text_align=&#8221;left&#8221; overlay_strength=&#8221;0.3&#8243;][vc_column column_padding=&#8221;no-extra-padding&#8221; column_padding_position=&#8221;all&#8221; background_color_opacity=&#8221;1&#8243; background_hover_color_opacity=&#8221;1&#8243; width=&#8221;1\/1&#8243; tablet_text_alignment=&#8221;default&#8221; phone_text_alignment=&#8221;default&#8221;]<div class=\"divider-wrap\"><div style=\"height: 100px;\" class=\"divider\"><\/div><\/div>[\/vc_column][\/vc_row]\n","protected":false},"excerpt":{"rendered":"<p>[vc_row type=&#8221;full_width_background&#8221; full_screen_row_position=&#8221;middle&#8221; bg_color=&#8221;#5bae4b&#8221; scene_position=&#8221;center&#8221; text_color=&#8221;light&#8221; text_align=&#8221;center&#8221; top_padding=&#8221;40&#8243; bottom_padding=&#8221;40&#8243; overlay_strength=&#8221;0.3&#8243;][vc_column column_padding=&#8221;no-extra-padding&#8221; column_padding_position=&#8221;all&#8221; background_color_opacity=&#8221;1&#8243; background_hover_color_opacity=&#8221;1&#8243; width=&#8221;1\/1&#8243; tablet_text_alignment=&#8221;default&#8221; phone_text_alignment=&#8221;default&#8221;][vc_column_text] Kokoomuksen Kultainen Leijona -kunniamerkki 2018 [\/vc_column_text][\/vc_column][\/vc_row][vc_row type=&#8221;in_container&#8221; full_screen_row_position=&#8221;middle&#8221; scene_position=&#8221;center&#8221; text_color=&#8221;dark&#8221; text_align=&#8221;left&#8221; overlay_strength=&#8221;0.3&#8243;][vc_column column_padding=&#8221;no-extra-padding&#8221;&#8230;<\/p>\n","protected":false},"author":2,"featured_media":0,"parent":0,"menu_order":0,"comment_status":"closed","ping_status":"closed","template":"","meta":{"om_disable_all_campaigns":false,"footnotes":"","iawp_total_views":121},"_links":{"self":[{"href":"http:\/\/daisyladies.fi\/fi\/wp-json\/wp\/v2\/pages\/3871"}],"collection":[{"href":"http:\/\/daisyladies.fi\/fi\/wp-json\/wp\/v2\/pages"}],"about":[{"href":"http:\/\/daisyladies.fi\/fi\/wp-json\/wp\/v2\/types\/page"}],"author":[{"embeddable":true,"href":"http:\/\/daisyladies.fi\/fi\/wp-json\/wp\/v2\/users\/2"}],"replies":[{"embeddable":true,"href":"http:\/\/daisyladies.fi\/fi\/wp-json\/wp\/v2\/comments?post=3871"}],"version-history":[{"count":1,"href":"http:\/\/daisyladies.fi\/fi\/wp-json\/wp\/v2\/pages\/3871\/revisions"}],"predecessor-version":[{"id":3874,"href":"http:\/\/daisyladies.fi\/fi\/wp-json\/wp\/v2\/pages\/3871\/revisions\/3874"}],"wp:attachment":[{"href":"http:\/\/daisyladies.fi\/fi\/wp-json\/wp\/v2\/media?parent=3871"}],"curies":[{"name":"wp","href":"https:\/\/api.w.org\/{rel}","templated":true}]}}