{"id":3865,"date":"2018-10-11T07:11:35","date_gmt":"2018-10-11T07:11:35","guid":{"rendered":"http:\/\/daisyladies.fi\/fi\/?page_id=3865"},"modified":"2018-10-11T07:11:35","modified_gmt":"2018-10-11T07:11:35","slug":"kokoomusnaisten-hopeinen-ansiomerkki","status":"publish","type":"page","link":"http:\/\/daisyladies.fi\/fi\/kokoomusnaisten-hopeinen-ansiomerkki\/","title":{"rendered":"Kokoomusnaisten hopeinen ansiomerkki"},"content":{"rendered":"[vc_row type=&#8221;full_width_background&#8221; full_screen_row_position=&#8221;middle&#8221; bg_color=&#8221;#5bae4b&#8221; scene_position=&#8221;center&#8221; text_color=&#8221;light&#8221; text_align=&#8221;center&#8221; top_padding=&#8221;40&#8243; bottom_padding=&#8221;40&#8243; overlay_strength=&#8221;0.3&#8243;][vc_column column_padding=&#8221;no-extra-padding&#8221; column_padding_position=&#8221;all&#8221; background_color_opacity=&#8221;1&#8243; background_hover_color_opacity=&#8221;1&#8243; width=&#8221;1\/1&#8243; tablet_text_alignment=&#8221;default&#8221; phone_text_alignment=&#8221;default&#8221;][vc_column_text]\n<h1>Kokoomusnaisten hopeinen ansiomerkki 2018<\/h1>\n[\/vc_column_text][\/vc_column][\/vc_row][vc_row type=&#8221;in_container&#8221; full_screen_row_position=&#8221;middle&#8221; scene_position=&#8221;center&#8221; text_color=&#8221;dark&#8221; text_align=&#8221;left&#8221; overlay_strength=&#8221;0.3&#8243;][vc_column column_padding=&#8221;no-extra-padding&#8221; column_padding_position=&#8221;all&#8221; background_color_opacity=&#8221;1&#8243; background_hover_color_opacity=&#8221;1&#8243; width=&#8221;1\/1&#8243; tablet_text_alignment=&#8221;default&#8221; phone_text_alignment=&#8221;default&#8221;]<div class=\"divider-wrap\"><div style=\"height: 40px;\" class=\"divider\"><\/div><\/div>[\/vc_column][\/vc_row][vc_row type=&#8221;in_container&#8221; full_screen_row_position=&#8221;middle&#8221; scene_position=&#8221;center&#8221; text_color=&#8221;dark&#8221; text_align=&#8221;left&#8221; overlay_strength=&#8221;0.3&#8243;][vc_column column_padding=&#8221;no-extra-padding&#8221; column_padding_position=&#8221;all&#8221; background_color_opacity=&#8221;1&#8243; background_hover_color_opacity=&#8221;1&#8243; width=&#8221;2\/3&#8243; tablet_text_alignment=&#8221;default&#8221; phone_text_alignment=&#8221;default&#8221;][vc_column_text]DaisyLadies ry:n toiminnanjohtajalle Hissu Kyd\u00f6lle my\u00f6nnettiin 23.8.2018 <strong>Kokoomuksen Naisten Liiton hopeinen ansiomerkki<\/strong> yhdistystoiminnasta ja el\u00e4m\u00e4nty\u00f6st\u00e4 maahanmuuttajanaisten kotouttamisessa ja syrj\u00e4ytymisen ehk\u00e4isyss\u00e4.<\/p>\n<p><img loading=\"lazy\" decoding=\"async\" class=\"aligncenter wp-image-3866 size-full\" src=\"http:\/\/daisyladies.fi\/fi\/wp-content\/uploads\/2018\/10\/39953561_1813101522138673_632433032392867840_n.jpg\" alt=\"\" width=\"607\" height=\"607\" srcset=\"http:\/\/daisyladies.fi\/fi\/wp-content\/uploads\/2018\/10\/39953561_1813101522138673_632433032392867840_n.jpg 607w, http:\/\/daisyladies.fi\/fi\/wp-content\/uploads\/2018\/10\/39953561_1813101522138673_632433032392867840_n-150x150.jpg 150w, http:\/\/daisyladies.fi\/fi\/wp-content\/uploads\/2018\/10\/39953561_1813101522138673_632433032392867840_n-300x300.jpg 300w, http:\/\/daisyladies.fi\/fi\/wp-content\/uploads\/2018\/10\/39953561_1813101522138673_632433032392867840_n-50x50.jpg 50w, http:\/\/daisyladies.fi\/fi\/wp-content\/uploads\/2018\/10\/39953561_1813101522138673_632433032392867840_n-100x100.jpg 100w, http:\/\/daisyladies.fi\/fi\/wp-content\/uploads\/2018\/10\/39953561_1813101522138673_632433032392867840_n-500x500.jpg 500w\" sizes=\"(max-width: 607px) 100vw, 607px\" \/><\/p>\n<p><img loading=\"lazy\" decoding=\"async\" class=\"aligncenter wp-image-3867 size-full\" src=\"http:\/\/daisyladies.fi\/fi\/wp-content\/uploads\/2018\/10\/39950278_1813099585472200_2054685558105440256_n.jpg\" alt=\"\" width=\"720\" height=\"960\" srcset=\"http:\/\/daisyladies.fi\/fi\/wp-content\/uploads\/2018\/10\/39950278_1813099585472200_2054685558105440256_n.jpg 720w, http:\/\/daisyladies.fi\/fi\/wp-content\/uploads\/2018\/10\/39950278_1813099585472200_2054685558105440256_n-225x300.jpg 225w\" sizes=\"(max-width: 720px) 100vw, 720px\" \/>[\/vc_column_text]<div class=\"divider-wrap\"><div style=\"margin-top: 15px; height: 1px; margin-bottom: 15px;\" data-width=\"100%\" data-animate=\"\" data-animation-delay=\"\" data-color=\"default\" class=\"divider-border\"><\/div><\/div>[\/vc_column][vc_column boxed=&#8221;true&#8221; column_padding=&#8221;padding-3-percent&#8221; column_padding_position=&#8221;all&#8221; background_color_opacity=&#8221;0.5&#8243; background_hover_color_opacity=&#8221;1&#8243; width=&#8221;1\/3&#8243; tablet_text_alignment=&#8221;default&#8221; phone_text_alignment=&#8221;default&#8221;]<div class=\"img-with-aniamtion-wrap center\" data-max-width=\"100%\"><div class=\"inner\"><img decoding=\"async\" data-shadow=\"none\" data-shadow-direction=\"middle\" class=\"img-with-animation \" data-delay=\"0\" height=\"100%\" width=\"100%\" data-animation=\"fade-in\" src=\"http:\/\/daisyladies.fi\/fi\/wp-content\/uploads\/2018\/10\/Kokoomusnaiset_logo.png\" alt=\"\" \/><\/div><\/div>[\/vc_column][\/vc_row][vc_row type=&#8221;in_container&#8221; full_screen_row_position=&#8221;middle&#8221; scene_position=&#8221;center&#8221; text_color=&#8221;dark&#8221; text_align=&#8221;left&#8221; overlay_strength=&#8221;0.3&#8243;][vc_column column_padding=&#8221;no-extra-padding&#8221; column_padding_position=&#8221;all&#8221; background_color_opacity=&#8221;1&#8243; background_hover_color_opacity=&#8221;1&#8243; width=&#8221;1\/1&#8243; tablet_text_alignment=&#8221;default&#8221; phone_text_alignment=&#8221;default&#8221;]<div class=\"divider-wrap\"><div style=\"height: 100px;\" class=\"divider\"><\/div><\/div>[\/vc_column][\/vc_row]\n","protected":false},"excerpt":{"rendered":"<p>[vc_row type=&#8221;full_width_background&#8221; full_screen_row_position=&#8221;middle&#8221; bg_color=&#8221;#5bae4b&#8221; scene_position=&#8221;center&#8221; text_color=&#8221;light&#8221; text_align=&#8221;center&#8221; top_padding=&#8221;40&#8243; bottom_padding=&#8221;40&#8243; overlay_strength=&#8221;0.3&#8243;][vc_column column_padding=&#8221;no-extra-padding&#8221; column_padding_position=&#8221;all&#8221; background_color_opacity=&#8221;1&#8243; background_hover_color_opacity=&#8221;1&#8243; width=&#8221;1\/1&#8243; tablet_text_alignment=&#8221;default&#8221; phone_text_alignment=&#8221;default&#8221;][vc_column_text] Kokoomusnaisten hopeinen ansiomerkki 2018 [\/vc_column_text][\/vc_column][\/vc_row][vc_row type=&#8221;in_container&#8221; full_screen_row_position=&#8221;middle&#8221; scene_position=&#8221;center&#8221; text_color=&#8221;dark&#8221; text_align=&#8221;left&#8221; overlay_strength=&#8221;0.3&#8243;][vc_column column_padding=&#8221;no-extra-padding&#8221; column_padding_position=&#8221;all&#8221;&#8230;<\/p>\n","protected":false},"author":2,"featured_media":0,"parent":0,"menu_order":0,"comment_status":"closed","ping_status":"closed","template":"","meta":{"om_disable_all_campaigns":false,"footnotes":"","iawp_total_views":27},"_links":{"self":[{"href":"http:\/\/daisyladies.fi\/fi\/wp-json\/wp\/v2\/pages\/3865"}],"collection":[{"href":"http:\/\/daisyladies.fi\/fi\/wp-json\/wp\/v2\/pages"}],"about":[{"href":"http:\/\/daisyladies.fi\/fi\/wp-json\/wp\/v2\/types\/page"}],"author":[{"embeddable":true,"href":"http:\/\/daisyladies.fi\/fi\/wp-json\/wp\/v2\/users\/2"}],"replies":[{"embeddable":true,"href":"http:\/\/daisyladies.fi\/fi\/wp-json\/wp\/v2\/comments?post=3865"}],"version-history":[{"count":2,"href":"http:\/\/daisyladies.fi\/fi\/wp-json\/wp\/v2\/pages\/3865\/revisions"}],"predecessor-version":[{"id":3870,"href":"http:\/\/daisyladies.fi\/fi\/wp-json\/wp\/v2\/pages\/3865\/revisions\/3870"}],"wp:attachment":[{"href":"http:\/\/daisyladies.fi\/fi\/wp-json\/wp\/v2\/media?parent=3865"}],"curies":[{"name":"wp","href":"https:\/\/api.w.org\/{rel}","templated":true}]}}