{"id":3784,"date":"2018-08-07T10:13:24","date_gmt":"2018-08-07T10:13:24","guid":{"rendered":"http:\/\/daisyladies.fi\/fi\/?page_id=3784"},"modified":"2024-01-29T12:45:03","modified_gmt":"2024-01-29T12:45:03","slug":"omakieliset-vertaisryhmat","status":"publish","type":"page","link":"http:\/\/daisyladies.fi\/fi\/omakieliset-vertaisryhmat\/","title":{"rendered":"Omakieliset vertaisryhm\u00e4t"},"content":{"rendered":"[vc_row type=&#8221;full_width_background&#8221; full_screen_row_position=&#8221;middle&#8221; bg_color=&#8221;#5bae4b&#8221; scene_position=&#8221;center&#8221; text_color=&#8221;light&#8221; text_align=&#8221;center&#8221; top_padding=&#8221;40&#8243; bottom_padding=&#8221;40&#8243; overlay_strength=&#8221;0.3&#8243;][vc_column column_padding=&#8221;no-extra-padding&#8221; column_padding_position=&#8221;all&#8221; background_color_opacity=&#8221;1&#8243; background_hover_color_opacity=&#8221;1&#8243; width=&#8221;1\/1&#8243; tablet_text_alignment=&#8221;default&#8221; phone_text_alignment=&#8221;default&#8221;][vc_column_text]\n<h1>Omakieliset vertaisryhm\u00e4t<\/h1>\n[\/vc_column_text][\/vc_column][\/vc_row][vc_row type=&#8221;in_container&#8221; full_screen_row_position=&#8221;middle&#8221; scene_position=&#8221;center&#8221; text_color=&#8221;dark&#8221; text_align=&#8221;left&#8221; overlay_strength=&#8221;0.3&#8243;][vc_column column_padding=&#8221;no-extra-padding&#8221; column_padding_position=&#8221;all&#8221; background_color_opacity=&#8221;1&#8243; background_hover_color_opacity=&#8221;1&#8243; width=&#8221;1\/1&#8243; tablet_text_alignment=&#8221;default&#8221; phone_text_alignment=&#8221;default&#8221;]<div class=\"divider-wrap\"><div style=\"height: 40px;\" class=\"divider\"><\/div><\/div>[\/vc_column][\/vc_row][vc_row type=&#8221;in_container&#8221; full_screen_row_position=&#8221;middle&#8221; scene_position=&#8221;center&#8221; text_color=&#8221;dark&#8221; text_align=&#8221;left&#8221; overlay_strength=&#8221;0.3&#8243;][vc_column column_padding=&#8221;no-extra-padding&#8221; column_padding_position=&#8221;all&#8221; background_color_opacity=&#8221;1&#8243; background_hover_color_opacity=&#8221;1&#8243; width=&#8221;2\/3&#8243; tablet_text_alignment=&#8221;default&#8221; phone_text_alignment=&#8221;default&#8221;][vc_column_text]\n<p style=\"text-align: justify;\">DaisyLadies ry j\u00e4rjest\u00e4\u00e4 ryhm\u00e4muotoista kotoutumista edist\u00e4v\u00e4\u00e4 mentori- ja vertaistukitoimintaa arabian- ja somalinkielisille maahanmuuttajanaisille. Toiminaa on j\u00e4rjestetty osana osana <a href=\"http:\/\/daisyladies.fi\/fi\/kasi-kadessa\/\">K\u00e4si k\u00e4dess\u00e4 -hanketta<\/a>. Hanke on p\u00e4\u00e4ttynyt mutta pyrimme kuitenkin tarjoamaan jatkossakin omankielist\u00e4 mentorointia resurssien puitteissa.<\/p>\n<p style=\"text-align: justify;\">Omakieliset ryhm\u00e4t tarjoavat tehostettua tukea ja ohjausta naisille, joilla kotoutuminen on vasta alussa tai keskeytynyt esimerkiksi lasten saamisen ja kotiin j\u00e4\u00e4misen my\u00f6t\u00e4. Erityisen\u00e4 kohderyhm\u00e4n\u00e4 ovat naiset, joilla ei v\u00e4ltt\u00e4m\u00e4tt\u00e4 ole ollenkaan tai hyvin v\u00e4h\u00e4n kielitaitoa, lukutaitoa, koulutus- tai ty\u00f6taustaa.<\/p>\n<p>Toiminta toteutetaan p\u00e4\u00e4asiassa ryhm\u00e4l\u00e4ht\u00f6isesti ja se sis\u00e4lt\u00e4\u00e4 mm. suomen kielen opiskelua, tietoa yhteiskunnallisista asioista\/palveluista ja uraohjausta. Vertaisryhmien tavoitteena on maahanmuuttajanaisten kotoutumisen eteneminen, kielitaidon ja yhteiskunnallisen tiet\u00e4myksen paraneminen ja sosiaalinen verkoston kasvaminen. Tavoitteena on ett\u00e4 naiset p\u00e4\u00e4setv\u00e4t eteenp\u00e4in opiskelemaan ja ty\u00f6el\u00e4m\u00e4\u00e4n ja voivat itse jatkossa toimia mentoreina l\u00e4hiyhteis\u00f6ss\u00e4\u00e4n.<\/p>\n<p>Vertaisryhm\u00e4toiminta on avointa kaikenik\u00e4isille arabian- ja somalinkielisille naisille eik\u00e4 siihen ole sitoutumispakkoa.[\/vc_column_text]<div class=\"divider-wrap\"><div style=\"margin-top: 15px; height: 1px; margin-bottom: 15px;\" data-width=\"100%\" data-animate=\"\" data-animation-delay=\"\" data-color=\"default\" class=\"divider-border\"><\/div><\/div>[vc_column_text]<strong>P\u00e4ivitt\u00e4in ohjausta saatavilla my\u00f6s mm. suomen, englannin, persian, kurdin, espanjan ja turkin kielell\u00e4!<\/strong><\/p>\n<p>&nbsp;<\/p>\n<p><strong>Lis\u00e4tietoja:\u00a0daisyladies.turku@gmail.com, puh. 050 326 5064<\/strong>[\/vc_column_text]<div class=\"divider-wrap\"><div style=\"margin-top: 15px; height: 1px; margin-bottom: 15px;\" data-width=\"100%\" data-animate=\"\" data-animation-delay=\"\" data-color=\"default\" class=\"divider-border\"><\/div><\/div><div class=\"divider-wrap\"><div style=\"height: 30px;\" class=\"divider\"><\/div><\/div>[vc_column_text]<strong>Peer groups in ones own language<\/strong><\/p>\n<p>Since 2018, DaisyLadies ry has been organizing mentorship and peer support activities for immigrant women of Arabic and Somali background in Muistola. The peer groups provide in their own languages enhanced support and guidance to women who are only beginning to integrate or interrupted, for example, by having children and staying at home. The target groups are women who have no or very little language skills, literacy, education or work experince.<\/p>\n<p>The activities are mainly carried out in a group-oriented manner that includes, studying Finnish and information on social issues \/ services. The aim of peer groups is to advance the integration of immigrant women, to improve language skills and social knowledge, and to increase social networking. The goal is that women in the future can become mentors in their community.<\/p>\n<p>Groups are open to Arabic and Somali women of all ages and are not bound by commitment.<\/p>\n<p><strong>Daily guidance is also available in Finnish, English, Persian, Darin, Spanish and Turkish!<\/strong><\/p>\n<p><strong>INFO:\u00a0daisyladies.turku@gmail.com, Tel. 050 326 5064<\/strong>[\/vc_column_text][\/vc_column][vc_column boxed=&#8221;true&#8221; column_padding=&#8221;padding-3-percent&#8221; column_padding_position=&#8221;all&#8221; background_color_opacity=&#8221;0.5&#8243; background_hover_color_opacity=&#8221;1&#8243; width=&#8221;1\/3&#8243; tablet_text_alignment=&#8221;default&#8221; phone_text_alignment=&#8221;default&#8221;][vc_column_text]\n<h3 style=\"text-align: center;\">Yhteisty\u00f6ss\u00e4<\/h3>\n[\/vc_column_text]<div class=\"divider-wrap\"><div style=\"margin-top: 12px; height: 1px; margin-bottom: 12px;\" data-width=\"100%\" data-animate=\"\" data-animation-delay=\"\" data-color=\"default\" class=\"divider-border\"><\/div><\/div><div class=\"img-with-aniamtion-wrap center\" data-max-width=\"100%\"><div class=\"inner\"><img decoding=\"async\" data-shadow=\"none\" data-shadow-direction=\"middle\" class=\"img-with-animation \" data-delay=\"0\" height=\"100%\" width=\"100%\" data-animation=\"fade-in\" src=\"http:\/\/daisyladies.fi\/fi\/wp-content\/uploads\/2022\/03\/TEM_LA01_logo___fi_B3___RGB.png\" alt=\"\" \/><\/div><\/div>[\/vc_column][\/vc_row][vc_row type=&#8221;in_container&#8221; full_screen_row_position=&#8221;middle&#8221; scene_position=&#8221;center&#8221; text_color=&#8221;dark&#8221; text_align=&#8221;left&#8221; overlay_strength=&#8221;0.3&#8243;][vc_column column_padding=&#8221;no-extra-padding&#8221; column_padding_position=&#8221;all&#8221; background_color_opacity=&#8221;1&#8243; background_hover_color_opacity=&#8221;1&#8243; width=&#8221;1\/1&#8243; tablet_text_alignment=&#8221;default&#8221; phone_text_alignment=&#8221;default&#8221;]<div class=\"divider-wrap\"><div style=\"margin-top: 50px; height: 1px; margin-bottom: 50px;\" data-width=\"100%\" data-animate=\"\" data-animation-delay=\"\" data-color=\"default\" class=\"divider-border\"><\/div><\/div>[\/vc_column][\/vc_row][vc_row type=&#8221;in_container&#8221; full_screen_row_position=&#8221;middle&#8221; scene_position=&#8221;center&#8221; text_color=&#8221;dark&#8221; text_align=&#8221;left&#8221; overlay_strength=&#8221;0.3&#8243;][vc_column column_padding=&#8221;no-extra-padding&#8221; column_padding_position=&#8221;all&#8221; background_color_opacity=&#8221;1&#8243; background_hover_color_opacity=&#8221;1&#8243; width=&#8221;1\/4&#8243; tablet_text_alignment=&#8221;default&#8221; phone_text_alignment=&#8221;default&#8221;][\/vc_column][vc_column column_padding=&#8221;no-extra-padding&#8221; column_padding_position=&#8221;all&#8221; background_color_opacity=&#8221;1&#8243; background_hover_color_opacity=&#8221;1&#8243; width=&#8221;1\/4&#8243; tablet_text_alignment=&#8221;default&#8221; phone_text_alignment=&#8221;default&#8221;]<div class=\"iwithtext\"><div class=\"iwt-icon\"> <i class=\"icon-default-style icon-map-marker accent-color\"><\/i> <\/div><div class=\"iwt-text\"> Linnankatu 41, 20100 Turku <\/div><div class=\"clear\"><\/div><\/div>[\/vc_column][vc_column column_padding=&#8221;no-extra-padding&#8221; column_padding_position=&#8221;all&#8221; background_color_opacity=&#8221;1&#8243; background_hover_color_opacity=&#8221;1&#8243; width=&#8221;1\/4&#8243; tablet_text_alignment=&#8221;default&#8221; phone_text_alignment=&#8221;default&#8221;]<div class=\"iwithtext\"><div class=\"iwt-icon\"> <i class=\"icon-default-style icon-phone accent-color\"><\/i> <\/div><div class=\"iwt-text\"> p. 050 326 5064 <\/div><div class=\"clear\"><\/div><\/div>[\/vc_column][vc_column column_padding=&#8221;no-extra-padding&#8221; column_padding_position=&#8221;all&#8221; background_color_opacity=&#8221;1&#8243; background_hover_color_opacity=&#8221;1&#8243; width=&#8221;1\/4&#8243; tablet_text_alignment=&#8221;default&#8221; phone_text_alignment=&#8221;default&#8221;][\/vc_column][\/vc_row]\n","protected":false},"excerpt":{"rendered":"<p>[vc_row type=&#8221;full_width_background&#8221; full_screen_row_position=&#8221;middle&#8221; bg_color=&#8221;#5bae4b&#8221; scene_position=&#8221;center&#8221; text_color=&#8221;light&#8221; text_align=&#8221;center&#8221; top_padding=&#8221;40&#8243; bottom_padding=&#8221;40&#8243; overlay_strength=&#8221;0.3&#8243;][vc_column column_padding=&#8221;no-extra-padding&#8221; column_padding_position=&#8221;all&#8221; background_color_opacity=&#8221;1&#8243; background_hover_color_opacity=&#8221;1&#8243; width=&#8221;1\/1&#8243; tablet_text_alignment=&#8221;default&#8221; phone_text_alignment=&#8221;default&#8221;][vc_column_text] Omakieliset vertaisryhm\u00e4t [\/vc_column_text][\/vc_column][\/vc_row][vc_row type=&#8221;in_container&#8221; full_screen_row_position=&#8221;middle&#8221; scene_position=&#8221;center&#8221; text_color=&#8221;dark&#8221; text_align=&#8221;left&#8221; overlay_strength=&#8221;0.3&#8243;][vc_column column_padding=&#8221;no-extra-padding&#8221; column_padding_position=&#8221;all&#8221; background_color_opacity=&#8221;1&#8243; background_hover_color_opacity=&#8221;1&#8243;&#8230;<\/p>\n","protected":false},"author":2,"featured_media":0,"parent":0,"menu_order":0,"comment_status":"closed","ping_status":"closed","template":"","meta":{"om_disable_all_campaigns":false,"footnotes":"","iawp_total_views":409},"_links":{"self":[{"href":"http:\/\/daisyladies.fi\/fi\/wp-json\/wp\/v2\/pages\/3784"}],"collection":[{"href":"http:\/\/daisyladies.fi\/fi\/wp-json\/wp\/v2\/pages"}],"about":[{"href":"http:\/\/daisyladies.fi\/fi\/wp-json\/wp\/v2\/types\/page"}],"author":[{"embeddable":true,"href":"http:\/\/daisyladies.fi\/fi\/wp-json\/wp\/v2\/users\/2"}],"replies":[{"embeddable":true,"href":"http:\/\/daisyladies.fi\/fi\/wp-json\/wp\/v2\/comments?post=3784"}],"version-history":[{"count":14,"href":"http:\/\/daisyladies.fi\/fi\/wp-json\/wp\/v2\/pages\/3784\/revisions"}],"predecessor-version":[{"id":5542,"href":"http:\/\/daisyladies.fi\/fi\/wp-json\/wp\/v2\/pages\/3784\/revisions\/5542"}],"wp:attachment":[{"href":"http:\/\/daisyladies.fi\/fi\/wp-json\/wp\/v2\/media?parent=3784"}],"curies":[{"name":"wp","href":"https:\/\/api.w.org\/{rel}","templated":true}]}}