{"id":3639,"date":"2018-01-25T10:13:59","date_gmt":"2018-01-25T10:13:59","guid":{"rendered":"http:\/\/daisyladies.fi\/fi\/?page_id=3639"},"modified":"2025-04-25T06:04:23","modified_gmt":"2025-04-25T06:04:23","slug":"hemmottelupaivat","status":"publish","type":"page","link":"http:\/\/daisyladies.fi\/fi\/hemmottelupaivat\/","title":{"rendered":"Hemmottelup\u00e4iv\u00e4t"},"content":{"rendered":"[vc_row type=&#8221;full_width_background&#8221; full_screen_row_position=&#8221;middle&#8221; bg_color=&#8221;#5bae4b&#8221; scene_position=&#8221;center&#8221; text_color=&#8221;light&#8221; text_align=&#8221;center&#8221; top_padding=&#8221;40&#8243; bottom_padding=&#8221;40&#8243; overlay_strength=&#8221;0.3&#8243;][vc_column column_padding=&#8221;no-extra-padding&#8221; column_padding_position=&#8221;all&#8221; background_color_opacity=&#8221;1&#8243; background_hover_color_opacity=&#8221;1&#8243; width=&#8221;1\/1&#8243; tablet_text_alignment=&#8221;default&#8221; phone_text_alignment=&#8221;default&#8221;][vc_column_text]\n<h1>Hemmottelup\u00e4iv\u00e4t<\/h1>\n[\/vc_column_text][\/vc_column][\/vc_row][vc_row type=&#8221;in_container&#8221; full_screen_row_position=&#8221;middle&#8221; scene_position=&#8221;center&#8221; text_color=&#8221;dark&#8221; text_align=&#8221;left&#8221; overlay_strength=&#8221;0.3&#8243;][vc_column column_padding=&#8221;no-extra-padding&#8221; column_padding_position=&#8221;all&#8221; background_color_opacity=&#8221;1&#8243; background_hover_color_opacity=&#8221;1&#8243; width=&#8221;1\/1&#8243; tablet_text_alignment=&#8221;default&#8221; phone_text_alignment=&#8221;default&#8221;]<div class=\"divider-wrap\"><div style=\"height: 40px;\" class=\"divider\"><\/div><\/div>[\/vc_column][\/vc_row][vc_row type=&#8221;in_container&#8221; full_screen_row_position=&#8221;middle&#8221; scene_position=&#8221;center&#8221; text_color=&#8221;dark&#8221; text_align=&#8221;left&#8221; overlay_strength=&#8221;0.3&#8243;][vc_column column_padding=&#8221;no-extra-padding&#8221; column_padding_position=&#8221;all&#8221; background_color_opacity=&#8221;1&#8243; background_hover_color_opacity=&#8221;1&#8243; width=&#8221;2\/3&#8243; tablet_text_alignment=&#8221;default&#8221; phone_text_alignment=&#8221;default&#8221;][vc_column_text]DaisyLadies j\u00e4rjest\u00e4\u00e4 hemmottelup\u00e4iv\u00e4n naisille noin kerran kuukaudessa.<\/p>\n<p>Ohjelmassa mm. tanssia, hiusten- ja kynsienlaittoa, k\u00e4dent\u00f6it\u00e4, hierontaa, hennatatuointeja. Voit itse my\u00f6s ehdottaa ohjelmaa!<\/p>\n<p>Tervetuloa!<\/p>\n<hr \/>\n<p><strong>Pampering Days<\/strong><\/p>\n<p>DaisyLadies organizes a pampering day for women once a month.<\/p>\n<p>The program includes dancing, hair-do, nail art and hands massages. You can also suggest program yourself!<\/p>\n<p><strong>Welcome!<\/strong><\/p>\n<p>&nbsp;<\/p>\n<p><img loading=\"lazy\" decoding=\"async\" class=\"alignnone size-full wp-image-6017\" src=\"http:\/\/daisyladies.fi\/fi\/wp-content\/uploads\/2025\/04\/Hemmottelupaiva.png\" alt=\"\" width=\"1414\" height=\"2000\" \/>[\/vc_column_text]<div class=\"divider-wrap\"><div style=\"margin-top: 15px; height: 1px; margin-bottom: 15px;\" data-width=\"100%\" data-animate=\"\" data-animation-delay=\"\" data-color=\"default\" class=\"divider-border\"><\/div><\/div><div class=\"img-with-aniamtion-wrap center\" data-max-width=\"100%\"><div class=\"inner\"><img decoding=\"async\" data-shadow=\"none\" data-shadow-direction=\"middle\" class=\"img-with-animation \" data-delay=\"0\" height=\"100%\" width=\"100%\" data-animation=\"fade-in\" src=\"http:\/\/daisyladies.fi\/fi\/wp-content\/uploads\/2018\/01\/hemmottelua.png\" alt=\"\" \/><\/div><\/div>[\/vc_column][vc_column boxed=&#8221;true&#8221; column_padding=&#8221;padding-3-percent&#8221; column_padding_position=&#8221;all&#8221; background_color_opacity=&#8221;0.5&#8243; background_hover_color_opacity=&#8221;1&#8243; width=&#8221;1\/3&#8243; tablet_text_alignment=&#8221;default&#8221; phone_text_alignment=&#8221;default&#8221;]<div class=\"iwithtext\"><div class=\"iwt-icon\"> <i class=\"icon-default-style icon-map-marker extra-color-3\"><\/i> <\/div><div class=\"iwt-text\"> DaisyKodin sali, Sairashuoneenkatu 1, 20100 Turku <\/div><div class=\"clear\"><\/div><\/div><div class=\"divider-wrap\"><div style=\"margin-top: 12px; height: 1px; margin-bottom: 12px;\" data-width=\"100%\" data-animate=\"\" data-animation-delay=\"\" data-color=\"default\" class=\"divider-border\"><\/div><\/div><div class=\"divider-wrap\"><div style=\"height: 25px;\" class=\"divider\"><\/div><\/div>[vc_column_text]\n<h3 style=\"text-align: center;\">TULOSSA<\/h3>\n<p style=\"text-align: center;\"><strong>25.10.<\/strong><\/p>\n<p style=\"text-align: center;\"><strong><a href=\"http:\/\/daisyladies.fi\/fi\/wp-content\/uploads\/2024\/10\/IMG_4628-scaled.jpg\"><img loading=\"lazy\" decoding=\"async\" class=\"alignnone wp-image-5800 size-medium\" src=\"http:\/\/daisyladies.fi\/fi\/wp-content\/uploads\/2024\/10\/IMG_4628-212x300.jpg\" alt=\"\" width=\"212\" height=\"300\" srcset=\"http:\/\/daisyladies.fi\/fi\/wp-content\/uploads\/2024\/10\/IMG_4628-212x300.jpg 212w, http:\/\/daisyladies.fi\/fi\/wp-content\/uploads\/2024\/10\/IMG_4628-724x1024.jpg 724w, http:\/\/daisyladies.fi\/fi\/wp-content\/uploads\/2024\/10\/IMG_4628-768x1086.jpg 768w, http:\/\/daisyladies.fi\/fi\/wp-content\/uploads\/2024\/10\/IMG_4628-1086x1536.jpg 1086w, http:\/\/daisyladies.fi\/fi\/wp-content\/uploads\/2024\/10\/IMG_4628-1448x2048.jpg 1448w, http:\/\/daisyladies.fi\/fi\/wp-content\/uploads\/2024\/10\/IMG_4628-scaled.jpg 1810w\" sizes=\"(max-width: 212px) 100vw, 212px\" \/><\/a><\/strong><\/p>\n<p style=\"text-align: center;\"><strong>30.8.2024<\/strong><\/p>\n<p><a href=\"http:\/\/daisyladies.fi\/fi\/wp-content\/uploads\/2024\/08\/Hemmottelu30.8-scaled.jpg\"><img loading=\"lazy\" decoding=\"async\" class=\"aligncenter wp-image-5714 size-medium\" src=\"http:\/\/daisyladies.fi\/fi\/wp-content\/uploads\/2024\/08\/Hemmottelu30.8-212x300.jpg\" alt=\"\" width=\"212\" height=\"300\" srcset=\"http:\/\/daisyladies.fi\/fi\/wp-content\/uploads\/2024\/08\/Hemmottelu30.8-212x300.jpg 212w, http:\/\/daisyladies.fi\/fi\/wp-content\/uploads\/2024\/08\/Hemmottelu30.8-724x1024.jpg 724w, http:\/\/daisyladies.fi\/fi\/wp-content\/uploads\/2024\/08\/Hemmottelu30.8-768x1086.jpg 768w, http:\/\/daisyladies.fi\/fi\/wp-content\/uploads\/2024\/08\/Hemmottelu30.8-1086x1536.jpg 1086w, http:\/\/daisyladies.fi\/fi\/wp-content\/uploads\/2024\/08\/Hemmottelu30.8-1448x2048.jpg 1448w, http:\/\/daisyladies.fi\/fi\/wp-content\/uploads\/2024\/08\/Hemmottelu30.8-scaled.jpg 1810w\" sizes=\"(max-width: 212px) 100vw, 212px\" \/><\/a><\/p>\n<p style=\"text-align: center;\"><strong>26.4.2024<\/strong><a href=\"http:\/\/daisyladies.fi\/fi\/wp-content\/uploads\/2024\/04\/Hemmottelupaiva-mainos.png\"><img loading=\"lazy\" decoding=\"async\" class=\"aligncenter wp-image-5625 size-medium\" src=\"http:\/\/daisyladies.fi\/fi\/wp-content\/uploads\/2024\/04\/Hemmottelupaiva-mainos-212x300.png\" alt=\"\" width=\"212\" height=\"300\" srcset=\"http:\/\/daisyladies.fi\/fi\/wp-content\/uploads\/2024\/04\/Hemmottelupaiva-mainos-212x300.png 212w, http:\/\/daisyladies.fi\/fi\/wp-content\/uploads\/2024\/04\/Hemmottelupaiva-mainos-724x1024.png 724w, http:\/\/daisyladies.fi\/fi\/wp-content\/uploads\/2024\/04\/Hemmottelupaiva-mainos-768x1086.png 768w, http:\/\/daisyladies.fi\/fi\/wp-content\/uploads\/2024\/04\/Hemmottelupaiva-mainos-1086x1536.png 1086w, http:\/\/daisyladies.fi\/fi\/wp-content\/uploads\/2024\/04\/Hemmottelupaiva-mainos.png 1414w\" sizes=\"(max-width: 212px) 100vw, 212px\" \/><\/a><\/p>\n<p style=\"text-align: center;\"><strong>26.1.2024<\/strong><a href=\"http:\/\/daisyladies.fi\/fi\/wp-content\/uploads\/2024\/01\/Hemmottelup\u00e4iv\u00e4-pe-26.1.-1.png\"><img loading=\"lazy\" decoding=\"async\" class=\"aligncenter wp-image-5520 size-medium\" src=\"http:\/\/daisyladies.fi\/fi\/wp-content\/uploads\/2024\/01\/Hemmottelup\u00e4iv\u00e4-pe-26.1.-1-300x169.png\" alt=\"\" width=\"300\" height=\"169\" srcset=\"http:\/\/daisyladies.fi\/fi\/wp-content\/uploads\/2024\/01\/Hemmottelup\u00e4iv\u00e4-pe-26.1.-1-300x169.png 300w, http:\/\/daisyladies.fi\/fi\/wp-content\/uploads\/2024\/01\/Hemmottelup\u00e4iv\u00e4-pe-26.1.-1-768x432.png 768w, http:\/\/daisyladies.fi\/fi\/wp-content\/uploads\/2024\/01\/Hemmottelup\u00e4iv\u00e4-pe-26.1.-1-1024x576.png 1024w\" sizes=\"(max-width: 300px) 100vw, 300px\" \/><\/a><\/p>\n[\/vc_column_text]<div class=\"divider-wrap\"><div style=\"height: 25px;\" class=\"divider\"><\/div><\/div>[vc_column_text][\/vc_column_text][\/vc_column][\/vc_row][vc_row type=&#8221;in_container&#8221; full_screen_row_position=&#8221;middle&#8221; scene_position=&#8221;center&#8221; text_color=&#8221;dark&#8221; text_align=&#8221;left&#8221; overlay_strength=&#8221;0.3&#8243;][vc_column column_padding=&#8221;no-extra-padding&#8221; column_padding_position=&#8221;all&#8221; background_color_opacity=&#8221;1&#8243; background_hover_color_opacity=&#8221;1&#8243; width=&#8221;1\/1&#8243; tablet_text_alignment=&#8221;default&#8221; phone_text_alignment=&#8221;default&#8221;]<div class=\"divider-wrap\"><div style=\"margin-top: 50px; height: 1px; margin-bottom: 50px;\" data-width=\"100%\" data-animate=\"\" data-animation-delay=\"\" data-color=\"default\" class=\"divider-border\"><\/div><\/div>[\/vc_column][\/vc_row]\n","protected":false},"excerpt":{"rendered":"<p>[vc_row type=&#8221;full_width_background&#8221; full_screen_row_position=&#8221;middle&#8221; bg_color=&#8221;#5bae4b&#8221; scene_position=&#8221;center&#8221; text_color=&#8221;light&#8221; text_align=&#8221;center&#8221; top_padding=&#8221;40&#8243; bottom_padding=&#8221;40&#8243; overlay_strength=&#8221;0.3&#8243;][vc_column column_padding=&#8221;no-extra-padding&#8221; column_padding_position=&#8221;all&#8221; background_color_opacity=&#8221;1&#8243; background_hover_color_opacity=&#8221;1&#8243; width=&#8221;1\/1&#8243; tablet_text_alignment=&#8221;default&#8221; phone_text_alignment=&#8221;default&#8221;][vc_column_text] Hemmottelup\u00e4iv\u00e4t [\/vc_column_text][\/vc_column][\/vc_row][vc_row type=&#8221;in_container&#8221; full_screen_row_position=&#8221;middle&#8221; scene_position=&#8221;center&#8221; text_color=&#8221;dark&#8221; text_align=&#8221;left&#8221; overlay_strength=&#8221;0.3&#8243;][vc_column column_padding=&#8221;no-extra-padding&#8221; column_padding_position=&#8221;all&#8221; background_color_opacity=&#8221;1&#8243; background_hover_color_opacity=&#8221;1&#8243; width=&#8221;1\/1&#8243;&#8230;<\/p>\n","protected":false},"author":2,"featured_media":0,"parent":0,"menu_order":0,"comment_status":"closed","ping_status":"closed","template":"","meta":{"om_disable_all_campaigns":false,"footnotes":"","iawp_total_views":190},"_links":{"self":[{"href":"http:\/\/daisyladies.fi\/fi\/wp-json\/wp\/v2\/pages\/3639"}],"collection":[{"href":"http:\/\/daisyladies.fi\/fi\/wp-json\/wp\/v2\/pages"}],"about":[{"href":"http:\/\/daisyladies.fi\/fi\/wp-json\/wp\/v2\/types\/page"}],"author":[{"embeddable":true,"href":"http:\/\/daisyladies.fi\/fi\/wp-json\/wp\/v2\/users\/2"}],"replies":[{"embeddable":true,"href":"http:\/\/daisyladies.fi\/fi\/wp-json\/wp\/v2\/comments?post=3639"}],"version-history":[{"count":20,"href":"http:\/\/daisyladies.fi\/fi\/wp-json\/wp\/v2\/pages\/3639\/revisions"}],"predecessor-version":[{"id":4462,"href":"http:\/\/daisyladies.fi\/fi\/wp-json\/wp\/v2\/pages\/3639\/revisions\/4462"}],"wp:attachment":[{"href":"http:\/\/daisyladies.fi\/fi\/wp-json\/wp\/v2\/media?parent=3639"}],"curies":[{"name":"wp","href":"https:\/\/api.w.org\/{rel}","templated":true}]}}