{"id":3556,"date":"2017-12-11T09:02:36","date_gmt":"2017-12-11T09:02:36","guid":{"rendered":"http:\/\/daisyladies.fi\/fi\/?page_id=3556"},"modified":"2025-12-08T12:40:27","modified_gmt":"2025-12-08T12:40:27","slug":"taikapuoti","status":"publish","type":"page","link":"http:\/\/daisyladies.fi\/fi\/taikapuoti\/","title":{"rendered":"Taikapuoti"},"content":{"rendered":"[vc_row type=&#8221;full_width_background&#8221; full_screen_row_position=&#8221;middle&#8221; bg_color=&#8221;#5bae4b&#8221; scene_position=&#8221;center&#8221; text_color=&#8221;light&#8221; text_align=&#8221;center&#8221; top_padding=&#8221;40&#8243; bottom_padding=&#8221;40&#8243; overlay_strength=&#8221;0.3&#8243;][vc_column column_padding=&#8221;no-extra-padding&#8221; column_padding_position=&#8221;all&#8221; background_color_opacity=&#8221;1&#8243; background_hover_color_opacity=&#8221;1&#8243; width=&#8221;1\/1&#8243; tablet_text_alignment=&#8221;default&#8221; phone_text_alignment=&#8221;default&#8221;][vc_column_text]\n<h1>Taikapuoti<\/h1>\n[\/vc_column_text][\/vc_column][\/vc_row][vc_row type=&#8221;in_container&#8221; full_screen_row_position=&#8221;middle&#8221; scene_position=&#8221;center&#8221; text_color=&#8221;dark&#8221; text_align=&#8221;left&#8221; overlay_strength=&#8221;0.3&#8243;][vc_column column_padding=&#8221;no-extra-padding&#8221; column_padding_position=&#8221;all&#8221; background_color_opacity=&#8221;1&#8243; background_hover_color_opacity=&#8221;1&#8243; width=&#8221;1\/1&#8243; tablet_text_alignment=&#8221;default&#8221; phone_text_alignment=&#8221;default&#8221;]<div class=\"divider-wrap\"><div style=\"height: 40px;\" class=\"divider\"><\/div><\/div>[\/vc_column][\/vc_row][vc_row type=&#8221;in_container&#8221; full_screen_row_position=&#8221;middle&#8221; scene_position=&#8221;center&#8221; text_color=&#8221;dark&#8221; text_align=&#8221;left&#8221; overlay_strength=&#8221;0.3&#8243;][vc_column column_padding=&#8221;no-extra-padding&#8221; column_padding_position=&#8221;all&#8221; background_color_opacity=&#8221;1&#8243; background_hover_color_opacity=&#8221;1&#8243; width=&#8221;2\/3&#8243; tablet_text_alignment=&#8221;default&#8221; phone_text_alignment=&#8221;default&#8221;][vc_column_text]<strong>Tervetuloa tutustumaan uudistuneeseen K\u00e4sity\u00f6kauppa Taikapuotiin Sairashuoneenkatu 1:ss\u00e4!<\/strong><\/p>\n<p>Taikapuodissa on myynniss\u00e4 Suomeen muuttaneiden naisten tekemi\u00e4 k\u00e4sit\u00f6it\u00e4 mm. villasukkia, kasseja, pussukoita, pehmoleluja, essuja, patalappuja ja tyynyj\u00e4.<\/p>\n<p>Tule tekem\u00e4\u00e4n l\u00f6yt\u00f6j\u00e4!<\/p>\n<p>Taikapuodin yhteydess\u00e4 toimii my\u00f6s DaisyLadies ry:n <a href=\"https:\/\/daisyladies.fi\/fi\/ompelu\/\">ompelimo<\/a>.<\/p>\n<p>&#8211;<\/p>\n<p>Welcome to our handicraft store Taikapuoti at Sairashuoneenkatu 1. There are a wide range of handicrafts for sale. These are made by immigrant women.<\/p>\n<p><a href=\"http:\/\/daisyladies.fi\/fi\/wp-content\/uploads\/2025\/05\/Taikapuoti-hinnasto-2025.jpg\"><img loading=\"lazy\" decoding=\"async\" class=\"aligncenter wp-image-6043 size-full\" src=\"http:\/\/daisyladies.fi\/fi\/wp-content\/uploads\/2025\/05\/Taikapuoti-hinnasto-2025.jpg\" alt=\"\" width=\"3508\" height=\"2480\" \/><\/a>[\/vc_column_text]<div class=\"divider-wrap\"><div style=\"height: 30px;\" class=\"divider\"><\/div><\/div><div class=\"divider-wrap\"><div style=\"margin-top: 15px; height: 1px; margin-bottom: 15px;\" data-width=\"100%\" data-animate=\"\" data-animation-delay=\"\" data-color=\"default\" class=\"divider-border\"><\/div><\/div><div class=\"divider-wrap\"><div style=\"height: 30px;\" class=\"divider\"><\/div><\/div>[vc_column_text]\n<h4>Otamme vastaan lahjoituksia!<\/h4>\n<p>L\u00f6ytyyk\u00f6 sinulta toimintakuntoisia ompelukoneita tai saumureita, joille sinulla itsell\u00e4si ei ole en\u00e4\u00e4 k\u00e4ytt\u00f6\u00e4? DaisyLadies ottaa ilomielin vastaan lahjoituksena ompelukoneita ja saumureita, jotta voimme jatkossakin tarjota naisille mahdollisuuden p\u00e4\u00e4st\u00e4 kehitt\u00e4m\u00e4\u00e4n ammatillista osaamistaan ompelijana.<\/p>\n<p>Meille voit lahjoittaa my\u00f6s sukkalankoja ja muita neulontaan ja virkkaukseen liittyvi\u00e4 tarvikkeita, ompelulankoja, kankaita, askartelutarvikkeita jne.<\/p>\n<p><strong>Ota yhteytt\u00e4:<\/strong> daisyladies.turku@gmail.com tai puh. 050 326 5064[\/vc_column_text]<div class=\"divider-wrap\"><div style=\"height: 30px;\" class=\"divider\"><\/div><\/div><div class=\"divider-wrap\"><div style=\"margin-top: 15px; height: 1px; margin-bottom: 15px;\" data-width=\"100%\" data-animate=\"\" data-animation-delay=\"\" data-color=\"default\" class=\"divider-border\"><\/div><\/div><div class=\"divider-wrap\"><div style=\"height: 25px;\" class=\"divider\"><\/div><\/div><div class=\"img-with-aniamtion-wrap right\" data-max-width=\"100%\"><div class=\"inner\"><img decoding=\"async\" data-shadow=\"none\" data-shadow-direction=\"middle\" class=\"img-with-animation \" data-delay=\"0\" height=\"100%\" width=\"100%\" data-animation=\"fade-in\" src=\"http:\/\/daisyladies.fi\/fi\/wp-content\/uploads\/2023\/11\/WhatsApp-Image-2023-11-08-at-14.20.37.jpeg\" alt=\"\" \/><\/div><\/div>[vc_gallery type=&#8221;flexslider_style&#8221; images=&#8221;5451,5450,5026&#8243; onclick=&#8221;link_no&#8221;][\/vc_column][vc_column boxed=&#8221;true&#8221; column_padding=&#8221;padding-3-percent&#8221; column_padding_position=&#8221;all&#8221; background_color_opacity=&#8221;0.5&#8243; background_hover_color_opacity=&#8221;1&#8243; width=&#8221;1\/3&#8243; tablet_text_alignment=&#8221;default&#8221; phone_text_alignment=&#8221;default&#8221;]<div class=\"img-with-aniamtion-wrap \" data-max-width=\"100%\"><div class=\"inner\"><img decoding=\"async\" data-shadow=\"none\" data-shadow-direction=\"middle\" class=\"img-with-animation \" data-delay=\"0\" height=\"100%\" width=\"100%\" data-animation=\"fade-in\" src=\"http:\/\/daisyladies.fi\/fi\/wp-content\/uploads\/2025\/03\/taikapuotilogo.png\" alt=\"\" \/><\/div><\/div><div class=\"divider-wrap\"><div style=\"height: 25px;\" class=\"divider\"><\/div><\/div><div class=\"iwithtext\"><div class=\"iwt-icon\"> <i class=\"icon-default-style icon-map-marker extra-color-3\"><\/i> <\/div><div class=\"iwt-text\"> <strong>Sairashuoneenkatu 1, 20100 Turku<\/strong><\/p>\n<p>&nbsp;<\/p>\n<p><strong>N\u00e4in l\u00f6yd\u00e4t perille (klikkaa kuvaa niin se suurenee):<\/strong><\/p>\n<p><a href=\"http:\/\/daisyladies.fi\/fi\/wp-content\/uploads\/2020\/09\/DaisyKoti-taikapuoti-opaste.png\"><img loading=\"lazy\" decoding=\"async\" class=\"aligncenter wp-image-4710 size-medium\" src=\"http:\/\/daisyladies.fi\/fi\/wp-content\/uploads\/2020\/09\/DaisyKoti-taikapuoti-opaste-300x215.png\" alt=\"\" width=\"300\" height=\"215\" srcset=\"http:\/\/daisyladies.fi\/fi\/wp-content\/uploads\/2020\/09\/DaisyKoti-taikapuoti-opaste-300x215.png 300w, http:\/\/daisyladies.fi\/fi\/wp-content\/uploads\/2020\/09\/DaisyKoti-taikapuoti-opaste-768x551.png 768w, http:\/\/daisyladies.fi\/fi\/wp-content\/uploads\/2020\/09\/DaisyKoti-taikapuoti-opaste-1024x734.png 1024w\" sizes=\"(max-width: 300px) 100vw, 300px\" \/><\/a> <\/div><div class=\"clear\"><\/div><\/div><div class=\"divider-wrap\"><div style=\"height: 25px;\" class=\"divider\"><\/div><\/div><div class=\"iwithtext\"><div class=\"iwt-icon\"> <i class=\"icon-default-style icon-time extra-color-3\"><\/i> <\/div><div class=\"iwt-text\"> <strong>Ma-pe klo 10-14 (soita ovikelloa jos ulko-ovi on kiinni!)<\/strong> <\/div><div class=\"clear\"><\/div><\/div><div class=\"divider-wrap\"><div style=\"height: 25px;\" class=\"divider\"><\/div><\/div><div class=\"img-with-aniamtion-wrap \" data-max-width=\"100%\"><div class=\"inner\"><img decoding=\"async\" data-shadow=\"none\" data-shadow-direction=\"middle\" class=\"img-with-animation \" data-delay=\"0\" height=\"100%\" width=\"100%\" data-animation=\"fade-in\" src=\"http:\/\/daisyladies.fi\/fi\/wp-content\/uploads\/2025\/12\/joulupajat-2025.jpeg\" alt=\"\" \/><\/div><\/div><div class=\"img-with-aniamtion-wrap \" data-max-width=\"100%\"><div class=\"inner\"><img decoding=\"async\" data-shadow=\"none\" data-shadow-direction=\"middle\" class=\"img-with-animation \" data-delay=\"0\" height=\"100%\" width=\"100%\" data-animation=\"fade-in\" src=\"http:\/\/daisyladies.fi\/fi\/wp-content\/uploads\/2020\/09\/18.jpg\" alt=\"\" \/><\/div><\/div><div class=\"img-with-aniamtion-wrap \" data-max-width=\"100%\"><div class=\"inner\"><img decoding=\"async\" data-shadow=\"none\" data-shadow-direction=\"middle\" class=\"img-with-animation \" data-delay=\"0\" height=\"100%\" width=\"100%\" data-animation=\"fade-in\" src=\"http:\/\/daisyladies.fi\/fi\/wp-content\/uploads\/2023\/11\/uudistunut-Taikapuoti.png\" alt=\"\" \/><\/div><\/div>[\/vc_column][\/vc_row][vc_row type=&#8221;in_container&#8221; full_screen_row_position=&#8221;middle&#8221; scene_position=&#8221;center&#8221; text_color=&#8221;dark&#8221; text_align=&#8221;left&#8221; overlay_strength=&#8221;0.3&#8243;][vc_column column_padding=&#8221;no-extra-padding&#8221; column_padding_position=&#8221;all&#8221; background_color_opacity=&#8221;1&#8243; background_hover_color_opacity=&#8221;1&#8243; width=&#8221;1\/1&#8243; tablet_text_alignment=&#8221;default&#8221; phone_text_alignment=&#8221;default&#8221;]<div class=\"divider-wrap\"><div style=\"height: 100px;\" class=\"divider\"><\/div><\/div>[\/vc_column][\/vc_row]\n","protected":false},"excerpt":{"rendered":"<p>[vc_row type=&#8221;full_width_background&#8221; full_screen_row_position=&#8221;middle&#8221; bg_color=&#8221;#5bae4b&#8221; scene_position=&#8221;center&#8221; text_color=&#8221;light&#8221; text_align=&#8221;center&#8221; top_padding=&#8221;40&#8243; bottom_padding=&#8221;40&#8243; overlay_strength=&#8221;0.3&#8243;][vc_column column_padding=&#8221;no-extra-padding&#8221; column_padding_position=&#8221;all&#8221; background_color_opacity=&#8221;1&#8243; background_hover_color_opacity=&#8221;1&#8243; width=&#8221;1\/1&#8243; tablet_text_alignment=&#8221;default&#8221; phone_text_alignment=&#8221;default&#8221;][vc_column_text] Taikapuoti [\/vc_column_text][\/vc_column][\/vc_row][vc_row type=&#8221;in_container&#8221; full_screen_row_position=&#8221;middle&#8221; scene_position=&#8221;center&#8221; text_color=&#8221;dark&#8221; text_align=&#8221;left&#8221; overlay_strength=&#8221;0.3&#8243;][vc_column column_padding=&#8221;no-extra-padding&#8221; column_padding_position=&#8221;all&#8221; background_color_opacity=&#8221;1&#8243; background_hover_color_opacity=&#8221;1&#8243; width=&#8221;1\/1&#8243;&#8230;<\/p>\n","protected":false},"author":2,"featured_media":0,"parent":0,"menu_order":0,"comment_status":"closed","ping_status":"closed","template":"","meta":{"om_disable_all_campaigns":false,"footnotes":"","iawp_total_views":724},"_links":{"self":[{"href":"http:\/\/daisyladies.fi\/fi\/wp-json\/wp\/v2\/pages\/3556"}],"collection":[{"href":"http:\/\/daisyladies.fi\/fi\/wp-json\/wp\/v2\/pages"}],"about":[{"href":"http:\/\/daisyladies.fi\/fi\/wp-json\/wp\/v2\/types\/page"}],"author":[{"embeddable":true,"href":"http:\/\/daisyladies.fi\/fi\/wp-json\/wp\/v2\/users\/2"}],"replies":[{"embeddable":true,"href":"http:\/\/daisyladies.fi\/fi\/wp-json\/wp\/v2\/comments?post=3556"}],"version-history":[{"count":33,"href":"http:\/\/daisyladies.fi\/fi\/wp-json\/wp\/v2\/pages\/3556\/revisions"}],"predecessor-version":[{"id":6228,"href":"http:\/\/daisyladies.fi\/fi\/wp-json\/wp\/v2\/pages\/3556\/revisions\/6228"}],"wp:attachment":[{"href":"http:\/\/daisyladies.fi\/fi\/wp-json\/wp\/v2\/media?parent=3556"}],"curies":[{"name":"wp","href":"https:\/\/api.w.org\/{rel}","templated":true}]}}