{"id":3061,"date":"2017-11-25T22:00:27","date_gmt":"2017-11-25T22:00:27","guid":{"rendered":"http:\/\/daisyladies.fi\/fi\/?page_id=3061"},"modified":"2026-03-19T09:23:55","modified_gmt":"2026-03-19T09:23:55","slug":"cafedaisy","status":"publish","type":"page","link":"http:\/\/daisyladies.fi\/fi\/cafedaisy\/","title":{"rendered":"CafeDaisy"},"content":{"rendered":"[vc_row type=&#8221;full_width_background&#8221; full_screen_row_position=&#8221;middle&#8221; bg_color=&#8221;#af6300&#8243; scene_position=&#8221;center&#8221; text_color=&#8221;light&#8221; text_align=&#8221;center&#8221; top_padding=&#8221;40&#8243; bottom_padding=&#8221;40&#8243; overlay_strength=&#8221;0.3&#8243;][vc_column column_padding=&#8221;no-extra-padding&#8221; column_padding_position=&#8221;all&#8221; background_color_opacity=&#8221;1&#8243; background_hover_color_opacity=&#8221;1&#8243; width=&#8221;1\/1&#8243; tablet_text_alignment=&#8221;default&#8221; phone_text_alignment=&#8221;default&#8221;][vc_column_text]\n<h1>CafeDaisy<\/h1>\n[\/vc_column_text][\/vc_column][\/vc_row][vc_row type=&#8221;in_container&#8221; full_screen_row_position=&#8221;middle&#8221; scene_position=&#8221;center&#8221; text_color=&#8221;dark&#8221; text_align=&#8221;left&#8221; overlay_strength=&#8221;0.3&#8243;][vc_column column_padding=&#8221;no-extra-padding&#8221; column_padding_position=&#8221;all&#8221; background_color_opacity=&#8221;1&#8243; background_hover_color_opacity=&#8221;1&#8243; width=&#8221;1\/1&#8243; tablet_text_alignment=&#8221;default&#8221; phone_text_alignment=&#8221;default&#8221;]<div class=\"divider-wrap\"><div style=\"height: 40px;\" class=\"divider\"><\/div><\/div>[\/vc_column][\/vc_row][vc_row type=&#8221;in_container&#8221; full_screen_row_position=&#8221;middle&#8221; scene_position=&#8221;center&#8221; text_color=&#8221;dark&#8221; text_align=&#8221;left&#8221; overlay_strength=&#8221;0.3&#8243;][vc_column column_padding=&#8221;no-extra-padding&#8221; column_padding_position=&#8221;all&#8221; background_color_opacity=&#8221;1&#8243; background_hover_color_opacity=&#8221;1&#8243; width=&#8221;2\/3&#8243; tablet_text_alignment=&#8221;default&#8221; phone_text_alignment=&#8221;default&#8221;][vc_column_text]<strong><img loading=\"lazy\" decoding=\"async\" class=\"alignnone size-full wp-image-5969\" src=\"http:\/\/daisyladies.fi\/fi\/wp-content\/uploads\/2025\/03\/cafedaisy-uusilogo-small.png\" alt=\"\" width=\"400\" height=\"236\" \/><\/strong><\/p>\n<p><span style=\"color: #ff0000;\"><strong>CafeDaisy on poikkeuksellisesti suljettuna perjantaina 20.3.<\/strong><\/span><\/p>\n<p><strong>P\u00e4ivitt\u00e4in vaihtuva valikoima eri maiden herkkuja! Ruokaa voi my\u00f6s tilata noudettavaksi.<\/strong><\/p>\n<p><strong>CafeDaisy (Sairashuoneenkatu 1) on auki arkip\u00e4ivisin (ma-pe) klo 10-14. Kasvisruoka-lounas klo 11.30-14.\u00a0<\/strong><\/p>\n<ul>\n<li>Lounas 10 \u20ac (sis. kahvi\/tee ja j\u00e4lkiruoka)<\/li>\n<li>Suolainen\/makea leivonnainen 3 \u20ac<\/li>\n<li>Kahvi\/tee 1,50 \u20ac<\/li>\n<li>My\u00f6s take away!<\/li>\n<\/ul>\n<p><strong>Maksuv\u00e4lineen\u00e4 suosimme pankkikorttia.<\/strong><\/p>\n<p><strong style=\"color: #ff0000;\">Tulethan paikalle vain terveen\u00e4\u00a0 ja huolehdit hyv\u00e4st\u00e4 k\u00e4sihygieniasta. Kiitos!<\/strong><\/p>\n<hr \/>\n<p><strong>Changing selection of delicacies from around the world!<\/strong><\/p>\n<p><strong>Open every weekday from 10:00 to 14:00. Lunch from 11:30 to 14:00.<\/strong><\/p>\n<ul>\n<li>Lunch 10 \u20ac (including coffee\/tea and dessert)<\/li>\n<li>Dessert 3 \u20ac<\/li>\n<li>Coffee\/tea 1,50 \u20ac<\/li>\n<\/ul>\n<hr \/>\n<p><strong>Tilaa meilt\u00e4 herkullista hummusta ja pitaleip\u00e4\u00e4!<\/strong><\/p>\n<p>Huom! Tee isommat tilaukset hyviss\u00e4 ajoin etuk\u00e4teen: <a href=\"mailto:daisyladies.turku@gmail.com\">daisyladies.turku@gmail.com<\/a> tai puh. 050 326 5064<\/p>\n<p><strong>Hummus 3 \u20ac \/ rasia <\/strong><em>(laktoositon, gluteeniton)<\/em><\/p>\n<p><strong>Pitaleip\u00e4 0,50 \u20ac \/ kpl <\/strong><em>(laktoositon)<\/em><\/p>\n<p><img loading=\"lazy\" decoding=\"async\" class=\"alignnone wp-image-3650 size-full\" src=\"http:\/\/daisyladies.fi\/fi\/wp-content\/uploads\/2018\/01\/leip\u00e4hummusmyynti-e1616071890765.png\" alt=\"\" width=\"604\" height=\"194\" srcset=\"http:\/\/daisyladies.fi\/fi\/wp-content\/uploads\/2018\/01\/leip\u00e4hummusmyynti-e1616071890765.png 604w, http:\/\/daisyladies.fi\/fi\/wp-content\/uploads\/2018\/01\/leip\u00e4hummusmyynti-e1616071890765-300x96.png 300w, http:\/\/daisyladies.fi\/fi\/wp-content\/uploads\/2018\/01\/leip\u00e4hummusmyynti-e1616071890765-600x194.png 600w\" sizes=\"(max-width: 604px) 100vw, 604px\" \/><\/p>\n<p>&nbsp;<\/p>\n<p><img loading=\"lazy\" decoding=\"async\" class=\"alignnone wp-image-4746 size-full\" src=\"http:\/\/daisyladies.fi\/fi\/wp-content\/uploads\/2020\/09\/119664972_10158630797834288_2532265256701223812_n.jpg\" alt=\"\" width=\"720\" height=\"960\" srcset=\"http:\/\/daisyladies.fi\/fi\/wp-content\/uploads\/2020\/09\/119664972_10158630797834288_2532265256701223812_n.jpg 720w, http:\/\/daisyladies.fi\/fi\/wp-content\/uploads\/2020\/09\/119664972_10158630797834288_2532265256701223812_n-225x300.jpg 225w\" sizes=\"(max-width: 720px) 100vw, 720px\" \/><\/p>\n<div dir=\"ltr\">\n<p dir=\"ltr\">\n<\/div>\n[\/vc_column_text]<div class=\"divider-wrap\"><div style=\"margin-top: 12px; height: 1px; margin-bottom: 12px;\" data-width=\"100%\" data-animate=\"\" data-animation-delay=\"\" data-color=\"default\" class=\"divider-border\"><\/div><\/div><div class=\"divider-wrap\"><div style=\"height: 25px;\" class=\"divider\"><\/div><\/div><div class=\"divider-wrap\"><div style=\"height: 25px;\" class=\"divider\"><\/div><\/div><div class=\"img-with-aniamtion-wrap center\" data-max-width=\"100%\"><div class=\"inner\"><img decoding=\"async\" data-shadow=\"none\" data-shadow-direction=\"middle\" class=\"img-with-animation \" data-delay=\"0\" height=\"100%\" width=\"100%\" data-animation=\"fade-in\" src=\"\" alt=\"\" \/><\/div><\/div><div class=\"divider-wrap\"><div style=\"height: 25px;\" class=\"divider\"><\/div><\/div><div class=\"img-with-aniamtion-wrap \" data-max-width=\"100%\"><div class=\"inner\"><img decoding=\"async\" data-shadow=\"none\" data-shadow-direction=\"middle\" class=\"img-with-animation \" data-delay=\"0\" height=\"100%\" width=\"100%\" data-animation=\"fade-in\" src=\"\" alt=\"\" \/><\/div><\/div><div class=\"divider-wrap\"><div style=\"height: 25px;\" class=\"divider\"><\/div><\/div><div class=\"img-with-aniamtion-wrap \" data-max-width=\"100%\"><div class=\"inner\"><img decoding=\"async\" data-shadow=\"none\" data-shadow-direction=\"middle\" class=\"img-with-animation \" data-delay=\"0\" height=\"100%\" width=\"100%\" data-animation=\"fade-in\" src=\"\" alt=\"\" \/><\/div><\/div>[\/vc_column][vc_column boxed=&#8221;true&#8221; column_padding=&#8221;padding-3-percent&#8221; column_padding_position=&#8221;all&#8221; background_color_opacity=&#8221;0.5&#8243; background_hover_color_opacity=&#8221;1&#8243; width=&#8221;1\/3&#8243; tablet_text_alignment=&#8221;default&#8221; phone_text_alignment=&#8221;default&#8221;][vc_column_text]<strong>Aukioloajat: Ma-pe klo 10-14. Lounas klo 11.30-14 (jos ovi on kiinni, soita ovikelloa!)<\/strong><\/p>\n<p><strong>Osoite: Sairashuoneenkatu 1, 20100 Turku.<\/strong><\/p>\n<p><strong>Ota yhteytt\u00e4: puh. 050 573 9759 tai 050 326 5064<\/strong><\/p>\n<p><strong>S\u00e4hk\u00f6posti: cafedaisy.turku@gmail.com<\/strong><\/p>\n<p><strong>CafeDaisy Facebookissa: <a href=\"http:\/\/www.facebook.com\/CafeDaisyLadies\">www.facebook.com\/CafeDaisyLadies<\/a><\/strong><\/p>\n<p><strong>N\u00e4in l\u00f6yd\u00e4t perille (klikkaa kuvaa niin se suurenee):<\/strong><\/p>\n<p><a href=\"http:\/\/daisyladies.fi\/fi\/wp-content\/uploads\/2020\/09\/DaisyKoti-CafeDaisy-opaste.png\"><img loading=\"lazy\" decoding=\"async\" class=\"aligncenter wp-image-4704 size-medium\" src=\"http:\/\/daisyladies.fi\/fi\/wp-content\/uploads\/2020\/09\/DaisyKoti-CafeDaisy-opaste-300x218.png\" alt=\"\" width=\"300\" height=\"218\" srcset=\"http:\/\/daisyladies.fi\/fi\/wp-content\/uploads\/2020\/09\/DaisyKoti-CafeDaisy-opaste-300x218.png 300w, http:\/\/daisyladies.fi\/fi\/wp-content\/uploads\/2020\/09\/DaisyKoti-CafeDaisy-opaste-768x559.png 768w, http:\/\/daisyladies.fi\/fi\/wp-content\/uploads\/2020\/09\/DaisyKoti-CafeDaisy-opaste-1024x746.png 1024w\" sizes=\"(max-width: 300px) 100vw, 300px\" \/><\/a>[\/vc_column_text]<div class=\"divider-wrap\"><div style=\"margin-top: 12px; height: 1px; margin-bottom: 12px;\" data-width=\"100%\" data-animate=\"\" data-animation-delay=\"\" data-color=\"default\" class=\"divider-border\"><\/div><\/div><div class=\"divider-wrap\"><div style=\"height: 25px;\" class=\"divider\"><\/div><\/div><div class=\"divider-wrap\"><div style=\"margin-top: 12px; height: 1px; margin-bottom: 12px;\" data-width=\"100%\" data-animate=\"\" data-animation-delay=\"\" data-color=\"default\" class=\"divider-border\"><\/div><\/div>[vc_column_text]\n<h3 style=\"text-align: center;\"><strong>LOUNASLISTA\/MENU<\/strong><\/h3>\n<p style=\"text-align: center;\"><b>Parittomat viikot<\/b><\/p>\n[\/vc_column_text]<div class=\"divider-wrap\"><div style=\"height: 25px;\" class=\"divider\"><\/div><\/div>[vc_column_text]<a href=\"http:\/\/daisyladies.fi\/fi\/wp-content\/uploads\/2025\/01\/ruokalistapariton.jpg\"><img loading=\"lazy\" decoding=\"async\" class=\"aligncenter wp-image-5846 size-full\" src=\"http:\/\/daisyladies.fi\/fi\/wp-content\/uploads\/2025\/01\/ruokalistapariton.jpg\" alt=\"\" width=\"4961\" height=\"7016\" \/><\/a>[\/vc_column_text]<div class=\"divider-wrap\"><div style=\"height: 25px;\" class=\"divider\"><\/div><\/div><div class=\"divider-wrap\"><div style=\"margin-top: 12px; height: 1px; margin-bottom: 12px;\" data-width=\"100%\" data-animate=\"\" data-animation-delay=\"\" data-color=\"default\" class=\"divider-border\"><\/div><\/div>[vc_column_text]\n<h3 style=\"text-align: center;\"><strong>LOUNASLISTA\/MENU<\/strong><\/h3>\n<p style=\"text-align: center;\"><strong>Parilliset viikot<\/strong><\/p>\n[\/vc_column_text]<div class=\"divider-wrap\"><div style=\"height: 25px;\" class=\"divider\"><\/div><\/div>[vc_column_text]<img loading=\"lazy\" decoding=\"async\" class=\"alignnone size-medium wp-image-4837\" src=\"http:\/\/daisyladies.fi\/fi\/wp-content\/uploads\/2020\/12\/CafeDaisy-menu-2.png\" alt=\"\" width=\"1\" height=\"1\" \/><a href=\"http:\/\/daisyladies.fi\/fi\/wp-content\/uploads\/2025\/01\/ruokalistaparillinen.jpg\"><img loading=\"lazy\" decoding=\"async\" class=\"aligncenter wp-image-5847 size-full\" src=\"http:\/\/daisyladies.fi\/fi\/wp-content\/uploads\/2025\/01\/ruokalistaparillinen.jpg\" alt=\"\" width=\"4961\" height=\"7016\" \/><\/a>[\/vc_column_text]<div class=\"divider-wrap\"><div style=\"height: 25px;\" class=\"divider\"><\/div><\/div>[\/vc_column][\/vc_row][vc_row type=&#8221;in_container&#8221; full_screen_row_position=&#8221;middle&#8221; scene_position=&#8221;center&#8221; text_color=&#8221;dark&#8221; text_align=&#8221;left&#8221; overlay_strength=&#8221;0.3&#8243;][vc_column column_padding=&#8221;no-extra-padding&#8221; column_padding_position=&#8221;all&#8221; background_color_opacity=&#8221;1&#8243; background_hover_color_opacity=&#8221;1&#8243; width=&#8221;1\/1&#8243; tablet_text_alignment=&#8221;default&#8221; phone_text_alignment=&#8221;default&#8221;]<div class=\"divider-wrap\"><div style=\"height: 100px;\" class=\"divider\"><\/div><\/div>[\/vc_column][\/vc_row]\n","protected":false},"excerpt":{"rendered":"<p>[vc_row type=&#8221;full_width_background&#8221; full_screen_row_position=&#8221;middle&#8221; bg_color=&#8221;#af6300&#8243; scene_position=&#8221;center&#8221; text_color=&#8221;light&#8221; text_align=&#8221;center&#8221; top_padding=&#8221;40&#8243; bottom_padding=&#8221;40&#8243; overlay_strength=&#8221;0.3&#8243;][vc_column column_padding=&#8221;no-extra-padding&#8221; column_padding_position=&#8221;all&#8221; background_color_opacity=&#8221;1&#8243; background_hover_color_opacity=&#8221;1&#8243; width=&#8221;1\/1&#8243; tablet_text_alignment=&#8221;default&#8221; phone_text_alignment=&#8221;default&#8221;][vc_column_text] CafeDaisy [\/vc_column_text][\/vc_column][\/vc_row][vc_row type=&#8221;in_container&#8221; full_screen_row_position=&#8221;middle&#8221; scene_position=&#8221;center&#8221; text_color=&#8221;dark&#8221; text_align=&#8221;left&#8221; overlay_strength=&#8221;0.3&#8243;][vc_column column_padding=&#8221;no-extra-padding&#8221; column_padding_position=&#8221;all&#8221; background_color_opacity=&#8221;1&#8243; background_hover_color_opacity=&#8221;1&#8243; width=&#8221;1\/1&#8243;&#8230;<\/p>\n","protected":false},"author":1,"featured_media":0,"parent":0,"menu_order":0,"comment_status":"closed","ping_status":"closed","template":"","meta":{"om_disable_all_campaigns":false,"footnotes":"","iawp_total_views":6685},"_links":{"self":[{"href":"http:\/\/daisyladies.fi\/fi\/wp-json\/wp\/v2\/pages\/3061"}],"collection":[{"href":"http:\/\/daisyladies.fi\/fi\/wp-json\/wp\/v2\/pages"}],"about":[{"href":"http:\/\/daisyladies.fi\/fi\/wp-json\/wp\/v2\/types\/page"}],"author":[{"embeddable":true,"href":"http:\/\/daisyladies.fi\/fi\/wp-json\/wp\/v2\/users\/1"}],"replies":[{"embeddable":true,"href":"http:\/\/daisyladies.fi\/fi\/wp-json\/wp\/v2\/comments?post=3061"}],"version-history":[{"count":229,"href":"http:\/\/daisyladies.fi\/fi\/wp-json\/wp\/v2\/pages\/3061\/revisions"}],"predecessor-version":[{"id":6361,"href":"http:\/\/daisyladies.fi\/fi\/wp-json\/wp\/v2\/pages\/3061\/revisions\/6361"}],"wp:attachment":[{"href":"http:\/\/daisyladies.fi\/fi\/wp-json\/wp\/v2\/media?parent=3061"}],"curies":[{"name":"wp","href":"https:\/\/api.w.org\/{rel}","templated":true}]}}