{"id":3011,"date":"2017-10-19T09:15:07","date_gmt":"2017-10-19T09:15:07","guid":{"rendered":"http:\/\/daisyladies.fi\/fi\/?page_id=3011"},"modified":"2020-05-05T07:38:38","modified_gmt":"2020-05-05T07:38:38","slug":"muistolan-aani-podcast","status":"publish","type":"page","link":"http:\/\/daisyladies.fi\/fi\/muistolan-aani-podcast\/","title":{"rendered":"Muistolan \u00e4\u00e4ni -podcast"},"content":{"rendered":"[vc_row type=&#8221;full_width_background&#8221; full_screen_row_position=&#8221;middle&#8221; bg_color=&#8221;#5bae4b&#8221; scene_position=&#8221;center&#8221; text_color=&#8221;light&#8221; text_align=&#8221;center&#8221; top_padding=&#8221;40&#8243; bottom_padding=&#8221;40&#8243; overlay_strength=&#8221;0.3&#8243;][vc_column column_padding=&#8221;no-extra-padding&#8221; column_padding_position=&#8221;all&#8221; background_color_opacity=&#8221;1&#8243; background_hover_color_opacity=&#8221;1&#8243; width=&#8221;1\/1&#8243; tablet_text_alignment=&#8221;default&#8221; phone_text_alignment=&#8221;default&#8221;][vc_column_text]\n<h1>Muistolan \u00e4\u00e4ni -podcast<\/h1>\n[\/vc_column_text][\/vc_column][\/vc_row][vc_row type=&#8221;in_container&#8221; full_screen_row_position=&#8221;middle&#8221; scene_position=&#8221;center&#8221; text_color=&#8221;dark&#8221; text_align=&#8221;left&#8221; overlay_strength=&#8221;0.3&#8243;][vc_column column_padding=&#8221;no-extra-padding&#8221; column_padding_position=&#8221;all&#8221; background_color_opacity=&#8221;1&#8243; background_hover_color_opacity=&#8221;1&#8243; width=&#8221;1\/1&#8243; tablet_text_alignment=&#8221;default&#8221; phone_text_alignment=&#8221;default&#8221;]<div class=\"divider-wrap\"><div style=\"height: 40px;\" class=\"divider\"><\/div><\/div>[\/vc_column][\/vc_row][vc_row type=&#8221;in_container&#8221; full_screen_row_position=&#8221;middle&#8221; scene_position=&#8221;center&#8221; text_color=&#8221;dark&#8221; text_align=&#8221;left&#8221; overlay_strength=&#8221;0.3&#8243;][vc_column column_padding=&#8221;no-extra-padding&#8221; column_padding_position=&#8221;all&#8221; background_color_opacity=&#8221;1&#8243; background_hover_color_opacity=&#8221;1&#8243; width=&#8221;2\/3&#8243; tablet_text_alignment=&#8221;default&#8221; phone_text_alignment=&#8221;default&#8221;][vc_column_text]Muistolan \u00e4\u00e4ni -podcastin tarkoituksena on esitell\u00e4 DaisyLadies yhdistyst\u00e4 ja sen toimintaa, tiedottaa Muistolan tulevista tapahtumista, sek\u00e4 kertoa maahanmuuttajiin liittyvist\u00e4 ajankohtaisista aiheista Turussa ja muualla Suomessa.<\/p>\n<p>Muistolan \u00e4\u00e4ni -podcastia p\u00e4\u00e4set kuuntelemaan alla olevan linkin kautta:<\/p>\n<p><a href=\"https:\/\/daisyladiesry.podbean.com\/\">https:\/\/daisyladiesry.podbean.com<\/a><\/p>\n<hr \/>\n<p><strong>Muistola&#8217;s Voice Podcast<\/strong><\/p>\n<p>The purpose of the voice\u00a0 podcast is to introduce the DaisyLadies association and its activities, to inform about the upcoming events of the Muistola, and to present issues related to immigrants in Turku and elsewhere in Finland.<\/p>\n<p>You can listen to the podcast via the link below:<\/p>\n<p><a href=\"https:\/\/daisyladiesry.podbean.com\/\">https:\/\/daisyladiesry.podbean.com<\/a>[\/vc_column_text][\/vc_column][vc_column boxed=&#8221;true&#8221; column_padding=&#8221;padding-3-percent&#8221; column_padding_position=&#8221;all&#8221; background_color_opacity=&#8221;0.5&#8243; background_hover_color_opacity=&#8221;1&#8243; width=&#8221;1\/3&#8243; tablet_text_alignment=&#8221;default&#8221; phone_text_alignment=&#8221;default&#8221;][vc_column_text]<strong>Podcast-arkisto:<\/strong><\/p>\n<p>5.5.2020 <a href=\"https:\/\/daisyladiesry.podbean.com\/e\/uutiskooste-somalian-kielella-1588664078\/\">Uutiskooste somalian kielell\u00e4<\/a><\/p>\n<p>5.5.2020 <a href=\"https:\/\/daisyladiesry.podbean.com\/e\/uutiskooste-englanniksi-1588664036\/\">Uutiskooste englanniksi<\/a><\/p>\n<p>27.4.2020 <a href=\"https:\/\/daisyladiesry.podbean.com\/e\/uutiskooste-englanniksi\/\">Uutiskooste englanniksi<\/a><\/p>\n<p>24.4.2020 <a href=\"https:\/\/daisyladiesry.podbean.com\/e\/uutiskooste-espanjan-kielella-1587720526\/\">Uutiskooste espanjan kielell\u00e4<\/a><\/p>\n<p>21.4.2020 <a href=\"https:\/\/daisyladiesry.podbean.com\/e\/uutiskooste-somalian-kielella\/\">Uutiskooste somalian kielell\u00e4<\/a><\/p>\n<p>16.4.2020 <a href=\"https:\/\/daisyladiesry.podbean.com\/e\/uutiskooste-englannin-kielella\/\">Uutiskooste englannin kielell\u00e4<\/a><\/p>\n<p>16.4.2020 <a href=\"https:\/\/daisyladiesry.podbean.com\/e\/uutiskooste-espanjan-kielella\/\">Uutiskooste espanjan kielell\u00e4<\/a><\/p>\n<p>14.4.2020 <a href=\"https:\/\/daisyladiesry.podbean.com\/e\/korona-somalin-kielella\/\">Koronauutisia Somalian kielell\u00e4<\/a><\/p>\n<p>10.4.2020 <a title=\"Permanent Link to Karanteenissa olevat\" href=\"https:\/\/daisyladiesry.podbean.com\/e\/karanteenissa-olevat\/\" rel=\"bookmark\">Karanteenissa olevat<\/a><\/p>\n<p>3.4.2020 <a title=\"Permanent Link to Korona ja joukkoliikenne\" href=\"https:\/\/daisyladiesry.podbean.com\/e\/korona-ja-joukkoliikenne\/\" rel=\"bookmark\">Korona ja joukkoliikenne<\/a><\/p>\n<p>13.2.2020 <a title=\"Permanent Link to DaisyLadies vuoden 2020 kuulumiset.\" href=\"https:\/\/daisyladiesry.podbean.com\/e\/daisyladies-vuoden-2020-kuulumiset\/\" rel=\"bookmark\">DaisyLadies vuoden 2020 kuulumiset<\/a><\/p>\n<p>20.12.2019 <a href=\"https:\/\/daisyladiesry.podbean.com\/e\/joulun-ja-uuden-vuoden-toivotukset\/\">Joulun ja uuden vuoden toivotukset<\/a><\/p>\n<p>1.5.2019 <a href=\"https:\/\/daisyladiesry.podbean.com\/e\/hyvaa-vappua\/\">Hyv\u00e4\u00e4 vappua!<\/a><\/p>\n<p>8.3.2019 <a href=\"https:\/\/daisyladiesry.podbean.com\/e\/hyvaa-naistenpaivaa\/\">Hyv\u00e4\u00e4 naistenp\u00e4iv\u00e4\u00e4!<\/a><\/p>\n<p>14.2.2019\u00a0<a title=\"Permanent Link to Yst\u00e4v\u00e4np\u00e4iv\u00e4\u00e4 toivotukset\" href=\"https:\/\/daisyladiesry.podbean.com\/e\/ystavanpaivaa-toivotukset\/\" rel=\"bookmark\">Yst\u00e4v\u00e4np\u00e4iv\u00e4n toivotukset<\/a><\/p>\n<p>25.1.2019 <a href=\"https:\/\/daisyladiesry.podbean.com\/e\/daisyladies-ry-toiminta-2019\/\">DaisyLadies ry:n toiminta 2019<\/a><\/p>\n<p>19.3.2018\u00a0<a title=\"Permanent Link to DaisyLadies ry:n uudet aktiviteetit\" href=\"https:\/\/daisyladiesry.podbean.com\/e\/daisyladies-ryn-uudet-aktiviteetit\/\" rel=\"bookmark\">DaisyLadies ry:n uudet aktiviteetit<\/a><\/p>\n<p>15.12.2017 <a href=\"https:\/\/daisyladiesry.podbean.com\/e\/hyvaa-uutta-vuotta\/\">Hyv\u00e4\u00e4 uutta vuotta!<\/a><\/p>\n<p>6.10.2017 <a href=\"https:\/\/daisyladiesry.podbean.com\/e\/daisyladies-15vuotta\/\">Daisyladies 15vuotta<\/a>[\/vc_column_text][\/vc_column][\/vc_row][vc_row type=&#8221;in_container&#8221; full_screen_row_position=&#8221;middle&#8221; scene_position=&#8221;center&#8221; text_color=&#8221;dark&#8221; text_align=&#8221;left&#8221; overlay_strength=&#8221;0.3&#8243;][vc_column column_padding=&#8221;no-extra-padding&#8221; column_padding_position=&#8221;all&#8221; background_color_opacity=&#8221;1&#8243; background_hover_color_opacity=&#8221;1&#8243; width=&#8221;1\/1&#8243; tablet_text_alignment=&#8221;default&#8221; phone_text_alignment=&#8221;default&#8221;][\/vc_column][\/vc_row]\n","protected":false},"excerpt":{"rendered":"<p>[vc_row type=&#8221;full_width_background&#8221; full_screen_row_position=&#8221;middle&#8221; bg_color=&#8221;#5bae4b&#8221; scene_position=&#8221;center&#8221; text_color=&#8221;light&#8221; text_align=&#8221;center&#8221; top_padding=&#8221;40&#8243; bottom_padding=&#8221;40&#8243; overlay_strength=&#8221;0.3&#8243;][vc_column column_padding=&#8221;no-extra-padding&#8221; column_padding_position=&#8221;all&#8221; background_color_opacity=&#8221;1&#8243; background_hover_color_opacity=&#8221;1&#8243; width=&#8221;1\/1&#8243; tablet_text_alignment=&#8221;default&#8221; phone_text_alignment=&#8221;default&#8221;][vc_column_text] Muistolan \u00e4\u00e4ni -podcast [\/vc_column_text][\/vc_column][\/vc_row][vc_row type=&#8221;in_container&#8221; full_screen_row_position=&#8221;middle&#8221; scene_position=&#8221;center&#8221; text_color=&#8221;dark&#8221; text_align=&#8221;left&#8221; overlay_strength=&#8221;0.3&#8243;][vc_column column_padding=&#8221;no-extra-padding&#8221; column_padding_position=&#8221;all&#8221; background_color_opacity=&#8221;1&#8243;&#8230;<\/p>\n","protected":false},"author":2,"featured_media":0,"parent":0,"menu_order":0,"comment_status":"closed","ping_status":"closed","template":"","meta":{"om_disable_all_campaigns":false,"footnotes":"","iawp_total_views":40},"_links":{"self":[{"href":"http:\/\/daisyladies.fi\/fi\/wp-json\/wp\/v2\/pages\/3011"}],"collection":[{"href":"http:\/\/daisyladies.fi\/fi\/wp-json\/wp\/v2\/pages"}],"about":[{"href":"http:\/\/daisyladies.fi\/fi\/wp-json\/wp\/v2\/types\/page"}],"author":[{"embeddable":true,"href":"http:\/\/daisyladies.fi\/fi\/wp-json\/wp\/v2\/users\/2"}],"replies":[{"embeddable":true,"href":"http:\/\/daisyladies.fi\/fi\/wp-json\/wp\/v2\/comments?post=3011"}],"version-history":[{"count":23,"href":"http:\/\/daisyladies.fi\/fi\/wp-json\/wp\/v2\/pages\/3011\/revisions"}],"predecessor-version":[{"id":4626,"href":"http:\/\/daisyladies.fi\/fi\/wp-json\/wp\/v2\/pages\/3011\/revisions\/4626"}],"wp:attachment":[{"href":"http:\/\/daisyladies.fi\/fi\/wp-json\/wp\/v2\/media?parent=3011"}],"curies":[{"name":"wp","href":"https:\/\/api.w.org\/{rel}","templated":true}]}}