{"id":3008,"date":"2017-10-19T08:52:01","date_gmt":"2017-10-19T08:52:01","guid":{"rendered":"http:\/\/daisyladies.fi\/fi\/?page_id=3008"},"modified":"2026-01-19T11:59:48","modified_gmt":"2026-01-19T11:59:48","slug":"jaseneksi","status":"publish","type":"page","link":"http:\/\/daisyladies.fi\/fi\/jaseneksi\/","title":{"rendered":"J\u00e4seneksi"},"content":{"rendered":"[vc_row type=&#8221;full_width_background&#8221; full_screen_row_position=&#8221;middle&#8221; bg_color=&#8221;#5bae4b&#8221; scene_position=&#8221;center&#8221; text_color=&#8221;light&#8221; text_align=&#8221;center&#8221; top_padding=&#8221;40&#8243; bottom_padding=&#8221;40&#8243; overlay_strength=&#8221;0.3&#8243;][vc_column column_padding=&#8221;no-extra-padding&#8221; column_padding_position=&#8221;all&#8221; background_color_opacity=&#8221;1&#8243; background_hover_color_opacity=&#8221;1&#8243; width=&#8221;1\/1&#8243; tablet_text_alignment=&#8221;default&#8221; phone_text_alignment=&#8221;default&#8221;][vc_column_text]\n<h1>J\u00e4seneksi<\/h1>\n[\/vc_column_text][\/vc_column][\/vc_row][vc_row type=&#8221;in_container&#8221; full_screen_row_position=&#8221;middle&#8221; scene_position=&#8221;center&#8221; text_color=&#8221;dark&#8221; text_align=&#8221;left&#8221; overlay_strength=&#8221;0.3&#8243;][vc_column column_padding=&#8221;no-extra-padding&#8221; column_padding_position=&#8221;all&#8221; background_color_opacity=&#8221;1&#8243; background_hover_color_opacity=&#8221;1&#8243; width=&#8221;1\/1&#8243; tablet_text_alignment=&#8221;default&#8221; phone_text_alignment=&#8221;default&#8221;]<div class=\"divider-wrap\"><div style=\"height: 40px;\" class=\"divider\"><\/div><\/div>[\/vc_column][\/vc_row][vc_row type=&#8221;in_container&#8221; full_screen_row_position=&#8221;middle&#8221; scene_position=&#8221;center&#8221; text_color=&#8221;dark&#8221; text_align=&#8221;left&#8221; overlay_strength=&#8221;0.3&#8243;][vc_column column_padding=&#8221;no-extra-padding&#8221; column_padding_position=&#8221;all&#8221; background_color_opacity=&#8221;1&#8243; background_hover_color_opacity=&#8221;1&#8243; width=&#8221;2\/3&#8243; tablet_text_alignment=&#8221;default&#8221; phone_text_alignment=&#8221;default&#8221;][vc_column_text]DaisyLadies ry:n j\u00e4seneksi voit liitty\u00e4 t\u00e4ytt\u00e4m\u00e4ll\u00e4 j\u00e4senlomakkeen ja maksamalla j\u00e4senmaksun. Yhdistyksen j\u00e4senmaksu vuonna 2026 on henkil\u00f6j\u00e4senilt\u00e4 <strong>1O euroa <\/strong>ja yhteis\u00f6j\u00e4senilt\u00e4 <strong>20 euroa<\/strong>.<\/p>\n<p>J\u00e4senmaksun voi maksaa toimitaloissamme pankkikortilla\/k\u00e4teisell\u00e4. Voit maksaa j\u00e4senmaksun my\u00f6s suoraan pankkitilillemme FI12 1632 3000 004018 (muista kirjoittaa tekstikentt\u00e4\u00e4n \u201dj\u00e4senmaksu\u201d ja nimesi). J\u00e4senlomakkeen t\u00e4ytetty\u00e4si ja j\u00e4senmaksun maksettuasi\u00a0 saat itsellesi j\u00e4senkortin ja j\u00e4senedut k\u00e4ytt\u00f6\u00f6si.<\/p>\n<p><strong>Jos olet kiinnostunut liittym\u00e4\u00e4n j\u00e4seneksi, ota yhteytt\u00e4:<\/strong> daisyladies.turku(a)gmail.com<\/p>\n<p>&nbsp;<\/p>\n<p>Voit tutustua yhdistyksen s\u00e4\u00e4nt\u00f6ihin <a href=\"http:\/\/daisyladies.fi\/fi\/wp-content\/uploads\/2023\/01\/DaisyLadies-ry-S\u00e4\u00e4nn\u00f6t.pdf\">t\u00e4\u00e4ll\u00e4<\/a>.[\/vc_column_text]<div class=\"divider-wrap\"><div style=\"margin-top: 15px; height: 1px; margin-bottom: 15px;\" data-width=\"100%\" data-animate=\"\" data-animation-delay=\"\" data-color=\"default\" class=\"divider-border\"><\/div><\/div>[vc_column_text]<strong>J\u00e4senedut:<\/strong><\/p>\n<ul>\n<li><strong>Lounas<\/strong> joka arkip\u00e4iv\u00e4 j\u00e4senhintaan 8 \u20ac (hinta sis. kahvi\/tee ja j\u00e4lkiruoka).<\/li>\n<li><strong>Risteilyt ja retket<\/strong> edullisempaan j\u00e4senhintaan.<\/li>\n<li>Ruusukorttelin <strong>maksuton uinti- ja saunavuoro el\u00e4kel\u00e4isille keskiviikkoisin klo 14:00-15:30.<\/strong><\/li>\n<li>Liityt <strong>tiedotuslistalle<\/strong> ja saat tiedot ajankohtaisista asioista ja tapahtumista.<\/li>\n<\/ul>\n[\/vc_column_text]<div class=\"divider-wrap\"><div style=\"margin-top: 12px; height: 1px; margin-bottom: 12px;\" data-width=\"100%\" data-animate=\"\" data-animation-delay=\"\" data-color=\"default\" class=\"divider-border\"><\/div><\/div><div class=\"divider-wrap\"><div style=\"height: 25px;\" class=\"divider\"><\/div><\/div>[vc_column_text]<strong>Becoming a member<\/strong><\/p>\n<p>To become a member of DaisyLadies ry, you can join to fill out a membership form at our office in Muistola and pay a membership fee. Members\u00a0 from the\u00a0 association&#8217;s\u00a0 2025 fees\u00a0 are 10\u20ac and for community members 20\u20ac. Payment is primarily made in cash to Muistola.<br \/>\nYou can make a membership fee is also included in our bank account FI12 1632 3000 004018 (from other text fields &#8220;membership fee&#8221; and your name). The membership form will be filled in and the membership fees will be paid in the vicinity and your membership benefits will be available to you.<\/p>\n<p><strong>Member Benefits:<\/strong><\/p>\n<ul>\n<li>Lunch every weekday for a membership fee of 8 \u20ac (price incl. Coffee \/ tea and dessert).<\/li>\n<li>Cruises and excursions at a more affordable membership price.<\/li>\n<li>Free admission to swimming and sauna for seniors at Ruusukortteli. <span style=\"color: #ff0000;\">On a break because of repairs.<\/span><\/li>\n<li>You join the newsletter and you will get information about topical issues and events<\/li>\n<\/ul>\n[\/vc_column_text]<div class=\"divider-wrap\"><div style=\"height: 25px;\" class=\"divider\"><\/div><\/div><div class=\"img-with-aniamtion-wrap center\" data-max-width=\"100%\"><div class=\"inner\"><img decoding=\"async\" data-shadow=\"none\" data-shadow-direction=\"middle\" class=\"img-with-animation \" data-delay=\"0\" height=\"100%\" width=\"100%\" data-animation=\"fade-in\" src=\"http:\/\/daisyladies.fi\/fi\/wp-content\/uploads\/2017\/12\/Kynttil\u00e4.jpg\" alt=\"\" \/><\/div><\/div>[\/vc_column][vc_column boxed=&#8221;true&#8221; column_padding=&#8221;padding-3-percent&#8221; column_padding_position=&#8221;all&#8221; background_color_opacity=&#8221;0.5&#8243; background_hover_color_opacity=&#8221;1&#8243; width=&#8221;1\/3&#8243; tablet_text_alignment=&#8221;default&#8221; phone_text_alignment=&#8221;default&#8221;]<div class=\"img-with-aniamtion-wrap center\" data-max-width=\"100%\"><div class=\"inner\"><img decoding=\"async\" data-shadow=\"none\" data-shadow-direction=\"middle\" class=\"img-with-animation \" data-delay=\"0\" height=\"100%\" width=\"100%\" data-animation=\"fade-in\" src=\"http:\/\/daisyladies.fi\/fi\/wp-content\/uploads\/2018\/01\/kortti1.png\" alt=\"\" \/><\/div><\/div>[\/vc_column][\/vc_row][vc_row type=&#8221;in_container&#8221; full_screen_row_position=&#8221;middle&#8221; scene_position=&#8221;center&#8221; text_color=&#8221;dark&#8221; text_align=&#8221;left&#8221; overlay_strength=&#8221;0.3&#8243;][vc_column column_padding=&#8221;no-extra-padding&#8221; column_padding_position=&#8221;all&#8221; background_color_opacity=&#8221;1&#8243; background_hover_color_opacity=&#8221;1&#8243; width=&#8221;1\/1&#8243; tablet_text_alignment=&#8221;default&#8221; phone_text_alignment=&#8221;default&#8221;]<div class=\"divider-wrap\"><div style=\"height: 100px;\" class=\"divider\"><\/div><\/div>[\/vc_column][\/vc_row]\n","protected":false},"excerpt":{"rendered":"<p>[vc_row type=&#8221;full_width_background&#8221; full_screen_row_position=&#8221;middle&#8221; bg_color=&#8221;#5bae4b&#8221; scene_position=&#8221;center&#8221; text_color=&#8221;light&#8221; text_align=&#8221;center&#8221; top_padding=&#8221;40&#8243; bottom_padding=&#8221;40&#8243; overlay_strength=&#8221;0.3&#8243;][vc_column column_padding=&#8221;no-extra-padding&#8221; column_padding_position=&#8221;all&#8221; background_color_opacity=&#8221;1&#8243; background_hover_color_opacity=&#8221;1&#8243; width=&#8221;1\/1&#8243; tablet_text_alignment=&#8221;default&#8221; phone_text_alignment=&#8221;default&#8221;][vc_column_text] J\u00e4seneksi [\/vc_column_text][\/vc_column][\/vc_row][vc_row type=&#8221;in_container&#8221; full_screen_row_position=&#8221;middle&#8221; scene_position=&#8221;center&#8221; text_color=&#8221;dark&#8221; text_align=&#8221;left&#8221; overlay_strength=&#8221;0.3&#8243;][vc_column column_padding=&#8221;no-extra-padding&#8221; column_padding_position=&#8221;all&#8221; background_color_opacity=&#8221;1&#8243; background_hover_color_opacity=&#8221;1&#8243; width=&#8221;1\/1&#8243;&#8230;<\/p>\n","protected":false},"author":2,"featured_media":0,"parent":0,"menu_order":0,"comment_status":"closed","ping_status":"closed","template":"","meta":{"om_disable_all_campaigns":false,"footnotes":"","iawp_total_views":330},"_links":{"self":[{"href":"http:\/\/daisyladies.fi\/fi\/wp-json\/wp\/v2\/pages\/3008"}],"collection":[{"href":"http:\/\/daisyladies.fi\/fi\/wp-json\/wp\/v2\/pages"}],"about":[{"href":"http:\/\/daisyladies.fi\/fi\/wp-json\/wp\/v2\/types\/page"}],"author":[{"embeddable":true,"href":"http:\/\/daisyladies.fi\/fi\/wp-json\/wp\/v2\/users\/2"}],"replies":[{"embeddable":true,"href":"http:\/\/daisyladies.fi\/fi\/wp-json\/wp\/v2\/comments?post=3008"}],"version-history":[{"count":29,"href":"http:\/\/daisyladies.fi\/fi\/wp-json\/wp\/v2\/pages\/3008\/revisions"}],"predecessor-version":[{"id":6275,"href":"http:\/\/daisyladies.fi\/fi\/wp-json\/wp\/v2\/pages\/3008\/revisions\/6275"}],"wp:attachment":[{"href":"http:\/\/daisyladies.fi\/fi\/wp-json\/wp\/v2\/media?parent=3008"}],"curies":[{"name":"wp","href":"https:\/\/api.w.org\/{rel}","templated":true}]}}