{"id":3001,"date":"2017-10-19T08:30:58","date_gmt":"2017-10-19T08:30:58","guid":{"rendered":"http:\/\/daisyladies.fi\/fi\/?page_id=3001"},"modified":"2026-03-13T07:54:47","modified_gmt":"2026-03-13T07:54:47","slug":"ota-yhteytta","status":"publish","type":"page","link":"http:\/\/daisyladies.fi\/fi\/ota-yhteytta\/","title":{"rendered":"Ota yhteytt\u00e4"},"content":{"rendered":"[vc_row type=&#8221;full_width_background&#8221; full_screen_row_position=&#8221;middle&#8221; bg_color=&#8221;#5bae4b&#8221; scene_position=&#8221;center&#8221; text_color=&#8221;light&#8221; text_align=&#8221;center&#8221; top_padding=&#8221;40&#8243; bottom_padding=&#8221;40&#8243; overlay_strength=&#8221;0.3&#8243;][vc_column column_padding=&#8221;no-extra-padding&#8221; column_padding_position=&#8221;all&#8221; background_color_opacity=&#8221;1&#8243; background_hover_color_opacity=&#8221;1&#8243; width=&#8221;1\/1&#8243; tablet_text_alignment=&#8221;default&#8221; phone_text_alignment=&#8221;default&#8221;][vc_column_text]\n<h1>Yhteystiedot<\/h1>\n[\/vc_column_text][\/vc_column][\/vc_row][vc_row type=&#8221;in_container&#8221; full_screen_row_position=&#8221;middle&#8221; scene_position=&#8221;center&#8221; text_color=&#8221;dark&#8221; text_align=&#8221;left&#8221; overlay_strength=&#8221;0.3&#8243;][vc_column column_padding=&#8221;no-extra-padding&#8221; column_padding_position=&#8221;all&#8221; background_color_opacity=&#8221;1&#8243; background_hover_color_opacity=&#8221;1&#8243; width=&#8221;1\/1&#8243; tablet_text_alignment=&#8221;default&#8221; phone_text_alignment=&#8221;default&#8221;]<div class=\"divider-wrap\"><div style=\"height: 40px;\" class=\"divider\"><\/div><\/div>[\/vc_column][\/vc_row][vc_row type=&#8221;in_container&#8221; full_screen_row_position=&#8221;middle&#8221; scene_position=&#8221;center&#8221; text_color=&#8221;dark&#8221; text_align=&#8221;left&#8221; overlay_strength=&#8221;0.3&#8243;][vc_column column_padding=&#8221;no-extra-padding&#8221; column_padding_position=&#8221;all&#8221; background_color_opacity=&#8221;1&#8243; background_hover_color_opacity=&#8221;1&#8243; width=&#8221;2\/3&#8243; tablet_text_alignment=&#8221;default&#8221; phone_text_alignment=&#8221;default&#8221;][vc_column_text]<strong>Voit l\u00e4hesty\u00e4 meit\u00e4 s\u00e4hk\u00f6postitse &#8220;daisyladies.turku(a)gmail.com&#8221; tai t\u00e4ytt\u00e4m\u00e4ll\u00e4 alla olevan lomakkeen.<\/strong><\/p>\n<p><strong>You can e-mail us daisyladies.turku@gmail.com or use the contact form below.<\/strong>[\/vc_column_text]<div class=\"divider-wrap\"><div style=\"height: 30px;\" class=\"divider\"><\/div><\/div><div role=\"form\" class=\"wpcf7\" id=\"wpcf7-f5319-o1\" lang=\"en-US\" dir=\"ltr\">\n<div class=\"screen-reader-response\"><\/div>\n<form action=\"\/fi\/wp-json\/wp\/v2\/pages\/3001#wpcf7-f5319-o1\" method=\"post\" class=\"wpcf7-form\" novalidate=\"novalidate\">\n<div style=\"display: none;\">\n<input type=\"hidden\" name=\"_wpcf7\" value=\"5319\" \/>\n<input type=\"hidden\" name=\"_wpcf7_version\" value=\"5.1.4\" \/>\n<input type=\"hidden\" name=\"_wpcf7_locale\" value=\"en_US\" \/>\n<input type=\"hidden\" name=\"_wpcf7_unit_tag\" value=\"wpcf7-f5319-o1\" \/>\n<input type=\"hidden\" name=\"_wpcf7_container_post\" value=\"0\" \/>\n<\/div>\n<p><label> Nimi * (pakollinen)<br \/>\n    <span class=\"wpcf7-form-control-wrap your-name\"><input type=\"text\" name=\"your-name\" value=\"\" size=\"40\" class=\"wpcf7-form-control wpcf7-text wpcf7-validates-as-required\" aria-required=\"true\" aria-invalid=\"false\" \/><\/span> <\/label><\/p>\n<p><label> S\u00e4hk\u00f6posti * (pakollinen)<br \/>\n    <span class=\"wpcf7-form-control-wrap your-email\"><input type=\"email\" name=\"your-email\" value=\"\" size=\"40\" class=\"wpcf7-form-control wpcf7-text wpcf7-email wpcf7-validates-as-required wpcf7-validates-as-email\" aria-required=\"true\" aria-invalid=\"false\" \/><\/span> <\/label><br \/>\n<label> Puhelin * (pakollinen)<br \/>\n    <span class=\"wpcf7-form-control-wrap your-phone\"><input type=\"tel\" name=\"your-phone\" value=\"\" size=\"40\" class=\"wpcf7-form-control wpcf7-text wpcf7-tel wpcf7-validates-as-required wpcf7-validates-as-tel\" aria-required=\"true\" aria-invalid=\"false\" \/><\/span> <\/label><br \/>\n<label> Aihe * (pakollinen)<br \/>\n    <span class=\"wpcf7-form-control-wrap your-subject\"><input type=\"text\" name=\"your-subject\" value=\"\" size=\"40\" class=\"wpcf7-form-control wpcf7-text\" aria-invalid=\"false\" \/><\/span> <\/label><\/p>\n<p><label> Viesti * (pakollinen)<br \/>\n    <span class=\"wpcf7-form-control-wrap your-message\"><textarea name=\"your-message\" cols=\"40\" rows=\"10\" class=\"wpcf7-form-control wpcf7-textarea\" aria-invalid=\"false\"><\/textarea><\/span> <\/label><\/p>\n<p><input type=\"submit\" value=\"Send\" class=\"wpcf7-form-control wpcf7-submit\" \/><\/p>\n<input type='hidden' class='wpcf7-pum' value='{\"closepopup\":false,\"closedelay\":0,\"openpopup\":false,\"openpopup_id\":0}' \/><div class=\"wpcf7-response-output wpcf7-display-none\"><\/div><\/form><\/div><div class=\"divider-wrap\"><div style=\"height: 25px;\" class=\"divider\"><\/div><\/div>[\/vc_column][vc_column boxed=&#8221;true&#8221; column_padding=&#8221;padding-3-percent&#8221; column_padding_position=&#8221;all&#8221; background_color_opacity=&#8221;0.5&#8243; background_hover_color_opacity=&#8221;1&#8243; width=&#8221;1\/3&#8243; tablet_text_alignment=&#8221;default&#8221; phone_text_alignment=&#8221;default&#8221;][vc_column_text]\n<h2>DaisyLadies ry<\/h2>\n<h5><strong>Toiminnanjohtaja\/Executive Manager<\/strong><\/h5>\n<h5>H\u00fclya &#8220;Hissu&#8221; Kyt\u00f6<\/h5>\n<h5><strong>Puh.<\/strong> +358 (0)50 555 8781<\/h5>\n<h5><strong>S-posti\/E-mail: <\/strong>hissu.kyto(a)gmail.com<\/h5>\n<p>&nbsp;<\/p>\n<h5><strong>Toimisto, Tiedottaja\/Office, Information Officer<\/strong><\/h5>\n<h5>Sofia Henttunen<\/h5>\n<h5><strong>Puh.<\/strong> +358 (0)50 326 5064<\/h5>\n<h5><strong>S-posti\/E-mail: <\/strong>daisyladies.turku(a)gmail.com<\/h5>\n<p>&nbsp;<\/p>\n<h5><strong>Ty\u00f6llisyyskoordinaattori\/Employment coordinator<\/strong><\/h5>\n<h5>Mira Reunanen<\/h5>\n<h5>Puh. +358 (0) 50 466 6282<\/h5>\n<h5><strong>S-posti\/E-mail: <\/strong>ohjaaja.daisyladies(a)gmail.com<\/h5>\n<p>&nbsp;<\/p>\n<h5><strong>Neuvontapalvelu\/Advisory Service<\/strong><\/h5>\n<h5>Puh. +358 (0)50 391 2220<\/h5>\n<h5>S-posti\/E-mail: neuvontadaisy(a)gmail.com<\/h5>\n<p>&nbsp;<\/p>\n<h5><strong>CafeDaisy<\/strong><\/h5>\n<h5>Puh. +358 (0)50 573 9759<\/h5>\n<h5><strong>S-posti\/E-mail: <\/strong>cafedaisy.turku(a)gmail.com<\/h5>\n<h5><\/h5>\n<h5><\/h5>\n[\/vc_column_text]<div class=\"divider-wrap\"><div style=\"margin-top: 12px; height: 1px; margin-bottom: 12px;\" data-width=\"100%\" data-animate=\"\" data-animation-delay=\"\" data-color=\"default\" class=\"divider-border\"><\/div><\/div><div class=\"divider-wrap\"><div style=\"height: 25px;\" class=\"divider\"><\/div><\/div>[vc_column_text]\n<h2>Muistola<\/h2>\n<h5><strong>Toimisto\/Office puh:<\/strong> +358 (0)50 326 5064<\/h5>\n<h5><strong>Osoite\/Address:<\/strong> Linnankatu 41, 20100 TURKU<\/h5>\n<h5><strong>S-posti\/E-mail:<\/strong> daisyladies.turku(a)gmail.com<\/h5>\n<h5><strong>Avoinna\/Opening hours:<\/strong> ma-pe klo 9 &#8211; 16 \/ Mon-Fri from 9 am to 4 pm<\/h5>\n<p>&nbsp;<\/p>\n<h2><\/h2>\n<h2>DaisyKoti<\/h2>\n<h5><strong>Toimisto\/Office puh: <\/strong>+358 (0) 50 573 9759 tai\/or +358 (0)50 326 5064<\/h5>\n<h5><strong>Osoite\/Address:<\/strong> Sairashuoneenkatu 1, 20100 TURKU<\/h5>\n<h5><strong>S-posti\/E-mail:<\/strong> daisyladies.turku(a)gmail.com<\/h5>\n<h5><strong>Avoinna\/Opening hours:<\/strong> ma-pe klo 10 &#8211; 15 \/ Mon-Fri from 10 am to 3 pm<\/h5>\n[\/vc_column_text]<div class=\"divider-wrap\"><div style=\"margin-top: 12px; height: 1px; margin-bottom: 12px;\" data-width=\"100%\" data-animate=\"\" data-animation-delay=\"\" data-color=\"default\" class=\"divider-border\"><\/div><\/div><div class=\"divider-wrap\"><div style=\"height: 25px;\" class=\"divider\"><\/div><\/div>[vc_column_text]\n<h5><strong>Y-TUNNUS:<\/strong> 1993480-7<\/h5>\n<h5><strong>TILINRO\/NORDEA:<\/strong> FI12 1632 3000 004018<\/h5>\n[\/vc_column_text][\/vc_column][\/vc_row][vc_row type=&#8221;in_container&#8221; full_screen_row_position=&#8221;middle&#8221; scene_position=&#8221;center&#8221; text_color=&#8221;dark&#8221; text_align=&#8221;left&#8221; overlay_strength=&#8221;0.3&#8243;][vc_column column_padding=&#8221;no-extra-padding&#8221; column_padding_position=&#8221;all&#8221; background_color_opacity=&#8221;1&#8243; background_hover_color_opacity=&#8221;1&#8243; width=&#8221;1\/1&#8243; tablet_text_alignment=&#8221;default&#8221; phone_text_alignment=&#8221;default&#8221;][\/vc_column][\/vc_row]\n","protected":false},"excerpt":{"rendered":"<p>[vc_row type=&#8221;full_width_background&#8221; full_screen_row_position=&#8221;middle&#8221; bg_color=&#8221;#5bae4b&#8221; scene_position=&#8221;center&#8221; text_color=&#8221;light&#8221; text_align=&#8221;center&#8221; top_padding=&#8221;40&#8243; bottom_padding=&#8221;40&#8243; overlay_strength=&#8221;0.3&#8243;][vc_column column_padding=&#8221;no-extra-padding&#8221; column_padding_position=&#8221;all&#8221; background_color_opacity=&#8221;1&#8243; background_hover_color_opacity=&#8221;1&#8243; width=&#8221;1\/1&#8243; tablet_text_alignment=&#8221;default&#8221; phone_text_alignment=&#8221;default&#8221;][vc_column_text] Yhteystiedot [\/vc_column_text][\/vc_column][\/vc_row][vc_row type=&#8221;in_container&#8221; full_screen_row_position=&#8221;middle&#8221; scene_position=&#8221;center&#8221; text_color=&#8221;dark&#8221; text_align=&#8221;left&#8221; overlay_strength=&#8221;0.3&#8243;][vc_column column_padding=&#8221;no-extra-padding&#8221; column_padding_position=&#8221;all&#8221; background_color_opacity=&#8221;1&#8243; background_hover_color_opacity=&#8221;1&#8243; width=&#8221;1\/1&#8243;&#8230;<\/p>\n","protected":false},"author":2,"featured_media":0,"parent":0,"menu_order":0,"comment_status":"closed","ping_status":"closed","template":"","meta":{"om_disable_all_campaigns":false,"footnotes":"","iawp_total_views":371},"_links":{"self":[{"href":"http:\/\/daisyladies.fi\/fi\/wp-json\/wp\/v2\/pages\/3001"}],"collection":[{"href":"http:\/\/daisyladies.fi\/fi\/wp-json\/wp\/v2\/pages"}],"about":[{"href":"http:\/\/daisyladies.fi\/fi\/wp-json\/wp\/v2\/types\/page"}],"author":[{"embeddable":true,"href":"http:\/\/daisyladies.fi\/fi\/wp-json\/wp\/v2\/users\/2"}],"replies":[{"embeddable":true,"href":"http:\/\/daisyladies.fi\/fi\/wp-json\/wp\/v2\/comments?post=3001"}],"version-history":[{"count":8,"href":"http:\/\/daisyladies.fi\/fi\/wp-json\/wp\/v2\/pages\/3001\/revisions"}],"predecessor-version":[{"id":6067,"href":"http:\/\/daisyladies.fi\/fi\/wp-json\/wp\/v2\/pages\/3001\/revisions\/6067"}],"wp:attachment":[{"href":"http:\/\/daisyladies.fi\/fi\/wp-json\/wp\/v2\/media?parent=3001"}],"curies":[{"name":"wp","href":"https:\/\/api.w.org\/{rel}","templated":true}]}}