{"id":2859,"date":"2017-05-16T08:52:51","date_gmt":"2017-05-16T08:52:51","guid":{"rendered":"http:\/\/daisyladies.fi\/fi\/?page_id=2859"},"modified":"2017-12-07T11:36:17","modified_gmt":"2017-12-07T11:36:17","slug":"john-morton-palkinto","status":"publish","type":"page","link":"http:\/\/daisyladies.fi\/fi\/john-morton-palkinto\/","title":{"rendered":"John Morton-palkinto"},"content":{"rendered":"[vc_row type=&#8221;full_width_background&#8221; full_screen_row_position=&#8221;middle&#8221; bg_color=&#8221;#5bae4b&#8221; scene_position=&#8221;center&#8221; text_color=&#8221;light&#8221; text_align=&#8221;center&#8221; top_padding=&#8221;40&#8243; bottom_padding=&#8221;40&#8243; overlay_strength=&#8221;0.3&#8243;][vc_column column_padding=&#8221;no-extra-padding&#8221; column_padding_position=&#8221;all&#8221; background_color_opacity=&#8221;1&#8243; background_hover_color_opacity=&#8221;1&#8243; width=&#8221;1\/1&#8243; tablet_text_alignment=&#8221;default&#8221; phone_text_alignment=&#8221;default&#8221;][vc_column_text]\n<h1>John Morton -palkinto<\/h1>\n[\/vc_column_text][\/vc_column][\/vc_row][vc_row type=&#8221;in_container&#8221; full_screen_row_position=&#8221;middle&#8221; scene_position=&#8221;center&#8221; text_color=&#8221;dark&#8221; text_align=&#8221;left&#8221; overlay_strength=&#8221;0.3&#8243;][vc_column column_padding=&#8221;no-extra-padding&#8221; column_padding_position=&#8221;all&#8221; background_color_opacity=&#8221;1&#8243; background_hover_color_opacity=&#8221;1&#8243; width=&#8221;1\/1&#8243; tablet_text_alignment=&#8221;default&#8221; phone_text_alignment=&#8221;default&#8221;]<div class=\"divider-wrap\"><div style=\"height: 40px;\" class=\"divider\"><\/div><\/div>[\/vc_column][\/vc_row][vc_row type=&#8221;in_container&#8221; full_screen_row_position=&#8221;middle&#8221; scene_position=&#8221;center&#8221; text_color=&#8221;dark&#8221; text_align=&#8221;left&#8221; overlay_strength=&#8221;0.3&#8243;][vc_column column_padding=&#8221;no-extra-padding&#8221; column_padding_position=&#8221;all&#8221; background_color_opacity=&#8221;1&#8243; background_hover_color_opacity=&#8221;1&#8243; width=&#8221;2\/3&#8243; tablet_text_alignment=&#8221;default&#8221; phone_text_alignment=&#8221;default&#8221;][vc_column_text]<strong>John Morton -palkinto on my\u00f6nnetty 19.5. pidetyss\u00e4 juhlaseminaarissa<\/strong><\/p>\n<p>Siirtolaisuusinstituutin John Morton -palkinto H\u00fclya Kyd\u00f6lle<\/p>\n<p>SIIRTOLAISUUSINSTITUUTIN VUODEN 2015 JOHN MORTON -PALKINTO (suuruudeltaan 2.000 euroa) on my\u00f6nnetty<strong>\u00a0<\/strong>turkulaiselle toiminnanjohtajalle H\u00fclya &#8220;Hissu&#8221; Kyd\u00f6lle\u00a0h\u00e4nen uraauurtavasta ja monipuolisesta ty\u00f6st\u00e4\u00e4n Suomeen muuttaneiden sopeutumisen ja kotoutumisen edist\u00e4misest\u00e4. Kyt\u00f6 on mm. perustanut Suomeen muuttaneille tarkoitetun DaisyLadies-yhdistyksen, samoin h\u00e4n on tehnyt aloitteen valtakunnallisen kansalaistamisjuhlan saamiseksi (toteutettu menestyksellisesti Turussa). Palkinto luovutettiin 19.5.2015 Turun kaupungintalolla &#8220;Siirtolaisuus ajassa&#8221; -juhlaseminaarin yhteydess\u00e4.<\/p>\n<p>Hissu Kyt\u00f6 on my\u00f6s ollut k\u00e4ynnist\u00e4v\u00e4 voima, kun eri kaupunkeihin on perustettu kansainv\u00e4lisi\u00e4 kohtaamispaikkoja (mm. Caisa Helsingiss\u00e4). H\u00e4nen aloitteestaan on perustettu muslimeille tarkoitettuja rukouspaikkoja ja hautausmaita. H\u00e4n on my\u00f6s kansainv\u00e4lisen &#8220;Nations United&#8221; -jalkapalloseuran perustajaj\u00e4sen ja ensimm\u00e4inen sihteeri. Lis\u00e4ksi Hissu Kyt\u00f6 on voimakkaasti edist\u00e4nyt Suomeen muuttaneille tarkoitettua tiedottamista ja kielikoulutusta.<\/p>\n<p>Voidaan perustellusti sanoa, ett\u00e4 Hissu Kyd\u00f6n uraan liittyy l\u00e4heisesti Suomen muuttuminen siirtolaisia vastaanottavaksi, monikulttuuriseksi yhteiskunnaksi. H\u00e4n on aina ollut pyyteett\u00f6m\u00e4sti k\u00e4ytett\u00e4viss\u00e4, kun uusia aloitteita ja uudistuksia tarvitaan Suomeen muuttaneiden asioiden edist\u00e4miseksi.<\/p>\n<p>&#8220;Tieto on valtaa ja kieli on avain &#8211; Suomeen muuttajalta puuttuvat n\u00e4m\u00e4 kaksi asiaa. Voiko silloin olla tasavertainen?&#8221; kysyy Hissu Kyt\u00f6. &#8220;Muuttajille on heti alusta l\u00e4htien teht\u00e4v\u00e4 selv\u00e4ksi oma kulttuurimme, arkip\u00e4iv\u00e4mme, el\u00e4m\u00e4mme, arvomme, tabumme. Vain siten on mahdollisuus l\u00e4hesty\u00e4 toisiamme ja saada luottamusta&#8221;. &#8220;Meid\u00e4n olisi kannustettava muuttaneita toimimaan vertaistukena omasta maastaan tuleville &#8211; asiat menisiv\u00e4t paljon paremmin perille, jos omasta kulttuurista oleva henkil\u00f6 kertoisi tulokkaalle Suomesta ja el\u00e4m\u00e4nmuodostamme&#8221; sanoo Hissu Kyt\u00f6.<\/p>\n<p>Johtaja Ismo S\u00f6derlingin mukaan ilman Hissu Kyd\u00f6n aktiivisuutta moni maahanmuuttoon liittyv\u00e4 uudistus olisi j\u00e4\u00e4nyt tekem\u00e4tt\u00e4. S\u00f6derlingin mukaan &#8220;on t\u00e4rke\u00e4\u00e4, ett\u00e4 Kyd\u00f6n aloite valtakunnallisen kansalaistamisp\u00e4iv\u00e4n saamiseksi vihdoinkin toteutuisi. Suomi on t\u00e4ss\u00e4 asiassa selv\u00e4sti j\u00e4lkijunassa&#8221;.<\/p>\n<p>Nimens\u00e4 Siirtolaisuusinstituutin tunnustuspalkinto on saanut pennsylvanialaiselta poliitikolta John Mortonilta, jonka kerrotaan olleen ratkaisevassa asemassa, kun USA:n itsen\u00e4istymist\u00e4 vuonna 1776 toteutettiin. Mortonin isovanhempien oletetaan olevan suomalaisia Marttisia. H\u00e4nen oletettu isoisois\u00e4ns\u00e4, Rautalammilta kotoisin ollut Martti Marttinen muutti ison veden taakse vuonna 1654.<\/p>\n<p><img loading=\"lazy\" decoding=\"async\" class=\"alignnone wp-image-2989 size-full\" src=\"http:\/\/daisyladies.fi\/fi\/wp-content\/uploads\/2017\/05\/hissulle.jpg\" alt=\"\" width=\"565\" height=\"377\" srcset=\"http:\/\/daisyladies.fi\/fi\/wp-content\/uploads\/2017\/05\/hissulle.jpg 565w, http:\/\/daisyladies.fi\/fi\/wp-content\/uploads\/2017\/05\/hissulle-300x200.jpg 300w\" sizes=\"(max-width: 565px) 100vw, 565px\" \/><\/p>\n<p><em><a href=\"http:\/\/www.migrationinstitute.fi\/fi\/news\/john-morton-palkinto-myonnetty-195-pidetyssa-juhlaseminaarissa-0\" target=\"_blank\" rel=\"noopener noreferrer\">L\u00e4hde: migrationinstitute.fi<\/a><\/em>[\/vc_column_text]<div class=\"divider-wrap\"><div style=\"margin-top: 15px; height: 1px; margin-bottom: 15px;\" data-width=\"100%\" data-animate=\"\" data-animation-delay=\"\" data-color=\"default\" class=\"divider-border\"><\/div><\/div>[\/vc_column][vc_column boxed=&#8221;true&#8221; column_padding=&#8221;padding-3-percent&#8221; column_padding_position=&#8221;all&#8221; background_color_opacity=&#8221;0.5&#8243; background_hover_color_opacity=&#8221;1&#8243; width=&#8221;1\/3&#8243; tablet_text_alignment=&#8221;default&#8221; phone_text_alignment=&#8221;default&#8221;][\/vc_column][\/vc_row][vc_row type=&#8221;in_container&#8221; full_screen_row_position=&#8221;middle&#8221; scene_position=&#8221;center&#8221; text_color=&#8221;dark&#8221; text_align=&#8221;left&#8221; overlay_strength=&#8221;0.3&#8243;][vc_column column_padding=&#8221;no-extra-padding&#8221; column_padding_position=&#8221;all&#8221; background_color_opacity=&#8221;1&#8243; background_hover_color_opacity=&#8221;1&#8243; width=&#8221;1\/1&#8243; tablet_text_alignment=&#8221;default&#8221; phone_text_alignment=&#8221;default&#8221;]<div class=\"divider-wrap\"><div style=\"height: 100px;\" class=\"divider\"><\/div><\/div>[\/vc_column][\/vc_row]\n","protected":false},"excerpt":{"rendered":"<p>[vc_row type=&#8221;full_width_background&#8221; full_screen_row_position=&#8221;middle&#8221; bg_color=&#8221;#5bae4b&#8221; scene_position=&#8221;center&#8221; text_color=&#8221;light&#8221; text_align=&#8221;center&#8221; top_padding=&#8221;40&#8243; bottom_padding=&#8221;40&#8243; overlay_strength=&#8221;0.3&#8243;][vc_column column_padding=&#8221;no-extra-padding&#8221; column_padding_position=&#8221;all&#8221; background_color_opacity=&#8221;1&#8243; background_hover_color_opacity=&#8221;1&#8243; width=&#8221;1\/1&#8243; tablet_text_alignment=&#8221;default&#8221; phone_text_alignment=&#8221;default&#8221;][vc_column_text] John Morton -palkinto [\/vc_column_text][\/vc_column][\/vc_row][vc_row type=&#8221;in_container&#8221; full_screen_row_position=&#8221;middle&#8221; scene_position=&#8221;center&#8221; text_color=&#8221;dark&#8221; text_align=&#8221;left&#8221; overlay_strength=&#8221;0.3&#8243;][vc_column column_padding=&#8221;no-extra-padding&#8221; column_padding_position=&#8221;all&#8221; background_color_opacity=&#8221;1&#8243;&#8230;<\/p>\n","protected":false},"author":1,"featured_media":0,"parent":0,"menu_order":0,"comment_status":"closed","ping_status":"closed","template":"","meta":{"om_disable_all_campaigns":false,"footnotes":"","iawp_total_views":32},"_links":{"self":[{"href":"http:\/\/daisyladies.fi\/fi\/wp-json\/wp\/v2\/pages\/2859"}],"collection":[{"href":"http:\/\/daisyladies.fi\/fi\/wp-json\/wp\/v2\/pages"}],"about":[{"href":"http:\/\/daisyladies.fi\/fi\/wp-json\/wp\/v2\/types\/page"}],"author":[{"embeddable":true,"href":"http:\/\/daisyladies.fi\/fi\/wp-json\/wp\/v2\/users\/1"}],"replies":[{"embeddable":true,"href":"http:\/\/daisyladies.fi\/fi\/wp-json\/wp\/v2\/comments?post=2859"}],"version-history":[{"count":4,"href":"http:\/\/daisyladies.fi\/fi\/wp-json\/wp\/v2\/pages\/2859\/revisions"}],"predecessor-version":[{"id":3531,"href":"http:\/\/daisyladies.fi\/fi\/wp-json\/wp\/v2\/pages\/2859\/revisions\/3531"}],"wp:attachment":[{"href":"http:\/\/daisyladies.fi\/fi\/wp-json\/wp\/v2\/media?parent=2859"}],"curies":[{"name":"wp","href":"https:\/\/api.w.org\/{rel}","templated":true}]}}