{"id":2857,"date":"2017-05-16T08:52:24","date_gmt":"2017-05-16T08:52:24","guid":{"rendered":"http:\/\/daisyladies.fi\/fi\/?page_id=2857"},"modified":"2017-12-07T11:35:28","modified_gmt":"2017-12-07T11:35:28","slug":"demokratiapalkinto","status":"publish","type":"page","link":"http:\/\/daisyladies.fi\/fi\/demokratiapalkinto\/","title":{"rendered":"Demokratiapalkinto"},"content":{"rendered":"[vc_row type=&#8221;full_width_background&#8221; full_screen_row_position=&#8221;middle&#8221; bg_color=&#8221;#5bae4b&#8221; scene_position=&#8221;center&#8221; text_color=&#8221;light&#8221; text_align=&#8221;center&#8221; top_padding=&#8221;40&#8243; bottom_padding=&#8221;40&#8243; overlay_strength=&#8221;0.3&#8243;][vc_column column_padding=&#8221;no-extra-padding&#8221; column_padding_position=&#8221;all&#8221; background_color_opacity=&#8221;1&#8243; background_hover_color_opacity=&#8221;1&#8243; width=&#8221;1\/1&#8243; tablet_text_alignment=&#8221;default&#8221; phone_text_alignment=&#8221;default&#8221;][vc_column_text]\n<h1>Demokratiapalkinto 2017<\/h1>\n[\/vc_column_text][\/vc_column][\/vc_row][vc_row type=&#8221;in_container&#8221; full_screen_row_position=&#8221;middle&#8221; scene_position=&#8221;center&#8221; text_color=&#8221;dark&#8221; text_align=&#8221;left&#8221; overlay_strength=&#8221;0.3&#8243;][vc_column column_padding=&#8221;no-extra-padding&#8221; column_padding_position=&#8221;all&#8221; background_color_opacity=&#8221;1&#8243; background_hover_color_opacity=&#8221;1&#8243; width=&#8221;1\/1&#8243; tablet_text_alignment=&#8221;default&#8221; phone_text_alignment=&#8221;default&#8221;]<div class=\"divider-wrap\"><div style=\"height: 40px;\" class=\"divider\"><\/div><\/div>[\/vc_column][\/vc_row][vc_row type=&#8221;in_container&#8221; full_screen_row_position=&#8221;middle&#8221; scene_position=&#8221;center&#8221; text_color=&#8221;dark&#8221; text_align=&#8221;left&#8221; overlay_strength=&#8221;0.3&#8243;][vc_column column_padding=&#8221;no-extra-padding&#8221; column_padding_position=&#8221;all&#8221; background_color_opacity=&#8221;1&#8243; background_hover_color_opacity=&#8221;1&#8243; width=&#8221;2\/3&#8243; tablet_text_alignment=&#8221;default&#8221; phone_text_alignment=&#8221;default&#8221;][vc_column_text]Oikeusministeri\u00f6n Demokratiapalkinnon 2017 saivat kolme kumppanuutta edist\u00e4nytt\u00e4 toimijaa tai toimintatapaa: DaisyLadies ry ja sen muistojen koti, Oulun kumppanuuskeskus sek\u00e4 Yhteisty\u00f6kumppanuus ik\u00e4\u00e4ntyneit\u00e4 opastavien tietotekniikkatoimijoiden v\u00e4lill\u00e4 -toimintamalli. Lis\u00e4ksi kunniamaininnan sai Oulun omaishoidon kehitt\u00e4misen vuorovaikutteinen toimintatapa sek\u00e4 Arts Equal -hanke. Palkinto jaettiin Suomi 100-demokratiaviikkojen juhlaseminaarissa 30.3.2017 Helsingiss\u00e4.<\/p>\n<p><strong>Daisy Ladies ry ja Muistola<\/strong><\/p>\n<p>Valitsija: n\u00e4yttelij\u00e4, professori Elina Knihtil\u00e4<\/p>\n<p>DaisyLadies ry:n tavoitteena on parantaa Suomeen muuttaneiden naisten asemaa sek\u00e4 lis\u00e4t\u00e4 heid\u00e4n osallisuuttaan suomalaisessa yhteiskunnassa yhdess\u00e4 syntysuomalaisten naisten kanssa. Yhteisty\u00f6t\u00e4 tehd\u00e4\u00e4n muun muassa Turun kaupungin, Varsinais-Suomen TE-toimiston, Suomen Pakolaisavun ja Suomen Punaisen Ristin sek\u00e4 eri oppilaitosten kanssa. Turussa sijaitsevalla Muistola \u2013toimitalolla on keskeinen rooli kohtaamispaikkana ja hankkeiden k\u00e4ynnist\u00e4j\u00e4n\u00e4. Toimintakyvyn yll\u00e4pit\u00e4minen, aktivointi, osallisuus ja osallistuminen yhteiskunnassa ovat toiminnan kantava ajatus.<\/p>\n<p><strong>Valitsijan perustelut:<\/strong><\/p>\n<p><em>Maahanmuuttajataustaisten ja syntysuomalaisten naisten kohtauspaikassa v\u00e4ltet\u00e4\u00e4n yksin\u00e4isyytt\u00e4, tuetaan hyvinvointia, lis\u00e4t\u00e4\u00e4n tietoa, osallisuutta ja omanarvontuntoa. Dialogisuus ja aidot kohtaamiset, joissa opitaan toinen toisiltamme, ovat tavoitteita, joita me kaikki tarvitsemme ajassamme, perustelee Elina Knihtil\u00e4 DaisyLadies ry:n palkitsemista Demokratiapalkinnolla.<\/em><\/p>\n<p><em>30.3.2017 \/ Eduskunta \/ Helsinki<\/em><\/p>\n<p><img loading=\"lazy\" decoding=\"async\" class=\"wp-image-2990 size-full aligncenter\" src=\"http:\/\/daisyladies.fi\/fi\/wp-content\/uploads\/2017\/05\/17457587_1246346562145916_6982102835977201071_n.jpg\" alt=\"\" width=\"960\" height=\"540\" srcset=\"http:\/\/daisyladies.fi\/fi\/wp-content\/uploads\/2017\/05\/17457587_1246346562145916_6982102835977201071_n.jpg 960w, http:\/\/daisyladies.fi\/fi\/wp-content\/uploads\/2017\/05\/17457587_1246346562145916_6982102835977201071_n-300x169.jpg 300w, http:\/\/daisyladies.fi\/fi\/wp-content\/uploads\/2017\/05\/17457587_1246346562145916_6982102835977201071_n-768x432.jpg 768w\" sizes=\"(max-width: 960px) 100vw, 960px\" \/>[\/vc_column_text]<div class=\"divider-wrap\"><div style=\"margin-top: 15px; height: 1px; margin-bottom: 15px;\" data-width=\"100%\" data-animate=\"\" data-animation-delay=\"\" data-color=\"default\" class=\"divider-border\"><\/div><\/div>[\/vc_column][vc_column boxed=&#8221;true&#8221; column_padding=&#8221;padding-3-percent&#8221; column_padding_position=&#8221;all&#8221; background_color_opacity=&#8221;0.5&#8243; background_hover_color_opacity=&#8221;1&#8243; width=&#8221;1\/3&#8243; tablet_text_alignment=&#8221;default&#8221; phone_text_alignment=&#8221;default&#8221;][\/vc_column][\/vc_row][vc_row type=&#8221;in_container&#8221; full_screen_row_position=&#8221;middle&#8221; scene_position=&#8221;center&#8221; text_color=&#8221;dark&#8221; text_align=&#8221;left&#8221; overlay_strength=&#8221;0.3&#8243;][vc_column column_padding=&#8221;no-extra-padding&#8221; column_padding_position=&#8221;all&#8221; background_color_opacity=&#8221;1&#8243; background_hover_color_opacity=&#8221;1&#8243; width=&#8221;1\/1&#8243; tablet_text_alignment=&#8221;default&#8221; phone_text_alignment=&#8221;default&#8221;]<div class=\"divider-wrap\"><div style=\"height: 100px;\" class=\"divider\"><\/div><\/div>[\/vc_column][\/vc_row]\n","protected":false},"excerpt":{"rendered":"<p>[vc_row type=&#8221;full_width_background&#8221; full_screen_row_position=&#8221;middle&#8221; bg_color=&#8221;#5bae4b&#8221; scene_position=&#8221;center&#8221; text_color=&#8221;light&#8221; text_align=&#8221;center&#8221; top_padding=&#8221;40&#8243; bottom_padding=&#8221;40&#8243; overlay_strength=&#8221;0.3&#8243;][vc_column column_padding=&#8221;no-extra-padding&#8221; column_padding_position=&#8221;all&#8221; background_color_opacity=&#8221;1&#8243; background_hover_color_opacity=&#8221;1&#8243; width=&#8221;1\/1&#8243; tablet_text_alignment=&#8221;default&#8221; phone_text_alignment=&#8221;default&#8221;][vc_column_text] Demokratiapalkinto 2017 [\/vc_column_text][\/vc_column][\/vc_row][vc_row type=&#8221;in_container&#8221; full_screen_row_position=&#8221;middle&#8221; scene_position=&#8221;center&#8221; text_color=&#8221;dark&#8221; text_align=&#8221;left&#8221; overlay_strength=&#8221;0.3&#8243;][vc_column column_padding=&#8221;no-extra-padding&#8221; column_padding_position=&#8221;all&#8221; background_color_opacity=&#8221;1&#8243; background_hover_color_opacity=&#8221;1&#8243;&#8230;<\/p>\n","protected":false},"author":1,"featured_media":0,"parent":0,"menu_order":0,"comment_status":"closed","ping_status":"closed","template":"","meta":{"om_disable_all_campaigns":false,"footnotes":"","iawp_total_views":25},"_links":{"self":[{"href":"http:\/\/daisyladies.fi\/fi\/wp-json\/wp\/v2\/pages\/2857"}],"collection":[{"href":"http:\/\/daisyladies.fi\/fi\/wp-json\/wp\/v2\/pages"}],"about":[{"href":"http:\/\/daisyladies.fi\/fi\/wp-json\/wp\/v2\/types\/page"}],"author":[{"embeddable":true,"href":"http:\/\/daisyladies.fi\/fi\/wp-json\/wp\/v2\/users\/1"}],"replies":[{"embeddable":true,"href":"http:\/\/daisyladies.fi\/fi\/wp-json\/wp\/v2\/comments?post=2857"}],"version-history":[{"count":4,"href":"http:\/\/daisyladies.fi\/fi\/wp-json\/wp\/v2\/pages\/2857\/revisions"}],"predecessor-version":[{"id":3530,"href":"http:\/\/daisyladies.fi\/fi\/wp-json\/wp\/v2\/pages\/2857\/revisions\/3530"}],"wp:attachment":[{"href":"http:\/\/daisyladies.fi\/fi\/wp-json\/wp\/v2\/media?parent=2857"}],"curies":[{"name":"wp","href":"https:\/\/api.w.org\/{rel}","templated":true}]}}