{"id":2855,"date":"2017-05-16T08:51:27","date_gmt":"2017-05-16T08:51:27","guid":{"rendered":"http:\/\/daisyladies.fi\/fi\/?page_id=2855"},"modified":"2018-05-31T11:40:55","modified_gmt":"2018-05-31T11:40:55","slug":"opinnaytteet","status":"publish","type":"page","link":"http:\/\/daisyladies.fi\/fi\/opinnaytteet\/","title":{"rendered":"Opinn\u00e4ytteet"},"content":{"rendered":"[vc_row type=&#8221;full_width_background&#8221; full_screen_row_position=&#8221;middle&#8221; bg_color=&#8221;#5bae4b&#8221; scene_position=&#8221;center&#8221; text_color=&#8221;light&#8221; text_align=&#8221;center&#8221; top_padding=&#8221;40&#8243; bottom_padding=&#8221;40&#8243; overlay_strength=&#8221;0.3&#8243;][vc_column column_padding=&#8221;no-extra-padding&#8221; column_padding_position=&#8221;all&#8221; background_color_opacity=&#8221;1&#8243; background_hover_color_opacity=&#8221;1&#8243; width=&#8221;1\/1&#8243; tablet_text_alignment=&#8221;default&#8221; phone_text_alignment=&#8221;default&#8221;][vc_column_text]\n<h1>Opinn\u00e4ytteet<\/h1>\n[\/vc_column_text][\/vc_column][\/vc_row][vc_row type=&#8221;in_container&#8221; full_screen_row_position=&#8221;middle&#8221; scene_position=&#8221;center&#8221; text_color=&#8221;dark&#8221; text_align=&#8221;left&#8221; overlay_strength=&#8221;0.3&#8243;][vc_column column_padding=&#8221;no-extra-padding&#8221; column_padding_position=&#8221;all&#8221; background_color_opacity=&#8221;1&#8243; background_hover_color_opacity=&#8221;1&#8243; width=&#8221;1\/1&#8243; tablet_text_alignment=&#8221;default&#8221; phone_text_alignment=&#8221;default&#8221;]<div class=\"divider-wrap\"><div style=\"height: 40px;\" class=\"divider\"><\/div><\/div>[\/vc_column][\/vc_row][vc_row type=&#8221;in_container&#8221; full_screen_row_position=&#8221;middle&#8221; scene_position=&#8221;center&#8221; text_color=&#8221;dark&#8221; text_align=&#8221;left&#8221; overlay_strength=&#8221;0.3&#8243;][vc_column column_padding=&#8221;no-extra-padding&#8221; column_padding_position=&#8221;all&#8221; background_color_opacity=&#8221;1&#8243; background_hover_color_opacity=&#8221;1&#8243; width=&#8221;2\/3&#8243; tablet_text_alignment=&#8221;default&#8221; phone_text_alignment=&#8221;default&#8221;][vc_column_text]<strong>DaisyLadies ry:ss\u00e4 toteutetut opinn\u00e4ytteet ja pro-graduty\u00f6t<\/strong><\/p>\n<p>&nbsp;<\/p>\n<p><strong>2015<\/strong><\/p>\n<p><strong>Kriikkula, Minna; Saarinen, Janiika<\/strong><\/p>\n<p><a href=\"http:\/\/www.theseus.fi\/handle\/10024\/92508\" target=\"_blank\" rel=\"noopener noreferrer\">Min\u00e4h\u00e4n voisin&#8230; : maahanmuuttaja vapaaehtoistoimijana<\/a><\/p>\n<p>&nbsp;<\/p>\n<p>&nbsp;<\/p>\n<p><strong>2016<\/strong><\/p>\n<p><strong>Mela,\u00a0Marjo<\/strong><\/p>\n<p><a href=\"http:\/\/www.doria.fi\/handle\/10024\/124613\" target=\"_blank\" rel=\"noopener noreferrer\">\u201dEn haluu istuu kotona. En haluu istuu kotona vaan.\u201d. Akkulturaatioasenteet ja vertaistuen merkitys Suomeen muuttaneille naisille suunnatussa DaisyLadies-j\u00e4rjest\u00f6ss\u00e4<\/a><\/p>\n<p>&nbsp;<\/p>\n<p><strong>Toiviainen,\u00a0Maiju<\/strong><\/p>\n<p><a href=\"https:\/\/www.theseus.fi\/handle\/10024\/115458\" target=\"_blank\" rel=\"noopener noreferrer\">&#8220;En halua vain istua kotona&#8221; : DaisyLadies ry:n asiakkaiden n\u00e4kemyksi\u00e4 ty\u00f6llistymisest\u00e4 Suomessa<\/a><\/p>\n<p>&nbsp;<\/p>\n<p><strong>Takalo,\u00a0Laura<\/strong><\/p>\n<p><a href=\"http:\/\/www.theseus.fi\/handle\/10024\/118800\" target=\"_blank\" rel=\"noopener noreferrer\">Pakolaistaustaisten naisten ajatuksia liikunnasta : Liikuntapassin suunnittelu DaisyLadies yhdistykseen<\/a><\/p>\n<p>&nbsp;<\/p>\n<p>&nbsp;<\/p>\n<p><strong>2017<\/strong><\/p>\n<p class=\"Tekijt\"><strong>Rebekka Hanslian &amp; Viivi Salo<\/strong><\/p>\n<p><a href=\"http:\/\/daisyladies.fi\/fi\/wp-content\/uploads\/2017\/12\/Posteri_HanslianSalo.pdf\">Posteri<\/a><\/p>\n<p><a href=\"http:\/\/daisyladies.fi\/fi\/wp-content\/uploads\/2017\/12\/DaisyOpinna\u0308ytetyo\u0308HanslianJaSalo.pdf\">Maahanmuuttajanaisten hyvinvoinnin edist\u00e4minen vapaa-ajan toimintojen keinoin &#8211; Ryhm\u00e4n ohjaajan opas<\/a><\/p>\n<p>&nbsp;<\/p>\n<p>&nbsp;<\/p>\n<p><strong>2018<\/strong><\/p>\n<p class=\"Tekijt\"><strong>Aalia Aden &amp; Hodan Yusuf<\/strong><\/p>\n<p><a href=\"http:\/\/daisyladies.fi\/fi\/wp-content\/uploads\/2018\/05\/Opinn\u00e4ytety\u00f6-2018-HodanAalia.pdf\">Somalinaisten synnytyskokemukset Suomessa<\/a>[\/vc_column_text]<div class=\"divider-wrap\"><div style=\"margin-top: 15px; height: 1px; margin-bottom: 15px;\" data-width=\"100%\" data-animate=\"\" data-animation-delay=\"\" data-color=\"default\" class=\"divider-border\"><\/div><\/div>[\/vc_column][\/vc_row][vc_row type=&#8221;in_container&#8221; full_screen_row_position=&#8221;middle&#8221; scene_position=&#8221;center&#8221; text_color=&#8221;dark&#8221; text_align=&#8221;left&#8221; overlay_strength=&#8221;0.3&#8243;][vc_column column_padding=&#8221;no-extra-padding&#8221; column_padding_position=&#8221;all&#8221; background_color_opacity=&#8221;1&#8243; background_hover_color_opacity=&#8221;1&#8243; width=&#8221;1\/1&#8243; tablet_text_alignment=&#8221;default&#8221; phone_text_alignment=&#8221;default&#8221;]<div class=\"divider-wrap\"><div style=\"height: 100px;\" class=\"divider\"><\/div><\/div>[\/vc_column][\/vc_row]\n","protected":false},"excerpt":{"rendered":"<p>[vc_row type=&#8221;full_width_background&#8221; full_screen_row_position=&#8221;middle&#8221; bg_color=&#8221;#5bae4b&#8221; scene_position=&#8221;center&#8221; text_color=&#8221;light&#8221; text_align=&#8221;center&#8221; top_padding=&#8221;40&#8243; bottom_padding=&#8221;40&#8243; overlay_strength=&#8221;0.3&#8243;][vc_column column_padding=&#8221;no-extra-padding&#8221; column_padding_position=&#8221;all&#8221; background_color_opacity=&#8221;1&#8243; background_hover_color_opacity=&#8221;1&#8243; width=&#8221;1\/1&#8243; tablet_text_alignment=&#8221;default&#8221; phone_text_alignment=&#8221;default&#8221;][vc_column_text] Opinn\u00e4ytteet [\/vc_column_text][\/vc_column][\/vc_row][vc_row type=&#8221;in_container&#8221; full_screen_row_position=&#8221;middle&#8221; scene_position=&#8221;center&#8221; text_color=&#8221;dark&#8221; text_align=&#8221;left&#8221; overlay_strength=&#8221;0.3&#8243;][vc_column column_padding=&#8221;no-extra-padding&#8221; column_padding_position=&#8221;all&#8221; background_color_opacity=&#8221;1&#8243; background_hover_color_opacity=&#8221;1&#8243; width=&#8221;1\/1&#8243;&#8230;<\/p>\n","protected":false},"author":1,"featured_media":0,"parent":0,"menu_order":0,"comment_status":"closed","ping_status":"closed","template":"","meta":{"om_disable_all_campaigns":false,"footnotes":"","iawp_total_views":41},"_links":{"self":[{"href":"http:\/\/daisyladies.fi\/fi\/wp-json\/wp\/v2\/pages\/2855"}],"collection":[{"href":"http:\/\/daisyladies.fi\/fi\/wp-json\/wp\/v2\/pages"}],"about":[{"href":"http:\/\/daisyladies.fi\/fi\/wp-json\/wp\/v2\/types\/page"}],"author":[{"embeddable":true,"href":"http:\/\/daisyladies.fi\/fi\/wp-json\/wp\/v2\/users\/1"}],"replies":[{"embeddable":true,"href":"http:\/\/daisyladies.fi\/fi\/wp-json\/wp\/v2\/comments?post=2855"}],"version-history":[{"count":7,"href":"http:\/\/daisyladies.fi\/fi\/wp-json\/wp\/v2\/pages\/2855\/revisions"}],"predecessor-version":[{"id":3763,"href":"http:\/\/daisyladies.fi\/fi\/wp-json\/wp\/v2\/pages\/2855\/revisions\/3763"}],"wp:attachment":[{"href":"http:\/\/daisyladies.fi\/fi\/wp-json\/wp\/v2\/media?parent=2855"}],"curies":[{"name":"wp","href":"https:\/\/api.w.org\/{rel}","templated":true}]}}