{"id":2853,"date":"2017-05-16T08:51:02","date_gmt":"2017-05-16T08:51:02","guid":{"rendered":"http:\/\/daisyladies.fi\/fi\/?page_id=2853"},"modified":"2025-11-07T11:47:10","modified_gmt":"2025-11-07T11:47:10","slug":"teokset","status":"publish","type":"page","link":"http:\/\/daisyladies.fi\/fi\/teokset\/","title":{"rendered":"Teokset"},"content":{"rendered":"[vc_row type=&#8221;full_width_background&#8221; full_screen_row_position=&#8221;middle&#8221; bg_color=&#8221;#5bae4b&#8221; scene_position=&#8221;center&#8221; text_color=&#8221;light&#8221; text_align=&#8221;center&#8221; top_padding=&#8221;40&#8243; bottom_padding=&#8221;40&#8243; overlay_strength=&#8221;0.3&#8243;][vc_column column_padding=&#8221;no-extra-padding&#8221; column_padding_position=&#8221;all&#8221; background_color_opacity=&#8221;1&#8243; background_hover_color_opacity=&#8221;1&#8243; width=&#8221;1\/1&#8243; tablet_text_alignment=&#8221;default&#8221; phone_text_alignment=&#8221;default&#8221;][vc_column_text]\n<h1>Teokset<\/h1>\n[\/vc_column_text][\/vc_column][\/vc_row][vc_row type=&#8221;in_container&#8221; full_screen_row_position=&#8221;middle&#8221; scene_position=&#8221;center&#8221; text_color=&#8221;dark&#8221; text_align=&#8221;left&#8221; overlay_strength=&#8221;0.3&#8243;][vc_column column_padding=&#8221;no-extra-padding&#8221; column_padding_position=&#8221;all&#8221; background_color_opacity=&#8221;1&#8243; background_hover_color_opacity=&#8221;1&#8243; width=&#8221;1\/1&#8243; tablet_text_alignment=&#8221;default&#8221; phone_text_alignment=&#8221;default&#8221;]<div class=\"divider-wrap\"><div style=\"height: 40px;\" class=\"divider\"><\/div><\/div>[\/vc_column][\/vc_row][vc_row type=&#8221;in_container&#8221; full_screen_row_position=&#8221;middle&#8221; scene_position=&#8221;center&#8221; text_color=&#8221;dark&#8221; text_align=&#8221;left&#8221; overlay_strength=&#8221;0.3&#8243;][vc_column column_padding=&#8221;no-extra-padding&#8221; column_padding_position=&#8221;all&#8221; background_color_opacity=&#8221;1&#8243; background_hover_color_opacity=&#8221;1&#8243; width=&#8221;2\/3&#8243; tablet_text_alignment=&#8221;default&#8221; phone_text_alignment=&#8221;default&#8221;][vc_column_text]\n<h3 style=\"text-align: justify;\"><strong>Teokset<\/strong><\/h3>\n<p>&nbsp;<\/p>\n<p style=\"text-align: justify;\"><strong>DaisyLadies \u00a0ry:t\u00e4 k\u00e4sittelev\u00e4t teokset<\/strong><\/p>\n<p>&nbsp;<\/p>\n<div class=\"itemHeader\">\n<h2 class=\"itemTitle\"><img loading=\"lazy\" decoding=\"async\" class=\"alignnone size-medium wp-image-2968\" src=\"http:\/\/daisyladies.fi\/fi\/wp-content\/uploads\/2017\/10\/flikat-maailman-turuilta-300x296.jpg\" alt=\"\" width=\"300\" height=\"296\" srcset=\"http:\/\/daisyladies.fi\/fi\/wp-content\/uploads\/2017\/10\/flikat-maailman-turuilta-300x296.jpg 300w, http:\/\/daisyladies.fi\/fi\/wp-content\/uploads\/2017\/10\/flikat-maailman-turuilta-768x757.jpg 768w, http:\/\/daisyladies.fi\/fi\/wp-content\/uploads\/2017\/10\/flikat-maailman-turuilta-50x50.jpg 50w, http:\/\/daisyladies.fi\/fi\/wp-content\/uploads\/2017\/10\/flikat-maailman-turuilta-100x100.jpg 100w, http:\/\/daisyladies.fi\/fi\/wp-content\/uploads\/2017\/10\/flikat-maailman-turuilta.jpg 800w\" sizes=\"(max-width: 300px) 100vw, 300px\" \/><\/h2>\n<p><strong>Toimitus:<\/strong> Rautiomaa, Heidi; Kyt\u00f6, Hissu<\/p>\n<p><strong>Flikat maailman Turuilta<\/strong> \u2013 kirja kertoo perheess\u00e4 oppimisesta. Kirjaan on haastateltu parikymment\u00e4 naista eri kulttuureista ja uskonnoista. Kirja on mukana eurooppalaisessa ENIL (The European Network for Intregenerational learning) -verkostossa edist\u00e4m\u00e4ss\u00e4 sukupolvien v\u00e4list\u00e4 oppimista, joka on t\u00e4rke\u00e4 osa elinik\u00e4ist\u00e4 oppimista. Kirja liittyy my\u00f6s Uskot ilman rajoja ry:n projektiin Oppia ik\u00e4 kaikkia. Projekti on saanut tukea Opetus- ja kulttuuriministeri\u00f6lt\u00e4.<\/p>\n<\/div>\n<p>&nbsp;<\/p>\n<div class=\"itemBody\"><img loading=\"lazy\" decoding=\"async\" class=\"alignnone size-medium wp-image-2969\" src=\"http:\/\/daisyladies.fi\/fi\/wp-content\/uploads\/2017\/10\/kohtauspaikasta-225x300.jpg\" alt=\"\" width=\"225\" height=\"300\" srcset=\"http:\/\/daisyladies.fi\/fi\/wp-content\/uploads\/2017\/10\/kohtauspaikasta-225x300.jpg 225w, http:\/\/daisyladies.fi\/fi\/wp-content\/uploads\/2017\/10\/kohtauspaikasta.jpg 480w\" sizes=\"(max-width: 225px) 100vw, 225px\" \/><\/div>\n<div class=\"itemBody\">\n<p><strong>Toimitus:<\/strong> Kyt\u00f6, Hissu; M\u00f6mm\u00f6, Sari; Tuomisto, Anja; Suomalainen Elina; Kantola, Sibel<\/p>\n<p><strong>Kohtauspaikasta Muistojen Kotiin<\/strong> &#8211; DaisyLadies 10 vuotta Turussa &#8211;\u00a0 Kirja on julkaistu joulukuussa 2012.\u00a0Kohtauspaikasta Muistojen kotiin\u00a0kertoo yhdistyksen 10-vuotisesta historiasta. Teos k\u00e4sittelee my\u00f6s aikaa ennen DaisyLadies ry:n perustamista, jolloin Hissu Kyd\u00f6n perustama Kansainv\u00e4linen kohtauspaikka toimi. Teoksessa k\u00e4yd\u00e4\u00e4n l\u00e4pi my\u00f6s Hissu Kyd\u00f6n el\u00e4m\u00e4nty\u00f6t\u00e4 maahan muuttaneiden parissa joka on alkanut 70 &#8211; luvulta asti ja jatkuu n\u00e4ihin p\u00e4ivin saakka.<\/p>\n<p>&nbsp;<\/p>\n<\/div>\n<p><a href=\"http:\/\/daisyladies.fi\/fi\/wp-content\/uploads\/2020\/10\/19ad8127-5a39-497f-8252-cd2be020ba0a.jpg\"><img loading=\"lazy\" decoding=\"async\" class=\"alignnone wp-image-4777 size-medium\" src=\"http:\/\/daisyladies.fi\/fi\/wp-content\/uploads\/2020\/10\/19ad8127-5a39-497f-8252-cd2be020ba0a-225x300.jpg\" alt=\"\" width=\"225\" height=\"300\" srcset=\"http:\/\/daisyladies.fi\/fi\/wp-content\/uploads\/2020\/10\/19ad8127-5a39-497f-8252-cd2be020ba0a-225x300.jpg 225w, http:\/\/daisyladies.fi\/fi\/wp-content\/uploads\/2020\/10\/19ad8127-5a39-497f-8252-cd2be020ba0a-768x1024.jpg 768w, http:\/\/daisyladies.fi\/fi\/wp-content\/uploads\/2020\/10\/19ad8127-5a39-497f-8252-cd2be020ba0a.jpg 1200w\" sizes=\"(max-width: 225px) 100vw, 225px\" \/><\/a><a href=\"http:\/\/daisyladies.fi\/fi\/wp-content\/uploads\/2020\/10\/b1bf86a9-ebfd-4740-9151-18760aa4f649.jpg\"><img loading=\"lazy\" decoding=\"async\" class=\"alignnone wp-image-4776 size-medium\" src=\"http:\/\/daisyladies.fi\/fi\/wp-content\/uploads\/2020\/10\/b1bf86a9-ebfd-4740-9151-18760aa4f649-225x300.jpg\" alt=\"\" width=\"225\" height=\"300\" srcset=\"http:\/\/daisyladies.fi\/fi\/wp-content\/uploads\/2020\/10\/b1bf86a9-ebfd-4740-9151-18760aa4f649-225x300.jpg 225w, http:\/\/daisyladies.fi\/fi\/wp-content\/uploads\/2020\/10\/b1bf86a9-ebfd-4740-9151-18760aa4f649-768x1024.jpg 768w, http:\/\/daisyladies.fi\/fi\/wp-content\/uploads\/2020\/10\/b1bf86a9-ebfd-4740-9151-18760aa4f649.jpg 1200w\" sizes=\"(max-width: 225px) 100vw, 225px\" \/><\/a><\/p>\n<p><strong>Toimitus:<\/strong> Lehtinen, Ilona; DaisyLadies ry -ty\u00f6ryhm\u00e4<\/p>\n<p><strong>Makuja Muistolasta &#8211; monen kulttuurin keitti\u00f6st\u00e4<\/strong> -kirja on julkaistu 2020. Kirjassa 34 naista 23 eri maasta esittelee Sinulle oman ruokaohjeensa ja lis\u00e4ksi jakaa siihen liittyvi\u00e4 muistoja ja kokemuksia. Siten voit ajatella t\u00e4t\u00e4 teosta kuin yhteisen\u00e4 p\u00f6yt\u00e4n\u00e4, jonka \u00e4\u00e4ress\u00e4 nautitaan hyv\u00e4st\u00e4 ruuasta ja jaetaan tarinoita el\u00e4m\u00e4st\u00e4. Joten &#8211; ole hyv\u00e4 ja k\u00e4y p\u00f6yt\u00e4\u00e4n! Hyv\u00e4\u00e4 ruokahalua! Ruokaohjeita ja -reseptej\u00e4 on kirjoina hyllykilometreitt\u00e4in ja netiss\u00e4 klikattavissa loputtomasti. Miksi taas uusi? saatat kysy\u00e4 t\u00e4st\u00e4 kirjasta. Turussa Muistolassa, DaisyLadies ry:n toimipaikassa kokoontuu p\u00e4ivitt\u00e4in monia eri kansallisuuksia edustavia maahanmuuttajanaisia. Talo on t\u00e4ynn\u00e4 eri kulttuureja, tapoja ja kieli\u00e4. Mutta yksi varma tekij\u00e4 yhdist\u00e4\u00e4 siell\u00e4 &#8211; kuten koko maailmassa &#8211; nimitt\u00e4in ruoka ja yhteinen ruokahetki.<\/p>\n<p>Kirjaa voit ostaa DaisyKodista (Sairashuoneenkatu 1) 7 \u20ac hintaan. Rahat menev\u00e4t DaisyLadies ry:n toiminnan tukemiseen.<\/p>\n<p>&nbsp;<\/p>\n<p><a href=\"http:\/\/daisyladies.fi\/fi\/wp-content\/uploads\/2025\/03\/DL_Kuka-mina-olen_digijulkaisu_small.pdf\"><strong><img loading=\"lazy\" decoding=\"async\" class=\"alignnone size-full wp-image-5959\" src=\"http:\/\/daisyladies.fi\/fi\/wp-content\/uploads\/2025\/02\/Kuka-mina-olen_etukansi_digijulkaisu_small2.png\" alt=\"\" width=\"300\" height=\"423\" \/><\/strong><\/a><\/p>\n<p><a href=\"http:\/\/daisyladies.fi\/fi\/wp-content\/uploads\/2025\/03\/DL_Kuka-mina-olen_digijulkaisu_small.pdf\"><strong>Lue kirjan digiversio t\u00e4\u00e4ll\u00e4.<\/strong><\/a><\/p>\n<p><strong>Toimitus:<\/strong> Reunanen, Mira; DaisyLadies ry -ty\u00f6ryhm\u00e4<\/p>\n<p><strong>Kuka min\u00e4 olen? Tarinoita monikulttuuristen naisten el\u00e4m\u00e4st\u00e4<\/strong> -kirja on julkaistu 2024. K<span class=\"OYPEnA font-feature-liga-off font-feature-clig-off font-feature-calt-off text-decoration-none text-strikethrough-none\">irja on toteutettu osana DaisyLadies ry:n <a href=\"https:\/\/daisyladies.fi\/fi\/kuka-mina-olen\/\">Kuka min\u00e4 olen? -hanketta<\/a>, johon on saatu rahoitus Turun kaupungilta 2022-2024. <\/span>T\u00e4h\u00e4n kirjaan on koottu DaisyLadies ry:n naisten tarinoita heid\u00e4n el\u00e4m\u00e4ns\u00e4 varrelta. Toiminnassamme olemme huomanneet ett\u00e4 miten suuri tarve naisilla on puhua, kertoa omasta el\u00e4m\u00e4st\u00e4\u00e4n, jakaa kokemuksia ja kuunnella muita. Mik\u00e4\u00e4n ei ved\u00e4 vertoja vertaistuelle, paitsi se, ett\u00e4 joku aidosti kuuntelee ja haluaa kuulla, mit\u00e4 juuri sinulla on sanottavanasi. Vuosien varrella tarinat ovat olleet iloisia, surullisia, syd\u00e4nt\u00e4 raastavia ja osa kauhistuttaviakin. Joka kerta niist\u00e4 on kummunnut kuitenkin aitous, sill\u00e4 kertoja on aina ollut se ihminen, joka on itse ollut oman tarinansa p\u00e4\u00e4henkil\u00f6. N\u00e4m\u00e4 kertojat ovat voineet tulla Suomeen esimerkiksi sotapakolaisina, hakemaan turvapaikkaa, ty\u00f6n tai miehen per\u00e4ss\u00e4, mutta he kaikki ovat l\u00f6yt\u00e4neet Suomesta uuden kotimaan. Turvapaikan. Maan, jonne voi juurtua ilman pelkoa.<\/p>\n<p>Kirjaan voit tutustua DaisyLadies ry:n toimitaloissa (Linnankatu 41 ja Sairashuoneenkatu 1).<\/p>\n<p>&nbsp;<\/p>\n<p><a href=\"http:\/\/daisyladies.fi\/fi\/wp-content\/uploads\/2025\/11\/DaisyLadies_historiikki_digiversio.pdf\"><img loading=\"lazy\" decoding=\"async\" class=\"alignnone size-full wp-image-6130\" src=\"http:\/\/daisyladies.fi\/fi\/wp-content\/uploads\/2025\/09\/DaisyLadies_historiikki_kansi_small.png\" alt=\"\" width=\"300\" height=\"317\" \/><\/a><\/p>\n<p><a href=\"http:\/\/daisyladies.fi\/fi\/wp-content\/uploads\/2025\/11\/DaisyLadies_historiikki_digiversio.pdf\"><strong>Lue kirjan digiversio t\u00e4\u00e4ll\u00e4.<\/strong><\/a><\/p>\n<p><strong>Toimitus:<\/strong> Lahtinen, Rauno<\/p>\n<p><strong>DaisyLadies ry &#8211; 25 vuotta maahanmuuttajanaisten tukena<\/strong>\u00a0-kirja kertoo yhdistyksen sek\u00e4 sen perustajan ja voimahahmon H\u00fclya \u201dHissu\u201d Kyd\u00f6n tarinan. H\u00e4nen ansiostaan Turku oli 1980-luvulta l\u00e4htien maahanmuuttajien kotouttamisty\u00f6n eturintamassa. Hissun sinnikk\u00e4\u00e4n ty\u00f6n tuloksena Turkuun perustettiin vuonna 1989 Kansainv\u00e4linen kohtauspaikka ja my\u00f6hemmin 2000-luvulla DaisyLadies ry. T\u00e4m\u00e4 kirja on kunnianosoitus kaikille rohkeille maahanmuuttajanaisille ja heid\u00e4n omalle yhdistykselleen.<\/p>\n<p>Kirjaan voit tutustua DaisyLadies ry:n toimitaloissa (Linnankatu 41 ja Sairashuoneenkatu 1).[\/vc_column_text]<div class=\"divider-wrap\"><div style=\"margin-top: 15px; height: 1px; margin-bottom: 15px;\" data-width=\"100%\" data-animate=\"\" data-animation-delay=\"\" data-color=\"default\" class=\"divider-border\"><\/div><\/div>[\/vc_column][\/vc_row][vc_row type=&#8221;in_container&#8221; full_screen_row_position=&#8221;middle&#8221; scene_position=&#8221;center&#8221; text_color=&#8221;dark&#8221; text_align=&#8221;left&#8221; overlay_strength=&#8221;0.3&#8243;][vc_column column_padding=&#8221;no-extra-padding&#8221; column_padding_position=&#8221;all&#8221; background_color_opacity=&#8221;1&#8243; background_hover_color_opacity=&#8221;1&#8243; width=&#8221;1\/1&#8243; tablet_text_alignment=&#8221;default&#8221; phone_text_alignment=&#8221;default&#8221;]<div class=\"divider-wrap\"><div style=\"height: 100px;\" class=\"divider\"><\/div><\/div>[\/vc_column][\/vc_row]\n","protected":false},"excerpt":{"rendered":"<p>[vc_row type=&#8221;full_width_background&#8221; full_screen_row_position=&#8221;middle&#8221; bg_color=&#8221;#5bae4b&#8221; scene_position=&#8221;center&#8221; text_color=&#8221;light&#8221; text_align=&#8221;center&#8221; top_padding=&#8221;40&#8243; bottom_padding=&#8221;40&#8243; overlay_strength=&#8221;0.3&#8243;][vc_column column_padding=&#8221;no-extra-padding&#8221; column_padding_position=&#8221;all&#8221; background_color_opacity=&#8221;1&#8243; background_hover_color_opacity=&#8221;1&#8243; width=&#8221;1\/1&#8243; tablet_text_alignment=&#8221;default&#8221; phone_text_alignment=&#8221;default&#8221;][vc_column_text] Teokset [\/vc_column_text][\/vc_column][\/vc_row][vc_row type=&#8221;in_container&#8221; full_screen_row_position=&#8221;middle&#8221; scene_position=&#8221;center&#8221; text_color=&#8221;dark&#8221; text_align=&#8221;left&#8221; overlay_strength=&#8221;0.3&#8243;][vc_column column_padding=&#8221;no-extra-padding&#8221; column_padding_position=&#8221;all&#8221; background_color_opacity=&#8221;1&#8243; background_hover_color_opacity=&#8221;1&#8243; width=&#8221;1\/1&#8243;&#8230;<\/p>\n","protected":false},"author":1,"featured_media":0,"parent":0,"menu_order":0,"comment_status":"closed","ping_status":"closed","template":"","meta":{"om_disable_all_campaigns":false,"footnotes":"","iawp_total_views":137},"_links":{"self":[{"href":"http:\/\/daisyladies.fi\/fi\/wp-json\/wp\/v2\/pages\/2853"}],"collection":[{"href":"http:\/\/daisyladies.fi\/fi\/wp-json\/wp\/v2\/pages"}],"about":[{"href":"http:\/\/daisyladies.fi\/fi\/wp-json\/wp\/v2\/types\/page"}],"author":[{"embeddable":true,"href":"http:\/\/daisyladies.fi\/fi\/wp-json\/wp\/v2\/users\/1"}],"replies":[{"embeddable":true,"href":"http:\/\/daisyladies.fi\/fi\/wp-json\/wp\/v2\/comments?post=2853"}],"version-history":[{"count":12,"href":"http:\/\/daisyladies.fi\/fi\/wp-json\/wp\/v2\/pages\/2853\/revisions"}],"predecessor-version":[{"id":6202,"href":"http:\/\/daisyladies.fi\/fi\/wp-json\/wp\/v2\/pages\/2853\/revisions\/6202"}],"wp:attachment":[{"href":"http:\/\/daisyladies.fi\/fi\/wp-json\/wp\/v2\/media?parent=2853"}],"curies":[{"name":"wp","href":"https:\/\/api.w.org\/{rel}","templated":true}]}}