{"id":2848,"date":"2017-05-16T08:49:38","date_gmt":"2017-05-16T08:49:38","guid":{"rendered":"http:\/\/daisyladies.fi\/fi\/?page_id=2848"},"modified":"2026-03-24T08:56:08","modified_gmt":"2026-03-24T08:56:08","slug":"ompelu","status":"publish","type":"page","link":"http:\/\/daisyladies.fi\/fi\/ompelu\/","title":{"rendered":"Ompelupalvelu"},"content":{"rendered":"[vc_row type=&#8221;full_width_background&#8221; full_screen_row_position=&#8221;middle&#8221; bg_color=&#8221;#5bae4b&#8221; scene_position=&#8221;center&#8221; text_color=&#8221;light&#8221; text_align=&#8221;center&#8221; top_padding=&#8221;40&#8243; bottom_padding=&#8221;40&#8243; overlay_strength=&#8221;0.3&#8243;][vc_column column_padding=&#8221;no-extra-padding&#8221; column_padding_position=&#8221;all&#8221; background_color_opacity=&#8221;1&#8243; background_hover_color_opacity=&#8221;1&#8243; width=&#8221;1\/1&#8243; tablet_text_alignment=&#8221;default&#8221; phone_text_alignment=&#8221;default&#8221;][vc_column_text]\n<h1>Ompelupalvelu\/Seamstress services<\/h1>\n[\/vc_column_text][\/vc_column][\/vc_row][vc_row type=&#8221;in_container&#8221; full_screen_row_position=&#8221;middle&#8221; scene_position=&#8221;center&#8221; text_color=&#8221;dark&#8221; text_align=&#8221;left&#8221; overlay_strength=&#8221;0.3&#8243;][vc_column column_padding=&#8221;no-extra-padding&#8221; column_padding_position=&#8221;all&#8221; background_color_opacity=&#8221;1&#8243; background_hover_color_opacity=&#8221;1&#8243; width=&#8221;1\/1&#8243; tablet_text_alignment=&#8221;default&#8221; phone_text_alignment=&#8221;default&#8221;]<div class=\"divider-wrap\"><div style=\"height: 40px;\" class=\"divider\"><\/div><\/div>[\/vc_column][\/vc_row][vc_row type=&#8221;in_container&#8221; full_screen_row_position=&#8221;middle&#8221; scene_position=&#8221;center&#8221; text_color=&#8221;dark&#8221; text_align=&#8221;left&#8221; overlay_strength=&#8221;0.3&#8243;][vc_column column_padding=&#8221;no-extra-padding&#8221; column_padding_position=&#8221;all&#8221; background_color_opacity=&#8221;1&#8243; background_hover_color_opacity=&#8221;1&#8243; width=&#8221;2\/3&#8243; tablet_text_alignment=&#8221;default&#8221; phone_text_alignment=&#8221;default&#8221;][vc_column_text]<span style=\"color: #ff0000;\"><strong>HUOM! DaisyLadies ry:n ompelimo on valitettavasti toistaiseksi suljettuna. Ilmoitamme t\u00e4\u00e4ll\u00e4 nettisivuillamme kun olemme j\u00e4lleen auki, mutta valitettavasti viel\u00e4 ei ole tietoa milloin pystymme avaamaan ja ottamaan vastaan asiakkaita. K\u00e4sity\u00f6kauppa Taikapuoti on auki normaalisti.<\/strong><\/span><\/p>\n<p>&nbsp;<\/p>\n<p style=\"text-align: justify;\"><strong>Teemme vain korjausompelua (vaatteet\/kodin tekstiilit). Esimerkiksi vetoketjun vaihdot, kavennukset, lyhennykset. <\/strong><strong>Katso hinnasto sivun lopussa.<\/strong><\/p>\n<p>Ompelija on p\u00e4\u00e4s\u00e4\u00e4nt\u00f6isesti tavattavissa DaisyKodissa aukioloaikoina (ma-pe klo 10-14). Suositamme kuitenkin olemaan ensin yhteydess\u00e4 puhelimitse\/s\u00e4hk\u00f6postitse.<\/p>\n<p><strong>HUOM!<\/strong><\/p>\n<ul>\n<li><strong>Suosittelemme olemaan ensin yhteydess\u00e4 puhelimitse\/s\u00e4hk\u00f6postitse ja kysym\u00e4\u00e4n onnistuuko haluttu korjausty\u00f6. T\u00e4m\u00e4n j\u00e4lkeen voi ompelijan kanssa sopia tapaamisajan.<\/strong><\/li>\n<li><strong>Tuo vaatteet\/kodin tekstiilit meille pestyin\u00e4 ja siistiss\u00e4 kunnossa.\u00a0<\/strong><\/li>\n<li><strong>Emme korjaa reik\u00e4isi\u00e4 vaatteita.<\/strong><\/li>\n<li><strong>Jos kyseess\u00e4 on vetoketjun vaihto, tuo uusi vetoketju mukanasi.<\/strong><\/li>\n<li><strong>Jos haluat meid\u00e4n ompelevan alusta alkaen esimerkiksi essun\/verhot, tuo kangas mukanasi. (Huom! T\u00e4ll\u00e4 hetkell\u00e4 emme valmista tuotteita tilauksesta, teemme vain korjausompelua)<\/strong><\/li>\n<li><strong>Ty\u00f6n valmistumisen nopeus riippuu ompelimon senhetkisest\u00e4 henkil\u00f6st\u00f6tilanteesta ja jonotilanteesta. Kerro selke\u00e4sti kuinka kiire ty\u00f6ll\u00e4 on. Emme voi luvata hyvin nopeaa valmistumisaikaa, yleens\u00e4 kannattaa varata 1-2 viikkoa.<\/strong><\/li>\n<\/ul>\n<p>Ompelimo sijaitsee osoitteessa Sairashuoneenkatu 1 (ovi sis\u00e4pihalla). Tervetuloa!<\/p>\n<hr \/>\n<p>We offer basic mending services (such as shortening, darning ect).[\/vc_column_text]<div class=\"divider-wrap\"><div style=\"margin-top: 20px; height: 1px; margin-bottom: 20px;\" data-width=\"100%\" data-animate=\"\" data-animation-delay=\"\" data-color=\"default\" class=\"divider-border\"><\/div><\/div><div class=\"divider-wrap\"><div style=\"height: 25px;\" class=\"divider\"><\/div><\/div>[vc_column_text]\n<h4>Otamme vastaan lahjoituksia!<\/h4>\n<p>L\u00f6ytyyk\u00f6 sinulta toimintakuntoisia ompelukoneita tai saumureita, joille sinulla itsell\u00e4si ei ole en\u00e4\u00e4 k\u00e4ytt\u00f6\u00e4? DaisyLadies ottaa ilomielin vastaan lahjoituksena ompelukoneita ja saumureita, jotta voimme jatkossakin tarjota naisille mahdollisuuden p\u00e4\u00e4st\u00e4 kehitt\u00e4m\u00e4\u00e4n ammatillista osaamistaan ompelijana.<\/p>\n<p>Meille voit lahjoittaa my\u00f6s sukkalankoja ja muita neulontaan ja virkkaukseen liittyvi\u00e4 tarvikkeita, ompelulankoja, kankaita, askartelutarvikkeita jne.<\/p>\n<p><strong>Ota yhteytt\u00e4:<\/strong><\/p>\n<p>ompelimo.daisyladies@gmail.com, puh. 050 554 7799<\/p>\n<p>TAI<\/p>\n<p>daisyladies.turku@gmail.com, puh. 050 326 5064[\/vc_column_text]<div class=\"divider-wrap\"><div style=\"margin-top: 20px; height: 1px; margin-bottom: 20px;\" data-width=\"100%\" data-animate=\"\" data-animation-delay=\"\" data-color=\"default\" class=\"divider-border\"><\/div><\/div><div class=\"divider-wrap\"><div style=\"height: 25px;\" class=\"divider\"><\/div><\/div>[vc_column_text]<strong>OMPELUT\u00d6IDEN HINNASTO (Huom! hinnat alkaen ja suuntaa antavia)<\/strong><\/p>\n<p><strong>HINTOIHIN LIS\u00c4T\u00c4\u00c4N TARVITTAVAT MATERIAALIT. <\/strong><strong>TUOTHAN KORJATTAVAT TUOTTEET PUHTAINA!<\/strong><\/p>\n<p><strong>Tiedustele hintaa muihin tilaust\u00f6ihin, korjauksiin ja paikkauksiin liittyen!<\/strong><\/p>\n<p><img loading=\"lazy\" decoding=\"async\" class=\"alignnone size-full wp-image-6177\" src=\"http:\/\/daisyladies.fi\/fi\/wp-content\/uploads\/2025\/09\/ompelimohinnasto-2025-uusi.jpg\" alt=\"\" width=\"3508\" height=\"2480\" \/>[\/vc_column_text]<div class=\"divider-wrap\"><div style=\"height: 40px;\" class=\"divider\"><\/div><\/div><div class=\"divider-wrap\"><div style=\"margin-top: 20px; height: 1px; margin-bottom: 20px;\" data-width=\"100%\" data-animate=\"\" data-animation-delay=\"\" data-color=\"default\" class=\"divider-border\"><\/div><\/div>[vc_column_text]Voit t\u00e4ytt\u00e4\u00e4 my\u00f6s lomakkeen ja l\u00e4hett\u00e4\u00e4 meille.[\/vc_column_text]<div class=\"divider-wrap\"><div style=\"height: 40px;\" class=\"divider\"><\/div><\/div><div role=\"form\" class=\"wpcf7\" id=\"wpcf7-f6-o1\" lang=\"en-US\" dir=\"ltr\">\n<div class=\"screen-reader-response\"><\/div>\n<form action=\"\/fi\/wp-json\/wp\/v2\/pages\/2848#wpcf7-f6-o1\" method=\"post\" class=\"wpcf7-form\" novalidate=\"novalidate\">\n<div style=\"display: none;\">\n<input type=\"hidden\" name=\"_wpcf7\" value=\"6\" \/>\n<input type=\"hidden\" name=\"_wpcf7_version\" value=\"5.1.4\" \/>\n<input type=\"hidden\" name=\"_wpcf7_locale\" value=\"en_US\" \/>\n<input type=\"hidden\" name=\"_wpcf7_unit_tag\" value=\"wpcf7-f6-o1\" \/>\n<input type=\"hidden\" name=\"_wpcf7_container_post\" value=\"0\" \/>\n<\/div>\n<p><label> Nimi * (pakollinen)<br \/>\n    <span class=\"wpcf7-form-control-wrap your-name\"><input type=\"text\" name=\"your-name\" value=\"\" size=\"40\" class=\"wpcf7-form-control wpcf7-text wpcf7-validates-as-required\" aria-required=\"true\" aria-invalid=\"false\" \/><\/span> <\/label><\/p>\n<p><label> S\u00e4hk\u00f6posti * (pakollinen)<br \/>\n    <span class=\"wpcf7-form-control-wrap your-email\"><input type=\"email\" name=\"your-email\" value=\"\" size=\"40\" class=\"wpcf7-form-control wpcf7-text wpcf7-email wpcf7-validates-as-required wpcf7-validates-as-email\" aria-required=\"true\" aria-invalid=\"false\" \/><\/span> <\/label><br \/>\n<label> Puhelin * (pakollinen)<br \/>\n    <span class=\"wpcf7-form-control-wrap your-phone\"><input type=\"tel\" name=\"your-phone\" value=\"\" size=\"40\" class=\"wpcf7-form-control wpcf7-text wpcf7-tel wpcf7-validates-as-required wpcf7-validates-as-tel\" aria-required=\"true\" aria-invalid=\"false\" \/><\/span> <\/label><br \/>\n<label> Aihe * (pakollinen)<br \/>\n    <span class=\"wpcf7-form-control-wrap your-subject\"><input type=\"text\" name=\"your-subject\" value=\"\" size=\"40\" class=\"wpcf7-form-control wpcf7-text\" aria-invalid=\"false\" \/><\/span> <\/label><\/p>\n<p><label> Viesti * (pakollinen)<br \/>\n    <span class=\"wpcf7-form-control-wrap your-message\"><textarea name=\"your-message\" cols=\"40\" rows=\"10\" class=\"wpcf7-form-control wpcf7-textarea\" aria-invalid=\"false\"><\/textarea><\/span> <\/label><\/p>\n<p><input type=\"submit\" value=\"Send\" class=\"wpcf7-form-control wpcf7-submit\" \/><\/p>\n<input type='hidden' class='wpcf7-pum' value='{\"closepopup\":false,\"closedelay\":0,\"openpopup\":false,\"openpopup_id\":0}' \/><div class=\"wpcf7-response-output wpcf7-display-none\"><\/div><\/form><\/div>[\/vc_column][vc_column boxed=&#8221;true&#8221; column_padding=&#8221;padding-3-percent&#8221; column_padding_position=&#8221;all&#8221; background_color_opacity=&#8221;0.5&#8243; background_hover_color_opacity=&#8221;1&#8243; width=&#8221;1\/3&#8243; tablet_text_alignment=&#8221;default&#8221; phone_text_alignment=&#8221;default&#8221;][vc_column_text]\n<h3 style=\"text-align: center;\">Ota yhteytt\u00e4<\/h3>\n[\/vc_column_text]<div class=\"divider-wrap\"><div style=\"margin-top: 12px; height: 1px; margin-bottom: 12px;\" data-width=\"100%\" data-animate=\"\" data-animation-delay=\"\" data-color=\"default\" class=\"divider-border\"><\/div><\/div><div class=\"iwithtext\"><div class=\"iwt-icon\"> <i class=\"icon-default-style icon-phone extra-color-3\"><\/i> <\/div><div class=\"iwt-text\"> <span style=\"color: #000000;\"><strong>050 32 65064 (toimisto)<\/strong><\/span> <\/div><div class=\"clear\"><\/div><\/div><div class=\"divider-wrap\"><div style=\"height: 20px;\" class=\"divider\"><\/div><\/div><div class=\"iwithtext\"><div class=\"iwt-icon\"> <i class=\"icon-default-style icon-envelope extra-color-3\"><\/i> <\/div><div class=\"iwt-text\"> <span style=\"color: #000000;\"><strong><a style=\"color: #000000;\" href=\"mailto:ompelimo.daisyladies@gmail.com\">ompelimo.daisyladies@gmail.com<\/a><\/strong><\/span> <\/div><div class=\"clear\"><\/div><\/div><div class=\"divider-wrap\"><div style=\"height: 20px;\" class=\"divider\"><\/div><\/div><div class=\"iwithtext\"><div class=\"iwt-icon\"> <i class=\"icon-default-style icon-time extra-color-3\"><\/i> <\/div><div class=\"iwt-text\"> <strong>Aukioloajat: <span style=\"color: #ff0000;\">Toistaiseksi suljettu<\/span><\/strong> <\/div><div class=\"clear\"><\/div><\/div><div class=\"divider-wrap\"><div style=\"height: 20px;\" class=\"divider\"><\/div><\/div><div class=\"iwithtext\"><div class=\"iwt-icon\"> <i class=\"icon-default-style icon-map-marker extra-color-3\"><\/i> <\/div><div class=\"iwt-text\"> <span style=\"color: #000000;\"><strong>Osoite: Sairashuoneenkatu 1, 20100 Turku<\/strong><\/span><\/p>\n<p>&nbsp;<\/p>\n<p><strong>N\u00e4in l\u00f6yd\u00e4t perille (klikkaa kuvaa niin se suurenee):<\/strong><\/p>\n<p><a href=\"http:\/\/daisyladies.fi\/fi\/wp-content\/uploads\/2020\/09\/DaisyKoti-ompelimo-opaste.png\"><img loading=\"lazy\" decoding=\"async\" class=\"aligncenter wp-image-4709 size-medium\" src=\"http:\/\/daisyladies.fi\/fi\/wp-content\/uploads\/2020\/09\/DaisyKoti-ompelimo-opaste-300x213.png\" alt=\"\" width=\"300\" height=\"213\" srcset=\"http:\/\/daisyladies.fi\/fi\/wp-content\/uploads\/2020\/09\/DaisyKoti-ompelimo-opaste-300x213.png 300w, http:\/\/daisyladies.fi\/fi\/wp-content\/uploads\/2020\/09\/DaisyKoti-ompelimo-opaste-768x546.png 768w, http:\/\/daisyladies.fi\/fi\/wp-content\/uploads\/2020\/09\/DaisyKoti-ompelimo-opaste-1024x728.png 1024w\" sizes=\"(max-width: 300px) 100vw, 300px\" \/><\/a> <\/div><div class=\"clear\"><\/div><\/div><div class=\"divider-wrap\"><div style=\"height: 20px;\" class=\"divider\"><\/div><\/div><div class=\"img-with-aniamtion-wrap \" data-max-width=\"100%\"><div class=\"inner\"><img decoding=\"async\" data-shadow=\"none\" data-shadow-direction=\"middle\" class=\"img-with-animation \" data-delay=\"0\" height=\"100%\" width=\"100%\" data-animation=\"fade-in\" src=\"http:\/\/daisyladies.fi\/fi\/wp-content\/uploads\/2020\/09\/16.jpg\" alt=\"\" \/><\/div><\/div>[\/vc_column][\/vc_row]\n","protected":false},"excerpt":{"rendered":"<p>[vc_row type=&#8221;full_width_background&#8221; full_screen_row_position=&#8221;middle&#8221; bg_color=&#8221;#5bae4b&#8221; scene_position=&#8221;center&#8221; text_color=&#8221;light&#8221; text_align=&#8221;center&#8221; top_padding=&#8221;40&#8243; bottom_padding=&#8221;40&#8243; overlay_strength=&#8221;0.3&#8243;][vc_column column_padding=&#8221;no-extra-padding&#8221; column_padding_position=&#8221;all&#8221; background_color_opacity=&#8221;1&#8243; background_hover_color_opacity=&#8221;1&#8243; width=&#8221;1\/1&#8243; tablet_text_alignment=&#8221;default&#8221; phone_text_alignment=&#8221;default&#8221;][vc_column_text] Ompelupalvelu\/Seamstress services [\/vc_column_text][\/vc_column][\/vc_row][vc_row type=&#8221;in_container&#8221; full_screen_row_position=&#8221;middle&#8221; scene_position=&#8221;center&#8221; text_color=&#8221;dark&#8221; text_align=&#8221;left&#8221; overlay_strength=&#8221;0.3&#8243;][vc_column column_padding=&#8221;no-extra-padding&#8221; column_padding_position=&#8221;all&#8221; background_color_opacity=&#8221;1&#8243; background_hover_color_opacity=&#8221;1&#8243;&#8230;<\/p>\n","protected":false},"author":1,"featured_media":0,"parent":0,"menu_order":0,"comment_status":"closed","ping_status":"closed","template":"","meta":{"om_disable_all_campaigns":false,"footnotes":"","iawp_total_views":4405},"_links":{"self":[{"href":"http:\/\/daisyladies.fi\/fi\/wp-json\/wp\/v2\/pages\/2848"}],"collection":[{"href":"http:\/\/daisyladies.fi\/fi\/wp-json\/wp\/v2\/pages"}],"about":[{"href":"http:\/\/daisyladies.fi\/fi\/wp-json\/wp\/v2\/types\/page"}],"author":[{"embeddable":true,"href":"http:\/\/daisyladies.fi\/fi\/wp-json\/wp\/v2\/users\/1"}],"replies":[{"embeddable":true,"href":"http:\/\/daisyladies.fi\/fi\/wp-json\/wp\/v2\/comments?post=2848"}],"version-history":[{"count":93,"href":"http:\/\/daisyladies.fi\/fi\/wp-json\/wp\/v2\/pages\/2848\/revisions"}],"predecessor-version":[{"id":6368,"href":"http:\/\/daisyladies.fi\/fi\/wp-json\/wp\/v2\/pages\/2848\/revisions\/6368"}],"wp:attachment":[{"href":"http:\/\/daisyladies.fi\/fi\/wp-json\/wp\/v2\/media?parent=2848"}],"curies":[{"name":"wp","href":"https:\/\/api.w.org\/{rel}","templated":true}]}}