{"id":2846,"date":"2017-05-16T08:49:15","date_gmt":"2017-05-16T08:49:15","guid":{"rendered":"http:\/\/daisyladies.fi\/fi\/?page_id=2846"},"modified":"2024-10-03T10:13:12","modified_gmt":"2024-10-03T10:13:12","slug":"tilavuokraus","status":"publish","type":"page","link":"http:\/\/daisyladies.fi\/fi\/tilavuokraus\/","title":{"rendered":"Tilavuokraus"},"content":{"rendered":"[vc_row type=&#8221;full_width_background&#8221; full_screen_row_position=&#8221;middle&#8221; bg_color=&#8221;#5bae4b&#8221; scene_position=&#8221;center&#8221; text_color=&#8221;light&#8221; text_align=&#8221;center&#8221; top_padding=&#8221;40&#8243; bottom_padding=&#8221;40&#8243; overlay_strength=&#8221;0.3&#8243;][vc_column column_padding=&#8221;no-extra-padding&#8221; column_padding_position=&#8221;all&#8221; background_color_opacity=&#8221;1&#8243; background_hover_color_opacity=&#8221;1&#8243; width=&#8221;1\/1&#8243; tablet_text_alignment=&#8221;default&#8221; phone_text_alignment=&#8221;default&#8221;][vc_column_text]\n<h1>Tilavuokraus\/Venues<\/h1>\n[\/vc_column_text][\/vc_column][\/vc_row][vc_row type=&#8221;in_container&#8221; full_screen_row_position=&#8221;middle&#8221; scene_position=&#8221;center&#8221; text_color=&#8221;dark&#8221; text_align=&#8221;left&#8221; overlay_strength=&#8221;0.3&#8243;][vc_column column_padding=&#8221;no-extra-padding&#8221; column_padding_position=&#8221;all&#8221; background_color_opacity=&#8221;1&#8243; background_hover_color_opacity=&#8221;1&#8243; width=&#8221;1\/1&#8243; tablet_text_alignment=&#8221;default&#8221; phone_text_alignment=&#8221;default&#8221;]<div class=\"divider-wrap\"><div style=\"height: 40px;\" class=\"divider\"><\/div><\/div>[\/vc_column][\/vc_row][vc_row type=&#8221;in_container&#8221; full_screen_row_position=&#8221;middle&#8221; scene_position=&#8221;center&#8221; text_color=&#8221;dark&#8221; text_align=&#8221;left&#8221; overlay_strength=&#8221;0.3&#8243;][vc_column column_padding=&#8221;no-extra-padding&#8221; column_padding_position=&#8221;all&#8221; background_color_opacity=&#8221;1&#8243; background_hover_color_opacity=&#8221;1&#8243; width=&#8221;2\/3&#8243; tablet_text_alignment=&#8221;default&#8221; phone_text_alignment=&#8221;default&#8221;][vc_column_text]\n<p style=\"text-align: justify;\"><strong>Voit vuokrata toimitalojemme tiloja koulutus-, kokous- ja seminaarik\u00e4ytt\u00f6\u00f6n.<\/strong> Huom! Emme vuokraa tiloja juhliin. Muistolassa on toimiva luokkahuone ja ATK-luokka koulutuksia varten ja tilava olohuone max 20hl\u00f6 kokoontumiselle. DaisyKodissa on tilava sali (joka yhdistett\u00e4viss\u00e4 veireiseen galleriatilaan), CafeDaisyn kahvilatila p\u00f6ytineen sek\u00e4 muita kokousk\u00e4ytt\u00f6\u00f6n soveltuvia huoneita.<\/p>\n<p style=\"text-align: justify;\">Sopimuksesta tiloihin saa l\u00e4pp\u00e4rin ja videotykin.<\/p>\n<p style=\"text-align: justify;\">Pyynn\u00f6st\u00e4 hoidamme tilaisuuksiinne my\u00f6s kahvituksen ja pitopalvelun. Kahvitus alkaen 5-10 \u20ac \/ hl\u00f6 (sis. kahvi\/tee ja makea\/suolainen kahvileip\u00e4). Pitopalveluumme voit tutustua <a href=\"http:\/\/daisyladies.fi\/fi\/pitopalvelu\/\">t\u00e4\u00e4ll\u00e4<\/a>.<\/p>\n<p style=\"text-align: justify;\"><strong>Vuokraamme tiloja vain arkisin ty\u00f6aikana eli ma-pe klo 9-16 aikav\u00e4lill\u00e4. Kysy hinnoittelusta: <\/strong>daisyladies.turku@gmail.com<\/p>\n<p><strong>Vuokraajan vastuulla on j\u00e4rjestell\u00e4 p\u00f6yd\u00e4t ja tuolit alkuper\u00e4isille paikoilleen ja huolehtia roskat roskiin. Astiat tulee ker\u00e4t\u00e4 ja palauttaa keitti\u00f6\u00f6n.<\/strong><\/p>\n<p style=\"text-align: justify;\"><strong>Tapaamme mieluusti tilavuokraajat etuk\u00e4teen kasvotusten, joten toivomme ett\u00e4 tulet vierailemaan ennen sovittua ajankohtaa ja keskustelemaan kanssamme k\u00e4yt\u00e4nn\u00f6n asioista.<\/strong><\/p>\n<hr \/>\n<p>We provide venues for business uses. We have a large, informal dining room\/lounge as well as a compact ATK-room and classroom.[\/vc_column_text]<div class=\"divider-wrap\"><div style=\"margin-top: 25px; height: 1px; margin-bottom: 25px;\" data-width=\"100%\" data-animate=\"\" data-animation-delay=\"\" data-color=\"default\" class=\"divider-border\"><\/div><\/div>[vc_gallery type=&#8221;flexslider_style&#8221; images=&#8221;3463,3464,3532,3535,3537,5221,5222,5218&#8243; onclick=&#8221;link_no&#8221;]<div role=\"form\" class=\"wpcf7\" id=\"wpcf7-f3450-o1\" lang=\"en-US\" dir=\"ltr\">\n<div class=\"screen-reader-response\"><\/div>\n<form action=\"\/fi\/wp-json\/wp\/v2\/pages\/2846#wpcf7-f3450-o1\" method=\"post\" class=\"wpcf7-form\" novalidate=\"novalidate\">\n<div style=\"display: none;\">\n<input type=\"hidden\" name=\"_wpcf7\" value=\"3450\" \/>\n<input type=\"hidden\" name=\"_wpcf7_version\" value=\"5.1.4\" \/>\n<input type=\"hidden\" name=\"_wpcf7_locale\" value=\"en_US\" \/>\n<input type=\"hidden\" name=\"_wpcf7_unit_tag\" value=\"wpcf7-f3450-o1\" \/>\n<input type=\"hidden\" name=\"_wpcf7_container_post\" value=\"0\" \/>\n<\/div>\n<p><label> Sukunimi *<br \/>\n    <span class=\"wpcf7-form-control-wrap sure-name\"><input type=\"text\" name=\"sure-name\" value=\"\" size=\"40\" class=\"wpcf7-form-control wpcf7-text wpcf7-validates-as-required\" aria-required=\"true\" aria-invalid=\"false\" \/><\/span> <\/label><br \/>\n<label> Etunimi *<br \/>\n    <span class=\"wpcf7-form-control-wrap first-name\"><input type=\"text\" name=\"first-name\" value=\"\" size=\"40\" class=\"wpcf7-form-control wpcf7-text wpcf7-validates-as-required\" aria-required=\"true\" aria-invalid=\"false\" \/><\/span> <\/label><br \/>\n<label> L\u00e4hiosoite<br \/>\n    <span class=\"wpcf7-form-control-wrap adress\"><input type=\"text\" name=\"adress\" value=\"\" size=\"40\" class=\"wpcf7-form-control wpcf7-text\" aria-invalid=\"false\" \/><\/span> <\/label><br \/>\n<label> Postitoimipaikka<br \/>\n    <span class=\"wpcf7-form-control-wrap kaupunki\"><input type=\"text\" name=\"kaupunki\" value=\"\" size=\"40\" class=\"wpcf7-form-control wpcf7-text\" aria-invalid=\"false\" \/><\/span> <\/label><br \/>\n<label> Puhelin *<br \/>\n    <span class=\"wpcf7-form-control-wrap phone\"><input type=\"tel\" name=\"phone\" value=\"\" size=\"40\" class=\"wpcf7-form-control wpcf7-text wpcf7-tel wpcf7-validates-as-required wpcf7-validates-as-tel\" aria-required=\"true\" aria-invalid=\"false\" placeholder=\"012 345 67 89\" \/><\/span> <\/label><br \/>\n<label> S\u00e4hk\u00f6posti *<br \/>\n    <span class=\"wpcf7-form-control-wrap email\"><input type=\"email\" name=\"email\" value=\"\" size=\"40\" class=\"wpcf7-form-control wpcf7-text wpcf7-email wpcf7-validates-as-required wpcf7-validates-as-email\" aria-required=\"true\" aria-invalid=\"false\" placeholder=\"esimerkki@email.com\" \/><\/span> <\/label><\/p>\n<hr style=\"border-style: dotted;\" \/>\n<br><\/br><\/p>\n<p><label> Haluan vuokrata *<br \/>\n    <span class=\"wpcf7-form-control-wrap tila\"><textarea name=\"tila\" cols=\"40\" rows=\"10\" class=\"wpcf7-form-control wpcf7-textarea wpcf7-validates-as-required\" aria-required=\"true\" aria-invalid=\"false\"><\/textarea><\/span> <\/label><\/p>\n<p><label> Ajankohta *<br \/>\n    <span class=\"wpcf7-form-control-wrap ajankohta\"><input type=\"date\" name=\"ajankohta\" value=\"\" class=\"wpcf7-form-control wpcf7-date wpcf7-validates-as-required wpcf7-validates-as-date\" min=\"2017-12-01\" aria-required=\"true\" aria-invalid=\"false\" placeholder=\"pp.kk.vvvv\" \/><\/span> <\/label><\/p>\n<p><label> Kesto (tunti) *<br \/>\n    <span class=\"wpcf7-form-control-wrap kesto\"><input type=\"number\" name=\"kesto\" value=\"\" class=\"wpcf7-form-control wpcf7-number wpcf7-validates-as-required wpcf7-validates-as-number\" min=\"01\" aria-required=\"true\" aria-invalid=\"false\" placeholder=\"Valiste kesto\" \/><\/span><\/label><\/p>\n<p><label> Henkil\u00f6m\u00e4\u00e4r\u00e4 *<br \/>\n    <span class=\"wpcf7-form-control-wrap henkilomaara\"><input type=\"number\" name=\"henkilomaara\" value=\"\" class=\"wpcf7-form-control wpcf7-number wpcf7-validates-as-required wpcf7-validates-as-number\" min=\"01\" aria-required=\"true\" aria-invalid=\"false\" placeholder=\"Valitse henkil\u00f6m\u00e4\u00e4r\u00e4\" \/><\/span> <\/label><\/P><\/p>\n<p><label> Erityistoiveet<br \/>\n   <span class=\"wpcf7-form-control-wrap erityistoiveet\"><textarea name=\"erityistoiveet\" cols=\"40\" rows=\"10\" class=\"wpcf7-form-control wpcf7-textarea\" aria-invalid=\"false\"><\/textarea><\/span> <\/label><\/p>\n<p><input type=\"submit\" value=\"L\u00e4het\u00e4\" class=\"wpcf7-form-control wpcf7-submit\" \/><\/p>\n<input type='hidden' class='wpcf7-pum' value='{\"closepopup\":false,\"closedelay\":0,\"openpopup\":false,\"openpopup_id\":0}' \/><div class=\"wpcf7-response-output wpcf7-display-none\"><\/div><\/form><\/div>[\/vc_column][vc_column boxed=&#8221;true&#8221; column_padding=&#8221;padding-3-percent&#8221; column_padding_position=&#8221;all&#8221; background_color_opacity=&#8221;0.5&#8243; background_hover_color_opacity=&#8221;1&#8243; width=&#8221;1\/3&#8243; tablet_text_alignment=&#8221;default&#8221; phone_text_alignment=&#8221;default&#8221;][vc_column_text]\n<h3 style=\"text-align: center;\">Ota yhteytt\u00e4<\/h3>\n[\/vc_column_text]<div class=\"divider-wrap\"><div style=\"margin-top: 12px; height: 1px; margin-bottom: 12px;\" data-width=\"100%\" data-animate=\"\" data-animation-delay=\"\" data-color=\"default\" class=\"divider-border\"><\/div><\/div><div class=\"iwithtext\"><div class=\"iwt-icon\"> <i class=\"icon-default-style icon-phone extra-color-3\"><\/i> <\/div><div class=\"iwt-text\"> <span style=\"color: #000000;\"><strong><a style=\"color: #000000;\" href=\"tel:+358503265064\">050 32 65064<\/a><\/strong><\/span> <\/div><div class=\"clear\"><\/div><\/div><div class=\"divider-wrap\"><div style=\"height: 25px;\" class=\"divider\"><\/div><\/div><div class=\"iwithtext\"><div class=\"iwt-icon\"> <i class=\"icon-default-style icon-envelope extra-color-3\"><\/i> <\/div><div class=\"iwt-text\"> <span style=\"color: #000000;\"><strong><a style=\"color: #000000;\" href=\"mailto:daisyladies.turku@gmail.com\">daisyladies.turku@gmail.com<\/a><\/strong><\/span> <\/div><div class=\"clear\"><\/div><\/div>[\/vc_column][\/vc_row][vc_row type=&#8221;in_container&#8221; full_screen_row_position=&#8221;middle&#8221; scene_position=&#8221;center&#8221; text_color=&#8221;dark&#8221; text_align=&#8221;left&#8221; overlay_strength=&#8221;0.3&#8243;][vc_column column_padding=&#8221;no-extra-padding&#8221; column_padding_position=&#8221;all&#8221; background_color_opacity=&#8221;1&#8243; background_hover_color_opacity=&#8221;1&#8243; width=&#8221;1\/1&#8243; tablet_text_alignment=&#8221;default&#8221; phone_text_alignment=&#8221;default&#8221;]<div class=\"divider-wrap\"><div style=\"height: 100px;\" class=\"divider\"><\/div><\/div>[\/vc_column][\/vc_row]\n","protected":false},"excerpt":{"rendered":"<p>[vc_row type=&#8221;full_width_background&#8221; full_screen_row_position=&#8221;middle&#8221; bg_color=&#8221;#5bae4b&#8221; scene_position=&#8221;center&#8221; text_color=&#8221;light&#8221; text_align=&#8221;center&#8221; top_padding=&#8221;40&#8243; bottom_padding=&#8221;40&#8243; overlay_strength=&#8221;0.3&#8243;][vc_column column_padding=&#8221;no-extra-padding&#8221; column_padding_position=&#8221;all&#8221; background_color_opacity=&#8221;1&#8243; background_hover_color_opacity=&#8221;1&#8243; width=&#8221;1\/1&#8243; tablet_text_alignment=&#8221;default&#8221; phone_text_alignment=&#8221;default&#8221;][vc_column_text] Tilavuokraus\/Venues [\/vc_column_text][\/vc_column][\/vc_row][vc_row type=&#8221;in_container&#8221; full_screen_row_position=&#8221;middle&#8221; scene_position=&#8221;center&#8221; text_color=&#8221;dark&#8221; text_align=&#8221;left&#8221; overlay_strength=&#8221;0.3&#8243;][vc_column column_padding=&#8221;no-extra-padding&#8221; column_padding_position=&#8221;all&#8221; background_color_opacity=&#8221;1&#8243; background_hover_color_opacity=&#8221;1&#8243; width=&#8221;1\/1&#8243;&#8230;<\/p>\n","protected":false},"author":1,"featured_media":0,"parent":0,"menu_order":0,"comment_status":"closed","ping_status":"closed","template":"","meta":{"om_disable_all_campaigns":false,"footnotes":"","iawp_total_views":189},"_links":{"self":[{"href":"http:\/\/daisyladies.fi\/fi\/wp-json\/wp\/v2\/pages\/2846"}],"collection":[{"href":"http:\/\/daisyladies.fi\/fi\/wp-json\/wp\/v2\/pages"}],"about":[{"href":"http:\/\/daisyladies.fi\/fi\/wp-json\/wp\/v2\/types\/page"}],"author":[{"embeddable":true,"href":"http:\/\/daisyladies.fi\/fi\/wp-json\/wp\/v2\/users\/1"}],"replies":[{"embeddable":true,"href":"http:\/\/daisyladies.fi\/fi\/wp-json\/wp\/v2\/comments?post=2846"}],"version-history":[{"count":23,"href":"http:\/\/daisyladies.fi\/fi\/wp-json\/wp\/v2\/pages\/2846\/revisions"}],"predecessor-version":[{"id":5791,"href":"http:\/\/daisyladies.fi\/fi\/wp-json\/wp\/v2\/pages\/2846\/revisions\/5791"}],"wp:attachment":[{"href":"http:\/\/daisyladies.fi\/fi\/wp-json\/wp\/v2\/media?parent=2846"}],"curies":[{"name":"wp","href":"https:\/\/api.w.org\/{rel}","templated":true}]}}