{"id":2744,"date":"2017-05-15T22:05:58","date_gmt":"2017-05-15T22:05:58","guid":{"rendered":"http:\/\/daisyladies.fi\/fi\/?page_id=2744"},"modified":"2023-11-30T11:53:48","modified_gmt":"2023-11-30T11:53:48","slug":"loydaminut","status":"publish","type":"page","link":"http:\/\/daisyladies.fi\/fi\/loydaminut\/","title":{"rendered":"L\u00f6yd\u00e4 minut"},"content":{"rendered":"[vc_row type=&#8221;full_width_background&#8221; full_screen_row_position=&#8221;middle&#8221; bg_color=&#8221;#5bae4b&#8221; scene_position=&#8221;center&#8221; text_color=&#8221;light&#8221; text_align=&#8221;center&#8221; top_padding=&#8221;40&#8243; bottom_padding=&#8221;40&#8243; overlay_strength=&#8221;0.3&#8243;][vc_column column_padding=&#8221;no-extra-padding&#8221; column_padding_position=&#8221;all&#8221; background_color_opacity=&#8221;1&#8243; background_hover_color_opacity=&#8221;1&#8243; width=&#8221;1\/1&#8243; tablet_text_alignment=&#8221;default&#8221; phone_text_alignment=&#8221;default&#8221;][vc_column_text]\n<h1>L\u00f6yd\u00e4 minut -hanke<\/h1>\n[\/vc_column_text][\/vc_column][\/vc_row][vc_row type=&#8221;in_container&#8221; full_screen_row_position=&#8221;middle&#8221; scene_position=&#8221;center&#8221; text_color=&#8221;dark&#8221; text_align=&#8221;left&#8221; overlay_strength=&#8221;0.3&#8243;][vc_column column_padding=&#8221;no-extra-padding&#8221; column_padding_position=&#8221;all&#8221; background_color_opacity=&#8221;1&#8243; background_hover_color_opacity=&#8221;1&#8243; width=&#8221;1\/1&#8243; tablet_text_alignment=&#8221;default&#8221; phone_text_alignment=&#8221;default&#8221;]<div class=\"divider-wrap\"><div style=\"height: 40px;\" class=\"divider\"><\/div><\/div>[\/vc_column][\/vc_row][vc_row type=&#8221;in_container&#8221; full_screen_row_position=&#8221;middle&#8221; scene_position=&#8221;center&#8221; text_color=&#8221;dark&#8221; text_align=&#8221;left&#8221; overlay_strength=&#8221;0.3&#8243;][vc_column column_padding=&#8221;no-extra-padding&#8221; column_padding_position=&#8221;all&#8221; background_color_opacity=&#8221;1&#8243; background_hover_color_opacity=&#8221;1&#8243; width=&#8221;2\/3&#8243; tablet_text_alignment=&#8221;default&#8221; phone_text_alignment=&#8221;default&#8221;][vc_column_text]L\u00f6yd\u00e4 minut -hanke oli etsiv\u00e4n ty\u00f6n pilottihanke maahan muuttaneiden ik\u00e4ihmisten parissa. Hanke levitt\u00e4ytyy Turkuun ja sen l\u00e4hialuille. Projektin oli rahoittanut Turun kaupunki ja se p\u00e4\u00e4ttyi 2020.<\/p>\n<p>Lue lis\u00e4\u00e4 <a href=\"http:\/\/daisyladies.fi\/fi\/loyda-minut-ryhma\/\">t\u00e4\u00e4lt\u00e4<\/a>.[\/vc_column_text]<div class=\"divider-wrap\"><div style=\"margin-top: 15px; height: 1px; margin-bottom: 15px;\" data-width=\"100%\" data-animate=\"\" data-animation-delay=\"\" data-color=\"default\" class=\"divider-border\"><\/div><\/div>[vc_column_text]<strong>Hankkeen tavoitteet ovat:<\/strong><\/p>\n<ol>\n<li>l\u00f6yt\u00e4\u00e4 maahan muuttaneita ik\u00e4ihmisi\u00e4 ja tuoda heid\u00e4t mukaan Muistolan toimitalossa sek\u00e4 Turun eri kaupunginosissa j\u00e4rjestett\u00e4v\u00e4\u00e4n <a href=\"http:\/\/daisyladies.fi\/fi\/loyda-minut-ryhma\/\">ryhm\u00e4toimintaan<\/a><\/li>\n<li>hyvinvoinnin parantaminen fyysisesti ja psyykkisesti yksil\u00f6 \u2013 ja ryhm\u00e4toiminnan kautta<\/li>\n<li>maahan muuttaneiden ik\u00e4ihmisten erityiskysymysten esiintuominen sosiaali- ja terveyspuolella<\/li>\n<\/ol>\n[\/vc_column_text]<div class=\"divider-wrap\"><div style=\"margin-top: 15px; height: 1px; margin-bottom: 15px;\" data-width=\"100%\" data-animate=\"\" data-animation-delay=\"\" data-color=\"default\" class=\"divider-border\"><\/div><\/div><div class=\"divider-wrap\"><div style=\"height: 30px;\" class=\"divider\"><\/div><\/div>[vc_column_text]<strong>Find me &#8211; project<\/strong><\/p>\n<p>A pilot scheme involving elderly people with an immigrant and especially refugee background, living in Turku or its surroundings. It involves actively seeking out individuals through notices, flyers and personal connections. The Find me -project is financed by the city of Turku.<\/p>\n<p><strong>Aims<\/strong><\/p>\n<ol>\n<li>To locate elderly people, so they could benefit from the group activities organised at different districts of Turku.<\/li>\n<li>To improve their physical and mental health through individual and group activities<\/li>\n<li>To raise awareness of the social and health issues specific to elderly immigrants.<\/li>\n<\/ol>\n[\/vc_column_text][\/vc_column][vc_column boxed=&#8221;true&#8221; column_padding=&#8221;padding-3-percent&#8221; column_padding_position=&#8221;all&#8221; background_color_opacity=&#8221;0.5&#8243; background_hover_color_opacity=&#8221;1&#8243; width=&#8221;1\/3&#8243; tablet_text_alignment=&#8221;default&#8221; phone_text_alignment=&#8221;default&#8221;][vc_column_text]\n<h3 style=\"text-align: center;\">Yhteisty\u00f6ss\u00e4<\/h3>\n[\/vc_column_text]<div class=\"divider-wrap\"><div style=\"margin-top: 12px; height: 1px; margin-bottom: 12px;\" data-width=\"100%\" data-animate=\"\" data-animation-delay=\"\" data-color=\"default\" class=\"divider-border\"><\/div><\/div><div class=\"img-with-aniamtion-wrap center\" data-max-width=\"100%\"><div class=\"inner\"><img decoding=\"async\" data-shadow=\"none\" data-shadow-direction=\"middle\" class=\"img-with-animation \" data-delay=\"0\" height=\"100%\" width=\"100%\" data-animation=\"fade-in\" src=\"http:\/\/daisyladies.fi\/fi\/wp-content\/uploads\/2014\/05\/logos_city_of_turku.png\" alt=\"\" \/><\/div><\/div>[\/vc_column][\/vc_row][vc_row type=&#8221;in_container&#8221; full_screen_row_position=&#8221;middle&#8221; scene_position=&#8221;center&#8221; text_color=&#8221;dark&#8221; text_align=&#8221;left&#8221; overlay_strength=&#8221;0.3&#8243;][vc_column column_padding=&#8221;no-extra-padding&#8221; column_padding_position=&#8221;all&#8221; background_color_opacity=&#8221;1&#8243; background_hover_color_opacity=&#8221;1&#8243; width=&#8221;1\/1&#8243; tablet_text_alignment=&#8221;default&#8221; phone_text_alignment=&#8221;default&#8221;]<div class=\"divider-wrap\"><div style=\"height: 100px;\" class=\"divider\"><\/div><\/div>[\/vc_column][\/vc_row]\n","protected":false},"excerpt":{"rendered":"<p>[vc_row type=&#8221;full_width_background&#8221; full_screen_row_position=&#8221;middle&#8221; bg_color=&#8221;#5bae4b&#8221; scene_position=&#8221;center&#8221; text_color=&#8221;light&#8221; text_align=&#8221;center&#8221; top_padding=&#8221;40&#8243; bottom_padding=&#8221;40&#8243; overlay_strength=&#8221;0.3&#8243;][vc_column column_padding=&#8221;no-extra-padding&#8221; column_padding_position=&#8221;all&#8221; background_color_opacity=&#8221;1&#8243; background_hover_color_opacity=&#8221;1&#8243; width=&#8221;1\/1&#8243; tablet_text_alignment=&#8221;default&#8221; phone_text_alignment=&#8221;default&#8221;][vc_column_text] L\u00f6yd\u00e4 minut -hanke [\/vc_column_text][\/vc_column][\/vc_row][vc_row type=&#8221;in_container&#8221; full_screen_row_position=&#8221;middle&#8221; scene_position=&#8221;center&#8221; text_color=&#8221;dark&#8221; text_align=&#8221;left&#8221; overlay_strength=&#8221;0.3&#8243;][vc_column column_padding=&#8221;no-extra-padding&#8221; column_padding_position=&#8221;all&#8221; background_color_opacity=&#8221;1&#8243;&#8230;<\/p>\n","protected":false},"author":1,"featured_media":0,"parent":0,"menu_order":0,"comment_status":"closed","ping_status":"closed","template":"","meta":{"om_disable_all_campaigns":false,"footnotes":"","iawp_total_views":63},"_links":{"self":[{"href":"http:\/\/daisyladies.fi\/fi\/wp-json\/wp\/v2\/pages\/2744"}],"collection":[{"href":"http:\/\/daisyladies.fi\/fi\/wp-json\/wp\/v2\/pages"}],"about":[{"href":"http:\/\/daisyladies.fi\/fi\/wp-json\/wp\/v2\/types\/page"}],"author":[{"embeddable":true,"href":"http:\/\/daisyladies.fi\/fi\/wp-json\/wp\/v2\/users\/1"}],"replies":[{"embeddable":true,"href":"http:\/\/daisyladies.fi\/fi\/wp-json\/wp\/v2\/comments?post=2744"}],"version-history":[{"count":21,"href":"http:\/\/daisyladies.fi\/fi\/wp-json\/wp\/v2\/pages\/2744\/revisions"}],"predecessor-version":[{"id":5463,"href":"http:\/\/daisyladies.fi\/fi\/wp-json\/wp\/v2\/pages\/2744\/revisions\/5463"}],"wp:attachment":[{"href":"http:\/\/daisyladies.fi\/fi\/wp-json\/wp\/v2\/media?parent=2744"}],"curies":[{"name":"wp","href":"https:\/\/api.w.org\/{rel}","templated":true}]}}